{"id":3721,"date":"2025-07-10T19:36:36","date_gmt":"2025-07-10T19:36:36","guid":{"rendered":"https:\/\/librosdeoro.cafam.com.co\/libro2020\/?page_id=3721"},"modified":"2025-07-10T19:36:37","modified_gmt":"2025-07-10T19:36:37","slug":"martha-jimenez-chia","status":"publish","type":"page","link":"https:\/\/librosdeoro.cafam.com.co\/libro2020\/martha-jimenez-chia\/","title":{"rendered":"Martha Jim\u00e9nez Ch\u00eda"},"content":{"rendered":"<div class=\"wp-block-image\">\n<figure class=\"aligncenter\"><img decoding=\"async\" src=\"https:\/\/librosdeoro.cafam.com.co\/wp-content\/uploads\/sites\/9\/2020\/02\/ARAUCA-MARTHA-JIMENEZ-CHIA-IMAV_1695.jpg\" alt=\"\" class=\"wp-image-1677\" \/><\/figure><\/div>\n\n\n<h3 class=\"wp-block-heading\"><\/h3>\n\n\n\n<h1 class=\"wp-block-heading\">Martha Jim\u00e9nez Ch\u00eda<\/h1>\n\n\n\n<h2 class=\"wp-block-heading\">Mujer Cafam Arauca<\/h2>\n\n\n\n<h3 class=\"wp-block-heading\">Hacer realidad los sue\u00f1os<\/h3>\n\n\n\n<figure class=\"wp-block-table\"><table class=\"has-fixed-layout\"><tbody><tr><td colspan=\"2\">El humanismo, en su significado m\u00e1s amplio, quiere decir que se debe valorar al ser humano y la condici\u00f3n humana desde la generosidad, la compasi\u00f3n y la preocupaci\u00f3n por el otro siempre procurando siempre tener unas excelentes relaciones interpersonales. Y esto es lo que caracteriza a Martha quien, como parte de su proyecto de vida, inici\u00f3 la Corporaci\u00f3n Mujer Emprende, proyectada al coaching de las mujeres del departamento de Arauca para fortalecer sus proyectos empresariales, sustento para ellas y sus familias, y que sirvan como una estrategia de superaci\u00f3n personal. Y como resultado de ese esp\u00edritu de convicci\u00f3n, tambi\u00e9n ha sido la gestora de la Asociaci\u00f3n sin L\u00edmites de Personas en Situaci\u00f3n de Discapacidad.<\/td><td colspan=\"2\">En las acciones de la Corporaci\u00f3n figuran: \u2022 Obtenci\u00f3n del segundo lugar en el concurso Ecodescubre a trav\u00e9s del proyecto \u201cLimpieza de la laguna Madre Vieja\u201d, en Arauca. \u2022 Inicio del primer proyecto del restaurante de la Asociaci\u00f3n con el apoyo del gobierno departamental. \u2022 Celebraci\u00f3n del D\u00eda de la Mujer con m\u00e1s de 1.500 mujeres participantes en los \u00faltimos 3 a\u00f1os. \u2022 Asesoramiento a mujeres de todas las edades en los derechos que brinda la Ley 1257 del 04 de diciembre del 2008, que busca garantizar que las mujeres tengan una vida libre de violencia en el \u00e1mbito p\u00fablico y privado. Actualmente la Corporaci\u00f3n cuenta con tres grupos de trabajo que son incluyentes con la poblaci\u00f3n discapacitada y las migrantes venezolanas: Ecotex: fabrica y comercializa bolsas ecol\u00f3gicas de todos los tama\u00f1os y para todos los eventos sociales. Sal y pimienta: procesa y comercializa verdura en trozos con empaque al vac\u00edo para sopa, ensaladas, arroz y otras preparaciones. MDC Delicias: ofrece variedad de postres para toda ocasi\u00f3n y servicio de alquiler de mesas, silla y menaje para eventos sociales incluyendo el servicio de meseras y plato servido en sitio propio.<\/td><\/tr><\/tbody><\/table><\/figure>\n\n\n\n<figure class=\"wp-block-table\"><table class=\"has-fixed-layout\"><tbody><tr><td>\u00bfQui\u00e9n es Martha? Martha naci\u00f3 en C\u00facuta, Norte de Santander, el 16 de enero de 1978, es profesional en Administraci\u00f3n de Empresas con experiencia en gesti\u00f3n humana y procesos administrativos. En palabras de Martha: \u201cHay que empezar creyendo en ellas [las mujeres], que se puede iniciar emprendiendo con las ganas, iniciando con eventos para crear empresa de las cuales he liderado varias iniciativas y creado varias asociaciones; as\u00ed que el primer paso es creer\u2026\u201d.<\/td><\/tr><\/tbody><\/table><\/figure>\n\n\n\n<figure class=\"wp-block-table\"><table class=\"has-fixed-layout\"><tbody><tr><td><img loading=\"lazy\" decoding=\"async\" src=\"https:\/\/librosdeoro.cafam.com.co\/wp-content\/uploads\/sites\/9\/2020\/09\/Arauca.png\" alt=\"\" width=\"950\" height=\"525\"><\/td><\/tr><\/tbody><\/table><\/figure>\n\n\n\n<div class=\"wp-block-buttons is-content-justification-center is-layout-flex wp-container-core-buttons-is-layout-16018d1d wp-block-buttons-is-layout-flex\">\n<div class=\"wp-block-button is-style-fill\" id=\"https:\/\/librosdeoro.cafam.com.co\/libro2020\/mujeres-cafam-1989-2019\/\"><a class=\"wp-block-button__link has-col-f-9-f-9-f-9-color has-col-a-0-bd-3-f-background-color has-text-color has-background has-link-color wp-element-button\" href=\"https:\/\/librosdeoro.cafam.com.co\/libro2020\/mujeres-finalistas\/\" style=\"border-radius:16px\">Volver<\/a><\/div>\n<\/div>\n","protected":false},"excerpt":{"rendered":"<p>Martha Jim\u00e9nez Ch\u00eda Mujer Cafam Arauca Hacer realidad los sue\u00f1os El humanismo, en su significado m\u00e1s amplio, quiere decir que se debe valorar al ser humano y la condici\u00f3n humana desde la generosidad, la compasi\u00f3n y la preocupaci\u00f3n por el otro siempre procurando siempre tener unas excelentes relaciones interpersonales. Y esto es lo que caracteriza [&hellip;]<\/p>\n","protected":false},"author":4,"featured_media":0,"parent":0,"menu_order":0,"comment_status":"closed","ping_status":"closed","template":"","meta":{"footnotes":""},"class_list":["post-3721","page","type-page","status-publish","hentry"],"yoast_head":"<!-- This site is optimized with the Yoast SEO plugin v23.1 - https:\/\/yoast.com\/wordpress\/plugins\/seo\/ -->\n<title>Martha Jim\u00e9nez Ch\u00eda - Libros de Oro 2020<\/title>\n<meta name=\"robots\" content=\"index, follow, max-snippet:-1, max-image-preview:large, max-video-preview:-1\" \/>\n<link rel=\"canonical\" href=\"https:\/\/librosdeoro.cafam.com.co\/libro2020\/martha-jimenez-chia\/\" \/>\n<meta property=\"og:locale\" content=\"es_ES\" \/>\n<meta property=\"og:type\" content=\"article\" \/>\n<meta property=\"og:title\" content=\"Martha Jim\u00e9nez Ch\u00eda - Libros de Oro 2020\" \/>\n<meta property=\"og:description\" content=\"Martha Jim\u00e9nez Ch\u00eda Mujer Cafam Arauca Hacer realidad los sue\u00f1os El humanismo, en su significado m\u00e1s amplio, quiere decir que se debe valorar al ser humano y la condici\u00f3n humana desde la generosidad, la compasi\u00f3n y la preocupaci\u00f3n por el otro siempre procurando siempre tener unas excelentes relaciones interpersonales. Y esto es lo que caracteriza [&hellip;]\" \/>\n<meta property=\"og:url\" content=\"https:\/\/librosdeoro.cafam.com.co\/libro2020\/martha-jimenez-chia\/\" \/>\n<meta property=\"og:site_name\" content=\"Libros de Oro 2020\" \/>\n<meta property=\"article:modified_time\" content=\"2025-07-10T19:36:37+00:00\" \/>\n<meta property=\"og:image\" content=\"https:\/\/librosdeoro.cafam.com.co\/wp-content\/uploads\/sites\/9\/2020\/02\/ARAUCA-MARTHA-JIMENEZ-CHIA-IMAV_1695.jpg\" \/>\n<meta name=\"twitter:card\" content=\"summary_large_image\" \/>\n<meta name=\"twitter:label1\" content=\"Tiempo de lectura\" \/>\n\t<meta name=\"twitter:data1\" content=\"3 minutos\" \/>\n<script type=\"application\/ld+json\" class=\"yoast-schema-graph\">{\"@context\":\"https:\/\/schema.org\",\"@graph\":[{\"@type\":\"WebPage\",\"@id\":\"https:\/\/librosdeoro.cafam.com.co\/libro2020\/martha-jimenez-chia\/\",\"url\":\"https:\/\/librosdeoro.cafam.com.co\/libro2020\/martha-jimenez-chia\/\",\"name\":\"Martha Jim\u00e9nez Ch\u00eda - Libros de Oro 2020\",\"isPartOf\":{\"@id\":\"https:\/\/librosdeoro.cafam.com.co\/libro2020\/#website\"},\"primaryImageOfPage\":{\"@id\":\"https:\/\/librosdeoro.cafam.com.co\/libro2020\/martha-jimenez-chia\/#primaryimage\"},\"image\":{\"@id\":\"https:\/\/librosdeoro.cafam.com.co\/libro2020\/martha-jimenez-chia\/#primaryimage\"},\"thumbnailUrl\":\"https:\/\/librosdeoro.cafam.com.co\/wp-content\/uploads\/sites\/9\/2020\/02\/ARAUCA-MARTHA-JIMENEZ-CHIA-IMAV_1695.jpg\",\"datePublished\":\"2025-07-10T19:36:36+00:00\",\"dateModified\":\"2025-07-10T19:36:37+00:00\",\"breadcrumb\":{\"@id\":\"https:\/\/librosdeoro.cafam.com.co\/libro2020\/martha-jimenez-chia\/#breadcrumb\"},\"inLanguage\":\"es-CO\",\"potentialAction\":[{\"@type\":\"ReadAction\",\"target\":[\"https:\/\/librosdeoro.cafam.com.co\/libro2020\/martha-jimenez-chia\/\"]}]},{\"@type\":\"ImageObject\",\"inLanguage\":\"es-CO\",\"@id\":\"https:\/\/librosdeoro.cafam.com.co\/libro2020\/martha-jimenez-chia\/#primaryimage\",\"url\":\"https:\/\/librosdeoro.cafam.com.co\/wp-content\/uploads\/sites\/9\/2020\/02\/ARAUCA-MARTHA-JIMENEZ-CHIA-IMAV_1695.jpg\",\"contentUrl\":\"https:\/\/librosdeoro.cafam.com.co\/wp-content\/uploads\/sites\/9\/2020\/02\/ARAUCA-MARTHA-JIMENEZ-CHIA-IMAV_1695.jpg\"},{\"@type\":\"BreadcrumbList\",\"@id\":\"https:\/\/librosdeoro.cafam.com.co\/libro2020\/martha-jimenez-chia\/#breadcrumb\",\"itemListElement\":[{\"@type\":\"ListItem\",\"position\":1,\"name\":\"Home\",\"item\":\"https:\/\/librosdeoro.cafam.com.co\/libro2020\/\"},{\"@type\":\"ListItem\",\"position\":2,\"name\":\"Martha Jim\u00e9nez Ch\u00eda\"}]},{\"@type\":\"WebSite\",\"@id\":\"https:\/\/librosdeoro.cafam.com.co\/libro2020\/#website\",\"url\":\"https:\/\/librosdeoro.cafam.com.co\/libro2020\/\",\"name\":\"Libros de Oro 2020\",\"description\":\"\",\"potentialAction\":[{\"@type\":\"SearchAction\",\"target\":{\"@type\":\"EntryPoint\",\"urlTemplate\":\"https:\/\/librosdeoro.cafam.com.co\/libro2020\/?s={search_term_string}\"},\"query-input\":\"required name=search_term_string\"}],\"inLanguage\":\"es-CO\"}]}<\/script>\n<!-- \/ Yoast SEO plugin. -->","yoast_head_json":{"title":"Martha Jim\u00e9nez Ch\u00eda - Libros de Oro 2020","robots":{"index":"index","follow":"follow","max-snippet":"max-snippet:-1","max-image-preview":"max-image-preview:large","max-video-preview":"max-video-preview:-1"},"canonical":"https:\/\/librosdeoro.cafam.com.co\/libro2020\/martha-jimenez-chia\/","og_locale":"es_ES","og_type":"article","og_title":"Martha Jim\u00e9nez Ch\u00eda - Libros de Oro 2020","og_description":"Martha Jim\u00e9nez Ch\u00eda Mujer Cafam Arauca Hacer realidad los sue\u00f1os El humanismo, en su significado m\u00e1s amplio, quiere decir que se debe valorar al ser humano y la condici\u00f3n humana desde la generosidad, la compasi\u00f3n y la preocupaci\u00f3n por el otro siempre procurando siempre tener unas excelentes relaciones interpersonales. Y esto es lo que caracteriza [&hellip;]","og_url":"https:\/\/librosdeoro.cafam.com.co\/libro2020\/martha-jimenez-chia\/","og_site_name":"Libros de Oro 2020","article_modified_time":"2025-07-10T19:36:37+00:00","og_image":[{"url":"https:\/\/librosdeoro.cafam.com.co\/wp-content\/uploads\/sites\/9\/2020\/02\/ARAUCA-MARTHA-JIMENEZ-CHIA-IMAV_1695.jpg"}],"twitter_card":"summary_large_image","twitter_misc":{"Tiempo de lectura":"3 minutos"},"schema":{"@context":"https:\/\/schema.org","@graph":[{"@type":"WebPage","@id":"https:\/\/librosdeoro.cafam.com.co\/libro2020\/martha-jimenez-chia\/","url":"https:\/\/librosdeoro.cafam.com.co\/libro2020\/martha-jimenez-chia\/","name":"Martha Jim\u00e9nez Ch\u00eda - Libros de Oro 2020","isPartOf":{"@id":"https:\/\/librosdeoro.cafam.com.co\/libro2020\/#website"},"primaryImageOfPage":{"@id":"https:\/\/librosdeoro.cafam.com.co\/libro2020\/martha-jimenez-chia\/#primaryimage"},"image":{"@id":"https:\/\/librosdeoro.cafam.com.co\/libro2020\/martha-jimenez-chia\/#primaryimage"},"thumbnailUrl":"https:\/\/librosdeoro.cafam.com.co\/wp-content\/uploads\/sites\/9\/2020\/02\/ARAUCA-MARTHA-JIMENEZ-CHIA-IMAV_1695.jpg","datePublished":"2025-07-10T19:36:36+00:00","dateModified":"2025-07-10T19:36:37+00:00","breadcrumb":{"@id":"https:\/\/librosdeoro.cafam.com.co\/libro2020\/martha-jimenez-chia\/#breadcrumb"},"inLanguage":"es-CO","potentialAction":[{"@type":"ReadAction","target":["https:\/\/librosdeoro.cafam.com.co\/libro2020\/martha-jimenez-chia\/"]}]},{"@type":"ImageObject","inLanguage":"es-CO","@id":"https:\/\/librosdeoro.cafam.com.co\/libro2020\/martha-jimenez-chia\/#primaryimage","url":"https:\/\/librosdeoro.cafam.com.co\/wp-content\/uploads\/sites\/9\/2020\/02\/ARAUCA-MARTHA-JIMENEZ-CHIA-IMAV_1695.jpg","contentUrl":"https:\/\/librosdeoro.cafam.com.co\/wp-content\/uploads\/sites\/9\/2020\/02\/ARAUCA-MARTHA-JIMENEZ-CHIA-IMAV_1695.jpg"},{"@type":"BreadcrumbList","@id":"https:\/\/librosdeoro.cafam.com.co\/libro2020\/martha-jimenez-chia\/#breadcrumb","itemListElement":[{"@type":"ListItem","position":1,"name":"Home","item":"https:\/\/librosdeoro.cafam.com.co\/libro2020\/"},{"@type":"ListItem","position":2,"name":"Martha Jim\u00e9nez Ch\u00eda"}]},{"@type":"WebSite","@id":"https:\/\/librosdeoro.cafam.com.co\/libro2020\/#website","url":"https:\/\/librosdeoro.cafam.com.co\/libro2020\/","name":"Libros de Oro 2020","description":"","potentialAction":[{"@type":"SearchAction","target":{"@type":"EntryPoint","urlTemplate":"https:\/\/librosdeoro.cafam.com.co\/libro2020\/?s={search_term_string}"},"query-input":"required name=search_term_string"}],"inLanguage":"es-CO"}]}},"_links":{"self":[{"href":"https:\/\/librosdeoro.cafam.com.co\/libro2020\/wp-json\/wp\/v2\/pages\/3721","targetHints":{"allow":["GET"]}}],"collection":[{"href":"https:\/\/librosdeoro.cafam.com.co\/libro2020\/wp-json\/wp\/v2\/pages"}],"about":[{"href":"https:\/\/librosdeoro.cafam.com.co\/libro2020\/wp-json\/wp\/v2\/types\/page"}],"author":[{"embeddable":true,"href":"https:\/\/librosdeoro.cafam.com.co\/libro2020\/wp-json\/wp\/v2\/users\/4"}],"replies":[{"embeddable":true,"href":"https:\/\/librosdeoro.cafam.com.co\/libro2020\/wp-json\/wp\/v2\/comments?post=3721"}],"version-history":[{"count":1,"href":"https:\/\/librosdeoro.cafam.com.co\/libro2020\/wp-json\/wp\/v2\/pages\/3721\/revisions"}],"predecessor-version":[{"id":3723,"href":"https:\/\/librosdeoro.cafam.com.co\/libro2020\/wp-json\/wp\/v2\/pages\/3721\/revisions\/3723"}],"wp:attachment":[{"href":"https:\/\/librosdeoro.cafam.com.co\/libro2020\/wp-json\/wp\/v2\/media?parent=3721"}],"curies":[{"name":"wp","href":"https:\/\/api.w.org\/{rel}","templated":true}]}}