{"id":3719,"date":"2025-07-10T19:30:36","date_gmt":"2025-07-10T19:30:36","guid":{"rendered":"https:\/\/librosdeoro.cafam.com.co\/libro2020\/?page_id=3719"},"modified":"2025-07-10T19:30:36","modified_gmt":"2025-07-10T19:30:36","slug":"estela-luz-pretelt-villadiego","status":"publish","type":"page","link":"https:\/\/librosdeoro.cafam.com.co\/libro2020\/estela-luz-pretelt-villadiego\/","title":{"rendered":"Estela Luz Pretelt Villadiego"},"content":{"rendered":"<div class=\"wp-block-image\">\n<figure class=\"aligncenter\"><img decoding=\"async\" src=\"https:\/\/librosdeoro.cafam.com.co\/wp-content\/uploads\/sites\/9\/2020\/02\/ANTIOQUIA-ESTELA-LUZ-PRETELT-VILLADIEGO-IMAV_1366.jpg\" alt=\"\" class=\"wp-image-1677\" \/><\/figure><\/div>\n\n\n<h3 class=\"wp-block-heading\"><\/h3>\n\n\n\n<h1 class=\"wp-block-heading\">Estela Luz Pretelt Villadiego<\/h1>\n\n\n\n<h2 class=\"wp-block-heading\">Mujer Cafam Antioquia<\/h2>\n\n\n\n<h3 class=\"wp-block-heading\">Alimento espiritual para sanar<\/h3>\n\n\n\n<figure class=\"wp-block-table\"><table class=\"has-fixed-layout\"><tbody><tr><td colspan=\"2\">La anorexia en el siglo XIX se ve\u00eda como un mecanismo de defensa de las mujeres para no ser obligadas a contraer matrimonio por conveniencia; en otros aspectos obedec\u00eda a seguir un canon de belleza impuesto por la moda de turno\u2026 Pero ya en los siglos XX y XXI se establece que es una enfermedad que est\u00e1 diseminada a lo largo y ancho del planeta. Y Colombia no es ajena a esta problem\u00e1tica. Evidencia de ello es que en el a\u00f1o 2010 Estela Luz vio en la televisi\u00f3n colombiana el primer caso de una joven que muri\u00f3 por anorexia. Esto le impact\u00f3 much\u00edsimo, pues hab\u00edan pasado m\u00e1s de dos d\u00e9cadas desde que ella, sufriendo de anorexia no atraves\u00f3 el t\u00fanel de la muerte; a\u00f1os despu\u00e9s segu\u00eda viva, realizada profesionalmente y con dos hijos. Su experiencia como docente y su vivencia personal la condujeron a iniciar una odisea, sin precedentes en Colombia ni en Iberoam\u00e9rica: crear la Fundaci\u00f3n Colombiana de Anorexia y Bulimia: Funcabu; adem\u00e1s, es autora del libro Yo tambi\u00e9n sufr\u00ed de anorexia.<\/td><td colspan=\"2\">En esta Fundaci\u00f3n las v\u00edctimas se reciben como hijas y a sus familias se les empodera con asesor\u00edas gratuitas para que aprendan a tratarlas y comprenderlas con miras a que la relaci\u00f3n intrafamiliar mejore. La etapa de rehabilitaci\u00f3n tampoco tiene costo, pues semana a semana y siempre que la integrante de la Fundaci\u00f3n necesite ayuda, cuenta con este apoyo. Estela Luz, gracias a su experiencia y preparaci\u00f3n profesional, hoy d\u00eda tiene un tratamiento innovador en Latinoam\u00e9rica para tratar la anorexia basado en la plasticidad cerebral sin medicaci\u00f3n psiqui\u00e1trica y que ha beneficiado a miles de personas que buscan un mejor futuro y libres de la anorexia.<\/td><\/tr><\/tbody><\/table><\/figure>\n\n\n\n<figure class=\"wp-block-table\"><table class=\"has-fixed-layout\"><tbody><tr><td>\u00bfQui\u00e9n es Estela? Estela Luz naci\u00f3 el 10 de febrero de 1967 en San Pelayo, C\u00f3rdoba, y actualmente reside en Envigado, Antioquia. Es humanista e investigadora social egresada de la Facultad de Ciencias Humanas de la Universidad de Cartagena. Al respecto expresa: \u201cComo madre cabeza de familia, muchas veces del mercado de mis hijos saco alimentos para donar a esta obra, no me importa estar meses sin un salario, y tengo esperanza y fe en que alg\u00fan d\u00eda pueda estar en mejores condiciones para seguir ayudando m\u00e1s, pues quiero dedicar el resto de mi vida a esta misi\u00f3n\u201d.<\/td><\/tr><\/tbody><\/table><\/figure>\n\n\n\n<figure class=\"wp-block-table\"><table class=\"has-fixed-layout\"><tbody><tr><td><img loading=\"lazy\" decoding=\"async\" src=\"https:\/\/librosdeoro.cafam.com.co\/wp-content\/uploads\/sites\/9\/2020\/09\/Antioquia.png\" alt=\"\" width=\"950\" height=\"525\"><\/td><\/tr><\/tbody><\/table><\/figure>\n\n\n\n<div class=\"wp-block-buttons is-content-justification-center is-layout-flex wp-container-core-buttons-is-layout-16018d1d wp-block-buttons-is-layout-flex\">\n<div class=\"wp-block-button is-style-fill\" id=\"https:\/\/librosdeoro.cafam.com.co\/libro2020\/mujeres-cafam-1989-2019\/\"><a class=\"wp-block-button__link has-col-f-9-f-9-f-9-color has-col-a-0-bd-3-f-background-color has-text-color has-background has-link-color wp-element-button\" href=\"https:\/\/librosdeoro.cafam.com.co\/libro2020\/mujeres-finalistas\/\" style=\"border-radius:16px\">Volver<\/a><\/div>\n<\/div>\n\n\n\n<p><\/p>\n","protected":false},"excerpt":{"rendered":"<p>Estela Luz Pretelt Villadiego Mujer Cafam Antioquia Alimento espiritual para sanar La anorexia en el siglo XIX se ve\u00eda como un mecanismo de defensa de las mujeres para no ser obligadas a contraer matrimonio por conveniencia; en otros aspectos obedec\u00eda a seguir un canon de belleza impuesto por la moda de turno\u2026 Pero ya en [&hellip;]<\/p>\n","protected":false},"author":4,"featured_media":0,"parent":0,"menu_order":0,"comment_status":"closed","ping_status":"closed","template":"","meta":{"footnotes":""},"class_list":["post-3719","page","type-page","status-publish","hentry"],"yoast_head":"<!-- This site is optimized with the Yoast SEO plugin v23.1 - https:\/\/yoast.com\/wordpress\/plugins\/seo\/ -->\n<title>Estela Luz Pretelt Villadiego - Libros de Oro 2020<\/title>\n<meta name=\"robots\" content=\"index, follow, max-snippet:-1, max-image-preview:large, max-video-preview:-1\" \/>\n<link rel=\"canonical\" href=\"https:\/\/librosdeoro.cafam.com.co\/libro2020\/estela-luz-pretelt-villadiego\/\" \/>\n<meta property=\"og:locale\" content=\"es_ES\" \/>\n<meta property=\"og:type\" content=\"article\" \/>\n<meta property=\"og:title\" content=\"Estela Luz Pretelt Villadiego - Libros de Oro 2020\" \/>\n<meta property=\"og:description\" content=\"Estela Luz Pretelt Villadiego Mujer Cafam Antioquia Alimento espiritual para sanar La anorexia en el siglo XIX se ve\u00eda como un mecanismo de defensa de las mujeres para no ser obligadas a contraer matrimonio por conveniencia; en otros aspectos obedec\u00eda a seguir un canon de belleza impuesto por la moda de turno\u2026 Pero ya en [&hellip;]\" \/>\n<meta property=\"og:url\" content=\"https:\/\/librosdeoro.cafam.com.co\/libro2020\/estela-luz-pretelt-villadiego\/\" \/>\n<meta property=\"og:site_name\" content=\"Libros de Oro 2020\" \/>\n<meta property=\"og:image\" content=\"https:\/\/librosdeoro.cafam.com.co\/wp-content\/uploads\/sites\/9\/2020\/02\/ANTIOQUIA-ESTELA-LUZ-PRETELT-VILLADIEGO-IMAV_1366.jpg\" \/>\n<meta name=\"twitter:card\" content=\"summary_large_image\" \/>\n<meta name=\"twitter:label1\" content=\"Tiempo de lectura\" \/>\n\t<meta name=\"twitter:data1\" content=\"3 minutos\" \/>\n<script type=\"application\/ld+json\" class=\"yoast-schema-graph\">{\"@context\":\"https:\/\/schema.org\",\"@graph\":[{\"@type\":\"WebPage\",\"@id\":\"https:\/\/librosdeoro.cafam.com.co\/libro2020\/estela-luz-pretelt-villadiego\/\",\"url\":\"https:\/\/librosdeoro.cafam.com.co\/libro2020\/estela-luz-pretelt-villadiego\/\",\"name\":\"Estela Luz Pretelt Villadiego - Libros de Oro 2020\",\"isPartOf\":{\"@id\":\"https:\/\/librosdeoro.cafam.com.co\/libro2020\/#website\"},\"primaryImageOfPage\":{\"@id\":\"https:\/\/librosdeoro.cafam.com.co\/libro2020\/estela-luz-pretelt-villadiego\/#primaryimage\"},\"image\":{\"@id\":\"https:\/\/librosdeoro.cafam.com.co\/libro2020\/estela-luz-pretelt-villadiego\/#primaryimage\"},\"thumbnailUrl\":\"https:\/\/librosdeoro.cafam.com.co\/wp-content\/uploads\/sites\/9\/2020\/02\/ANTIOQUIA-ESTELA-LUZ-PRETELT-VILLADIEGO-IMAV_1366.jpg\",\"datePublished\":\"2025-07-10T19:30:36+00:00\",\"dateModified\":\"2025-07-10T19:30:36+00:00\",\"breadcrumb\":{\"@id\":\"https:\/\/librosdeoro.cafam.com.co\/libro2020\/estela-luz-pretelt-villadiego\/#breadcrumb\"},\"inLanguage\":\"es-CO\",\"potentialAction\":[{\"@type\":\"ReadAction\",\"target\":[\"https:\/\/librosdeoro.cafam.com.co\/libro2020\/estela-luz-pretelt-villadiego\/\"]}]},{\"@type\":\"ImageObject\",\"inLanguage\":\"es-CO\",\"@id\":\"https:\/\/librosdeoro.cafam.com.co\/libro2020\/estela-luz-pretelt-villadiego\/#primaryimage\",\"url\":\"https:\/\/librosdeoro.cafam.com.co\/wp-content\/uploads\/sites\/9\/2020\/02\/ANTIOQUIA-ESTELA-LUZ-PRETELT-VILLADIEGO-IMAV_1366.jpg\",\"contentUrl\":\"https:\/\/librosdeoro.cafam.com.co\/wp-content\/uploads\/sites\/9\/2020\/02\/ANTIOQUIA-ESTELA-LUZ-PRETELT-VILLADIEGO-IMAV_1366.jpg\"},{\"@type\":\"BreadcrumbList\",\"@id\":\"https:\/\/librosdeoro.cafam.com.co\/libro2020\/estela-luz-pretelt-villadiego\/#breadcrumb\",\"itemListElement\":[{\"@type\":\"ListItem\",\"position\":1,\"name\":\"Home\",\"item\":\"https:\/\/librosdeoro.cafam.com.co\/libro2020\/\"},{\"@type\":\"ListItem\",\"position\":2,\"name\":\"Estela Luz Pretelt Villadiego\"}]},{\"@type\":\"WebSite\",\"@id\":\"https:\/\/librosdeoro.cafam.com.co\/libro2020\/#website\",\"url\":\"https:\/\/librosdeoro.cafam.com.co\/libro2020\/\",\"name\":\"Libros de Oro 2020\",\"description\":\"\",\"potentialAction\":[{\"@type\":\"SearchAction\",\"target\":{\"@type\":\"EntryPoint\",\"urlTemplate\":\"https:\/\/librosdeoro.cafam.com.co\/libro2020\/?s={search_term_string}\"},\"query-input\":\"required name=search_term_string\"}],\"inLanguage\":\"es-CO\"}]}<\/script>\n<!-- \/ Yoast SEO plugin. -->","yoast_head_json":{"title":"Estela Luz Pretelt Villadiego - Libros de Oro 2020","robots":{"index":"index","follow":"follow","max-snippet":"max-snippet:-1","max-image-preview":"max-image-preview:large","max-video-preview":"max-video-preview:-1"},"canonical":"https:\/\/librosdeoro.cafam.com.co\/libro2020\/estela-luz-pretelt-villadiego\/","og_locale":"es_ES","og_type":"article","og_title":"Estela Luz Pretelt Villadiego - Libros de Oro 2020","og_description":"Estela Luz Pretelt Villadiego Mujer Cafam Antioquia Alimento espiritual para sanar La anorexia en el siglo XIX se ve\u00eda como un mecanismo de defensa de las mujeres para no ser obligadas a contraer matrimonio por conveniencia; en otros aspectos obedec\u00eda a seguir un canon de belleza impuesto por la moda de turno\u2026 Pero ya en [&hellip;]","og_url":"https:\/\/librosdeoro.cafam.com.co\/libro2020\/estela-luz-pretelt-villadiego\/","og_site_name":"Libros de Oro 2020","og_image":[{"url":"https:\/\/librosdeoro.cafam.com.co\/wp-content\/uploads\/sites\/9\/2020\/02\/ANTIOQUIA-ESTELA-LUZ-PRETELT-VILLADIEGO-IMAV_1366.jpg"}],"twitter_card":"summary_large_image","twitter_misc":{"Tiempo de lectura":"3 minutos"},"schema":{"@context":"https:\/\/schema.org","@graph":[{"@type":"WebPage","@id":"https:\/\/librosdeoro.cafam.com.co\/libro2020\/estela-luz-pretelt-villadiego\/","url":"https:\/\/librosdeoro.cafam.com.co\/libro2020\/estela-luz-pretelt-villadiego\/","name":"Estela Luz Pretelt Villadiego - Libros de Oro 2020","isPartOf":{"@id":"https:\/\/librosdeoro.cafam.com.co\/libro2020\/#website"},"primaryImageOfPage":{"@id":"https:\/\/librosdeoro.cafam.com.co\/libro2020\/estela-luz-pretelt-villadiego\/#primaryimage"},"image":{"@id":"https:\/\/librosdeoro.cafam.com.co\/libro2020\/estela-luz-pretelt-villadiego\/#primaryimage"},"thumbnailUrl":"https:\/\/librosdeoro.cafam.com.co\/wp-content\/uploads\/sites\/9\/2020\/02\/ANTIOQUIA-ESTELA-LUZ-PRETELT-VILLADIEGO-IMAV_1366.jpg","datePublished":"2025-07-10T19:30:36+00:00","dateModified":"2025-07-10T19:30:36+00:00","breadcrumb":{"@id":"https:\/\/librosdeoro.cafam.com.co\/libro2020\/estela-luz-pretelt-villadiego\/#breadcrumb"},"inLanguage":"es-CO","potentialAction":[{"@type":"ReadAction","target":["https:\/\/librosdeoro.cafam.com.co\/libro2020\/estela-luz-pretelt-villadiego\/"]}]},{"@type":"ImageObject","inLanguage":"es-CO","@id":"https:\/\/librosdeoro.cafam.com.co\/libro2020\/estela-luz-pretelt-villadiego\/#primaryimage","url":"https:\/\/librosdeoro.cafam.com.co\/wp-content\/uploads\/sites\/9\/2020\/02\/ANTIOQUIA-ESTELA-LUZ-PRETELT-VILLADIEGO-IMAV_1366.jpg","contentUrl":"https:\/\/librosdeoro.cafam.com.co\/wp-content\/uploads\/sites\/9\/2020\/02\/ANTIOQUIA-ESTELA-LUZ-PRETELT-VILLADIEGO-IMAV_1366.jpg"},{"@type":"BreadcrumbList","@id":"https:\/\/librosdeoro.cafam.com.co\/libro2020\/estela-luz-pretelt-villadiego\/#breadcrumb","itemListElement":[{"@type":"ListItem","position":1,"name":"Home","item":"https:\/\/librosdeoro.cafam.com.co\/libro2020\/"},{"@type":"ListItem","position":2,"name":"Estela Luz Pretelt Villadiego"}]},{"@type":"WebSite","@id":"https:\/\/librosdeoro.cafam.com.co\/libro2020\/#website","url":"https:\/\/librosdeoro.cafam.com.co\/libro2020\/","name":"Libros de Oro 2020","description":"","potentialAction":[{"@type":"SearchAction","target":{"@type":"EntryPoint","urlTemplate":"https:\/\/librosdeoro.cafam.com.co\/libro2020\/?s={search_term_string}"},"query-input":"required name=search_term_string"}],"inLanguage":"es-CO"}]}},"_links":{"self":[{"href":"https:\/\/librosdeoro.cafam.com.co\/libro2020\/wp-json\/wp\/v2\/pages\/3719","targetHints":{"allow":["GET"]}}],"collection":[{"href":"https:\/\/librosdeoro.cafam.com.co\/libro2020\/wp-json\/wp\/v2\/pages"}],"about":[{"href":"https:\/\/librosdeoro.cafam.com.co\/libro2020\/wp-json\/wp\/v2\/types\/page"}],"author":[{"embeddable":true,"href":"https:\/\/librosdeoro.cafam.com.co\/libro2020\/wp-json\/wp\/v2\/users\/4"}],"replies":[{"embeddable":true,"href":"https:\/\/librosdeoro.cafam.com.co\/libro2020\/wp-json\/wp\/v2\/comments?post=3719"}],"version-history":[{"count":1,"href":"https:\/\/librosdeoro.cafam.com.co\/libro2020\/wp-json\/wp\/v2\/pages\/3719\/revisions"}],"predecessor-version":[{"id":3720,"href":"https:\/\/librosdeoro.cafam.com.co\/libro2020\/wp-json\/wp\/v2\/pages\/3719\/revisions\/3720"}],"wp:attachment":[{"href":"https:\/\/librosdeoro.cafam.com.co\/libro2020\/wp-json\/wp\/v2\/media?parent=3719"}],"curies":[{"name":"wp","href":"https:\/\/api.w.org\/{rel}","templated":true}]}}