{"id":3714,"date":"2025-07-10T19:10:41","date_gmt":"2025-07-10T19:10:41","guid":{"rendered":"https:\/\/librosdeoro.cafam.com.co\/libro2020\/?page_id=3714"},"modified":"2025-07-10T19:24:35","modified_gmt":"2025-07-10T19:24:35","slug":"adriana-bueno-melo","status":"publish","type":"page","link":"https:\/\/librosdeoro.cafam.com.co\/libro2020\/adriana-bueno-melo\/","title":{"rendered":"Adriana Bueno Melo"},"content":{"rendered":"<div class=\"wp-block-image\">\n<figure class=\"aligncenter\"><img loading=\"lazy\" decoding=\"async\" width=\"1200\" height=\"700\" src=\"https:\/\/librosdeoro.cafam.com.co\/wp-content\/uploads\/sites\/9\/2020\/02\/AMAZONAS-ADRIANA-MELO-BUENO-IMAV_1162.jpg\" alt=\"\" class=\"wp-image-1677\" srcset=\"https:\/\/librosdeoro.cafam.com.co\/libro2020\/wp-content\/uploads\/sites\/9\/2020\/02\/AMAZONAS-ADRIANA-MELO-BUENO-IMAV_1162.jpg 1200w, https:\/\/librosdeoro.cafam.com.co\/libro2020\/wp-content\/uploads\/sites\/9\/2020\/02\/AMAZONAS-ADRIANA-MELO-BUENO-IMAV_1162-300x175.jpg 300w, https:\/\/librosdeoro.cafam.com.co\/libro2020\/wp-content\/uploads\/sites\/9\/2020\/02\/AMAZONAS-ADRIANA-MELO-BUENO-IMAV_1162-1030x601.jpg 1030w, https:\/\/librosdeoro.cafam.com.co\/libro2020\/wp-content\/uploads\/sites\/9\/2020\/02\/AMAZONAS-ADRIANA-MELO-BUENO-IMAV_1162-768x448.jpg 768w, https:\/\/librosdeoro.cafam.com.co\/libro2020\/wp-content\/uploads\/sites\/9\/2020\/02\/AMAZONAS-ADRIANA-MELO-BUENO-IMAV_1162-705x411.jpg 705w\" sizes=\"auto, (max-width: 1200px) 100vw, 1200px\" \/><\/figure><\/div>\n\n\n<h3 class=\"wp-block-heading\"><\/h3>\n\n\n\n<h1 class=\"wp-block-heading\">Adriana Bueno Melo<\/h1>\n\n\n\n<h2 class=\"wp-block-heading\">Mujer Cafam Amazonas<\/h2>\n\n\n\n<h3 class=\"wp-block-heading\">Un \u201cecosistema\u201d para superar la pobreza<\/h3>\n\n\n\n<figure class=\"wp-block-table\"><table class=\"has-fixed-layout\"><tbody><tr><td colspan=\"2\">El llamado por excelencia \u201cpulm\u00f3n natural del mundo\u201d, su gente, su cultura, su fauna y flora, en fin todo lo que esta zona del mundo encierra, as\u00ed como sus misterios y la belleza del delf\u00edn rosado y la Victoria regia, se convierten en el entorno natural que ha rodeado e inspirado a Adriana a querer como a nada a la Amazonia colombiana\u2026 su amazonia. Y como una forma de retribuir todo lo que esta otra Colombia le ha brindado, Adriana cre\u00f3 la Fundaci\u00f3n H\u00e1bitat Sur para acercar a la poblaci\u00f3n vulnerable del Amazonas a recursos culturales y educativos. En los proyectos bandera de Adriana, figuran:<\/td><td colspan=\"2\"><strong>BiblioVan:<\/strong> la primera Peque\u00f1a Biblioteca P\u00fablica que es un en un espacio cultural m\u00f3vil gestionado en conjunto con el Departamento de Polic\u00eda del Amazonas. <strong>Peque\u00f1as Bibliotecas P\u00fablicas:<\/strong> ubicadas en los parques de los barrios marginales de Leticia y de Puerto Nari\u00f1o, en la sala infantil de Hospital de Leticia, en el Centro de Atenci\u00f3n Especializada a Menores Infractores, en las escuelas rurales para acercar los libros recursos culturales a diversas poblaciones. <strong>Reserva Natural H\u00e1bitat Sur:<\/strong> reserva para la conservaci\u00f3n y restauraci\u00f3n de los ecosistemas afectados y que se convierta en un modelo de h\u00e1bitat sostenible para el Amazonas y el mundo entero. <strong>Ng\u00fce Chica: <\/strong>es el Centro de Intercambio de Saberes de H\u00e1bitat Sur en Puerto Nari\u00f1o para j\u00f3venes y ni\u00f1os de las comunidades ticuna, yagua y cocama. <strong>El Rastrojo: <\/strong>primer mercado de las pulgas del Amazonas, que busca promover pr\u00e1cticas de consumo m\u00e1s conscientes y responsables con el entorno, as\u00ed como dinamizar procesos de econom\u00eda circular y solidaria a nivel local.<\/td><\/tr><\/tbody><\/table><\/figure>\n\n\n\n<figure class=\"wp-block-table\"><table class=\"has-fixed-layout\"><tbody><tr><td>\u00bfQui\u00e9n es Adriana? Naci\u00f3 en Leticia, Amazonas, el 29 de octubre de 1980, es profesional en Gobierno y Relaciones Internacionales de la Universidad Externado de Colombia, especialista en Conflictos Armados y Paz, mag\u00edster en Ciencia Pol\u00edtica de la Universidad de Los Arces y mag\u00edster en Gerencia del Desarrollo de la London School of Economics and Political Science (LSE). En palabras de Adriana: \u201cA H\u00e1bitat Sur se ha venido posicionando como un actor valioso, cuyo trabajo es valorado por diferentes sectores de la comunidad amazonense, que ven en nosotros un aliado para desarrollar procesos de fomento cultural y de desarrollo comunitario que ellos mismos identifican como prioritarios\u201d.<\/td><\/tr><\/tbody><\/table><\/figure>\n\n\n\n<figure class=\"wp-block-table\"><table class=\"has-fixed-layout\"><tbody><tr><td><img loading=\"lazy\" decoding=\"async\" src=\"https:\/\/librosdeoro.cafam.com.co\/wp-content\/uploads\/sites\/9\/2020\/09\/Amazonas.png\" alt=\"\" width=\"950\" height=\"525\"><\/td><\/tr><\/tbody><\/table><\/figure>\n\n\n\n<div class=\"wp-block-buttons is-content-justification-center is-layout-flex wp-container-core-buttons-is-layout-16018d1d wp-block-buttons-is-layout-flex\">\n<div class=\"wp-block-button is-style-fill\" id=\"https:\/\/librosdeoro.cafam.com.co\/libro2020\/mujeres-cafam-1989-2019\/\"><a class=\"wp-block-button__link has-col-f-9-f-9-f-9-color has-col-a-0-bd-3-f-background-color has-text-color has-background has-link-color wp-element-button\" href=\"https:\/\/librosdeoro.cafam.com.co\/libro2020\/mujeres-finalistas\/\" style=\"border-radius:16px\">Volver<\/a><\/div>\n<\/div>\n","protected":false},"excerpt":{"rendered":"<p>Adriana Bueno Melo Mujer Cafam Amazonas Un \u201cecosistema\u201d para superar la pobreza El llamado por excelencia \u201cpulm\u00f3n natural del mundo\u201d, su gente, su cultura, su fauna y flora, en fin todo lo que esta zona del mundo encierra, as\u00ed como sus misterios y la belleza del delf\u00edn rosado y la Victoria regia, se convierten en [&hellip;]<\/p>\n","protected":false},"author":4,"featured_media":0,"parent":0,"menu_order":0,"comment_status":"closed","ping_status":"closed","template":"","meta":{"footnotes":""},"class_list":["post-3714","page","type-page","status-publish","hentry"],"yoast_head":"<!-- This site is optimized with the Yoast SEO plugin v23.1 - https:\/\/yoast.com\/wordpress\/plugins\/seo\/ -->\n<title>Adriana Bueno Melo - Libros de Oro 2020<\/title>\n<meta name=\"robots\" content=\"index, follow, max-snippet:-1, max-image-preview:large, max-video-preview:-1\" \/>\n<link rel=\"canonical\" href=\"https:\/\/librosdeoro.cafam.com.co\/libro2020\/adriana-bueno-melo\/\" \/>\n<meta property=\"og:locale\" content=\"es_ES\" \/>\n<meta property=\"og:type\" content=\"article\" \/>\n<meta property=\"og:title\" content=\"Adriana Bueno Melo - Libros de Oro 2020\" \/>\n<meta property=\"og:description\" content=\"Adriana Bueno Melo Mujer Cafam Amazonas Un \u201cecosistema\u201d para superar la pobreza El llamado por excelencia \u201cpulm\u00f3n natural del mundo\u201d, su gente, su cultura, su fauna y flora, en fin todo lo que esta zona del mundo encierra, as\u00ed como sus misterios y la belleza del delf\u00edn rosado y la Victoria regia, se convierten en [&hellip;]\" \/>\n<meta property=\"og:url\" content=\"https:\/\/librosdeoro.cafam.com.co\/libro2020\/adriana-bueno-melo\/\" \/>\n<meta property=\"og:site_name\" content=\"Libros de Oro 2020\" \/>\n<meta property=\"article:modified_time\" content=\"2025-07-10T19:24:35+00:00\" \/>\n<meta property=\"og:image\" content=\"https:\/\/librosdeoro.cafam.com.co\/wp-content\/uploads\/sites\/9\/2020\/02\/AMAZONAS-ADRIANA-MELO-BUENO-IMAV_1162.jpg\" \/>\n<meta name=\"twitter:card\" content=\"summary_large_image\" \/>\n<meta name=\"twitter:label1\" content=\"Tiempo de lectura\" \/>\n\t<meta name=\"twitter:data1\" content=\"3 minutos\" \/>\n<script type=\"application\/ld+json\" class=\"yoast-schema-graph\">{\"@context\":\"https:\/\/schema.org\",\"@graph\":[{\"@type\":\"WebPage\",\"@id\":\"https:\/\/librosdeoro.cafam.com.co\/libro2020\/adriana-bueno-melo\/\",\"url\":\"https:\/\/librosdeoro.cafam.com.co\/libro2020\/adriana-bueno-melo\/\",\"name\":\"Adriana Bueno Melo - Libros de Oro 2020\",\"isPartOf\":{\"@id\":\"https:\/\/librosdeoro.cafam.com.co\/libro2020\/#website\"},\"primaryImageOfPage\":{\"@id\":\"https:\/\/librosdeoro.cafam.com.co\/libro2020\/adriana-bueno-melo\/#primaryimage\"},\"image\":{\"@id\":\"https:\/\/librosdeoro.cafam.com.co\/libro2020\/adriana-bueno-melo\/#primaryimage\"},\"thumbnailUrl\":\"https:\/\/librosdeoro.cafam.com.co\/wp-content\/uploads\/sites\/9\/2020\/02\/AMAZONAS-ADRIANA-MELO-BUENO-IMAV_1162.jpg\",\"datePublished\":\"2025-07-10T19:10:41+00:00\",\"dateModified\":\"2025-07-10T19:24:35+00:00\",\"breadcrumb\":{\"@id\":\"https:\/\/librosdeoro.cafam.com.co\/libro2020\/adriana-bueno-melo\/#breadcrumb\"},\"inLanguage\":\"es-CO\",\"potentialAction\":[{\"@type\":\"ReadAction\",\"target\":[\"https:\/\/librosdeoro.cafam.com.co\/libro2020\/adriana-bueno-melo\/\"]}]},{\"@type\":\"ImageObject\",\"inLanguage\":\"es-CO\",\"@id\":\"https:\/\/librosdeoro.cafam.com.co\/libro2020\/adriana-bueno-melo\/#primaryimage\",\"url\":\"https:\/\/librosdeoro.cafam.com.co\/wp-content\/uploads\/sites\/9\/2020\/02\/AMAZONAS-ADRIANA-MELO-BUENO-IMAV_1162.jpg\",\"contentUrl\":\"https:\/\/librosdeoro.cafam.com.co\/wp-content\/uploads\/sites\/9\/2020\/02\/AMAZONAS-ADRIANA-MELO-BUENO-IMAV_1162.jpg\"},{\"@type\":\"BreadcrumbList\",\"@id\":\"https:\/\/librosdeoro.cafam.com.co\/libro2020\/adriana-bueno-melo\/#breadcrumb\",\"itemListElement\":[{\"@type\":\"ListItem\",\"position\":1,\"name\":\"Home\",\"item\":\"https:\/\/librosdeoro.cafam.com.co\/libro2020\/\"},{\"@type\":\"ListItem\",\"position\":2,\"name\":\"Adriana Bueno Melo\"}]},{\"@type\":\"WebSite\",\"@id\":\"https:\/\/librosdeoro.cafam.com.co\/libro2020\/#website\",\"url\":\"https:\/\/librosdeoro.cafam.com.co\/libro2020\/\",\"name\":\"Libros de Oro 2020\",\"description\":\"\",\"potentialAction\":[{\"@type\":\"SearchAction\",\"target\":{\"@type\":\"EntryPoint\",\"urlTemplate\":\"https:\/\/librosdeoro.cafam.com.co\/libro2020\/?s={search_term_string}\"},\"query-input\":\"required name=search_term_string\"}],\"inLanguage\":\"es-CO\"}]}<\/script>\n<!-- \/ Yoast SEO plugin. -->","yoast_head_json":{"title":"Adriana Bueno Melo - Libros de Oro 2020","robots":{"index":"index","follow":"follow","max-snippet":"max-snippet:-1","max-image-preview":"max-image-preview:large","max-video-preview":"max-video-preview:-1"},"canonical":"https:\/\/librosdeoro.cafam.com.co\/libro2020\/adriana-bueno-melo\/","og_locale":"es_ES","og_type":"article","og_title":"Adriana Bueno Melo - Libros de Oro 2020","og_description":"Adriana Bueno Melo Mujer Cafam Amazonas Un \u201cecosistema\u201d para superar la pobreza El llamado por excelencia \u201cpulm\u00f3n natural del mundo\u201d, su gente, su cultura, su fauna y flora, en fin todo lo que esta zona del mundo encierra, as\u00ed como sus misterios y la belleza del delf\u00edn rosado y la Victoria regia, se convierten en [&hellip;]","og_url":"https:\/\/librosdeoro.cafam.com.co\/libro2020\/adriana-bueno-melo\/","og_site_name":"Libros de Oro 2020","article_modified_time":"2025-07-10T19:24:35+00:00","og_image":[{"url":"https:\/\/librosdeoro.cafam.com.co\/wp-content\/uploads\/sites\/9\/2020\/02\/AMAZONAS-ADRIANA-MELO-BUENO-IMAV_1162.jpg"}],"twitter_card":"summary_large_image","twitter_misc":{"Tiempo de lectura":"3 minutos"},"schema":{"@context":"https:\/\/schema.org","@graph":[{"@type":"WebPage","@id":"https:\/\/librosdeoro.cafam.com.co\/libro2020\/adriana-bueno-melo\/","url":"https:\/\/librosdeoro.cafam.com.co\/libro2020\/adriana-bueno-melo\/","name":"Adriana Bueno Melo - Libros de Oro 2020","isPartOf":{"@id":"https:\/\/librosdeoro.cafam.com.co\/libro2020\/#website"},"primaryImageOfPage":{"@id":"https:\/\/librosdeoro.cafam.com.co\/libro2020\/adriana-bueno-melo\/#primaryimage"},"image":{"@id":"https:\/\/librosdeoro.cafam.com.co\/libro2020\/adriana-bueno-melo\/#primaryimage"},"thumbnailUrl":"https:\/\/librosdeoro.cafam.com.co\/wp-content\/uploads\/sites\/9\/2020\/02\/AMAZONAS-ADRIANA-MELO-BUENO-IMAV_1162.jpg","datePublished":"2025-07-10T19:10:41+00:00","dateModified":"2025-07-10T19:24:35+00:00","breadcrumb":{"@id":"https:\/\/librosdeoro.cafam.com.co\/libro2020\/adriana-bueno-melo\/#breadcrumb"},"inLanguage":"es-CO","potentialAction":[{"@type":"ReadAction","target":["https:\/\/librosdeoro.cafam.com.co\/libro2020\/adriana-bueno-melo\/"]}]},{"@type":"ImageObject","inLanguage":"es-CO","@id":"https:\/\/librosdeoro.cafam.com.co\/libro2020\/adriana-bueno-melo\/#primaryimage","url":"https:\/\/librosdeoro.cafam.com.co\/wp-content\/uploads\/sites\/9\/2020\/02\/AMAZONAS-ADRIANA-MELO-BUENO-IMAV_1162.jpg","contentUrl":"https:\/\/librosdeoro.cafam.com.co\/wp-content\/uploads\/sites\/9\/2020\/02\/AMAZONAS-ADRIANA-MELO-BUENO-IMAV_1162.jpg"},{"@type":"BreadcrumbList","@id":"https:\/\/librosdeoro.cafam.com.co\/libro2020\/adriana-bueno-melo\/#breadcrumb","itemListElement":[{"@type":"ListItem","position":1,"name":"Home","item":"https:\/\/librosdeoro.cafam.com.co\/libro2020\/"},{"@type":"ListItem","position":2,"name":"Adriana Bueno Melo"}]},{"@type":"WebSite","@id":"https:\/\/librosdeoro.cafam.com.co\/libro2020\/#website","url":"https:\/\/librosdeoro.cafam.com.co\/libro2020\/","name":"Libros de Oro 2020","description":"","potentialAction":[{"@type":"SearchAction","target":{"@type":"EntryPoint","urlTemplate":"https:\/\/librosdeoro.cafam.com.co\/libro2020\/?s={search_term_string}"},"query-input":"required name=search_term_string"}],"inLanguage":"es-CO"}]}},"_links":{"self":[{"href":"https:\/\/librosdeoro.cafam.com.co\/libro2020\/wp-json\/wp\/v2\/pages\/3714","targetHints":{"allow":["GET"]}}],"collection":[{"href":"https:\/\/librosdeoro.cafam.com.co\/libro2020\/wp-json\/wp\/v2\/pages"}],"about":[{"href":"https:\/\/librosdeoro.cafam.com.co\/libro2020\/wp-json\/wp\/v2\/types\/page"}],"author":[{"embeddable":true,"href":"https:\/\/librosdeoro.cafam.com.co\/libro2020\/wp-json\/wp\/v2\/users\/4"}],"replies":[{"embeddable":true,"href":"https:\/\/librosdeoro.cafam.com.co\/libro2020\/wp-json\/wp\/v2\/comments?post=3714"}],"version-history":[{"count":2,"href":"https:\/\/librosdeoro.cafam.com.co\/libro2020\/wp-json\/wp\/v2\/pages\/3714\/revisions"}],"predecessor-version":[{"id":3717,"href":"https:\/\/librosdeoro.cafam.com.co\/libro2020\/wp-json\/wp\/v2\/pages\/3714\/revisions\/3717"}],"wp:attachment":[{"href":"https:\/\/librosdeoro.cafam.com.co\/libro2020\/wp-json\/wp\/v2\/media?parent=3714"}],"curies":[{"name":"wp","href":"https:\/\/api.w.org\/{rel}","templated":true}]}}