{"id":3687,"date":"2025-07-09T22:40:13","date_gmt":"2025-07-09T22:40:13","guid":{"rendered":"https:\/\/librosdeoro.cafam.com.co\/libro2020\/?page_id=3687"},"modified":"2025-07-09T22:40:13","modified_gmt":"2025-07-09T22:40:13","slug":"jully-andrea-mora-gonzalez","status":"publish","type":"page","link":"https:\/\/librosdeoro.cafam.com.co\/libro2020\/jully-andrea-mora-gonzalez\/","title":{"rendered":"Jully Andrea Mora Gonz\u00e1lez"},"content":{"rendered":"\n<div class=\"wp-block-columns is-layout-flex wp-container-core-columns-is-layout-9d6595d7 wp-block-columns-is-layout-flex\">\n<div class=\"wp-block-column is-layout-flow wp-block-column-is-layout-flow\" style=\"flex-basis:33.33%\">\n<figure class=\"wp-block-image size-large\"><img loading=\"lazy\" decoding=\"async\" width=\"806\" height=\"1030\" src=\"https:\/\/librosdeoro.cafam.com.co\/libro2020\/wp-content\/uploads\/sites\/9\/2020\/06\/29\u00ba-2017-806x1030.jpg\" alt=\"\" class=\"wp-image-2584\" srcset=\"https:\/\/librosdeoro.cafam.com.co\/libro2020\/wp-content\/uploads\/sites\/9\/2020\/06\/29\u00ba-2017-806x1030.jpg 806w, https:\/\/librosdeoro.cafam.com.co\/libro2020\/wp-content\/uploads\/sites\/9\/2020\/06\/29\u00ba-2017-235x300.jpg 235w, https:\/\/librosdeoro.cafam.com.co\/libro2020\/wp-content\/uploads\/sites\/9\/2020\/06\/29\u00ba-2017-768x982.jpg 768w, https:\/\/librosdeoro.cafam.com.co\/libro2020\/wp-content\/uploads\/sites\/9\/2020\/06\/29\u00ba-2017-552x705.jpg 552w, https:\/\/librosdeoro.cafam.com.co\/libro2020\/wp-content\/uploads\/sites\/9\/2020\/06\/29\u00ba-2017.jpg 1000w\" sizes=\"auto, (max-width: 806px) 100vw, 806px\" \/><\/figure>\n<\/div>\n\n\n\n<div class=\"wp-block-column is-layout-flow wp-block-column-is-layout-flow\" style=\"flex-basis:66.66%\"><h2 class=\"wp-block-post-title\">Jully Andrea Mora Gonz\u00e1lez<\/h2>\n\n\n<p><strong>Emprendimiento juvenil<\/strong><\/p>\n\n\n\n<p>Es la creadora de la Asociaci\u00f3n de J\u00f3venes Emprendedores (Asoje), con la cual busca potenciar las habilidades de los j\u00f3venes de su regi\u00f3n para mejorar las condiciones de vida de ellos y de sus familias, adem\u00e1s porque considera que los j\u00f3venes son los constructores del futuro del pa\u00eds.<\/p>\n\n\n\n<div class=\"wp-block-buttons is-content-justification-center is-layout-flex wp-container-core-buttons-is-layout-16018d1d wp-block-buttons-is-layout-flex\">\n<div class=\"wp-block-button is-style-fill\" id=\"https:\/\/librosdeoro.cafam.com.co\/libro2020\/mujeres-cafam-1989-2019\/\"><a class=\"wp-block-button__link has-col-f-9-f-9-f-9-color has-col-a-0-bd-3-f-background-color has-text-color has-background has-link-color wp-element-button\" href=\"https:\/\/librosdeoro.cafam.com.co\/libro2020\/mujeres-cafam-1989-2019\/\" style=\"border-radius:16px\">Volver<\/a><\/div>\n<\/div>\n<\/div>\n<\/div>\n","protected":false},"excerpt":{"rendered":"<p>Emprendimiento juvenil Es la creadora de la Asociaci\u00f3n de J\u00f3venes Emprendedores (Asoje), con la cual busca potenciar las habilidades de los j\u00f3venes de su regi\u00f3n para mejorar las condiciones de vida de ellos y de sus familias, adem\u00e1s porque considera que los j\u00f3venes son los constructores del futuro del pa\u00eds.<\/p>\n","protected":false},"author":4,"featured_media":0,"parent":0,"menu_order":0,"comment_status":"closed","ping_status":"closed","template":"","meta":{"footnotes":""},"class_list":["post-3687","page","type-page","status-publish","hentry"],"yoast_head":"<!-- This site is optimized with the Yoast SEO plugin v23.1 - https:\/\/yoast.com\/wordpress\/plugins\/seo\/ -->\n<title>Jully Andrea Mora Gonz\u00e1lez - Libros de Oro 2020<\/title>\n<meta name=\"robots\" content=\"index, follow, max-snippet:-1, max-image-preview:large, max-video-preview:-1\" \/>\n<link rel=\"canonical\" href=\"https:\/\/librosdeoro.cafam.com.co\/libro2020\/jully-andrea-mora-gonzalez\/\" \/>\n<meta property=\"og:locale\" content=\"es_ES\" \/>\n<meta property=\"og:type\" content=\"article\" \/>\n<meta property=\"og:title\" content=\"Jully Andrea Mora Gonz\u00e1lez - Libros de Oro 2020\" \/>\n<meta property=\"og:description\" content=\"Emprendimiento juvenil Es la creadora de la Asociaci\u00f3n de J\u00f3venes Emprendedores (Asoje), con la cual busca potenciar las habilidades de los j\u00f3venes de su regi\u00f3n para mejorar las condiciones de vida de ellos y de sus familias, adem\u00e1s porque considera que los j\u00f3venes son los constructores del futuro del pa\u00eds.\" \/>\n<meta property=\"og:url\" content=\"https:\/\/librosdeoro.cafam.com.co\/libro2020\/jully-andrea-mora-gonzalez\/\" \/>\n<meta property=\"og:site_name\" content=\"Libros de Oro 2020\" \/>\n<meta name=\"twitter:card\" content=\"summary_large_image\" \/>\n<meta name=\"twitter:label1\" content=\"Tiempo de lectura\" \/>\n\t<meta name=\"twitter:data1\" content=\"1 minuto\" \/>\n<script type=\"application\/ld+json\" class=\"yoast-schema-graph\">{\"@context\":\"https:\/\/schema.org\",\"@graph\":[{\"@type\":\"WebPage\",\"@id\":\"https:\/\/librosdeoro.cafam.com.co\/libro2020\/jully-andrea-mora-gonzalez\/\",\"url\":\"https:\/\/librosdeoro.cafam.com.co\/libro2020\/jully-andrea-mora-gonzalez\/\",\"name\":\"Jully Andrea Mora Gonz\u00e1lez - Libros de Oro 2020\",\"isPartOf\":{\"@id\":\"https:\/\/librosdeoro.cafam.com.co\/libro2020\/#website\"},\"datePublished\":\"2025-07-09T22:40:13+00:00\",\"dateModified\":\"2025-07-09T22:40:13+00:00\",\"breadcrumb\":{\"@id\":\"https:\/\/librosdeoro.cafam.com.co\/libro2020\/jully-andrea-mora-gonzalez\/#breadcrumb\"},\"inLanguage\":\"es-CO\",\"potentialAction\":[{\"@type\":\"ReadAction\",\"target\":[\"https:\/\/librosdeoro.cafam.com.co\/libro2020\/jully-andrea-mora-gonzalez\/\"]}]},{\"@type\":\"BreadcrumbList\",\"@id\":\"https:\/\/librosdeoro.cafam.com.co\/libro2020\/jully-andrea-mora-gonzalez\/#breadcrumb\",\"itemListElement\":[{\"@type\":\"ListItem\",\"position\":1,\"name\":\"Home\",\"item\":\"https:\/\/librosdeoro.cafam.com.co\/libro2020\/\"},{\"@type\":\"ListItem\",\"position\":2,\"name\":\"Jully Andrea Mora Gonz\u00e1lez\"}]},{\"@type\":\"WebSite\",\"@id\":\"https:\/\/librosdeoro.cafam.com.co\/libro2020\/#website\",\"url\":\"https:\/\/librosdeoro.cafam.com.co\/libro2020\/\",\"name\":\"Libros de Oro 2020\",\"description\":\"\",\"potentialAction\":[{\"@type\":\"SearchAction\",\"target\":{\"@type\":\"EntryPoint\",\"urlTemplate\":\"https:\/\/librosdeoro.cafam.com.co\/libro2020\/?s={search_term_string}\"},\"query-input\":\"required name=search_term_string\"}],\"inLanguage\":\"es-CO\"}]}<\/script>\n<!-- \/ Yoast SEO plugin. -->","yoast_head_json":{"title":"Jully Andrea Mora Gonz\u00e1lez - Libros de Oro 2020","robots":{"index":"index","follow":"follow","max-snippet":"max-snippet:-1","max-image-preview":"max-image-preview:large","max-video-preview":"max-video-preview:-1"},"canonical":"https:\/\/librosdeoro.cafam.com.co\/libro2020\/jully-andrea-mora-gonzalez\/","og_locale":"es_ES","og_type":"article","og_title":"Jully Andrea Mora Gonz\u00e1lez - Libros de Oro 2020","og_description":"Emprendimiento juvenil Es la creadora de la Asociaci\u00f3n de J\u00f3venes Emprendedores (Asoje), con la cual busca potenciar las habilidades de los j\u00f3venes de su regi\u00f3n para mejorar las condiciones de vida de ellos y de sus familias, adem\u00e1s porque considera que los j\u00f3venes son los constructores del futuro del pa\u00eds.","og_url":"https:\/\/librosdeoro.cafam.com.co\/libro2020\/jully-andrea-mora-gonzalez\/","og_site_name":"Libros de Oro 2020","twitter_card":"summary_large_image","twitter_misc":{"Tiempo de lectura":"1 minuto"},"schema":{"@context":"https:\/\/schema.org","@graph":[{"@type":"WebPage","@id":"https:\/\/librosdeoro.cafam.com.co\/libro2020\/jully-andrea-mora-gonzalez\/","url":"https:\/\/librosdeoro.cafam.com.co\/libro2020\/jully-andrea-mora-gonzalez\/","name":"Jully Andrea Mora Gonz\u00e1lez - Libros de Oro 2020","isPartOf":{"@id":"https:\/\/librosdeoro.cafam.com.co\/libro2020\/#website"},"datePublished":"2025-07-09T22:40:13+00:00","dateModified":"2025-07-09T22:40:13+00:00","breadcrumb":{"@id":"https:\/\/librosdeoro.cafam.com.co\/libro2020\/jully-andrea-mora-gonzalez\/#breadcrumb"},"inLanguage":"es-CO","potentialAction":[{"@type":"ReadAction","target":["https:\/\/librosdeoro.cafam.com.co\/libro2020\/jully-andrea-mora-gonzalez\/"]}]},{"@type":"BreadcrumbList","@id":"https:\/\/librosdeoro.cafam.com.co\/libro2020\/jully-andrea-mora-gonzalez\/#breadcrumb","itemListElement":[{"@type":"ListItem","position":1,"name":"Home","item":"https:\/\/librosdeoro.cafam.com.co\/libro2020\/"},{"@type":"ListItem","position":2,"name":"Jully Andrea Mora Gonz\u00e1lez"}]},{"@type":"WebSite","@id":"https:\/\/librosdeoro.cafam.com.co\/libro2020\/#website","url":"https:\/\/librosdeoro.cafam.com.co\/libro2020\/","name":"Libros de Oro 2020","description":"","potentialAction":[{"@type":"SearchAction","target":{"@type":"EntryPoint","urlTemplate":"https:\/\/librosdeoro.cafam.com.co\/libro2020\/?s={search_term_string}"},"query-input":"required name=search_term_string"}],"inLanguage":"es-CO"}]}},"_links":{"self":[{"href":"https:\/\/librosdeoro.cafam.com.co\/libro2020\/wp-json\/wp\/v2\/pages\/3687","targetHints":{"allow":["GET"]}}],"collection":[{"href":"https:\/\/librosdeoro.cafam.com.co\/libro2020\/wp-json\/wp\/v2\/pages"}],"about":[{"href":"https:\/\/librosdeoro.cafam.com.co\/libro2020\/wp-json\/wp\/v2\/types\/page"}],"author":[{"embeddable":true,"href":"https:\/\/librosdeoro.cafam.com.co\/libro2020\/wp-json\/wp\/v2\/users\/4"}],"replies":[{"embeddable":true,"href":"https:\/\/librosdeoro.cafam.com.co\/libro2020\/wp-json\/wp\/v2\/comments?post=3687"}],"version-history":[{"count":1,"href":"https:\/\/librosdeoro.cafam.com.co\/libro2020\/wp-json\/wp\/v2\/pages\/3687\/revisions"}],"predecessor-version":[{"id":3688,"href":"https:\/\/librosdeoro.cafam.com.co\/libro2020\/wp-json\/wp\/v2\/pages\/3687\/revisions\/3688"}],"wp:attachment":[{"href":"https:\/\/librosdeoro.cafam.com.co\/libro2020\/wp-json\/wp\/v2\/media?parent=3687"}],"curies":[{"name":"wp","href":"https:\/\/api.w.org\/{rel}","templated":true}]}}