{"id":3403,"date":"2020-09-16T00:08:45","date_gmt":"2020-09-16T00:08:45","guid":{"rendered":"https:\/\/librosdeoro.cafam.com.co\/libro2020\/?page_id=3403"},"modified":"2020-09-16T00:08:47","modified_gmt":"2020-09-16T00:08:47","slug":"agradecimientos","status":"publish","type":"page","link":"https:\/\/librosdeoro.cafam.com.co\/libro2020\/agradecimientos\/","title":{"rendered":"Agradecimientos"},"content":{"rendered":"<div id='av_section_1'  class='avia-section main_color avia-section-default avia-no-border-styling  av-parallax-section avia-bg-style-parallax  avia-builder-el-0  avia-builder-el-no-sibling   container_wrap sidebar_right' style=' '  data-section-bg-repeat='no-repeat'><div class='av-parallax' data-avia-parallax-ratio='0.3' ><div class='av-parallax-inner main_color  avia-full-stretch' style = 'background-repeat: no-repeat; background-image: url(https:\/\/librosdeoro.cafam.com.co\/libro2020\/wp-content\/uploads\/sites\/9\/2020\/09\/Mesa-de-trabajo-5-1.png);background-attachment: scroll; background-position: top center; ' ><\/div><\/div><div class='container' ><main  role=\"main\" itemprop=\"mainContentOfPage\"  class='template-page content  av-content-small alpha units'><div class='post-entry post-entry-type-page post-entry-3403'><div class='entry-content-wrapper clearfix'>\n<div class=\"flex_column av_one_full  flex_column_div av-zero-column-padding first  avia-builder-el-1  el_before_av_one_half  avia-builder-el-first  \" style='border-radius:0px; '><p><div  style='padding-bottom:10px; ' class='av-special-heading av-special-heading-h1  blockquote modern-quote modern-centered  avia-builder-el-2  el_before_av_textblock  avia-builder-el-first  '><h1 class='av-special-heading-tag '  itemprop=\"headline\"  >Agradecimientos <\/h1><div class='special-heading-border'><div class='special-heading-inner-border' ><\/div><\/div><\/div><br \/>\n<section class=\"av_textblock_section \"  itemscope=\"itemscope\" itemtype=\"https:\/\/schema.org\/CreativeWork\" ><div class='avia_textblock  '   itemprop=\"text\" ><p>Cafam agradece el trabajo de cada una de las organizaciones que hicieron posible el trig\u00e9simo segundo Premio Cafam a la Mujer; reconoce en estos equipos de trabajo el afecto, la calidez y el inter\u00e9s que tienen por exaltar junto con nosotros aquellas iniciativas, proyectos y obras sociales que favorecen la calidad de vida de la poblaci\u00f3n que se extiende en todo el territorio nacional.<\/p>\n<p>Este a\u00f1o, transmitimos un mensaje enfocado al empoderamiento de la mujer en la sociedad colombiana, por medio del poder que esta tiene en los diferentes roles que ejerce, logrando visibilizar con orgullo 30 nuevas embajadoras, mujeres con sentido comunitario y dispuestas a entregar\u00a0todo de s\u00ed en\u00a0cada rinc\u00f3n del pa\u00eds.<\/p>\n<p>De forma muy especial, la Caja de Compensaci\u00f3n Familiar Cafam ofrece gratitud a las siguientes entidades que ejercieron un rol fundamental en el 32\u00b0 Premio Cafam a la Mujer:<\/p>\n<ul>\n<li>Despacho de la Primera Dama de la Naci\u00f3n, se\u00f1ora Mar\u00eda Juliana Ruiz Sandoval.<\/li>\n<li>Superintendencia del Subsidio Familiar.<\/li>\n<li>Asocajas.<\/li>\n<li>Club Rotario Internacional.<\/li>\n<\/ul>\n<\/div><\/section><\/p><\/div><div class=\"flex_column av_one_half  flex_column_div av-zero-column-padding first  avia-builder-el-4  el_after_av_one_full  el_before_av_one_half  column-top-margin\" style='border-radius:0px; '><p><div  style='padding-bottom:10px; ' class='av-special-heading av-special-heading-h3  blockquote modern-quote  avia-builder-el-5  el_before_av_textblock  avia-builder-el-first  '><h3 class='av-special-heading-tag '  itemprop=\"headline\"  >Patrocinadores<\/h3><div class='special-heading-border'><div class='special-heading-inner-border' ><\/div><\/div><\/div><br \/>\n<section class=\"av_textblock_section \"  itemscope=\"itemscope\" itemtype=\"https:\/\/schema.org\/CreativeWork\" ><div class='avia_textblock  '   itemprop=\"text\" ><ul>\n<li>Banco Agrario de Colombia.<\/li>\n<li>Banco Davivienda.<\/li>\n<li>Banco de Occidente.<\/li>\n<li>Droguer\u00edas Cafam.<\/li>\n<li>Ernst &amp; Young.<\/li>\n<li>Expreso Viajes y Turismo \u2013 Agencia de Viajes Cafam.<\/li>\n<li>Famisanar EPS.<\/li>\n<li>Nueva EPS<\/li>\n<\/ul>\n<\/div><\/section><br \/>\n<section class=\"av_textblock_section \"  itemscope=\"itemscope\" itemtype=\"https:\/\/schema.org\/CreativeWork\" ><div class='avia_textblock  '   itemprop=\"text\" ><ul>\n<li>Tambi\u00e9n queremos agradecer a las siguientes Cajas de Compensaci\u00f3n Familiar y Cap\u00edtulos del Club Rotario, quienes coordinaron los jurados regionales:<\/li>\n<\/ul>\n<\/div><\/section><br \/>\n<div  style='padding-bottom:10px; ' class='av-special-heading av-special-heading-h3  blockquote modern-quote  avia-builder-el-8  el_after_av_textblock  el_before_av_textblock  '><h3 class='av-special-heading-tag '  itemprop=\"headline\"  >Clubes Rotarios <\/h3><div class='special-heading-border'><div class='special-heading-inner-border' ><\/div><\/div><\/div><br \/>\n<section class=\"av_textblock_section \"  itemscope=\"itemscope\" itemtype=\"https:\/\/schema.org\/CreativeWork\" ><div class='avia_textblock  '   itemprop=\"text\" ><ul>\n<li>Club Rotario Barranquilla Oriente.<\/li>\n<li>Club Rotario Bogot\u00e1 Laureles.<\/li>\n<li>Club Rotario Ci\u00e9naga.<\/li>\n<\/ul>\n<\/div><\/section><\/p><\/div><div class=\"flex_column av_one_half  flex_column_div av-zero-column-padding   avia-builder-el-10  el_after_av_one_half  avia-builder-el-last  column-top-margin\" style='border-radius:0px; '><p><div  style='padding-bottom:10px; ' class='av-special-heading av-special-heading-h3  blockquote modern-quote  avia-builder-el-11  el_before_av_textblock  avia-builder-el-first  '><h3 class='av-special-heading-tag '  itemprop=\"headline\"  >Cajas de Compensaci\u00f3n Familiar<\/h3><div class='special-heading-border'><div class='special-heading-inner-border' ><\/div><\/div><\/div><br \/>\n<section class=\"av_textblock_section \"  itemscope=\"itemscope\" itemtype=\"https:\/\/schema.org\/CreativeWork\" ><div class='avia_textblock  '   itemprop=\"text\" ><ul>\n<li>Caja de Compensaci\u00f3n Familiar Campesina \u2013 Comcaja.<\/li>\n<li>Caja de Compensaci\u00f3n Familiar Comfamiliar Nari\u00f1o.<\/li>\n<li>Caja de Compensaci\u00f3n Familiar de Caldas \u2013 Confa.<\/li>\n<li>Caja de Compensaci\u00f3n Familiar de Casanare \u2013 Comfacasanare.<\/li>\n<li>Caja de Compensaci\u00f3n Familiar de C\u00f3rdoba \u2013 Comfacor.<\/li>\n<li>Caja de Compensaci\u00f3n Familiar de Fenalco \u2013 Comfenalco Quind\u00edo.<\/li>\n<li>Caja de Compensaci\u00f3n Familiar de Fenalco \u2013 Comfenalco Tolima.<\/li>\n<li>Caja de Compensaci\u00f3n Familiar del Amazonas \u2013 Cafamaz.<\/li>\n<li>Caja de Compensaci\u00f3n Familiar de La Guajira.<\/li>\n<li>Caja de Compensaci\u00f3n Familiar de Risaralda \u2013 Comfamiliar Risaralda.<\/li>\n<li>Caja de Compensaci\u00f3n Familiar de San Andr\u00e9s y Providencia Islas \u2013 Cajasai.<\/li>\n<li>Caja de Compensaci\u00f3n Familiar de Sucre \u2013 Comfasucre.<\/li>\n<li>Caja de Compensaci\u00f3n Familiar del Caquet\u00e1 \u2013 Comfaca.<\/li>\n<li>Caja de Compensaci\u00f3n Familiar del Cauca \u2013 Comfacauca.<\/li>\n<li>Caja de Compensaci\u00f3n Familiar del Cesar \u2013 Comfacesar.<\/li>\n<li>Caja de Compensaci\u00f3n Familiar del Norte de Santander \u2013 Comfanorte.<\/li>\n<li>Caja de Compensaci\u00f3n Familiar del Valle del Cauca \u2013 Comfandi.<\/li>\n<li>Caja de Compensaci\u00f3n Familiar del Valle del Cauca \u2013 Comfenalco Valle.<\/li>\n<li>Caja Santandereana de Subsidio Familiar \u2013 Cajasan.<\/li>\n<\/ul>\n<\/div><\/section><\/p><\/div><\/div><\/div><\/main><!-- close content main element --><\/div><\/div><div id='after_section_1'  class='main_color av_default_container_wrap container_wrap sidebar_right' style=' '  ><div class='container' ><div class='template-page content  av-content-small alpha units'><div class='post-entry post-entry-type-page post-entry-3403'><div class='entry-content-wrapper clearfix'>\n","protected":false},"excerpt":{"rendered":"","protected":false},"author":2,"featured_media":0,"parent":0,"menu_order":0,"comment_status":"closed","ping_status":"closed","template":"","meta":{"footnotes":""},"class_list":["post-3403","page","type-page","status-publish","hentry"],"yoast_head":"<!-- This site is optimized with the Yoast SEO plugin v23.1 - https:\/\/yoast.com\/wordpress\/plugins\/seo\/ -->\n<title>Agradecimientos - Libros de Oro 2020<\/title>\n<meta name=\"robots\" content=\"index, follow, max-snippet:-1, max-image-preview:large, max-video-preview:-1\" \/>\n<link rel=\"canonical\" href=\"https:\/\/librosdeoro.cafam.com.co\/libro2020\/agradecimientos\/\" \/>\n<meta property=\"og:locale\" content=\"es_ES\" \/>\n<meta property=\"og:type\" content=\"article\" \/>\n<meta property=\"og:title\" content=\"Agradecimientos - Libros de Oro 2020\" \/>\n<meta property=\"og:url\" content=\"https:\/\/librosdeoro.cafam.com.co\/libro2020\/agradecimientos\/\" \/>\n<meta property=\"og:site_name\" content=\"Libros de Oro 2020\" \/>\n<meta property=\"article:modified_time\" content=\"2020-09-16T00:08:47+00:00\" \/>\n<meta name=\"twitter:card\" content=\"summary_large_image\" \/>\n<meta name=\"twitter:label1\" content=\"Tiempo de lectura\" \/>\n\t<meta name=\"twitter:data1\" content=\"7 minutos\" \/>\n<script type=\"application\/ld+json\" class=\"yoast-schema-graph\">{\"@context\":\"https:\/\/schema.org\",\"@graph\":[{\"@type\":\"WebPage\",\"@id\":\"https:\/\/librosdeoro.cafam.com.co\/libro2020\/agradecimientos\/\",\"url\":\"https:\/\/librosdeoro.cafam.com.co\/libro2020\/agradecimientos\/\",\"name\":\"Agradecimientos - Libros de Oro 2020\",\"isPartOf\":{\"@id\":\"https:\/\/librosdeoro.cafam.com.co\/libro2020\/#website\"},\"datePublished\":\"2020-09-16T00:08:45+00:00\",\"dateModified\":\"2020-09-16T00:08:47+00:00\",\"breadcrumb\":{\"@id\":\"https:\/\/librosdeoro.cafam.com.co\/libro2020\/agradecimientos\/#breadcrumb\"},\"inLanguage\":\"es-CO\",\"potentialAction\":[{\"@type\":\"ReadAction\",\"target\":[\"https:\/\/librosdeoro.cafam.com.co\/libro2020\/agradecimientos\/\"]}]},{\"@type\":\"BreadcrumbList\",\"@id\":\"https:\/\/librosdeoro.cafam.com.co\/libro2020\/agradecimientos\/#breadcrumb\",\"itemListElement\":[{\"@type\":\"ListItem\",\"position\":1,\"name\":\"Home\",\"item\":\"https:\/\/librosdeoro.cafam.com.co\/libro2020\/\"},{\"@type\":\"ListItem\",\"position\":2,\"name\":\"Agradecimientos\"}]},{\"@type\":\"WebSite\",\"@id\":\"https:\/\/librosdeoro.cafam.com.co\/libro2020\/#website\",\"url\":\"https:\/\/librosdeoro.cafam.com.co\/libro2020\/\",\"name\":\"Libros de Oro 2020\",\"description\":\"\",\"potentialAction\":[{\"@type\":\"SearchAction\",\"target\":{\"@type\":\"EntryPoint\",\"urlTemplate\":\"https:\/\/librosdeoro.cafam.com.co\/libro2020\/?s={search_term_string}\"},\"query-input\":\"required name=search_term_string\"}],\"inLanguage\":\"es-CO\"}]}<\/script>\n<!-- \/ Yoast SEO plugin. -->","yoast_head_json":{"title":"Agradecimientos - Libros de Oro 2020","robots":{"index":"index","follow":"follow","max-snippet":"max-snippet:-1","max-image-preview":"max-image-preview:large","max-video-preview":"max-video-preview:-1"},"canonical":"https:\/\/librosdeoro.cafam.com.co\/libro2020\/agradecimientos\/","og_locale":"es_ES","og_type":"article","og_title":"Agradecimientos - Libros de Oro 2020","og_url":"https:\/\/librosdeoro.cafam.com.co\/libro2020\/agradecimientos\/","og_site_name":"Libros de Oro 2020","article_modified_time":"2020-09-16T00:08:47+00:00","twitter_card":"summary_large_image","twitter_misc":{"Tiempo de lectura":"7 minutos"},"schema":{"@context":"https:\/\/schema.org","@graph":[{"@type":"WebPage","@id":"https:\/\/librosdeoro.cafam.com.co\/libro2020\/agradecimientos\/","url":"https:\/\/librosdeoro.cafam.com.co\/libro2020\/agradecimientos\/","name":"Agradecimientos - Libros de Oro 2020","isPartOf":{"@id":"https:\/\/librosdeoro.cafam.com.co\/libro2020\/#website"},"datePublished":"2020-09-16T00:08:45+00:00","dateModified":"2020-09-16T00:08:47+00:00","breadcrumb":{"@id":"https:\/\/librosdeoro.cafam.com.co\/libro2020\/agradecimientos\/#breadcrumb"},"inLanguage":"es-CO","potentialAction":[{"@type":"ReadAction","target":["https:\/\/librosdeoro.cafam.com.co\/libro2020\/agradecimientos\/"]}]},{"@type":"BreadcrumbList","@id":"https:\/\/librosdeoro.cafam.com.co\/libro2020\/agradecimientos\/#breadcrumb","itemListElement":[{"@type":"ListItem","position":1,"name":"Home","item":"https:\/\/librosdeoro.cafam.com.co\/libro2020\/"},{"@type":"ListItem","position":2,"name":"Agradecimientos"}]},{"@type":"WebSite","@id":"https:\/\/librosdeoro.cafam.com.co\/libro2020\/#website","url":"https:\/\/librosdeoro.cafam.com.co\/libro2020\/","name":"Libros de Oro 2020","description":"","potentialAction":[{"@type":"SearchAction","target":{"@type":"EntryPoint","urlTemplate":"https:\/\/librosdeoro.cafam.com.co\/libro2020\/?s={search_term_string}"},"query-input":"required name=search_term_string"}],"inLanguage":"es-CO"}]}},"_links":{"self":[{"href":"https:\/\/librosdeoro.cafam.com.co\/libro2020\/wp-json\/wp\/v2\/pages\/3403","targetHints":{"allow":["GET"]}}],"collection":[{"href":"https:\/\/librosdeoro.cafam.com.co\/libro2020\/wp-json\/wp\/v2\/pages"}],"about":[{"href":"https:\/\/librosdeoro.cafam.com.co\/libro2020\/wp-json\/wp\/v2\/types\/page"}],"author":[{"embeddable":true,"href":"https:\/\/librosdeoro.cafam.com.co\/libro2020\/wp-json\/wp\/v2\/users\/2"}],"replies":[{"embeddable":true,"href":"https:\/\/librosdeoro.cafam.com.co\/libro2020\/wp-json\/wp\/v2\/comments?post=3403"}],"version-history":[{"count":2,"href":"https:\/\/librosdeoro.cafam.com.co\/libro2020\/wp-json\/wp\/v2\/pages\/3403\/revisions"}],"predecessor-version":[{"id":3405,"href":"https:\/\/librosdeoro.cafam.com.co\/libro2020\/wp-json\/wp\/v2\/pages\/3403\/revisions\/3405"}],"wp:attachment":[{"href":"https:\/\/librosdeoro.cafam.com.co\/libro2020\/wp-json\/wp\/v2\/media?parent=3403"}],"curies":[{"name":"wp","href":"https:\/\/api.w.org\/{rel}","templated":true}]}}