{"id":3009,"date":"2020-08-27T19:54:49","date_gmt":"2020-08-27T19:54:49","guid":{"rendered":"https:\/\/librosdeoro.cafam.com.co\/libro2020\/?page_id=3009"},"modified":"2020-09-18T21:01:11","modified_gmt":"2020-09-18T21:01:11","slug":"segunda-mencion","status":"publish","type":"page","link":"https:\/\/librosdeoro.cafam.com.co\/libro2020\/segunda-mencion\/","title":{"rendered":"Segunda menci\u00f3n"},"content":{"rendered":"<div id='full_slider_1'  class='avia-fullwidth-slider main_color avia-shadow   avia-builder-el-0  el_before_av_section  avia-builder-el-first   container_wrap sidebar_right' style=' '  ><div   data-size='large'  data-lightbox_size='large'  data-animation='slide'  data-conditional_play=''  data-ids='1683'  data-video_counter='0'  data-autoplay='false'  data-bg_slider='false'  data-slide_height=''  data-handle='av_slideshow_full'  data-interval='5'  data-class=' '  data-el_id=''  data-css_id=''  data-scroll_down=''  data-control_layout='av-control-default'  data-custom_markup=''  data-perma_caption=''  data-autoplay_stopper=''  data-image_attachment=''  data-min_height='0px'  data-src=''  data-position='top left'  data-repeat='no-repeat'  data-attach='scroll'  data-stretch=''  class='avia-slideshow avia-slideshow-1  av-control-default av-default-height-applied avia-slideshow-large av_slideshow_full   avia-slide-slider '  itemprop=\"image\" itemscope=\"itemscope\" itemtype=\"https:\/\/schema.org\/ImageObject\" ><ul class='avia-slideshow-inner ' style='padding-bottom: 57.91015625%;' ><li  class=' av-single-slide slide-1 ' ><div data-rel='slideshow-1' class='avia-slide-wrap '   ><img src='https:\/\/librosdeoro.cafam.com.co\/libro2020\/wp-content\/uploads\/sites\/9\/2020\/02\/BOYACA-OLGA-YANETH-BOCAREJO-BUITRAGO-IMAV_2027-1030x596.jpg' width='1024' height='593' title='BOYACA - OLGA YANETH BOCAREJO BUITRAGO IMAV_2027' alt=''  itemprop=\"thumbnailUrl\"   \/><\/div><\/li><\/ul><\/div><\/div>\n<div id='av_section_1'  class='avia-section main_color avia-section-default avia-no-border-styling  avia-bg-style-scroll  avia-builder-el-1  el_after_av_slideshow_full  avia-builder-el-last   container_wrap sidebar_right' style='background-repeat: no-repeat; background-image: url(https:\/\/librosdeoro.cafam.com.co\/libro2020\/wp-content\/uploads\/sites\/9\/2020\/09\/Mesa-de-trabajo-5-1.png);background-attachment: scroll; background-position: center center;  '  data-section-bg-repeat='no-repeat'><div class='container' ><div class='template-page content  av-content-small alpha units'><div class='post-entry post-entry-type-page post-entry-3009'><div class='entry-content-wrapper clearfix'>\n<div  style='padding-bottom:10px; ' class='av-special-heading av-special-heading-h1  blockquote modern-quote modern-centered  avia-builder-el-2  el_before_av_hr  avia-builder-el-first  '><h1 class='av-special-heading-tag '  itemprop=\"headline\"  >Olga Yaneth Bocarejo Buitrago<\/h1><div class ='av-subheading av-subheading_below  ' style='font-size:15px;'><h2>Mujer Cafam Boyac\u00e1<\/h2>\n<\/div><div class='special-heading-border'><div class='special-heading-inner-border' ><\/div><\/div><\/div>\n<div  style='height:50px' class='hr hr-invisible   avia-builder-el-3  el_after_av_heading  el_before_av_heading '><span class='hr-inner ' ><span class='hr-inner-style'><\/span><\/span><\/div>\n<div  style='padding-bottom:10px; ' class='av-special-heading av-special-heading-h1  blockquote modern-quote modern-centered  avia-builder-el-4  el_after_av_hr  el_before_av_textblock  '><h1 class='av-special-heading-tag '  itemprop=\"headline\"  >Un banco muy particular<\/h1><div class='special-heading-border'><div class='special-heading-inner-border' ><\/div><\/div><\/div>\n<section class=\"av_textblock_section \"  itemscope=\"itemscope\" itemtype=\"https:\/\/schema.org\/CreativeWork\" ><div class='avia_textblock  '   itemprop=\"text\" ><blockquote>\n<p style=\"text-align: right;\">\u201cTrabajamos para mejorar las condiciones de los m\u00e1s desfavorecidos, apoyados en nuestros voluntarios que buscan crear una sociedad m\u00e1s inclusiva, para ofrecer asistencia nutricional para aquellos que no ten\u00edan c\u00f3mo ni d\u00f3nde adquirir sus alimentos\u201d.<\/p>\n<p style=\"text-align: right;\"><em>Olga Yaneth Bocarejo Buitrago<\/em><\/p>\n<\/blockquote>\n<\/div><\/section>\n<div class=\"flex_column av_one_half  flex_column_div av-zero-column-padding first  avia-builder-el-6  el_after_av_textblock  el_before_av_one_half  column-top-margin\" style='border-radius:0px; '><section class=\"av_textblock_section \"  itemscope=\"itemscope\" itemtype=\"https:\/\/schema.org\/CreativeWork\" ><div class='avia_textblock  '   itemprop=\"text\" ><p style=\"text-align: justify;\">Desde tiempos inmemoriales la humanidad utiliza el trueque como una forma de comercializar bienes y servicios para satisfacer sus necesidades b\u00e1sicas. As\u00ed hay poblaciones en las que el dinero, tal como lo conocemos hoy, no es bien visto y solo aceptan el trueque el cual tambi\u00e9n permite que se estrechen o formen lazos de amistad que suelen perdurar en el tiempo.<\/p>\n<p style=\"text-align: justify;\">Y esta figura la ten\u00eda Olga en su mente, tal vez sin saberlo, y un d\u00eda cualquiera cuando ella solo ten\u00eda una panela y un tomate en su alacena, y muchos sue\u00f1os en la cabeza, Olga ide\u00f3 un banco de la esperanza, que pod\u00eda cambiar la vida de campesinos, bas\u00e1ndose en un elemento al que todos ten\u00edan acceso: la basura.<\/p>\n<p style=\"text-align: justify;\">As\u00ed estructur\u00f3 varios productos de su banco, tomando como base los residuos s\u00f3lidos antes basura, ahora moneda de cambio:<\/p>\n<ul>\n<li style=\"text-align: justify;\">Seguro de alimentaci\u00f3n pagado con residuos y cobrado con alimentos en los momentos que la situaci\u00f3n econ\u00f3mica del tomador lo<\/li>\n<li style=\"text-align: justify;\">Pr\u00e9stamo que se da en alimento en momento de crisis y se paga con residuos s\u00f3lidos.<\/li>\n<li style=\"text-align: justify;\">Cuenta de ahorros en que se consigna con residuos s\u00f3lidos y se retira en<\/li>\n<\/ul>\n<\/div><\/section><\/div><div class=\"flex_column av_one_half  flex_column_div av-zero-column-padding   avia-builder-el-8  el_after_av_one_half  el_before_av_hr  column-top-margin\" style='border-radius:0px; '><section class=\"av_textblock_section \"  itemscope=\"itemscope\" itemtype=\"https:\/\/schema.org\/CreativeWork\" ><div class='avia_textblock  '   itemprop=\"text\" ><p style=\"text-align: justify;\">Olga es la creadora de la iniciativa para la superaci\u00f3n de la pobreza <strong>Bancalimentos S.A.S. <\/strong>y de la <strong>Fundaci\u00f3n Bancalimentos B.H. <\/strong>de las que se benefician 8.400 personas de forma sostenible y permanente.<\/p>\n<p style=\"text-align: justify;\">Estas iniciativas le han valido ser ganadora del Ventures 2015, Mejor Iniciativa para Superar la Pobreza y ganadora del Premio al Emprendimiento Social 2016 entregado por Mohamad Yunus &#8211; Yunus Social Business.<\/p>\n<p style=\"text-align: justify;\">Actualmente reside en F\u00f3meque, Cundinamarca, donde abri\u00f3 un punto de Bancalimentos y en los primeros diez d\u00edas de funcionamiento, se redujo en 5% los residuos s\u00f3lidos que regularmente iban a parar al relleno sanitario de Mondo\u00f1edo. All\u00ed tambi\u00e9n trabaja para desarrollar su idea en favor de la conservaci\u00f3n del ecosistema en esta zona: el Parque Natural Chingaza.<\/p>\n<\/div><\/section><\/div><div  style='height:50px' class='hr hr-invisible   avia-builder-el-10  el_after_av_one_half  el_before_av_one_full '><span class='hr-inner ' ><span class='hr-inner-style'><\/span><\/span><\/div>\n<div class=\"flex_column av_one_full  flex_column_div av-zero-column-padding first  avia-builder-el-11  el_after_av_hr  el_before_av_hr  \" style='background:url(https:\/\/librosdeoro.cafam.com.co\/libro2020\/wp-content\/uploads\/sites\/9\/2020\/09\/Mesa-de-trabajo-5-copia.png) center center no-repeat ; box-shadow: 0 0 3px 0 #0a0a0a; -webkit-transform: scale(1.1); -ms-transform: scale(1.1); transform: scale(1.1); z-index: 4;border-radius:3px; '><p><div  style='padding-bottom:10px; ' class='av-special-heading av-special-heading-h2  blockquote modern-quote  avia-builder-el-12  el_before_av_textblock  avia-builder-el-first  '><h2 class='av-special-heading-tag '  itemprop=\"headline\"  > \u00bfQui\u00e9n es Olga?<\/h2><div class='special-heading-border'><div class='special-heading-inner-border' ><\/div><\/div><\/div><br \/>\n<section class=\"av_textblock_section \"  itemscope=\"itemscope\" itemtype=\"https:\/\/schema.org\/CreativeWork\" ><div class='avia_textblock  '   itemprop=\"text\" ><p style=\"color: #000000; padding: 43px; text-align: justify;\">Olga Yaneth naci\u00f3 el 14 de julio de 1979 en Bogot\u00e1 y luego de haber crecido en Ciudad Bol\u00edvar, Bogot\u00e1 D.C. y atravesar una vida de pobreza, decidi\u00f3 irse a Zetaquir\u00e1, Boyac\u00e1, en busca de mejores oportunidades. Trabajando como campesina conoci\u00f3 el significado de vivir en zonas rurales dispersas, en donde el cami\u00f3n de la basura no pasa y las tiendas, adem\u00e1s de estar lejos, venden sus productos a precios costosos.<\/p>\n<p style=\"color: #000000; padding: 43px; text-align: justify;\">Olga destaca que: \u201cTrabajamos en alianza con la Universidad Nacional de Colombia en un programa nutricional en el que los estudiantes llegan al territorio a prestar asistencia especializada para hacer una medici\u00f3n del impacto nutricional de los beneficiarios; y con la Pontificia Universidad Javeriana estamos desarrollando una barra nutricional -que se puede comprar con residuos- y que complementa los minerales y nutrientes que necesitan los ni\u00f1os durante el d\u00eda. Esta barra es parte de los productos que ofrece BancaKids, la opci\u00f3n que Bancalimentos tiene para los m\u00e1s peque\u00f1os\u201d..<\/p>\n<\/div><\/section><\/p><\/div><div   class='hr hr-default   avia-builder-el-14  el_after_av_one_full  el_before_av_image '><span class='hr-inner ' ><span class='hr-inner-style'><\/span><\/span><\/div>\n<div  class='avia-image-container  av-styling-    avia-builder-el-15  el_after_av_hr  el_before_av_hr  avia-align-center '  itemprop=\"image\" itemscope=\"itemscope\" itemtype=\"https:\/\/schema.org\/ImageObject\"  ><div class='avia-image-container-inner'><div class='avia-image-overlay-wrap'><img class='avia_image' src='https:\/\/librosdeoro.cafam.com.co\/libro2020\/wp-content\/uploads\/sites\/9\/2020\/09\/Boyaca.png' alt='' title='Boyaca' height=\"525\" width=\"950\"  itemprop=\"thumbnailUrl\"  \/><\/div><\/div><\/div>\n<div   class='hr hr-default   avia-builder-el-16  el_after_av_image  el_before_av_horizontal_gallery  avia-builder-el-last '><span class='hr-inner ' ><span class='hr-inner-style'><\/span><\/span><\/div>\n<div  class='av-horizontal-gallery av-horizontal-gallery-1px-gap av-horizontal-gallery-enlarge-effect av-horizontal-gallery-1  avia-builder-el-17  el_after_av_hr  avia-builder-el-last  av-control-default '  itemprop=\"image\" itemscope=\"itemscope\" itemtype=\"https:\/\/schema.org\/ImageObject\"  style='padding: 3.75% 0px;' data-av-enlarge='1.3'  ><div class='avia-slideshow-arrows avia-slideshow-controls'><a href='#prev' class='prev-slide av-horizontal-gallery-prev' aria-hidden='true' data-av_icon='\ue87c' data-av_iconfont='entypo-fontello'>Previous<\/a><a href='#next' class='next-slide av-horizontal-gallery-next' aria-hidden='true' data-av_icon='\ue87d' data-av_iconfont='entypo-fontello'>Next <\/a><\/div><div class='av-horizontal-gallery-inner' style='padding-bottom:25%' data-av-height='25'><div class='av-horizontal-gallery-slider'><div class='av-horizontal-gallery-wrap noHover'><img class='av-horizontal-gallery-img' width='300' height='214' src='https:\/\/librosdeoro.cafam.com.co\/libro2020\/wp-content\/uploads\/sites\/9\/2020\/09\/MHB-2424-300x214.jpg' title='MHB-2424' alt='' \/><a href='https:\/\/librosdeoro.cafam.com.co\/libro2020\/wp-content\/uploads\/sites\/9\/2020\/09\/MHB-2424.jpg'  class='av-horizontal-gallery-link' aria-hidden='true' data-av_icon='\ue869' data-av_iconfont='entypo-fontello' title='MHB-2424'><\/a><\/div><div class='av-horizontal-gallery-wrap noHover'><img class='av-horizontal-gallery-img' width='300' height='214' src='https:\/\/librosdeoro.cafam.com.co\/libro2020\/wp-content\/uploads\/sites\/9\/2020\/09\/MHB-2395-300x214.jpg' title='MHB-2395' alt='' \/><a href='https:\/\/librosdeoro.cafam.com.co\/libro2020\/wp-content\/uploads\/sites\/9\/2020\/09\/MHB-2395.jpg'  class='av-horizontal-gallery-link' aria-hidden='true' data-av_icon='\ue869' data-av_iconfont='entypo-fontello' title='MHB-2395'><\/a><\/div><div class='av-horizontal-gallery-wrap noHover'><img class='av-horizontal-gallery-img' width='300' height='214' src='https:\/\/librosdeoro.cafam.com.co\/libro2020\/wp-content\/uploads\/sites\/9\/2020\/09\/MHB-2384-300x214.jpg' title='MHB-2384' alt='' \/><a href='https:\/\/librosdeoro.cafam.com.co\/libro2020\/wp-content\/uploads\/sites\/9\/2020\/09\/MHB-2384.jpg'  class='av-horizontal-gallery-link' aria-hidden='true' data-av_icon='\ue869' data-av_iconfont='entypo-fontello' title='MHB-2384'><\/a><\/div><div class='av-horizontal-gallery-wrap noHover'><img class='av-horizontal-gallery-img' width='300' height='214' src='https:\/\/librosdeoro.cafam.com.co\/libro2020\/wp-content\/uploads\/sites\/9\/2020\/09\/MHB-2343-300x214.jpg' title='MHB-2343' alt='' \/><a href='https:\/\/librosdeoro.cafam.com.co\/libro2020\/wp-content\/uploads\/sites\/9\/2020\/09\/MHB-2343.jpg'  class='av-horizontal-gallery-link' aria-hidden='true' data-av_icon='\ue869' data-av_iconfont='entypo-fontello' title='MHB-2343'><\/a><\/div><div class='av-horizontal-gallery-wrap noHover'><img class='av-horizontal-gallery-img' width='300' height='214' src='https:\/\/librosdeoro.cafam.com.co\/libro2020\/wp-content\/uploads\/sites\/9\/2020\/09\/MHB-2325-300x214.jpg' title='MHB-2325' alt='' \/><a href='https:\/\/librosdeoro.cafam.com.co\/libro2020\/wp-content\/uploads\/sites\/9\/2020\/09\/MHB-2325.jpg'  class='av-horizontal-gallery-link' aria-hidden='true' data-av_icon='\ue869' data-av_iconfont='entypo-fontello' title='MHB-2325'><\/a><\/div><div class='av-horizontal-gallery-wrap noHover'><img class='av-horizontal-gallery-img' width='300' height='214' src='https:\/\/librosdeoro.cafam.com.co\/libro2020\/wp-content\/uploads\/sites\/9\/2020\/09\/Imagen10-300x214.jpg' title='Imagen10' alt='' \/><a href='https:\/\/librosdeoro.cafam.com.co\/libro2020\/wp-content\/uploads\/sites\/9\/2020\/09\/Imagen10.jpg'  class='av-horizontal-gallery-link' aria-hidden='true' data-av_icon='\ue869' data-av_iconfont='entypo-fontello' title='Imagen10'><\/a><\/div><div class='av-horizontal-gallery-wrap noHover'><img class='av-horizontal-gallery-img' width='300' height='214' src='https:\/\/librosdeoro.cafam.com.co\/libro2020\/wp-content\/uploads\/sites\/9\/2020\/09\/Imagen-8-300x214.jpg' title='Imagen 8' alt='' \/><a href='https:\/\/librosdeoro.cafam.com.co\/libro2020\/wp-content\/uploads\/sites\/9\/2020\/09\/Imagen-8.jpg'  class='av-horizontal-gallery-link' aria-hidden='true' data-av_icon='\ue869' data-av_iconfont='entypo-fontello' title='Imagen 8'><\/a><\/div><div class='av-horizontal-gallery-wrap noHover'><img class='av-horizontal-gallery-img' width='300' height='214' src='https:\/\/librosdeoro.cafam.com.co\/libro2020\/wp-content\/uploads\/sites\/9\/2020\/09\/image-2-copia-300x214.png' title='image (2) copia' alt='' \/><a href='https:\/\/librosdeoro.cafam.com.co\/libro2020\/wp-content\/uploads\/sites\/9\/2020\/09\/image-2-copia.png'  class='av-horizontal-gallery-link' aria-hidden='true' data-av_icon='\ue869' data-av_iconfont='entypo-fontello' title='image (2) copia'><\/a><\/div><div class='av-horizontal-gallery-wrap noHover'><img class='av-horizontal-gallery-img' width='300' height='214' src='https:\/\/librosdeoro.cafam.com.co\/libro2020\/wp-content\/uploads\/sites\/9\/2020\/09\/DSC03531-300x214.jpg' title='DSC03531' alt='' \/><a href='https:\/\/librosdeoro.cafam.com.co\/libro2020\/wp-content\/uploads\/sites\/9\/2020\/09\/DSC03531.jpg'  class='av-horizontal-gallery-link' aria-hidden='true' data-av_icon='\ue869' data-av_iconfont='entypo-fontello' title='DSC03531'><\/a><\/div><\/div><\/div><\/div>\n<\/div><\/div><\/div><!-- close content main div --><\/div><\/div><div id='after_section_1'  class='main_color av_default_container_wrap container_wrap sidebar_right' style=' '  ><div class='container' ><div class='template-page content  av-content-small alpha units'><div class='post-entry post-entry-type-page post-entry-3009'><div class='entry-content-wrapper clearfix'>\n","protected":false},"excerpt":{"rendered":"","protected":false},"author":2,"featured_media":0,"parent":0,"menu_order":0,"comment_status":"closed","ping_status":"closed","template":"","meta":{"footnotes":""},"class_list":["post-3009","page","type-page","status-publish","hentry"],"yoast_head":"<!-- This site is optimized with the Yoast SEO plugin v23.1 - https:\/\/yoast.com\/wordpress\/plugins\/seo\/ -->\n<title>Segunda menci\u00f3n - Libros de Oro 2020<\/title>\n<meta name=\"robots\" content=\"index, follow, max-snippet:-1, max-image-preview:large, max-video-preview:-1\" \/>\n<link rel=\"canonical\" href=\"https:\/\/librosdeoro.cafam.com.co\/libro2020\/segunda-mencion\/\" \/>\n<meta property=\"og:locale\" content=\"es_ES\" \/>\n<meta property=\"og:type\" content=\"article\" \/>\n<meta property=\"og:title\" content=\"Segunda menci\u00f3n - Libros de Oro 2020\" \/>\n<meta property=\"og:url\" content=\"https:\/\/librosdeoro.cafam.com.co\/libro2020\/segunda-mencion\/\" \/>\n<meta property=\"og:site_name\" content=\"Libros de Oro 2020\" \/>\n<meta property=\"article:modified_time\" content=\"2020-09-18T21:01:11+00:00\" \/>\n<meta name=\"twitter:card\" content=\"summary_large_image\" \/>\n<meta name=\"twitter:label1\" content=\"Tiempo de lectura\" \/>\n\t<meta name=\"twitter:data1\" content=\"10 minutos\" \/>\n<script type=\"application\/ld+json\" class=\"yoast-schema-graph\">{\"@context\":\"https:\/\/schema.org\",\"@graph\":[{\"@type\":\"WebPage\",\"@id\":\"https:\/\/librosdeoro.cafam.com.co\/libro2020\/segunda-mencion\/\",\"url\":\"https:\/\/librosdeoro.cafam.com.co\/libro2020\/segunda-mencion\/\",\"name\":\"Segunda menci\u00f3n - Libros de Oro 2020\",\"isPartOf\":{\"@id\":\"https:\/\/librosdeoro.cafam.com.co\/libro2020\/#website\"},\"datePublished\":\"2020-08-27T19:54:49+00:00\",\"dateModified\":\"2020-09-18T21:01:11+00:00\",\"breadcrumb\":{\"@id\":\"https:\/\/librosdeoro.cafam.com.co\/libro2020\/segunda-mencion\/#breadcrumb\"},\"inLanguage\":\"es-CO\",\"potentialAction\":[{\"@type\":\"ReadAction\",\"target\":[\"https:\/\/librosdeoro.cafam.com.co\/libro2020\/segunda-mencion\/\"]}]},{\"@type\":\"BreadcrumbList\",\"@id\":\"https:\/\/librosdeoro.cafam.com.co\/libro2020\/segunda-mencion\/#breadcrumb\",\"itemListElement\":[{\"@type\":\"ListItem\",\"position\":1,\"name\":\"Home\",\"item\":\"https:\/\/librosdeoro.cafam.com.co\/libro2020\/\"},{\"@type\":\"ListItem\",\"position\":2,\"name\":\"Segunda menci\u00f3n\"}]},{\"@type\":\"WebSite\",\"@id\":\"https:\/\/librosdeoro.cafam.com.co\/libro2020\/#website\",\"url\":\"https:\/\/librosdeoro.cafam.com.co\/libro2020\/\",\"name\":\"Libros de Oro 2020\",\"description\":\"\",\"potentialAction\":[{\"@type\":\"SearchAction\",\"target\":{\"@type\":\"EntryPoint\",\"urlTemplate\":\"https:\/\/librosdeoro.cafam.com.co\/libro2020\/?s={search_term_string}\"},\"query-input\":\"required name=search_term_string\"}],\"inLanguage\":\"es-CO\"}]}<\/script>\n<!-- \/ Yoast SEO plugin. -->","yoast_head_json":{"title":"Segunda menci\u00f3n - Libros de Oro 2020","robots":{"index":"index","follow":"follow","max-snippet":"max-snippet:-1","max-image-preview":"max-image-preview:large","max-video-preview":"max-video-preview:-1"},"canonical":"https:\/\/librosdeoro.cafam.com.co\/libro2020\/segunda-mencion\/","og_locale":"es_ES","og_type":"article","og_title":"Segunda menci\u00f3n - Libros de Oro 2020","og_url":"https:\/\/librosdeoro.cafam.com.co\/libro2020\/segunda-mencion\/","og_site_name":"Libros de Oro 2020","article_modified_time":"2020-09-18T21:01:11+00:00","twitter_card":"summary_large_image","twitter_misc":{"Tiempo de lectura":"10 minutos"},"schema":{"@context":"https:\/\/schema.org","@graph":[{"@type":"WebPage","@id":"https:\/\/librosdeoro.cafam.com.co\/libro2020\/segunda-mencion\/","url":"https:\/\/librosdeoro.cafam.com.co\/libro2020\/segunda-mencion\/","name":"Segunda menci\u00f3n - Libros de Oro 2020","isPartOf":{"@id":"https:\/\/librosdeoro.cafam.com.co\/libro2020\/#website"},"datePublished":"2020-08-27T19:54:49+00:00","dateModified":"2020-09-18T21:01:11+00:00","breadcrumb":{"@id":"https:\/\/librosdeoro.cafam.com.co\/libro2020\/segunda-mencion\/#breadcrumb"},"inLanguage":"es-CO","potentialAction":[{"@type":"ReadAction","target":["https:\/\/librosdeoro.cafam.com.co\/libro2020\/segunda-mencion\/"]}]},{"@type":"BreadcrumbList","@id":"https:\/\/librosdeoro.cafam.com.co\/libro2020\/segunda-mencion\/#breadcrumb","itemListElement":[{"@type":"ListItem","position":1,"name":"Home","item":"https:\/\/librosdeoro.cafam.com.co\/libro2020\/"},{"@type":"ListItem","position":2,"name":"Segunda menci\u00f3n"}]},{"@type":"WebSite","@id":"https:\/\/librosdeoro.cafam.com.co\/libro2020\/#website","url":"https:\/\/librosdeoro.cafam.com.co\/libro2020\/","name":"Libros de Oro 2020","description":"","potentialAction":[{"@type":"SearchAction","target":{"@type":"EntryPoint","urlTemplate":"https:\/\/librosdeoro.cafam.com.co\/libro2020\/?s={search_term_string}"},"query-input":"required name=search_term_string"}],"inLanguage":"es-CO"}]}},"_links":{"self":[{"href":"https:\/\/librosdeoro.cafam.com.co\/libro2020\/wp-json\/wp\/v2\/pages\/3009","targetHints":{"allow":["GET"]}}],"collection":[{"href":"https:\/\/librosdeoro.cafam.com.co\/libro2020\/wp-json\/wp\/v2\/pages"}],"about":[{"href":"https:\/\/librosdeoro.cafam.com.co\/libro2020\/wp-json\/wp\/v2\/types\/page"}],"author":[{"embeddable":true,"href":"https:\/\/librosdeoro.cafam.com.co\/libro2020\/wp-json\/wp\/v2\/users\/2"}],"replies":[{"embeddable":true,"href":"https:\/\/librosdeoro.cafam.com.co\/libro2020\/wp-json\/wp\/v2\/comments?post=3009"}],"version-history":[{"count":6,"href":"https:\/\/librosdeoro.cafam.com.co\/libro2020\/wp-json\/wp\/v2\/pages\/3009\/revisions"}],"predecessor-version":[{"id":3478,"href":"https:\/\/librosdeoro.cafam.com.co\/libro2020\/wp-json\/wp\/v2\/pages\/3009\/revisions\/3478"}],"wp:attachment":[{"href":"https:\/\/librosdeoro.cafam.com.co\/libro2020\/wp-json\/wp\/v2\/media?parent=3009"}],"curies":[{"name":"wp","href":"https:\/\/api.w.org\/{rel}","templated":true}]}}