{"id":3001,"date":"2020-08-27T19:53:20","date_gmt":"2020-08-27T19:53:20","guid":{"rendered":"https:\/\/librosdeoro.cafam.com.co\/libro2020\/?page_id=3001"},"modified":"2020-09-07T22:49:45","modified_gmt":"2020-09-07T22:49:45","slug":"diplomado-gestion-social","status":"publish","type":"page","link":"https:\/\/librosdeoro.cafam.com.co\/libro2020\/diplomado-gestion-social\/","title":{"rendered":"Diplomado gesti\u00f3n social"},"content":{"rendered":"<div id='av_section_1'  class='avia-section main_color avia-section-default avia-no-border-styling  avia-full-stretch av-parallax-section avia-bg-style-parallax  avia-builder-el-0  avia-builder-el-no-sibling   container_wrap sidebar_right' style=' '  data-section-bg-repeat='stretch'><div class='av-parallax' data-avia-parallax-ratio='0.3' ><div class='av-parallax-inner main_color  avia-full-stretch' style = 'background-repeat: no-repeat; background-image: url(https:\/\/librosdeoro.cafam.com.co\/libro2020\/wp-content\/uploads\/sites\/9\/2020\/09\/Mesa-de-trabajo-5-300x174.png);background-attachment: scroll; background-position: center center; ' ><\/div><\/div><div class='container' ><main  role=\"main\" itemprop=\"mainContentOfPage\"  class='template-page content  av-content-small alpha units'><div class='post-entry post-entry-type-page post-entry-3001'><div class='entry-content-wrapper clearfix'>\n<div class=\"flex_column av_one_half  flex_column_div av-zero-column-padding first  avia-builder-el-1  el_before_av_one_half  avia-builder-el-first  \" style='border-radius:0px; '><div   data-size='2048x2048'  data-lightbox_size='large'  data-animation='slide'  data-conditional_play=''  data-ids='3342'  data-video_counter='0'  data-autoplay='false'  data-bg_slider='false'  data-slide_height=''  data-handle='av_slideshow'  data-interval='5'  data-class=' avia-builder-el-2  avia-builder-el-no-sibling  '  data-el_id=''  data-css_id=''  data-scroll_down=''  data-control_layout='av-control-default'  data-custom_markup=''  data-perma_caption=''  data-autoplay_stopper=''  data-image_attachment=''  data-min_height='0px'  data-default-height='100'  class='avia-slideshow avia-slideshow-1  av-control-default av-default-height-applied avia-slideshow-2048x2048 av_slideshow  avia-builder-el-2  avia-builder-el-no-sibling   avia-slide-slider '  itemprop=\"image\" itemscope=\"itemscope\" itemtype=\"https:\/\/schema.org\/ImageObject\" ><ul class='avia-slideshow-inner ' style='padding-bottom: 73.652365236524%;' ><li  class=' av-single-slide slide-1 ' ><div data-rel='slideshow-1' class='avia-slide-wrap '   ><img src='https:\/\/librosdeoro.cafam.com.co\/libro2020\/wp-content\/uploads\/sites\/9\/2020\/09\/5-1024x475-07.png' width='1818' height='1339' title='5-1024x475-07' alt=''  itemprop=\"thumbnailUrl\"   \/><\/div><\/li><\/ul><\/div><\/div><div class=\"flex_column av_one_half  flex_column_div av-zero-column-padding   avia-builder-el-3  el_after_av_one_half  el_before_av_textblock  \" style='border-radius:0px; '><p><div  style='height:50px' class='hr hr-invisible   avia-builder-el-4  el_before_av_heading  avia-builder-el-first '><span class='hr-inner ' ><span class='hr-inner-style'><\/span><\/span><\/div><br \/>\n<div  style='padding-bottom:10px; ' class='av-special-heading av-special-heading-h1  blockquote modern-quote modern-centered  avia-builder-el-5  el_after_av_hr  avia-builder-el-last  '><h1 class='av-special-heading-tag '  itemprop=\"headline\"  >Formaci\u00f3n para el desarrollo<\/h1><div class='special-heading-border'><div class='special-heading-inner-border' ><\/div><\/div><\/div><\/p><\/div><section class=\"av_textblock_section \"  itemscope=\"itemscope\" itemtype=\"https:\/\/schema.org\/CreativeWork\" ><div class='avia_textblock  '   itemprop=\"text\" ><p>En esta \u00e9poca de la cuarta revoluci\u00f3n industrial en la que se combinan los adelantos tecnol\u00f3gicos, inform\u00e1ticos y cient\u00edficos, es imperativo adquirir conocimientos que permitan avanzar en desarrollo de los proyectos y emprendimientos empresariales o personales.<\/p>\n<p>Por ello, el Premio Cafam a la Mujer otorg\u00f3 a cada Mujer Cafam 2020 un cupo en el <strong>Diplomado en Gesti\u00f3n de Proyectos Sociales<\/strong>, cuya tem\u00e1tica fue dise\u00f1ada por la Escuela de Pedagog\u00eda e Innovaci\u00f3n de la Fundaci\u00f3n Universitaria Cafam y se dividi\u00f3 en cuatro m\u00f3dulos, a saber:<\/p>\n<ol>\n<li>Liderazgo.<\/li>\n<li>Estructuraci\u00f3n de proyectos.<\/li>\n<li>Comunicaci\u00f3n y visibilidad.<\/li>\n<li>Herramientas de financiaci\u00f3n.<\/li>\n<\/ol>\n<p>Adem\u00e1s, mediante la herramienta Zoom se present\u00f3 un m\u00f3dulo virtual en el que las participantes interactuaron con expertos en cada uno de los temas desarrollados para ampliar conceptos y resolver dudas.<\/p>\n<p>La ganadora del Premio Cafam a la Mujer 2020, Johana Baham\u00f3n, apadrin\u00f3 a Claribel Mosquera una mujer afro que se encuentra privada de la libertad y quien fue una de las que m\u00e1s provecho obtuvo del diplomado.<\/p>\n<p>En la ceremonia de certificaci\u00f3n de las participantes, que se realiz\u00f3 de manera virtual, se cont\u00f3 con la presencia del director administrativo de Cafam, Dr. Luis Gonzalo Giraldo Mar\u00edn, de la rectora de Unicafam, Dra. Diana Margarita P\u00e9rez, y del compositor y cantante Andr\u00e9s Cabas quien interpret\u00f3 uno de sus \u00e9xitos musicales.<\/p>\n<p>Para Cafam, el Premio Cafam a la Mujer y Unicafam es motivo de satisfacci\u00f3n el brindar este tipo de formaci\u00f3n a las mujeres Cafam con miras al crecimiento de sus iniciativas en favor de sus comunidades.<\/p>\n<\/div><\/section>\n<\/div><\/div><\/main><!-- close content main element --><\/div><\/div><div id='after_section_1'  class='main_color av_default_container_wrap container_wrap sidebar_right' style=' '  ><div class='container' ><div class='template-page content  av-content-small alpha units'><div class='post-entry post-entry-type-page post-entry-3001'><div class='entry-content-wrapper clearfix'>\n","protected":false},"excerpt":{"rendered":"","protected":false},"author":2,"featured_media":0,"parent":0,"menu_order":0,"comment_status":"closed","ping_status":"closed","template":"","meta":{"footnotes":""},"class_list":["post-3001","page","type-page","status-publish","hentry"],"yoast_head":"<!-- This site is optimized with the Yoast SEO plugin v23.1 - https:\/\/yoast.com\/wordpress\/plugins\/seo\/ -->\n<title>Diplomado gesti\u00f3n social - Libros de Oro 2020<\/title>\n<meta name=\"robots\" content=\"index, follow, max-snippet:-1, max-image-preview:large, max-video-preview:-1\" \/>\n<link rel=\"canonical\" href=\"https:\/\/librosdeoro.cafam.com.co\/libro2020\/diplomado-gestion-social\/\" \/>\n<meta property=\"og:locale\" content=\"es_ES\" \/>\n<meta property=\"og:type\" content=\"article\" \/>\n<meta property=\"og:title\" content=\"Diplomado gesti\u00f3n social - Libros de Oro 2020\" \/>\n<meta property=\"og:url\" content=\"https:\/\/librosdeoro.cafam.com.co\/libro2020\/diplomado-gestion-social\/\" \/>\n<meta property=\"og:site_name\" content=\"Libros de Oro 2020\" \/>\n<meta property=\"article:modified_time\" content=\"2020-09-07T22:49:45+00:00\" \/>\n<meta name=\"twitter:card\" content=\"summary_large_image\" \/>\n<meta name=\"twitter:label1\" content=\"Tiempo de lectura\" \/>\n\t<meta name=\"twitter:data1\" content=\"5 minutos\" \/>\n<script type=\"application\/ld+json\" class=\"yoast-schema-graph\">{\"@context\":\"https:\/\/schema.org\",\"@graph\":[{\"@type\":\"WebPage\",\"@id\":\"https:\/\/librosdeoro.cafam.com.co\/libro2020\/diplomado-gestion-social\/\",\"url\":\"https:\/\/librosdeoro.cafam.com.co\/libro2020\/diplomado-gestion-social\/\",\"name\":\"Diplomado gesti\u00f3n social - Libros de Oro 2020\",\"isPartOf\":{\"@id\":\"https:\/\/librosdeoro.cafam.com.co\/libro2020\/#website\"},\"datePublished\":\"2020-08-27T19:53:20+00:00\",\"dateModified\":\"2020-09-07T22:49:45+00:00\",\"breadcrumb\":{\"@id\":\"https:\/\/librosdeoro.cafam.com.co\/libro2020\/diplomado-gestion-social\/#breadcrumb\"},\"inLanguage\":\"es-CO\",\"potentialAction\":[{\"@type\":\"ReadAction\",\"target\":[\"https:\/\/librosdeoro.cafam.com.co\/libro2020\/diplomado-gestion-social\/\"]}]},{\"@type\":\"BreadcrumbList\",\"@id\":\"https:\/\/librosdeoro.cafam.com.co\/libro2020\/diplomado-gestion-social\/#breadcrumb\",\"itemListElement\":[{\"@type\":\"ListItem\",\"position\":1,\"name\":\"Home\",\"item\":\"https:\/\/librosdeoro.cafam.com.co\/libro2020\/\"},{\"@type\":\"ListItem\",\"position\":2,\"name\":\"Diplomado gesti\u00f3n social\"}]},{\"@type\":\"WebSite\",\"@id\":\"https:\/\/librosdeoro.cafam.com.co\/libro2020\/#website\",\"url\":\"https:\/\/librosdeoro.cafam.com.co\/libro2020\/\",\"name\":\"Libros de Oro 2020\",\"description\":\"\",\"potentialAction\":[{\"@type\":\"SearchAction\",\"target\":{\"@type\":\"EntryPoint\",\"urlTemplate\":\"https:\/\/librosdeoro.cafam.com.co\/libro2020\/?s={search_term_string}\"},\"query-input\":\"required name=search_term_string\"}],\"inLanguage\":\"es-CO\"}]}<\/script>\n<!-- \/ Yoast SEO plugin. -->","yoast_head_json":{"title":"Diplomado gesti\u00f3n social - Libros de Oro 2020","robots":{"index":"index","follow":"follow","max-snippet":"max-snippet:-1","max-image-preview":"max-image-preview:large","max-video-preview":"max-video-preview:-1"},"canonical":"https:\/\/librosdeoro.cafam.com.co\/libro2020\/diplomado-gestion-social\/","og_locale":"es_ES","og_type":"article","og_title":"Diplomado gesti\u00f3n social - Libros de Oro 2020","og_url":"https:\/\/librosdeoro.cafam.com.co\/libro2020\/diplomado-gestion-social\/","og_site_name":"Libros de Oro 2020","article_modified_time":"2020-09-07T22:49:45+00:00","twitter_card":"summary_large_image","twitter_misc":{"Tiempo de lectura":"5 minutos"},"schema":{"@context":"https:\/\/schema.org","@graph":[{"@type":"WebPage","@id":"https:\/\/librosdeoro.cafam.com.co\/libro2020\/diplomado-gestion-social\/","url":"https:\/\/librosdeoro.cafam.com.co\/libro2020\/diplomado-gestion-social\/","name":"Diplomado gesti\u00f3n social - Libros de Oro 2020","isPartOf":{"@id":"https:\/\/librosdeoro.cafam.com.co\/libro2020\/#website"},"datePublished":"2020-08-27T19:53:20+00:00","dateModified":"2020-09-07T22:49:45+00:00","breadcrumb":{"@id":"https:\/\/librosdeoro.cafam.com.co\/libro2020\/diplomado-gestion-social\/#breadcrumb"},"inLanguage":"es-CO","potentialAction":[{"@type":"ReadAction","target":["https:\/\/librosdeoro.cafam.com.co\/libro2020\/diplomado-gestion-social\/"]}]},{"@type":"BreadcrumbList","@id":"https:\/\/librosdeoro.cafam.com.co\/libro2020\/diplomado-gestion-social\/#breadcrumb","itemListElement":[{"@type":"ListItem","position":1,"name":"Home","item":"https:\/\/librosdeoro.cafam.com.co\/libro2020\/"},{"@type":"ListItem","position":2,"name":"Diplomado gesti\u00f3n social"}]},{"@type":"WebSite","@id":"https:\/\/librosdeoro.cafam.com.co\/libro2020\/#website","url":"https:\/\/librosdeoro.cafam.com.co\/libro2020\/","name":"Libros de Oro 2020","description":"","potentialAction":[{"@type":"SearchAction","target":{"@type":"EntryPoint","urlTemplate":"https:\/\/librosdeoro.cafam.com.co\/libro2020\/?s={search_term_string}"},"query-input":"required name=search_term_string"}],"inLanguage":"es-CO"}]}},"_links":{"self":[{"href":"https:\/\/librosdeoro.cafam.com.co\/libro2020\/wp-json\/wp\/v2\/pages\/3001","targetHints":{"allow":["GET"]}}],"collection":[{"href":"https:\/\/librosdeoro.cafam.com.co\/libro2020\/wp-json\/wp\/v2\/pages"}],"about":[{"href":"https:\/\/librosdeoro.cafam.com.co\/libro2020\/wp-json\/wp\/v2\/types\/page"}],"author":[{"embeddable":true,"href":"https:\/\/librosdeoro.cafam.com.co\/libro2020\/wp-json\/wp\/v2\/users\/2"}],"replies":[{"embeddable":true,"href":"https:\/\/librosdeoro.cafam.com.co\/libro2020\/wp-json\/wp\/v2\/comments?post=3001"}],"version-history":[{"count":9,"href":"https:\/\/librosdeoro.cafam.com.co\/libro2020\/wp-json\/wp\/v2\/pages\/3001\/revisions"}],"predecessor-version":[{"id":3347,"href":"https:\/\/librosdeoro.cafam.com.co\/libro2020\/wp-json\/wp\/v2\/pages\/3001\/revisions\/3347"}],"wp:attachment":[{"href":"https:\/\/librosdeoro.cafam.com.co\/libro2020\/wp-json\/wp\/v2\/media?parent=3001"}],"curies":[{"name":"wp","href":"https:\/\/api.w.org\/{rel}","templated":true}]}}