{"id":2980,"date":"2020-08-27T19:49:36","date_gmt":"2020-08-27T19:49:36","guid":{"rendered":"https:\/\/librosdeoro.cafam.com.co\/libro2020\/?page_id=2980"},"modified":"2020-09-16T00:32:06","modified_gmt":"2020-09-16T00:32:06","slug":"palabras-de-la-primera-dama","status":"publish","type":"page","link":"https:\/\/librosdeoro.cafam.com.co\/libro2020\/palabras-de-la-primera-dama\/","title":{"rendered":"Palabras de la Primera Dama"},"content":{"rendered":"<div id='av_section_1'  class='avia-section main_color avia-section-default avia-no-border-styling  avia-bg-style-scroll  avia-builder-el-0  avia-builder-el-no-sibling   container_wrap sidebar_right' style='background-repeat: repeat; background-image: url(https:\/\/librosdeoro.cafam.com.co\/libro2020\/wp-content\/uploads\/sites\/9\/2020\/09\/Mesa-de-trabajo-5-1.png);background-attachment: scroll; background-position: top center;  '  data-section-bg-repeat='repeat'><div class='container' ><main  role=\"main\" itemprop=\"mainContentOfPage\"  class='template-page content  av-content-small alpha units'><div class='post-entry post-entry-type-page post-entry-2980'><div class='entry-content-wrapper clearfix'>\n<div class=\"flex_column av_one_half  flex_column_div av-zero-column-padding first  avia-builder-el-1  el_before_av_one_half  avia-builder-el-first  \" style='border-radius:0px; '><p><div  style='height:50px' class='hr hr-invisible   avia-builder-el-2  el_before_av_hr  avia-builder-el-first '><span class='hr-inner ' ><span class='hr-inner-style'><\/span><\/span><\/div><br \/>\n<div  style='height:50px' class='hr hr-invisible   avia-builder-el-3  el_after_av_hr  el_before_av_image '><span class='hr-inner ' ><span class='hr-inner-style'><\/span><\/span><\/div><br \/>\n<div  class='avia-image-container  av-styling-    avia-builder-el-4  el_after_av_hr  avia-builder-el-last  avia-align-center '  itemprop=\"image\" itemscope=\"itemscope\" itemtype=\"https:\/\/schema.org\/ImageObject\"  ><div class='avia-image-container-inner'><div class='avia-image-overlay-wrap'><img class='avia_image' src='https:\/\/librosdeoro.cafam.com.co\/libro2020\/wp-content\/uploads\/sites\/9\/2020\/09\/MHB-1994-686x1030.jpg' alt='' title='MHB-1994' height=\"1024\" width=\"682\"  itemprop=\"thumbnailUrl\"  \/><\/div><\/div><\/div><\/p><\/div><div class=\"flex_column av_one_half  flex_column_div av-zero-column-padding   avia-builder-el-5  el_after_av_one_half  avia-builder-el-last  \" style='border-radius:0px; '><p><div  style='padding-bottom:10px; ' class='av-special-heading av-special-heading-h1  blockquote modern-quote modern-centered  avia-builder-el-6  el_before_av_textblock  avia-builder-el-first  '><h1 class='av-special-heading-tag '  itemprop=\"headline\"  >El poder de ser mujer<\/h1><div class='special-heading-border'><div class='special-heading-inner-border' ><\/div><\/div><\/div><br \/>\n<section class=\"av_textblock_section \"  itemscope=\"itemscope\" itemtype=\"https:\/\/schema.org\/CreativeWork\" ><div class='avia_textblock  '   itemprop=\"text\" ><p style=\"text-align: justify;\">Con la emoci\u00f3n a flor de piel por las acciones que adelantan las mujeres Cafam 2020, y en especial por la ganadora y las menciones especiales, D. Mar\u00eda Juliana Ruiz Sandoval, Primera Dama de la Naci\u00f3n, se dirigi\u00f3 al p\u00fabico presente en la ceremonia de premiaci\u00f3n del Premio Cafam a la Mujer en su edici\u00f3n n\u00famero 32.<\/p>\n<p style=\"text-align: justify;\">En su intervenci\u00f3n destac\u00f3 que:<\/p>\n<p style=\"text-align: justify;\">\u201cHoy es un d\u00eda en donde confirmo que a\u00fan con el respeto y la importancia que merece la expresi\u00f3n empoderamiento femenino yo soy una convencida de que si hay algo de lo cual una mujer no carece es <strong>poder<\/strong>\u2026 adem\u00e1s, en una mujer no compiten la fortaleza, la tenacidad y el car\u00e1cter con la ternura, el amor y la sensibilidad\u201d.<\/p>\n<p style=\"text-align: justify;\">Y es que las mujeres se caracterizan por ese poder para unir familias, para trabajar con amor y tes\u00f3n por los hijos, para entregar a los dem\u00e1s con generosidad desinteresada; al respecto la Primera Dama expres\u00f3:<\/p>\n<p style=\"text-align: justify;\">\u201cEse poder nos viene del coraz\u00f3n y del alma, y ese poder es el que alberga la ternura, la compasi\u00f3n, la solidaridad y el sentido de comunidad que nos caracteriza., poseemos un \u201cencanto\u201d para resolver, casi que por arte de magia, las dificultades que se presentan a las mujeres\u201d.<\/p>\n<p style=\"text-align: justify;\">Al cierre de su intervenci\u00f3n, expres\u00f3 que:<\/p>\n<p style=\"text-align: justify;\">\u201cA Cafam quiero felicitarlo una vez m\u00e1s y agradecer esta invitaci\u00f3n por visibilizar como instituci\u00f3n toda la capacidad que tienen las mujeres, pero sobre todo por hacer visible el talante de la mujer colombiana\u201d.<\/p>\n<\/div><\/section><\/p><\/div><\/div><\/div><\/main><!-- close content main element --><\/div><\/div><div id='after_section_1'  class='main_color av_default_container_wrap container_wrap sidebar_right' style=' '  ><div class='container' ><div class='template-page content  av-content-small alpha units'><div class='post-entry post-entry-type-page post-entry-2980'><div class='entry-content-wrapper clearfix'>\n","protected":false},"excerpt":{"rendered":"","protected":false},"author":2,"featured_media":0,"parent":0,"menu_order":0,"comment_status":"closed","ping_status":"closed","template":"","meta":{"footnotes":""},"class_list":["post-2980","page","type-page","status-publish","hentry"],"yoast_head":"<!-- This site is optimized with the Yoast SEO plugin v23.1 - https:\/\/yoast.com\/wordpress\/plugins\/seo\/ -->\n<title>Palabras de la Primera Dama - Libros de Oro 2020<\/title>\n<meta name=\"robots\" content=\"index, follow, max-snippet:-1, max-image-preview:large, max-video-preview:-1\" \/>\n<link rel=\"canonical\" href=\"https:\/\/librosdeoro.cafam.com.co\/libro2020\/palabras-de-la-primera-dama\/\" \/>\n<meta property=\"og:locale\" content=\"es_ES\" \/>\n<meta property=\"og:type\" content=\"article\" \/>\n<meta property=\"og:title\" content=\"Palabras de la Primera Dama - Libros de Oro 2020\" \/>\n<meta property=\"og:url\" content=\"https:\/\/librosdeoro.cafam.com.co\/libro2020\/palabras-de-la-primera-dama\/\" \/>\n<meta property=\"og:site_name\" content=\"Libros de Oro 2020\" \/>\n<meta property=\"article:modified_time\" content=\"2020-09-16T00:32:06+00:00\" \/>\n<meta name=\"twitter:card\" content=\"summary_large_image\" \/>\n<meta name=\"twitter:label1\" content=\"Tiempo de lectura\" \/>\n\t<meta name=\"twitter:data1\" content=\"5 minutos\" \/>\n<script type=\"application\/ld+json\" class=\"yoast-schema-graph\">{\"@context\":\"https:\/\/schema.org\",\"@graph\":[{\"@type\":\"WebPage\",\"@id\":\"https:\/\/librosdeoro.cafam.com.co\/libro2020\/palabras-de-la-primera-dama\/\",\"url\":\"https:\/\/librosdeoro.cafam.com.co\/libro2020\/palabras-de-la-primera-dama\/\",\"name\":\"Palabras de la Primera Dama - Libros de Oro 2020\",\"isPartOf\":{\"@id\":\"https:\/\/librosdeoro.cafam.com.co\/libro2020\/#website\"},\"datePublished\":\"2020-08-27T19:49:36+00:00\",\"dateModified\":\"2020-09-16T00:32:06+00:00\",\"breadcrumb\":{\"@id\":\"https:\/\/librosdeoro.cafam.com.co\/libro2020\/palabras-de-la-primera-dama\/#breadcrumb\"},\"inLanguage\":\"es-CO\",\"potentialAction\":[{\"@type\":\"ReadAction\",\"target\":[\"https:\/\/librosdeoro.cafam.com.co\/libro2020\/palabras-de-la-primera-dama\/\"]}]},{\"@type\":\"BreadcrumbList\",\"@id\":\"https:\/\/librosdeoro.cafam.com.co\/libro2020\/palabras-de-la-primera-dama\/#breadcrumb\",\"itemListElement\":[{\"@type\":\"ListItem\",\"position\":1,\"name\":\"Home\",\"item\":\"https:\/\/librosdeoro.cafam.com.co\/libro2020\/\"},{\"@type\":\"ListItem\",\"position\":2,\"name\":\"Palabras de la Primera Dama\"}]},{\"@type\":\"WebSite\",\"@id\":\"https:\/\/librosdeoro.cafam.com.co\/libro2020\/#website\",\"url\":\"https:\/\/librosdeoro.cafam.com.co\/libro2020\/\",\"name\":\"Libros de Oro 2020\",\"description\":\"\",\"potentialAction\":[{\"@type\":\"SearchAction\",\"target\":{\"@type\":\"EntryPoint\",\"urlTemplate\":\"https:\/\/librosdeoro.cafam.com.co\/libro2020\/?s={search_term_string}\"},\"query-input\":\"required name=search_term_string\"}],\"inLanguage\":\"es-CO\"}]}<\/script>\n<!-- \/ Yoast SEO plugin. -->","yoast_head_json":{"title":"Palabras de la Primera Dama - Libros de Oro 2020","robots":{"index":"index","follow":"follow","max-snippet":"max-snippet:-1","max-image-preview":"max-image-preview:large","max-video-preview":"max-video-preview:-1"},"canonical":"https:\/\/librosdeoro.cafam.com.co\/libro2020\/palabras-de-la-primera-dama\/","og_locale":"es_ES","og_type":"article","og_title":"Palabras de la Primera Dama - Libros de Oro 2020","og_url":"https:\/\/librosdeoro.cafam.com.co\/libro2020\/palabras-de-la-primera-dama\/","og_site_name":"Libros de Oro 2020","article_modified_time":"2020-09-16T00:32:06+00:00","twitter_card":"summary_large_image","twitter_misc":{"Tiempo de lectura":"5 minutos"},"schema":{"@context":"https:\/\/schema.org","@graph":[{"@type":"WebPage","@id":"https:\/\/librosdeoro.cafam.com.co\/libro2020\/palabras-de-la-primera-dama\/","url":"https:\/\/librosdeoro.cafam.com.co\/libro2020\/palabras-de-la-primera-dama\/","name":"Palabras de la Primera Dama - Libros de Oro 2020","isPartOf":{"@id":"https:\/\/librosdeoro.cafam.com.co\/libro2020\/#website"},"datePublished":"2020-08-27T19:49:36+00:00","dateModified":"2020-09-16T00:32:06+00:00","breadcrumb":{"@id":"https:\/\/librosdeoro.cafam.com.co\/libro2020\/palabras-de-la-primera-dama\/#breadcrumb"},"inLanguage":"es-CO","potentialAction":[{"@type":"ReadAction","target":["https:\/\/librosdeoro.cafam.com.co\/libro2020\/palabras-de-la-primera-dama\/"]}]},{"@type":"BreadcrumbList","@id":"https:\/\/librosdeoro.cafam.com.co\/libro2020\/palabras-de-la-primera-dama\/#breadcrumb","itemListElement":[{"@type":"ListItem","position":1,"name":"Home","item":"https:\/\/librosdeoro.cafam.com.co\/libro2020\/"},{"@type":"ListItem","position":2,"name":"Palabras de la Primera Dama"}]},{"@type":"WebSite","@id":"https:\/\/librosdeoro.cafam.com.co\/libro2020\/#website","url":"https:\/\/librosdeoro.cafam.com.co\/libro2020\/","name":"Libros de Oro 2020","description":"","potentialAction":[{"@type":"SearchAction","target":{"@type":"EntryPoint","urlTemplate":"https:\/\/librosdeoro.cafam.com.co\/libro2020\/?s={search_term_string}"},"query-input":"required name=search_term_string"}],"inLanguage":"es-CO"}]}},"_links":{"self":[{"href":"https:\/\/librosdeoro.cafam.com.co\/libro2020\/wp-json\/wp\/v2\/pages\/2980","targetHints":{"allow":["GET"]}}],"collection":[{"href":"https:\/\/librosdeoro.cafam.com.co\/libro2020\/wp-json\/wp\/v2\/pages"}],"about":[{"href":"https:\/\/librosdeoro.cafam.com.co\/libro2020\/wp-json\/wp\/v2\/types\/page"}],"author":[{"embeddable":true,"href":"https:\/\/librosdeoro.cafam.com.co\/libro2020\/wp-json\/wp\/v2\/users\/2"}],"replies":[{"embeddable":true,"href":"https:\/\/librosdeoro.cafam.com.co\/libro2020\/wp-json\/wp\/v2\/comments?post=2980"}],"version-history":[{"count":4,"href":"https:\/\/librosdeoro.cafam.com.co\/libro2020\/wp-json\/wp\/v2\/pages\/2980\/revisions"}],"predecessor-version":[{"id":3448,"href":"https:\/\/librosdeoro.cafam.com.co\/libro2020\/wp-json\/wp\/v2\/pages\/2980\/revisions\/3448"}],"wp:attachment":[{"href":"https:\/\/librosdeoro.cafam.com.co\/libro2020\/wp-json\/wp\/v2\/media?parent=2980"}],"curies":[{"name":"wp","href":"https:\/\/api.w.org\/{rel}","templated":true}]}}