{"id":2978,"date":"2020-08-27T19:41:47","date_gmt":"2020-08-27T19:41:47","guid":{"rendered":"https:\/\/librosdeoro.cafam.com.co\/libro2020\/?page_id=2978"},"modified":"2020-09-16T00:26:52","modified_gmt":"2020-09-16T00:26:52","slug":"prologo","status":"publish","type":"page","link":"https:\/\/librosdeoro.cafam.com.co\/libro2020\/prologo\/","title":{"rendered":"Pr\u00f3logo"},"content":{"rendered":"<div id='av_section_1'  class='avia-section main_color avia-section-default avia-no-border-styling  avia-bg-style-scroll  avia-builder-el-0  avia-builder-el-no-sibling   container_wrap sidebar_right' style='background-repeat: no-repeat; background-image: url(https:\/\/librosdeoro.cafam.com.co\/libro2020\/wp-content\/uploads\/sites\/9\/2020\/09\/Mesa-de-trabajo-5-1.png);background-attachment: scroll; background-position: top left;  '  data-section-bg-repeat='no-repeat'><div class='container' ><main  role=\"main\" itemprop=\"mainContentOfPage\"  class='template-page content  av-content-small alpha units'><div class='post-entry post-entry-type-page post-entry-2978'><div class='entry-content-wrapper clearfix'>\n<div class=\"flex_column av_one_half  flex_column_div av-zero-column-padding first  avia-builder-el-1  el_before_av_one_half  avia-builder-el-first  \" style='border-radius:0px; '><div  class='avia-image-container  av-styling-    avia-builder-el-2  avia-builder-el-no-sibling  avia-align-center '  itemprop=\"image\" itemscope=\"itemscope\" itemtype=\"https:\/\/schema.org\/ImageObject\"  ><div class='avia-image-container-inner'><div class='avia-image-overlay-wrap'><img class='avia_image' src='https:\/\/librosdeoro.cafam.com.co\/libro2020\/wp-content\/uploads\/sites\/9\/2020\/09\/E4209887-5ACF-4773-B986-C42AFAD9C023-2-687x1030.jpg' alt='' title='E4209887-5ACF-4773-B986-C42AFAD9C023 (2)' height=\"1024\" width=\"683\"  itemprop=\"thumbnailUrl\"  \/><\/div><\/div><\/div><\/div><div class=\"flex_column av_one_half  flex_column_div av-zero-column-padding   avia-builder-el-3  el_after_av_one_half  el_before_av_one_half  \" style='border-radius:0px; '><p><div  style='padding-bottom:10px; ' class='av-special-heading av-special-heading-h1  blockquote modern-quote modern-centered  avia-builder-el-4  el_before_av_textblock  avia-builder-el-first  '><h1 class='av-special-heading-tag '  itemprop=\"headline\"  >PR\u00d3LOGO MUJER CAFAM<\/h1><div class='special-heading-border'><div class='special-heading-inner-border' ><\/div><\/div><\/div><br \/>\n<section class=\"av_textblock_section \"  itemscope=\"itemscope\" itemtype=\"https:\/\/schema.org\/CreativeWork\" ><div class='avia_textblock  '   itemprop=\"text\" ><p style=\"text-align: justify;\">Formar parte del premio CAFAM a la Mujer, como su presentadora oficial, era suficiente motivo de orgullo para m\u00ed. Imaginen entonces lo que fue ser homenajeada en la pasada versi\u00f3n del premio, el quinto que presentaba al lado de mi esposo Jorge Alfredo Vargas. Jorge resaltaba en su libreto que con dedicaci\u00f3n y \u00e9tica yo enaltec\u00eda la labor del comunicador y hac\u00eda visible a las mujeres a trav\u00e9s de mi profesi\u00f3n. Sus palabras me llenaron de orgullo, pero a la vez, confieso, me sent\u00ed poco merecedora de semejante honor. Es que despu\u00e9s de haber vivido de cerca estas ceremonias en donde he conocido de primera mano las realidades y testimonios de tantas mujeres valiosas que entregan su vida para sacar adelante sus comunidades y cambiar la realidad de sus dif\u00edciles entornos, todo lo que uno haga es poco. Pero fue precisamente detr\u00e1s de esas palabras que descubr\u00ed el verdadero fondo que mueve al Premio Cafam a la Mujer\u2026 \u00a1hacer visible! En este caso la labor silenciosa que cientos de mujeres en el pa\u00eds adelantan sin buscar nada diferente a cambio que el bienestar y el desarrollo de la gente que las rodea\u2026 \u00a1hacerlas visibles! Esa es la clave y la forma de ayudar a que Colombia siga adelante con ellas como motor de cambio y de generaci\u00f3n de oportunidades. Esa es la esencia del Premio Cafam a la Mujer.<\/p>\n<\/div><\/section><\/p><\/div><div class=\"flex_column av_one_half  flex_column_div av-zero-column-padding first  avia-builder-el-6  el_after_av_one_half  el_before_av_one_half  column-top-margin\" style='border-radius:0px; '><section class=\"av_textblock_section \"  itemscope=\"itemscope\" itemtype=\"https:\/\/schema.org\/CreativeWork\" ><div class='avia_textblock  '   itemprop=\"text\" ><p style=\"text-align: justify;\">Fue una ceremonia especial, que removi\u00f3 sentimientos, que toc\u00f3 fibras y que inspir\u00f3 a luchar y a hacer cosas que dejen huella. Las mam\u00e1s de nuestros artistas favoritos fueron homenajeadas por esa labor de impulsadoras de sue\u00f1os, por su entrega, por tantos sacrificios que hicieron para que hoy Carlos Vives, Maluma, JBalvin, Sebasti\u00e1n Yatra, Fonseca, Gusi, Goyo y Slow sean los mejores embajadores de Colombia ante el mundo. Y junto a ellas, las verdaderas protagonistas del evento, las 30 mujeres de los diversos rincones de Colombia que a trav\u00e9s del deporte, la cultura, el conocimiento y con intuici\u00f3n, desapego y amor empoderan poblaciones, sacan adelante emprendimientos, vuelven exitosos proyectos, generan identidad a comunidades olvidadas, devuelven la fe a v\u00edctimas del conflicto, a poblaci\u00f3n en condici\u00f3n de discapacidad y a adultos mayores. El mejor ejemplo es, sin duda, la ganadora de esta versi\u00f3n, la mujer que nos ense\u00f1\u00f3 que todos merecemos una segunda oportunidad sin importar cu\u00e1l sea nuestro error. Johana Baham\u00f3n le devolvi\u00f3 las ganas de vivir a m\u00e1s de 12 mil personas privadas de la libertad a trav\u00e9s de su fundaci\u00f3n Acci\u00f3n Interna.<\/p>\n<\/div><\/section><\/div><div class=\"flex_column av_one_half  flex_column_div av-zero-column-padding   avia-builder-el-8  el_after_av_one_half  avia-builder-el-last  column-top-margin\" style='border-radius:0px; '><section class=\"av_textblock_section \"  itemscope=\"itemscope\" itemtype=\"https:\/\/schema.org\/CreativeWork\" ><div class='avia_textblock  '   itemprop=\"text\" ><p style=\"text-align: justify;\">Gracias doctor Luis Gonzalo Giraldo, Director del premio CAFAM a la mujer, por permitir que a\u00f1o tras a\u00f1o seamos testigos de una ceremonia que nos llena el alma y nos inspira a ser mejores personas, mejores colombianos. Un premio que le pone rostro a la bondad y a la tenacidad de las mujeres que luchan por los m\u00e1s vulnerables, a esas h\u00e9roes an\u00f3nimas que con su actuar tocan corazones y cambian vidas.<\/p>\n<\/div><\/section><\/div><\/div><\/div><\/main><!-- close content main element --><\/div><\/div><div id='after_section_1'  class='main_color av_default_container_wrap container_wrap sidebar_right' style=' '  ><div class='container' ><div class='template-page content  av-content-small alpha units'><div class='post-entry post-entry-type-page post-entry-2978'><div class='entry-content-wrapper clearfix'>\n","protected":false},"excerpt":{"rendered":"","protected":false},"author":2,"featured_media":0,"parent":0,"menu_order":0,"comment_status":"closed","ping_status":"closed","template":"","meta":{"footnotes":""},"class_list":["post-2978","page","type-page","status-publish","hentry"],"yoast_head":"<!-- This site is optimized with the Yoast SEO plugin v23.1 - https:\/\/yoast.com\/wordpress\/plugins\/seo\/ -->\n<title>Pr\u00f3logo - Libros de Oro 2020<\/title>\n<meta name=\"robots\" content=\"index, follow, max-snippet:-1, max-image-preview:large, max-video-preview:-1\" \/>\n<link rel=\"canonical\" href=\"https:\/\/librosdeoro.cafam.com.co\/libro2020\/prologo\/\" \/>\n<meta property=\"og:locale\" content=\"es_ES\" \/>\n<meta property=\"og:type\" content=\"article\" \/>\n<meta property=\"og:title\" content=\"Pr\u00f3logo - Libros de Oro 2020\" \/>\n<meta property=\"og:url\" content=\"https:\/\/librosdeoro.cafam.com.co\/libro2020\/prologo\/\" \/>\n<meta property=\"og:site_name\" content=\"Libros de Oro 2020\" \/>\n<meta property=\"article:modified_time\" content=\"2020-09-16T00:26:52+00:00\" \/>\n<meta name=\"twitter:card\" content=\"summary_large_image\" \/>\n<meta name=\"twitter:label1\" content=\"Tiempo de lectura\" \/>\n\t<meta name=\"twitter:data1\" content=\"7 minutos\" \/>\n<script type=\"application\/ld+json\" class=\"yoast-schema-graph\">{\"@context\":\"https:\/\/schema.org\",\"@graph\":[{\"@type\":\"WebPage\",\"@id\":\"https:\/\/librosdeoro.cafam.com.co\/libro2020\/prologo\/\",\"url\":\"https:\/\/librosdeoro.cafam.com.co\/libro2020\/prologo\/\",\"name\":\"Pr\u00f3logo - Libros de Oro 2020\",\"isPartOf\":{\"@id\":\"https:\/\/librosdeoro.cafam.com.co\/libro2020\/#website\"},\"datePublished\":\"2020-08-27T19:41:47+00:00\",\"dateModified\":\"2020-09-16T00:26:52+00:00\",\"breadcrumb\":{\"@id\":\"https:\/\/librosdeoro.cafam.com.co\/libro2020\/prologo\/#breadcrumb\"},\"inLanguage\":\"es-CO\",\"potentialAction\":[{\"@type\":\"ReadAction\",\"target\":[\"https:\/\/librosdeoro.cafam.com.co\/libro2020\/prologo\/\"]}]},{\"@type\":\"BreadcrumbList\",\"@id\":\"https:\/\/librosdeoro.cafam.com.co\/libro2020\/prologo\/#breadcrumb\",\"itemListElement\":[{\"@type\":\"ListItem\",\"position\":1,\"name\":\"Home\",\"item\":\"https:\/\/librosdeoro.cafam.com.co\/libro2020\/\"},{\"@type\":\"ListItem\",\"position\":2,\"name\":\"Pr\u00f3logo\"}]},{\"@type\":\"WebSite\",\"@id\":\"https:\/\/librosdeoro.cafam.com.co\/libro2020\/#website\",\"url\":\"https:\/\/librosdeoro.cafam.com.co\/libro2020\/\",\"name\":\"Libros de Oro 2020\",\"description\":\"\",\"potentialAction\":[{\"@type\":\"SearchAction\",\"target\":{\"@type\":\"EntryPoint\",\"urlTemplate\":\"https:\/\/librosdeoro.cafam.com.co\/libro2020\/?s={search_term_string}\"},\"query-input\":\"required name=search_term_string\"}],\"inLanguage\":\"es-CO\"}]}<\/script>\n<!-- \/ Yoast SEO plugin. -->","yoast_head_json":{"title":"Pr\u00f3logo - Libros de Oro 2020","robots":{"index":"index","follow":"follow","max-snippet":"max-snippet:-1","max-image-preview":"max-image-preview:large","max-video-preview":"max-video-preview:-1"},"canonical":"https:\/\/librosdeoro.cafam.com.co\/libro2020\/prologo\/","og_locale":"es_ES","og_type":"article","og_title":"Pr\u00f3logo - Libros de Oro 2020","og_url":"https:\/\/librosdeoro.cafam.com.co\/libro2020\/prologo\/","og_site_name":"Libros de Oro 2020","article_modified_time":"2020-09-16T00:26:52+00:00","twitter_card":"summary_large_image","twitter_misc":{"Tiempo de lectura":"7 minutos"},"schema":{"@context":"https:\/\/schema.org","@graph":[{"@type":"WebPage","@id":"https:\/\/librosdeoro.cafam.com.co\/libro2020\/prologo\/","url":"https:\/\/librosdeoro.cafam.com.co\/libro2020\/prologo\/","name":"Pr\u00f3logo - Libros de Oro 2020","isPartOf":{"@id":"https:\/\/librosdeoro.cafam.com.co\/libro2020\/#website"},"datePublished":"2020-08-27T19:41:47+00:00","dateModified":"2020-09-16T00:26:52+00:00","breadcrumb":{"@id":"https:\/\/librosdeoro.cafam.com.co\/libro2020\/prologo\/#breadcrumb"},"inLanguage":"es-CO","potentialAction":[{"@type":"ReadAction","target":["https:\/\/librosdeoro.cafam.com.co\/libro2020\/prologo\/"]}]},{"@type":"BreadcrumbList","@id":"https:\/\/librosdeoro.cafam.com.co\/libro2020\/prologo\/#breadcrumb","itemListElement":[{"@type":"ListItem","position":1,"name":"Home","item":"https:\/\/librosdeoro.cafam.com.co\/libro2020\/"},{"@type":"ListItem","position":2,"name":"Pr\u00f3logo"}]},{"@type":"WebSite","@id":"https:\/\/librosdeoro.cafam.com.co\/libro2020\/#website","url":"https:\/\/librosdeoro.cafam.com.co\/libro2020\/","name":"Libros de Oro 2020","description":"","potentialAction":[{"@type":"SearchAction","target":{"@type":"EntryPoint","urlTemplate":"https:\/\/librosdeoro.cafam.com.co\/libro2020\/?s={search_term_string}"},"query-input":"required name=search_term_string"}],"inLanguage":"es-CO"}]}},"_links":{"self":[{"href":"https:\/\/librosdeoro.cafam.com.co\/libro2020\/wp-json\/wp\/v2\/pages\/2978","targetHints":{"allow":["GET"]}}],"collection":[{"href":"https:\/\/librosdeoro.cafam.com.co\/libro2020\/wp-json\/wp\/v2\/pages"}],"about":[{"href":"https:\/\/librosdeoro.cafam.com.co\/libro2020\/wp-json\/wp\/v2\/types\/page"}],"author":[{"embeddable":true,"href":"https:\/\/librosdeoro.cafam.com.co\/libro2020\/wp-json\/wp\/v2\/users\/2"}],"replies":[{"embeddable":true,"href":"https:\/\/librosdeoro.cafam.com.co\/libro2020\/wp-json\/wp\/v2\/comments?post=2978"}],"version-history":[{"count":5,"href":"https:\/\/librosdeoro.cafam.com.co\/libro2020\/wp-json\/wp\/v2\/pages\/2978\/revisions"}],"predecessor-version":[{"id":3412,"href":"https:\/\/librosdeoro.cafam.com.co\/libro2020\/wp-json\/wp\/v2\/pages\/2978\/revisions\/3412"}],"wp:attachment":[{"href":"https:\/\/librosdeoro.cafam.com.co\/libro2020\/wp-json\/wp\/v2\/media?parent=2978"}],"curies":[{"name":"wp","href":"https:\/\/api.w.org\/{rel}","templated":true}]}}