{"id":2974,"date":"2020-08-27T19:40:37","date_gmt":"2020-08-27T19:40:37","guid":{"rendered":"https:\/\/librosdeoro.cafam.com.co\/libro2020\/?page_id=2974"},"modified":"2025-06-20T20:02:19","modified_gmt":"2025-06-20T20:02:19","slug":"presentacion-premio-cafam-a-la-mujer","status":"publish","type":"page","link":"https:\/\/librosdeoro.cafam.com.co\/libro2020\/presentacion-premio-cafam-a-la-mujer\/","title":{"rendered":"Presentaci\u00f3n premio Cafam a la Mujer"},"content":{"rendered":"<div id='av_section_1'  class='avia-section main_color avia-section-default avia-no-border-styling  av-parallax-section avia-bg-style-parallax  avia-builder-el-0  avia-builder-el-no-sibling   container_wrap sidebar_right' style=' '  data-section-bg-repeat='no-repeat'><div class='av-parallax' data-avia-parallax-ratio='0.3' ><div class='av-parallax-inner main_color  avia-full-stretch' style = 'background-repeat: no-repeat; background-image: url(https:\/\/librosdeoro.cafam.com.co\/libro2020\/wp-content\/uploads\/sites\/9\/2020\/09\/Mesa-de-trabajo-5-1.png);background-attachment: scroll; background-position: center center; ' ><\/div><\/div><div class='container' ><main  role=\"main\" itemprop=\"mainContentOfPage\"  class='template-page content  av-content-small alpha units'><div class='post-entry post-entry-type-page post-entry-2974'><div class='entry-content-wrapper clearfix'>\n<div class=\"flex_column av_one_half  flex_column_div av-zero-column-padding first  avia-builder-el-1  el_before_av_one_half  avia-builder-el-first  \" style='border-radius:0px; '><p><div  style='height:50px' class='hr hr-invisible   avia-builder-el-2  el_before_av_hr  avia-builder-el-first '><span class='hr-inner ' ><span class='hr-inner-style'><\/span><\/span><\/div><br \/>\n<div  style='height:50px' class='hr hr-invisible   avia-builder-el-3  el_after_av_hr  el_before_av_hr '><span class='hr-inner ' ><span class='hr-inner-style'><\/span><\/span><\/div><br \/>\n<div  style='height:50px' class='hr hr-invisible   avia-builder-el-4  el_after_av_hr  el_before_av_hr '><span class='hr-inner ' ><span class='hr-inner-style'><\/span><\/span><\/div><br \/>\n<div  style='height:50px' class='hr hr-invisible   avia-builder-el-5  el_after_av_hr  el_before_av_hr '><span class='hr-inner ' ><span class='hr-inner-style'><\/span><\/span><\/div><br \/>\n<div  style='height:50px' class='hr hr-invisible   avia-builder-el-6  el_after_av_hr  el_before_av_hr '><span class='hr-inner ' ><span class='hr-inner-style'><\/span><\/span><\/div><br \/>\n<div  style='height:50px' class='hr hr-invisible   avia-builder-el-7  el_after_av_hr  el_before_av_hr '><span class='hr-inner ' ><span class='hr-inner-style'><\/span><\/span><\/div><br \/>\n<div  style='height:50px' class='hr hr-invisible   avia-builder-el-8  el_after_av_hr  el_before_av_image '><span class='hr-inner ' ><span class='hr-inner-style'><\/span><\/span><\/div><br \/>\n<div  class='avia-image-container  av-styling-    avia-builder-el-9  el_after_av_hr  avia-builder-el-last  avia-align-center '  itemprop=\"image\" itemscope=\"itemscope\" itemtype=\"https:\/\/schema.org\/ImageObject\"  ><div class='avia-image-container-inner'><div class='avia-image-overlay-wrap'><img class='avia_image' src='https:\/\/librosdeoro.cafam.com.co\/libro2020\/wp-content\/uploads\/sites\/9\/2020\/07\/Mesa-de-trabajo-2-copia.png' alt='' title='Mesa de trabajo 2 copia' height=\"230\" width=\"261\"  itemprop=\"thumbnailUrl\"  \/><\/div><\/div><\/div><\/p><\/div><div class=\"flex_column av_one_half  flex_column_div av-zero-column-padding   avia-builder-el-10  el_after_av_one_half  el_before_av_one_half  \" style='border-radius:0px; '><p><div  style='height:50px' class='hr hr-invisible   avia-builder-el-11  el_before_av_heading  avia-builder-el-first '><span class='hr-inner ' ><span class='hr-inner-style'><\/span><\/span><\/div><br \/>\n<div  style='padding-bottom:10px; ' class='av-special-heading av-special-heading-h1  blockquote modern-quote modern-centered  avia-builder-el-12  el_after_av_hr  el_before_av_textblock  '><h1 class='av-special-heading-tag '  itemprop=\"headline\"  >Mujeres visibles para un mundo mejor<\/h1><div class='special-heading-border'><div class='special-heading-inner-border' ><\/div><\/div><\/div><br \/>\n<section class=\"av_textblock_section \"  itemscope=\"itemscope\" itemtype=\"https:\/\/schema.org\/CreativeWork\" ><div class='avia_textblock  '   itemprop=\"text\" ><p style=\"text-align: justify\">El d\u00eda a d\u00eda de todas las mujeres del mundo es invaluable por el solo hecho de ser mujer, por ser dadoras de vida, de motivaciones, de alegr\u00edas, refugio para los d\u00e9biles, oasis para los valientes y por ser inspiradoras de proyectos que procuran ayudar al otro sin inter\u00e9s alguno.<\/p>\n<p style=\"text-align: justify\">Y estas caracter\u00edsticas forman parte de la filosof\u00eda del Premio Cafam a la Mujer, que en la edici\u00f3n de este a\u00f1o cont\u00f3 con la participaci\u00f3n de 30 excepcionales mujeres que demuestran que con su convencimiento, tes\u00f3n, car\u00e1cter y, en especial, con su amor hacia los dem\u00e1s, todo se puede lograr<\/p>\n<p style=\"text-align: justify\">En esta edici\u00f3n 32 del Premio se rindi\u00f3 un homenaje a Alba Mery Balvin, mam\u00e1 de J Balvin; Mar\u00eda Adelaida Giraldo Moreno, mam\u00e1 de Sebastian Yatra; Marlli Elizabeth Arias Giraldo, mam\u00e1 de Maluma; Aracelly Restrepo de Vives, mam\u00e1 de Carlos Vives; Ana Marcela Carrera Wills, mam\u00e1 de Fonseca; Patricia Jaramillo G\u00f3mez, mam\u00e1 de Gusi; y Nelfa Perea Lozano, mam\u00e1 de Goyo y Slow, como una manera de agradecerles a ellas por labor de apoyo y amor para con estos artistas colombianos.<\/p>\n<\/div><\/section><\/p><\/div><div class=\"flex_column av_one_half  flex_column_div av-zero-column-padding first  avia-builder-el-14  el_after_av_one_half  el_before_av_one_half  column-top-margin\" style='border-radius:0px; '><section class=\"av_textblock_section \"  itemscope=\"itemscope\" itemtype=\"https:\/\/schema.org\/CreativeWork\" ><div class='avia_textblock  '   itemprop=\"text\" ><p style=\"text-align: justify\">De igual manera, se homenaje\u00f3 por su entrega desinteresada a esta iniciativa a la periodista In\u00e9s Mar\u00eda Zabara\u00edn quien ha presentado, junto con su esposo Jorge Alfredo Vargas, la ceremonia del Premio Cafam a la Mujer.<\/p>\n<p style=\"text-align: justify\">Las historias de cada una de las mujeres que aqu\u00ed presentamos, representan no solo su tenacidad para desarrollar sus proyectos, sino toda una red, un tejido social, una urdimbre que se elabora en procura de ayudar a los dem\u00e1s desde diferentes \u00e1mbitos y escenarios, como el deporte, la cultura, la educaci\u00f3n, el teatro, la salud, el medioambiente, la lucha por la tierra y por rescatar las tradiciones ind\u00edgenas, pero todas tienen un denominador en com\u00fan: servir desinteresadamente a los dem\u00e1s.<\/p>\n<p style=\"text-align: justify\">Por ello, el Jurado Nacional del Premio escogi\u00f3 como ganadora del 32.\u00b0 Premio Cafam a la Mujer a Johana Carolina Baham\u00f3n G\u00f3mez, Mujer Cafam Bogot\u00e1, y otorg\u00f3 la primer<\/p>\n<\/div><\/section><\/div><div class=\"flex_column av_one_half  flex_column_div av-zero-column-padding   avia-builder-el-16  el_after_av_one_half  avia-builder-el-last  column-top-margin\" style='border-radius:0px; '><section class=\"av_textblock_section \"  itemscope=\"itemscope\" itemtype=\"https:\/\/schema.org\/CreativeWork\" ><div class='avia_textblock  '   itemprop=\"text\" ><p style=\"text-align: justify\">Menci\u00f3n de Honor a Marcela Pineda Arango Mujer Cafam Risaralda y la Segunda Menci\u00f3n de Honor a Olga Yaneth Bocarejo Buitrago Mujer Cafam Boyac\u00e1.<\/p>\n<p style=\"text-align: justify\">Cafam y el Premio a la Mujer Cafam agradecen el apoyo recibido de las Cajas de Compensaci\u00f3n y los Clubes Rotarios de toda Colombia, y a la empresa privada, por su apoyo y gesti\u00f3n para mostrar al pa\u00eds y al mundo entero lo valiosas que son las mujeres.<\/p>\n<p style=\"text-align: justify\"><strong>\u00a1Bienvenidos a estas p\u00e1ginas!<\/strong><\/p>\n<\/div><\/section><\/div>\n<\/div><\/div><\/main><!-- close content main element --><\/div><\/div><div id='after_section_1'  class='main_color av_default_container_wrap container_wrap sidebar_right' style=' '  ><div class='container' ><div class='template-page content  av-content-small alpha units'><div class='post-entry post-entry-type-page post-entry-2974'><div class='entry-content-wrapper clearfix'>\n","protected":false},"excerpt":{"rendered":"","protected":false},"author":2,"featured_media":0,"parent":0,"menu_order":0,"comment_status":"closed","ping_status":"closed","template":"","meta":{"footnotes":""},"class_list":["post-2974","page","type-page","status-publish","hentry"],"yoast_head":"<!-- This site is optimized with the Yoast SEO plugin v23.1 - https:\/\/yoast.com\/wordpress\/plugins\/seo\/ -->\n<title>Presentaci\u00f3n premio Cafam a la Mujer - Libros de Oro 2020<\/title>\n<meta name=\"robots\" content=\"index, follow, max-snippet:-1, max-image-preview:large, max-video-preview:-1\" \/>\n<link rel=\"canonical\" href=\"https:\/\/librosdeoro.cafam.com.co\/libro2020\/presentacion-premio-cafam-a-la-mujer\/\" \/>\n<meta property=\"og:locale\" content=\"es_ES\" \/>\n<meta property=\"og:type\" content=\"article\" \/>\n<meta property=\"og:title\" content=\"Presentaci\u00f3n premio Cafam a la Mujer - Libros de Oro 2020\" \/>\n<meta property=\"og:url\" content=\"https:\/\/librosdeoro.cafam.com.co\/libro2020\/presentacion-premio-cafam-a-la-mujer\/\" \/>\n<meta property=\"og:site_name\" content=\"Libros de Oro 2020\" \/>\n<meta property=\"article:modified_time\" content=\"2025-06-20T20:02:19+00:00\" \/>\n<meta name=\"twitter:card\" content=\"summary_large_image\" \/>\n<meta name=\"twitter:label1\" content=\"Tiempo de lectura\" \/>\n\t<meta name=\"twitter:data1\" content=\"4 minutos\" \/>\n<script type=\"application\/ld+json\" class=\"yoast-schema-graph\">{\"@context\":\"https:\/\/schema.org\",\"@graph\":[{\"@type\":\"WebPage\",\"@id\":\"https:\/\/librosdeoro.cafam.com.co\/libro2020\/presentacion-premio-cafam-a-la-mujer\/\",\"url\":\"https:\/\/librosdeoro.cafam.com.co\/libro2020\/presentacion-premio-cafam-a-la-mujer\/\",\"name\":\"Presentaci\u00f3n premio Cafam a la Mujer - Libros de Oro 2020\",\"isPartOf\":{\"@id\":\"https:\/\/librosdeoro.cafam.com.co\/libro2020\/#website\"},\"datePublished\":\"2020-08-27T19:40:37+00:00\",\"dateModified\":\"2025-06-20T20:02:19+00:00\",\"breadcrumb\":{\"@id\":\"https:\/\/librosdeoro.cafam.com.co\/libro2020\/presentacion-premio-cafam-a-la-mujer\/#breadcrumb\"},\"inLanguage\":\"es-CO\",\"potentialAction\":[{\"@type\":\"ReadAction\",\"target\":[\"https:\/\/librosdeoro.cafam.com.co\/libro2020\/presentacion-premio-cafam-a-la-mujer\/\"]}]},{\"@type\":\"BreadcrumbList\",\"@id\":\"https:\/\/librosdeoro.cafam.com.co\/libro2020\/presentacion-premio-cafam-a-la-mujer\/#breadcrumb\",\"itemListElement\":[{\"@type\":\"ListItem\",\"position\":1,\"name\":\"Home\",\"item\":\"https:\/\/librosdeoro.cafam.com.co\/libro2020\/\"},{\"@type\":\"ListItem\",\"position\":2,\"name\":\"Presentaci\u00f3n premio Cafam a la Mujer\"}]},{\"@type\":\"WebSite\",\"@id\":\"https:\/\/librosdeoro.cafam.com.co\/libro2020\/#website\",\"url\":\"https:\/\/librosdeoro.cafam.com.co\/libro2020\/\",\"name\":\"Libros de Oro 2020\",\"description\":\"\",\"potentialAction\":[{\"@type\":\"SearchAction\",\"target\":{\"@type\":\"EntryPoint\",\"urlTemplate\":\"https:\/\/librosdeoro.cafam.com.co\/libro2020\/?s={search_term_string}\"},\"query-input\":\"required name=search_term_string\"}],\"inLanguage\":\"es-CO\"}]}<\/script>\n<!-- \/ Yoast SEO plugin. -->","yoast_head_json":{"title":"Presentaci\u00f3n premio Cafam a la Mujer - Libros de Oro 2020","robots":{"index":"index","follow":"follow","max-snippet":"max-snippet:-1","max-image-preview":"max-image-preview:large","max-video-preview":"max-video-preview:-1"},"canonical":"https:\/\/librosdeoro.cafam.com.co\/libro2020\/presentacion-premio-cafam-a-la-mujer\/","og_locale":"es_ES","og_type":"article","og_title":"Presentaci\u00f3n premio Cafam a la Mujer - Libros de Oro 2020","og_url":"https:\/\/librosdeoro.cafam.com.co\/libro2020\/presentacion-premio-cafam-a-la-mujer\/","og_site_name":"Libros de Oro 2020","article_modified_time":"2025-06-20T20:02:19+00:00","twitter_card":"summary_large_image","twitter_misc":{"Tiempo de lectura":"4 minutos"},"schema":{"@context":"https:\/\/schema.org","@graph":[{"@type":"WebPage","@id":"https:\/\/librosdeoro.cafam.com.co\/libro2020\/presentacion-premio-cafam-a-la-mujer\/","url":"https:\/\/librosdeoro.cafam.com.co\/libro2020\/presentacion-premio-cafam-a-la-mujer\/","name":"Presentaci\u00f3n premio Cafam a la Mujer - Libros de Oro 2020","isPartOf":{"@id":"https:\/\/librosdeoro.cafam.com.co\/libro2020\/#website"},"datePublished":"2020-08-27T19:40:37+00:00","dateModified":"2025-06-20T20:02:19+00:00","breadcrumb":{"@id":"https:\/\/librosdeoro.cafam.com.co\/libro2020\/presentacion-premio-cafam-a-la-mujer\/#breadcrumb"},"inLanguage":"es-CO","potentialAction":[{"@type":"ReadAction","target":["https:\/\/librosdeoro.cafam.com.co\/libro2020\/presentacion-premio-cafam-a-la-mujer\/"]}]},{"@type":"BreadcrumbList","@id":"https:\/\/librosdeoro.cafam.com.co\/libro2020\/presentacion-premio-cafam-a-la-mujer\/#breadcrumb","itemListElement":[{"@type":"ListItem","position":1,"name":"Home","item":"https:\/\/librosdeoro.cafam.com.co\/libro2020\/"},{"@type":"ListItem","position":2,"name":"Presentaci\u00f3n premio Cafam a la Mujer"}]},{"@type":"WebSite","@id":"https:\/\/librosdeoro.cafam.com.co\/libro2020\/#website","url":"https:\/\/librosdeoro.cafam.com.co\/libro2020\/","name":"Libros de Oro 2020","description":"","potentialAction":[{"@type":"SearchAction","target":{"@type":"EntryPoint","urlTemplate":"https:\/\/librosdeoro.cafam.com.co\/libro2020\/?s={search_term_string}"},"query-input":"required name=search_term_string"}],"inLanguage":"es-CO"}]}},"_links":{"self":[{"href":"https:\/\/librosdeoro.cafam.com.co\/libro2020\/wp-json\/wp\/v2\/pages\/2974","targetHints":{"allow":["GET"]}}],"collection":[{"href":"https:\/\/librosdeoro.cafam.com.co\/libro2020\/wp-json\/wp\/v2\/pages"}],"about":[{"href":"https:\/\/librosdeoro.cafam.com.co\/libro2020\/wp-json\/wp\/v2\/types\/page"}],"author":[{"embeddable":true,"href":"https:\/\/librosdeoro.cafam.com.co\/libro2020\/wp-json\/wp\/v2\/users\/2"}],"replies":[{"embeddable":true,"href":"https:\/\/librosdeoro.cafam.com.co\/libro2020\/wp-json\/wp\/v2\/comments?post=2974"}],"version-history":[{"count":5,"href":"https:\/\/librosdeoro.cafam.com.co\/libro2020\/wp-json\/wp\/v2\/pages\/2974\/revisions"}],"predecessor-version":[{"id":3567,"href":"https:\/\/librosdeoro.cafam.com.co\/libro2020\/wp-json\/wp\/v2\/pages\/2974\/revisions\/3567"}],"wp:attachment":[{"href":"https:\/\/librosdeoro.cafam.com.co\/libro2020\/wp-json\/wp\/v2\/media?parent=2974"}],"curies":[{"name":"wp","href":"https:\/\/api.w.org\/{rel}","templated":true}]}}