{"id":16246,"date":"2019-02-14T18:48:18","date_gmt":"2019-02-14T17:48:18","guid":{"rendered":"https:\/\/premiomujer.cafam.com.co\/librodeoro\/?page_id=16246"},"modified":"2019-12-06T05:14:50","modified_gmt":"2019-12-06T04:14:50","slug":"agradecimientos","status":"publish","type":"page","link":"https:\/\/librosdeoro.cafam.com.co\/libro2019\/agradecimientos\/","title":{"rendered":"Agradecimientos"},"content":{"rendered":"<p>[vc_row fullwidth=&#8221;true&#8221; padding=&#8221;0&#8243; css=&#8221;.vc_custom_1574296823682{margin-top: 40px !important;margin-right: 0px !important;margin-left: 0px !important;padding-top: 0px !important;padding-right: 0px !important;padding-bottom: 0px !important;padding-left: 0px !important;}&#8221;][vc_column width=&#8221;1\/6&#8243;][\/vc_column][vc_column width=&#8221;2\/3&#8243;][vc_single_image image=&#8221;16250&#8243; img_size=&#8221;500&#215;102&#8243; alignment=&#8221;center&#8221; css_animation=&#8221;bounceInDown&#8221;][vc_column_text css=&#8221;.vc_custom_1575482277871{margin-bottom: 0px !important;}&#8221;]<\/p>\n<p style=\"text-align: justify;\">Cafam agradece la participaci\u00f3n de cada uno de los promotores que formaron parte del trig\u00e9simo primer Premio Cafam a la Mujer, pues gracias a su apoyo es posible la visibilizaci\u00f3n de obras sociales y de acciones que favorecen la construcci\u00f3n de un pa\u00eds que fomenta el liderazgo, la solidaridad, el empoderamiento de la mujer y la equidad en Colombia.<\/p>\n<p style=\"text-align: justify;\">Esta versi\u00f3n del Premio resalt\u00f3 historias que promueven la defensa de los Derechos Humanos, la promoci\u00f3n de la cultura, el valor del trabajo en el campo, la formaci\u00f3n de personas en situaci\u00f3n de discapacidad y la educaci\u00f3n en todas las etapas de la vida. Es motivo de orgullo para estas empresas y organizaciones saber que, gracias a su incondicional respaldo, se fortaleci\u00f3 el compromiso adquirido con cada una de las mujeres que hoy son conocidas por nuestra sociedad: <strong>Juntos hacemos Mujeres Visibles.<\/strong><\/p>\n<p style=\"text-align: justify;\">De forma muy especial, la Caja de Compensaci\u00f3n Familiar Cafam, ofrece su gratitud a las siguientes entidades que desempe\u00f1aron un papel fundamental en el 31\u00b0 Premio Cafam a la Mujer.<\/p>\n<ul style=\"text-align: justify;\">\n<li>Despacho de la Primera Dama, se\u00f1ora Mar\u00eda Juliana Ruiz Sandoval<\/li>\n<li>Superintendencia del Subsidio Familiar<\/li>\n<li>Asocajas<\/li>\n<li>Club Rotario Internacional<\/li>\n<\/ul>\n<h2 style=\"text-align: justify;\">Patrocinadores<\/h2>\n<ul>\n<li style=\"text-align: justify;\">Banco de Occidente<\/li>\n<li style=\"text-align: justify;\">Bancompartir<\/li>\n<li style=\"text-align: justify;\">Credicorp Capital<\/li>\n<li style=\"text-align: justify;\">Droguer\u00edas Cafam<\/li>\n<li style=\"text-align: justify;\">Ernst &amp; Young<\/li>\n<li style=\"text-align: justify;\">Expreso Viajes y Turismo<\/li>\n<li style=\"text-align: justify;\">Famisanar<\/li>\n<li style=\"text-align: justify;\">Fundaci\u00f3n Universitaria Cafam<\/li>\n<li style=\"text-align: justify;\">Nueva EPS<\/li>\n<\/ul>\n<p>[\/vc_column_text][vc_column_text css=&#8221;.vc_custom_1575482290139{margin-bottom: 0px !important;}&#8221;]<\/p>\n<p style=\"text-align: justify;\">Tambi\u00e9n queremos agradecer a las siguientes Cajas de Compensaci\u00f3n Familiar y Cap\u00edtulos del Club Rotario que coordinaron los jurados regionales.<\/p>\n<h2 style=\"text-align: justify;\">Cajas de Compensaci\u00f3n Familiar<\/h2>\n<ul style=\"text-align: justify;\">\n<li>Caja de Compensaci\u00f3n Familiar Atl\u00e1ntico \u2013 COMFAMILIAR ATL\u00c1NTICO<\/li>\n<li>Caja de Compensaci\u00f3n Familiar Campesina \u2013 COMCAJA<\/li>\n<li>Caja de Compensaci\u00f3n Familiar de Antioquia \u2013 COMFAMA<\/li>\n<li>Caja de Compensaci\u00f3n Familiar de Caldas \u2013 CONFA<\/li>\n<li>Caja de Compensaci\u00f3n Familiar de Casanare \u2013 COMFACASANARE<\/li>\n<li>Caja de Compensaci\u00f3n Familiar de C\u00f3rdoba \u2013 COMFACOR<\/li>\n<li>Caja de Compensaci\u00f3n Familiar de Fenalco \u2013 COMFENALCO QUIND\u00cdO<\/li>\n<li>Caja de Compensaci\u00f3n Familiar de Fenalco \u2013 COMFENALCO TOLIMA<\/li>\n<li>Caja de Compensaci\u00f3n Familiar del Amazonas \u2013 CAFAMAZ<\/li>\n<li>Caja de Compensaci\u00f3n Familiar de La Guajira \u2013 COMFAGUAJIRA<\/li>\n<li>Caja de Compensaci\u00f3n Familiar de Risaralda \u2013 COMFAMILIAR RISARALDA<\/li>\n<li>Caja de Compensaci\u00f3n Familiar de Sucre \u2013 COMFASUCRE<\/li>\n<li>Caja de Compensaci\u00f3n Familiar del Cauca \u2013 COMFACAUCA<\/li>\n<li>Caja de Compensaci\u00f3n Familiar del Meta \u2013 COFREM<\/li>\n<li>Caja de Compensaci\u00f3n Familiar del Norte de Santander \u2013 COMFANORTE<\/li>\n<li>Caja de Compensaci\u00f3n Familiar del Valle del Cauca \u2013 COMFANDI<\/li>\n<li>Caja Santandereana de Subsidio Familiar \u2013 CAJASAN<\/li>\n<\/ul>\n<h2 style=\"text-align: justify;\">Clubes Rotarios<\/h2>\n<ul style=\"text-align: justify;\">\n<li>Club Rotario Bogot\u00e1 Chic\u00f3<\/li>\n<li>Club Rotario Neiva Las Ceibas<\/li>\n<li>Club Rotario de Pasto<\/li>\n<\/ul>\n<p>[\/vc_column_text][vc_empty_space height=&#8221;100px&#8221;][\/vc_column][vc_column width=&#8221;1\/6&#8243;][\/vc_column][\/vc_row]<\/p>\n","protected":false},"excerpt":{"rendered":"<p>[vc_row fullwidth=&#8221;true&#8221; padding=&#8221;0&#8243; css=&#8221;.vc_custom_1574296823682{margin-top: 40px !important;margin-right: 0px !important;margin-left: 0px !important;padding-top: 0px !important;padding-right: 0px !important;padding-bottom: 0px !important;padding-left: 0px !important;}&#8221;][vc_column width=&#8221;1\/6&#8243;][\/vc_column][vc_column width=&#8221;2\/3&#8243;][vc_single_image image=&#8221;16250&#8243; img_size=&#8221;500&#215;102&#8243; alignment=&#8221;center&#8221; css_animation=&#8221;bounceInDown&#8221;][vc_column_text css=&#8221;.vc_custom_1575482277871{margin-bottom: 0px !important;}&#8221;] Cafam agradece la participaci\u00f3n de cada uno de los promotores que formaron parte del trig\u00e9simo primer Premio Cafam a la Mujer, pues gracias a su apoyo es posible [&hellip;]<\/p>\n","protected":false},"author":7,"featured_media":16153,"parent":0,"menu_order":42,"comment_status":"open","ping_status":"closed","template":"","meta":{"footnotes":""},"class_list":["post-16246","page","type-page","status-publish","has-post-thumbnail","hentry"],"yoast_head":"<!-- This site is optimized with the Yoast SEO plugin v23.1 - https:\/\/yoast.com\/wordpress\/plugins\/seo\/ -->\n<title>Agradecimientos - Libros de Oro 2019<\/title>\n<meta name=\"robots\" content=\"index, follow, max-snippet:-1, max-image-preview:large, max-video-preview:-1\" \/>\n<link rel=\"canonical\" href=\"https:\/\/librosdeoro.cafam.com.co\/libro2019\/agradecimientos\/\" \/>\n<meta property=\"og:locale\" content=\"es_ES\" \/>\n<meta property=\"og:type\" content=\"article\" \/>\n<meta property=\"og:title\" content=\"Agradecimientos - Libros de Oro 2019\" \/>\n<meta property=\"og:description\" content=\"[vc_row fullwidth=&#8221;true&#8221; padding=&#8221;0&#8243; css=&#8221;.vc_custom_1574296823682{margin-top: 40px !important;margin-right: 0px !important;margin-left: 0px !important;padding-top: 0px !important;padding-right: 0px !important;padding-bottom: 0px !important;padding-left: 0px !important;}&#8221;][vc_column width=&#8221;1\/6&#8243;][\/vc_column][vc_column width=&#8221;2\/3&#8243;][vc_single_image image=&#8221;16250&#8243; img_size=&#8221;500&#215;102&#8243; alignment=&#8221;center&#8221; css_animation=&#8221;bounceInDown&#8221;][vc_column_text css=&#8221;.vc_custom_1575482277871{margin-bottom: 0px !important;}&#8221;] Cafam agradece la participaci\u00f3n de cada uno de los promotores que formaron parte del trig\u00e9simo primer Premio Cafam a la Mujer, pues gracias a su apoyo es posible [&hellip;]\" \/>\n<meta property=\"og:url\" content=\"https:\/\/librosdeoro.cafam.com.co\/libro2019\/agradecimientos\/\" \/>\n<meta property=\"og:site_name\" content=\"Libros de Oro 2019\" \/>\n<meta property=\"article:modified_time\" content=\"2019-12-06T04:14:50+00:00\" \/>\n<meta property=\"og:image\" content=\"https:\/\/librosdeoro.cafam.com.co\/libro2019\/wp-content\/uploads\/sites\/8\/2019\/12\/3raparte-01.png\" \/>\n\t<meta property=\"og:image:width\" content=\"256\" \/>\n\t<meta property=\"og:image:height\" content=\"320\" \/>\n\t<meta property=\"og:image:type\" content=\"image\/png\" \/>\n<meta name=\"twitter:card\" content=\"summary_large_image\" \/>\n<meta name=\"twitter:label1\" content=\"Tiempo de lectura\" \/>\n\t<meta name=\"twitter:data1\" content=\"3 minutos\" \/>\n<script type=\"application\/ld+json\" class=\"yoast-schema-graph\">{\"@context\":\"https:\/\/schema.org\",\"@graph\":[{\"@type\":\"WebPage\",\"@id\":\"https:\/\/librosdeoro.cafam.com.co\/libro2019\/agradecimientos\/\",\"url\":\"https:\/\/librosdeoro.cafam.com.co\/libro2019\/agradecimientos\/\",\"name\":\"Agradecimientos - Libros de Oro 2019\",\"isPartOf\":{\"@id\":\"https:\/\/librosdeoro.cafam.com.co\/libro2019\/#website\"},\"primaryImageOfPage\":{\"@id\":\"https:\/\/librosdeoro.cafam.com.co\/libro2019\/agradecimientos\/#primaryimage\"},\"image\":{\"@id\":\"https:\/\/librosdeoro.cafam.com.co\/libro2019\/agradecimientos\/#primaryimage\"},\"thumbnailUrl\":\"https:\/\/librosdeoro.cafam.com.co\/libro2019\/wp-content\/uploads\/sites\/8\/2019\/12\/3raparte-01.png\",\"datePublished\":\"2019-02-14T17:48:18+00:00\",\"dateModified\":\"2019-12-06T04:14:50+00:00\",\"breadcrumb\":{\"@id\":\"https:\/\/librosdeoro.cafam.com.co\/libro2019\/agradecimientos\/#breadcrumb\"},\"inLanguage\":\"es-CO\",\"potentialAction\":[{\"@type\":\"ReadAction\",\"target\":[\"https:\/\/librosdeoro.cafam.com.co\/libro2019\/agradecimientos\/\"]}]},{\"@type\":\"ImageObject\",\"inLanguage\":\"es-CO\",\"@id\":\"https:\/\/librosdeoro.cafam.com.co\/libro2019\/agradecimientos\/#primaryimage\",\"url\":\"https:\/\/librosdeoro.cafam.com.co\/libro2019\/wp-content\/uploads\/sites\/8\/2019\/12\/3raparte-01.png\",\"contentUrl\":\"https:\/\/librosdeoro.cafam.com.co\/libro2019\/wp-content\/uploads\/sites\/8\/2019\/12\/3raparte-01.png\",\"width\":256,\"height\":320},{\"@type\":\"BreadcrumbList\",\"@id\":\"https:\/\/librosdeoro.cafam.com.co\/libro2019\/agradecimientos\/#breadcrumb\",\"itemListElement\":[{\"@type\":\"ListItem\",\"position\":1,\"name\":\"Home\",\"item\":\"https:\/\/librosdeoro.cafam.com.co\/libro2019\/\"},{\"@type\":\"ListItem\",\"position\":2,\"name\":\"Agradecimientos\"}]},{\"@type\":\"WebSite\",\"@id\":\"https:\/\/librosdeoro.cafam.com.co\/libro2019\/#website\",\"url\":\"https:\/\/librosdeoro.cafam.com.co\/libro2019\/\",\"name\":\"Libros de Oro 2019\",\"description\":\"\",\"potentialAction\":[{\"@type\":\"SearchAction\",\"target\":{\"@type\":\"EntryPoint\",\"urlTemplate\":\"https:\/\/librosdeoro.cafam.com.co\/libro2019\/?s={search_term_string}\"},\"query-input\":\"required name=search_term_string\"}],\"inLanguage\":\"es-CO\"}]}<\/script>\n<!-- \/ Yoast SEO plugin. -->","yoast_head_json":{"title":"Agradecimientos - Libros de Oro 2019","robots":{"index":"index","follow":"follow","max-snippet":"max-snippet:-1","max-image-preview":"max-image-preview:large","max-video-preview":"max-video-preview:-1"},"canonical":"https:\/\/librosdeoro.cafam.com.co\/libro2019\/agradecimientos\/","og_locale":"es_ES","og_type":"article","og_title":"Agradecimientos - Libros de Oro 2019","og_description":"[vc_row fullwidth=&#8221;true&#8221; padding=&#8221;0&#8243; css=&#8221;.vc_custom_1574296823682{margin-top: 40px !important;margin-right: 0px !important;margin-left: 0px !important;padding-top: 0px !important;padding-right: 0px !important;padding-bottom: 0px !important;padding-left: 0px !important;}&#8221;][vc_column width=&#8221;1\/6&#8243;][\/vc_column][vc_column width=&#8221;2\/3&#8243;][vc_single_image image=&#8221;16250&#8243; img_size=&#8221;500&#215;102&#8243; alignment=&#8221;center&#8221; css_animation=&#8221;bounceInDown&#8221;][vc_column_text css=&#8221;.vc_custom_1575482277871{margin-bottom: 0px !important;}&#8221;] Cafam agradece la participaci\u00f3n de cada uno de los promotores que formaron parte del trig\u00e9simo primer Premio Cafam a la Mujer, pues gracias a su apoyo es posible [&hellip;]","og_url":"https:\/\/librosdeoro.cafam.com.co\/libro2019\/agradecimientos\/","og_site_name":"Libros de Oro 2019","article_modified_time":"2019-12-06T04:14:50+00:00","og_image":[{"width":256,"height":320,"url":"https:\/\/librosdeoro.cafam.com.co\/libro2019\/wp-content\/uploads\/sites\/8\/2019\/12\/3raparte-01.png","type":"image\/png"}],"twitter_card":"summary_large_image","twitter_misc":{"Tiempo de lectura":"3 minutos"},"schema":{"@context":"https:\/\/schema.org","@graph":[{"@type":"WebPage","@id":"https:\/\/librosdeoro.cafam.com.co\/libro2019\/agradecimientos\/","url":"https:\/\/librosdeoro.cafam.com.co\/libro2019\/agradecimientos\/","name":"Agradecimientos - Libros de Oro 2019","isPartOf":{"@id":"https:\/\/librosdeoro.cafam.com.co\/libro2019\/#website"},"primaryImageOfPage":{"@id":"https:\/\/librosdeoro.cafam.com.co\/libro2019\/agradecimientos\/#primaryimage"},"image":{"@id":"https:\/\/librosdeoro.cafam.com.co\/libro2019\/agradecimientos\/#primaryimage"},"thumbnailUrl":"https:\/\/librosdeoro.cafam.com.co\/libro2019\/wp-content\/uploads\/sites\/8\/2019\/12\/3raparte-01.png","datePublished":"2019-02-14T17:48:18+00:00","dateModified":"2019-12-06T04:14:50+00:00","breadcrumb":{"@id":"https:\/\/librosdeoro.cafam.com.co\/libro2019\/agradecimientos\/#breadcrumb"},"inLanguage":"es-CO","potentialAction":[{"@type":"ReadAction","target":["https:\/\/librosdeoro.cafam.com.co\/libro2019\/agradecimientos\/"]}]},{"@type":"ImageObject","inLanguage":"es-CO","@id":"https:\/\/librosdeoro.cafam.com.co\/libro2019\/agradecimientos\/#primaryimage","url":"https:\/\/librosdeoro.cafam.com.co\/libro2019\/wp-content\/uploads\/sites\/8\/2019\/12\/3raparte-01.png","contentUrl":"https:\/\/librosdeoro.cafam.com.co\/libro2019\/wp-content\/uploads\/sites\/8\/2019\/12\/3raparte-01.png","width":256,"height":320},{"@type":"BreadcrumbList","@id":"https:\/\/librosdeoro.cafam.com.co\/libro2019\/agradecimientos\/#breadcrumb","itemListElement":[{"@type":"ListItem","position":1,"name":"Home","item":"https:\/\/librosdeoro.cafam.com.co\/libro2019\/"},{"@type":"ListItem","position":2,"name":"Agradecimientos"}]},{"@type":"WebSite","@id":"https:\/\/librosdeoro.cafam.com.co\/libro2019\/#website","url":"https:\/\/librosdeoro.cafam.com.co\/libro2019\/","name":"Libros de Oro 2019","description":"","potentialAction":[{"@type":"SearchAction","target":{"@type":"EntryPoint","urlTemplate":"https:\/\/librosdeoro.cafam.com.co\/libro2019\/?s={search_term_string}"},"query-input":"required name=search_term_string"}],"inLanguage":"es-CO"}]}},"_links":{"self":[{"href":"https:\/\/librosdeoro.cafam.com.co\/libro2019\/wp-json\/wp\/v2\/pages\/16246","targetHints":{"allow":["GET"]}}],"collection":[{"href":"https:\/\/librosdeoro.cafam.com.co\/libro2019\/wp-json\/wp\/v2\/pages"}],"about":[{"href":"https:\/\/librosdeoro.cafam.com.co\/libro2019\/wp-json\/wp\/v2\/types\/page"}],"author":[{"embeddable":true,"href":"https:\/\/librosdeoro.cafam.com.co\/libro2019\/wp-json\/wp\/v2\/users\/7"}],"replies":[{"embeddable":true,"href":"https:\/\/librosdeoro.cafam.com.co\/libro2019\/wp-json\/wp\/v2\/comments?post=16246"}],"version-history":[{"count":7,"href":"https:\/\/librosdeoro.cafam.com.co\/libro2019\/wp-json\/wp\/v2\/pages\/16246\/revisions"}],"predecessor-version":[{"id":16296,"href":"https:\/\/librosdeoro.cafam.com.co\/libro2019\/wp-json\/wp\/v2\/pages\/16246\/revisions\/16296"}],"wp:featuredmedia":[{"embeddable":true,"href":"https:\/\/librosdeoro.cafam.com.co\/libro2019\/wp-json\/wp\/v2\/media\/16153"}],"wp:attachment":[{"href":"https:\/\/librosdeoro.cafam.com.co\/libro2019\/wp-json\/wp\/v2\/media?parent=16246"}],"curies":[{"name":"wp","href":"https:\/\/api.w.org\/{rel}","templated":true}]}}