{"id":15081,"date":"2019-01-04T00:00:09","date_gmt":"2019-01-03T23:00:09","guid":{"rendered":"https:\/\/adlive.com.co\/proyectos\/cafam\/?page_id=15081"},"modified":"2019-12-04T23:07:56","modified_gmt":"2019-12-04T22:07:56","slug":"prologo","status":"publish","type":"page","link":"https:\/\/librosdeoro.cafam.com.co\/libro2019\/prologo\/","title":{"rendered":"Pr\u00f3logo"},"content":{"rendered":"<p>[vc_row fullwidth=&#8221;true&#8221; padding=&#8221;0&#8243; css=&#8221;.vc_custom_1574100482494{margin-top: -110px !important;margin-right: 0px !important;margin-left: 0px !important;padding-top: 0px !important;padding-right: 0px !important;padding-bottom: 0px !important;padding-left: 0px !important;}&#8221;][vc_column][vc_single_image image=&#8221;16271&#8243; img_size=&#8221;full&#8221; alignment=&#8221;center&#8221; css=&#8221;.vc_custom_1575497271336{margin-right: -50px !important;}&#8221;][\/vc_column][\/vc_row][vc_row column_padding=&#8221;2&#8243; animation=&#8221;bottom-to-top&#8221;][vc_column width=&#8221;1\/3&#8243;][vc_column_text css=&#8221;.vc_custom_1574718258477{margin-bottom: 0px !important;}&#8221;]<\/p>\n<p style=\"text-align: justify;\">Para cada ser humano, la vida viene empacada en una caja diferente. Algunos tienen una caja grande, donde caben muchas oportunidades, pero es tan grande que estas se pierden en un espacio vac\u00edo y sus propios llamados a ser usadas tienden a volverse un eco, cada vez m\u00e1s fuerte, que el due\u00f1o de la caja ensordece y no logra escuchar algo en concreto ni lo suficientemente claro para hacerlas realidad.<\/p>\n<p style=\"text-align: justify;\">Por otro lado, hay personas que tienen una caja peque\u00f1a, estrecha, ruda y hasta inc\u00f3moda.<\/p>\n<p style=\"text-align: justify;\">Esa caja, por su reducido espacio, no tiene capacidad para muchas oportunidades, por el contrario son pocas.<\/p>\n<p style=\"text-align: justify;\">Pero tienen una caracter\u00edstica: al ser pocas permiten analizar, ordenar, priorizar las oportunidades para que estas finalmente vean la luz, conozcan la vida y se hagan realidad. \u00bfPor qu\u00e9? Porque en las dificultades es donde el ser humano se hace grande y poderoso\u2026 y es en las adversidades de la oscuridad donde se puede ver la luz al otro lado de la caja.<\/p>\n<p>[\/vc_column_text][\/vc_column][vc_column width=&#8221;1\/3&#8243;][vc_single_image image=&#8221;14568&#8243; img_size=&#8221;full&#8221;][vc_column_text css=&#8221;.vc_custom_1575306987736{margin-bottom: 0px !important;padding-top: 10px !important;padding-right: 15px !important;padding-left: 15px !important;}&#8221;]<\/p>\n<p style=\"text-align: justify;\">Mi decisi\u00f3n, y la de miles de mujeres colombianas, fue evitar que el ruido de la caja me ensordeciera y que el desorden de ideas, problemas y pocas oportunidades se apoderara de m\u00ed. Decid\u00ed hacer de cada adversidad, una oportunidad para salir adelante con mi familia, para ver crecer a mis hijos llenos de amor, ilusiones y llevando cada uno de ellos su caja de la vida.<\/p>\n<p style=\"text-align: justify;\">Las mujeres Cafam tomaron la misma decisi\u00f3n que yo, y no solo llevan su propia caja, sino que ayudan a los dem\u00e1s a llevarla. Pues su fuerza es tan grande, que tienen la capacidad de levantar muchas cajas al mismo tiempo y de no dejarlas caer. Porque saben que si se cae una, recogerla ser\u00e1 dif\u00edcil, pero no imposible.<\/p>\n<p>[\/vc_column_text][\/vc_column][vc_column width=&#8221;1\/3&#8243;][vc_row_inner css=&#8221;.vc_custom_1574884950880{background-color: #ffffff !important;}&#8221;][vc_column_inner css=&#8221;.vc_custom_1574801106062{padding-top: 50px !important;padding-bottom: 50px !important;}&#8221;][vc_column_text css=&#8221;.vc_custom_1575395476151{margin-bottom: 0px !important;}&#8221;]<\/p>\n<p style=\"text-align: justify;\">Mujeres: sigamos luchando por nuestros m\u00e1s grandes anhelos del coraz\u00f3n, escuchemos lo que esas pocas oportunidades nos dicen, us\u00e9moslas de manera que nos enaltezcan como seres humanos, pero sobre todo, de la manera en que podamos usarlas en beneficio de m\u00e1s personas cada d\u00eda.<\/p>\n<p style=\"text-align: justify;\">No permitamos que la oscuridad nos deje sin ver, iluminemos el camino con nuestra sonrisa y ense\u00f1emos a muchas m\u00e1s personas a sonre\u00edr. Sonr\u00ede por la vida, sonr\u00ede por lo que has conseguido.<\/p>\n<p>[\/vc_column_text][\/vc_column_inner][\/vc_row_inner][vc_video link=&#8221;https:\/\/youtu.be\/dGwyFw-vv-8&#8243;][\/vc_column][\/vc_row][vc_row animation=&#8221;bottom-to-top&#8221;][vc_column][vc_empty_space height=&#8221;150px&#8221;][\/vc_column][\/vc_row]<\/p>\n","protected":false},"excerpt":{"rendered":"<p>[vc_row fullwidth=&#8221;true&#8221; padding=&#8221;0&#8243; css=&#8221;.vc_custom_1574100482494{margin-top: -110px !important;margin-right: 0px !important;margin-left: 0px !important;padding-top: 0px !important;padding-right: 0px !important;padding-bottom: 0px !important;padding-left: 0px !important;}&#8221;][vc_column][vc_single_image image=&#8221;16271&#8243; img_size=&#8221;full&#8221; alignment=&#8221;center&#8221; css=&#8221;.vc_custom_1575497271336{margin-right: -50px !important;}&#8221;][\/vc_column][\/vc_row][vc_row column_padding=&#8221;2&#8243; animation=&#8221;bottom-to-top&#8221;][vc_column width=&#8221;1\/3&#8243;][vc_column_text css=&#8221;.vc_custom_1574718258477{margin-bottom: 0px !important;}&#8221;] Para cada ser humano, la vida viene empacada en una caja diferente. Algunos tienen una caja grande, donde caben muchas oportunidades, pero es tan grande [&hellip;]<\/p>\n","protected":false},"author":7,"featured_media":14538,"parent":0,"menu_order":47,"comment_status":"open","ping_status":"closed","template":"","meta":{"footnotes":""},"class_list":["post-15081","page","type-page","status-publish","has-post-thumbnail","hentry"],"yoast_head":"<!-- This site is optimized with the Yoast SEO plugin v23.1 - https:\/\/yoast.com\/wordpress\/plugins\/seo\/ -->\n<title>Pr\u00f3logo - Libros de Oro 2019<\/title>\n<meta name=\"robots\" content=\"index, follow, max-snippet:-1, max-image-preview:large, max-video-preview:-1\" \/>\n<link rel=\"canonical\" href=\"https:\/\/librosdeoro.cafam.com.co\/libro2019\/prologo\/\" \/>\n<meta property=\"og:locale\" content=\"es_ES\" \/>\n<meta property=\"og:type\" content=\"article\" \/>\n<meta property=\"og:title\" content=\"Pr\u00f3logo - Libros de Oro 2019\" \/>\n<meta property=\"og:description\" content=\"[vc_row fullwidth=&#8221;true&#8221; padding=&#8221;0&#8243; css=&#8221;.vc_custom_1574100482494{margin-top: -110px !important;margin-right: 0px !important;margin-left: 0px !important;padding-top: 0px !important;padding-right: 0px !important;padding-bottom: 0px !important;padding-left: 0px !important;}&#8221;][vc_column][vc_single_image image=&#8221;16271&#8243; img_size=&#8221;full&#8221; alignment=&#8221;center&#8221; css=&#8221;.vc_custom_1575497271336{margin-right: -50px !important;}&#8221;][\/vc_column][\/vc_row][vc_row column_padding=&#8221;2&#8243; animation=&#8221;bottom-to-top&#8221;][vc_column width=&#8221;1\/3&#8243;][vc_column_text css=&#8221;.vc_custom_1574718258477{margin-bottom: 0px !important;}&#8221;] Para cada ser humano, la vida viene empacada en una caja diferente. Algunos tienen una caja grande, donde caben muchas oportunidades, pero es tan grande [&hellip;]\" \/>\n<meta property=\"og:url\" content=\"https:\/\/librosdeoro.cafam.com.co\/libro2019\/prologo\/\" \/>\n<meta property=\"og:site_name\" content=\"Libros de Oro 2019\" \/>\n<meta property=\"article:modified_time\" content=\"2019-12-04T22:07:56+00:00\" \/>\n<meta property=\"og:image\" content=\"https:\/\/librosdeoro.cafam.com.co\/libro2019\/wp-content\/uploads\/sites\/8\/2019\/11\/cuadrado.jpg\" \/>\n\t<meta property=\"og:image:width\" content=\"1920\" \/>\n\t<meta property=\"og:image:height\" content=\"1157\" \/>\n\t<meta property=\"og:image:type\" content=\"image\/jpeg\" \/>\n<meta name=\"twitter:card\" content=\"summary_large_image\" \/>\n<meta name=\"twitter:label1\" content=\"Tiempo de lectura\" \/>\n\t<meta name=\"twitter:data1\" content=\"3 minutos\" \/>\n<script type=\"application\/ld+json\" class=\"yoast-schema-graph\">{\"@context\":\"https:\/\/schema.org\",\"@graph\":[{\"@type\":\"WebPage\",\"@id\":\"https:\/\/librosdeoro.cafam.com.co\/libro2019\/prologo\/\",\"url\":\"https:\/\/librosdeoro.cafam.com.co\/libro2019\/prologo\/\",\"name\":\"Pr\u00f3logo - Libros de Oro 2019\",\"isPartOf\":{\"@id\":\"https:\/\/librosdeoro.cafam.com.co\/libro2019\/#website\"},\"primaryImageOfPage\":{\"@id\":\"https:\/\/librosdeoro.cafam.com.co\/libro2019\/prologo\/#primaryimage\"},\"image\":{\"@id\":\"https:\/\/librosdeoro.cafam.com.co\/libro2019\/prologo\/#primaryimage\"},\"thumbnailUrl\":\"https:\/\/librosdeoro.cafam.com.co\/libro2019\/wp-content\/uploads\/sites\/8\/2019\/11\/cuadrado.jpg\",\"datePublished\":\"2019-01-03T23:00:09+00:00\",\"dateModified\":\"2019-12-04T22:07:56+00:00\",\"breadcrumb\":{\"@id\":\"https:\/\/librosdeoro.cafam.com.co\/libro2019\/prologo\/#breadcrumb\"},\"inLanguage\":\"es-CO\",\"potentialAction\":[{\"@type\":\"ReadAction\",\"target\":[\"https:\/\/librosdeoro.cafam.com.co\/libro2019\/prologo\/\"]}]},{\"@type\":\"ImageObject\",\"inLanguage\":\"es-CO\",\"@id\":\"https:\/\/librosdeoro.cafam.com.co\/libro2019\/prologo\/#primaryimage\",\"url\":\"https:\/\/librosdeoro.cafam.com.co\/libro2019\/wp-content\/uploads\/sites\/8\/2019\/11\/cuadrado.jpg\",\"contentUrl\":\"https:\/\/librosdeoro.cafam.com.co\/libro2019\/wp-content\/uploads\/sites\/8\/2019\/11\/cuadrado.jpg\",\"width\":1920,\"height\":1157},{\"@type\":\"BreadcrumbList\",\"@id\":\"https:\/\/librosdeoro.cafam.com.co\/libro2019\/prologo\/#breadcrumb\",\"itemListElement\":[{\"@type\":\"ListItem\",\"position\":1,\"name\":\"Home\",\"item\":\"https:\/\/librosdeoro.cafam.com.co\/libro2019\/\"},{\"@type\":\"ListItem\",\"position\":2,\"name\":\"Pr\u00f3logo\"}]},{\"@type\":\"WebSite\",\"@id\":\"https:\/\/librosdeoro.cafam.com.co\/libro2019\/#website\",\"url\":\"https:\/\/librosdeoro.cafam.com.co\/libro2019\/\",\"name\":\"Libros de Oro 2019\",\"description\":\"\",\"potentialAction\":[{\"@type\":\"SearchAction\",\"target\":{\"@type\":\"EntryPoint\",\"urlTemplate\":\"https:\/\/librosdeoro.cafam.com.co\/libro2019\/?s={search_term_string}\"},\"query-input\":\"required name=search_term_string\"}],\"inLanguage\":\"es-CO\"}]}<\/script>\n<!-- \/ Yoast SEO plugin. -->","yoast_head_json":{"title":"Pr\u00f3logo - Libros de Oro 2019","robots":{"index":"index","follow":"follow","max-snippet":"max-snippet:-1","max-image-preview":"max-image-preview:large","max-video-preview":"max-video-preview:-1"},"canonical":"https:\/\/librosdeoro.cafam.com.co\/libro2019\/prologo\/","og_locale":"es_ES","og_type":"article","og_title":"Pr\u00f3logo - Libros de Oro 2019","og_description":"[vc_row fullwidth=&#8221;true&#8221; padding=&#8221;0&#8243; css=&#8221;.vc_custom_1574100482494{margin-top: -110px !important;margin-right: 0px !important;margin-left: 0px !important;padding-top: 0px !important;padding-right: 0px !important;padding-bottom: 0px !important;padding-left: 0px !important;}&#8221;][vc_column][vc_single_image image=&#8221;16271&#8243; img_size=&#8221;full&#8221; alignment=&#8221;center&#8221; css=&#8221;.vc_custom_1575497271336{margin-right: -50px !important;}&#8221;][\/vc_column][\/vc_row][vc_row column_padding=&#8221;2&#8243; animation=&#8221;bottom-to-top&#8221;][vc_column width=&#8221;1\/3&#8243;][vc_column_text css=&#8221;.vc_custom_1574718258477{margin-bottom: 0px !important;}&#8221;] Para cada ser humano, la vida viene empacada en una caja diferente. Algunos tienen una caja grande, donde caben muchas oportunidades, pero es tan grande [&hellip;]","og_url":"https:\/\/librosdeoro.cafam.com.co\/libro2019\/prologo\/","og_site_name":"Libros de Oro 2019","article_modified_time":"2019-12-04T22:07:56+00:00","og_image":[{"width":1920,"height":1157,"url":"https:\/\/librosdeoro.cafam.com.co\/libro2019\/wp-content\/uploads\/sites\/8\/2019\/11\/cuadrado.jpg","type":"image\/jpeg"}],"twitter_card":"summary_large_image","twitter_misc":{"Tiempo de lectura":"3 minutos"},"schema":{"@context":"https:\/\/schema.org","@graph":[{"@type":"WebPage","@id":"https:\/\/librosdeoro.cafam.com.co\/libro2019\/prologo\/","url":"https:\/\/librosdeoro.cafam.com.co\/libro2019\/prologo\/","name":"Pr\u00f3logo - Libros de Oro 2019","isPartOf":{"@id":"https:\/\/librosdeoro.cafam.com.co\/libro2019\/#website"},"primaryImageOfPage":{"@id":"https:\/\/librosdeoro.cafam.com.co\/libro2019\/prologo\/#primaryimage"},"image":{"@id":"https:\/\/librosdeoro.cafam.com.co\/libro2019\/prologo\/#primaryimage"},"thumbnailUrl":"https:\/\/librosdeoro.cafam.com.co\/libro2019\/wp-content\/uploads\/sites\/8\/2019\/11\/cuadrado.jpg","datePublished":"2019-01-03T23:00:09+00:00","dateModified":"2019-12-04T22:07:56+00:00","breadcrumb":{"@id":"https:\/\/librosdeoro.cafam.com.co\/libro2019\/prologo\/#breadcrumb"},"inLanguage":"es-CO","potentialAction":[{"@type":"ReadAction","target":["https:\/\/librosdeoro.cafam.com.co\/libro2019\/prologo\/"]}]},{"@type":"ImageObject","inLanguage":"es-CO","@id":"https:\/\/librosdeoro.cafam.com.co\/libro2019\/prologo\/#primaryimage","url":"https:\/\/librosdeoro.cafam.com.co\/libro2019\/wp-content\/uploads\/sites\/8\/2019\/11\/cuadrado.jpg","contentUrl":"https:\/\/librosdeoro.cafam.com.co\/libro2019\/wp-content\/uploads\/sites\/8\/2019\/11\/cuadrado.jpg","width":1920,"height":1157},{"@type":"BreadcrumbList","@id":"https:\/\/librosdeoro.cafam.com.co\/libro2019\/prologo\/#breadcrumb","itemListElement":[{"@type":"ListItem","position":1,"name":"Home","item":"https:\/\/librosdeoro.cafam.com.co\/libro2019\/"},{"@type":"ListItem","position":2,"name":"Pr\u00f3logo"}]},{"@type":"WebSite","@id":"https:\/\/librosdeoro.cafam.com.co\/libro2019\/#website","url":"https:\/\/librosdeoro.cafam.com.co\/libro2019\/","name":"Libros de Oro 2019","description":"","potentialAction":[{"@type":"SearchAction","target":{"@type":"EntryPoint","urlTemplate":"https:\/\/librosdeoro.cafam.com.co\/libro2019\/?s={search_term_string}"},"query-input":"required name=search_term_string"}],"inLanguage":"es-CO"}]}},"_links":{"self":[{"href":"https:\/\/librosdeoro.cafam.com.co\/libro2019\/wp-json\/wp\/v2\/pages\/15081","targetHints":{"allow":["GET"]}}],"collection":[{"href":"https:\/\/librosdeoro.cafam.com.co\/libro2019\/wp-json\/wp\/v2\/pages"}],"about":[{"href":"https:\/\/librosdeoro.cafam.com.co\/libro2019\/wp-json\/wp\/v2\/types\/page"}],"author":[{"embeddable":true,"href":"https:\/\/librosdeoro.cafam.com.co\/libro2019\/wp-json\/wp\/v2\/users\/7"}],"replies":[{"embeddable":true,"href":"https:\/\/librosdeoro.cafam.com.co\/libro2019\/wp-json\/wp\/v2\/comments?post=15081"}],"version-history":[{"count":10,"href":"https:\/\/librosdeoro.cafam.com.co\/libro2019\/wp-json\/wp\/v2\/pages\/15081\/revisions"}],"predecessor-version":[{"id":16272,"href":"https:\/\/librosdeoro.cafam.com.co\/libro2019\/wp-json\/wp\/v2\/pages\/15081\/revisions\/16272"}],"wp:featuredmedia":[{"embeddable":true,"href":"https:\/\/librosdeoro.cafam.com.co\/libro2019\/wp-json\/wp\/v2\/media\/14538"}],"wp:attachment":[{"href":"https:\/\/librosdeoro.cafam.com.co\/libro2019\/wp-json\/wp\/v2\/media?parent=15081"}],"curies":[{"name":"wp","href":"https:\/\/api.w.org\/{rel}","templated":true}]}}