{"id":14738,"date":"2019-01-16T00:00:29","date_gmt":"2019-01-15T23:00:29","guid":{"rendered":"https:\/\/adlive.com.co\/proyectos\/cafam\/?page_id=14738"},"modified":"2019-12-05T01:23:47","modified_gmt":"2019-12-05T00:23:47","slug":"mencion-especial","status":"publish","type":"page","link":"https:\/\/librosdeoro.cafam.com.co\/libro2019\/mencion-especial\/","title":{"rendered":"Menci\u00f3n especial"},"content":{"rendered":"<p>[vc_row fullwidth=&#8221;true&#8221; padding=&#8221;0&#8243; css=&#8221;.vc_custom_1574100482494{margin-top: -110px !important;margin-right: 0px !important;margin-left: 0px !important;padding-top: 0px !important;padding-right: 0px !important;padding-bottom: 0px !important;padding-left: 0px !important;}&#8221;][vc_column][vc_single_image image=&#8221;15421&#8243; img_size=&#8221;full&#8221; alignment=&#8221;center&#8221; css=&#8221;.vc_custom_1574787563874{margin-right: -50px !important;}&#8221;][\/vc_column][\/vc_row][vc_row animation=&#8221;bottom-to-top&#8221;][vc_column][vc_empty_space][\/vc_column][\/vc_row][vc_row animation=&#8221;bottom-to-top&#8221; css=&#8221;.vc_custom_1574277268146{padding-top: 30px !important;padding-right: 30px !important;padding-bottom: 30px !important;padding-left: 30px !important;background-color: #ece7ff !important;}&#8221; el_class=&#8221;radius&#8221;][vc_column css=&#8221;.vc_custom_1574276998344{padding-right: 30px !important;padding-left: 30px !important;}&#8221;][vc_column_text css=&#8221;.vc_custom_1575497957340{margin-bottom: 0px !important;}&#8221;]<\/p>\n<p style=\"text-align: justify;\"><span style=\"font-weight: 400; font-size: 14pt; font-family: Arial, Helvetica, sans-serif;\">Los pueblos ind\u00edgenas del mundo entero son los herederos y guardianes de saberes y tradiciones milenarias, y nosotros no somos la excepci\u00f3n. Adem\u00e1s, la cultura ind\u00edgena colombiana nos llena de orgullo por su permanencia a lo largo del correr del tiempo, raz\u00f3n por la cual debe ser visible a los ojos del mundo.<\/span><\/p>\n<p style=\"text-align: justify;\"><span style=\"font-weight: 400; font-size: 14pt; font-family: Arial, Helvetica, sans-serif;\">Por estas razones y porque las mujeres ind\u00edgenas con su liderazgo rescatan la memoria, creencias, lengua y todo lo que significa el legado de nuestro origen para ense\u00f1arles a las nuevas generaciones la magia de cada una de sus culturas, el Jurado Nacional del 31.\u00ba Premio Cafam a la Mujer, otorg\u00f3 una menci\u00f3n especial a cuatro mujeres ind\u00edgenas de Colombia<\/span><\/p>\n<p>[\/vc_column_text][\/vc_column][\/vc_row][vc_row animation=&#8221;bottom-to-top&#8221;][vc_column][vc_empty_space][\/vc_column][\/vc_row][vc_row animation=&#8221;bottom-to-top&#8221;][vc_column width=&#8221;1\/2&#8243;][vc_single_image image=&#8221;14757&#8243; img_size=&#8221;full&#8221; alignment=&#8221;center&#8221; onclick=&#8221;custom_link&#8221; img_link_target=&#8221;_blank&#8221; link=&#8221;https:\/\/premiomujer.cafam.com.co\/librodeoro\/mujer-cafam-amazonas\/&#8221;][mk_button corner_style=&#8221;rounded&#8221; size=&#8221;medium&#8221; url=&#8221;#4&#8243; align=&#8221;center&#8221;]Ver m\u00e1s[\/mk_button][\/vc_column][vc_column width=&#8221;1\/2&#8243;][vc_single_image image=&#8221;14758&#8243; img_size=&#8221;full&#8221; alignment=&#8221;center&#8221; onclick=&#8221;custom_link&#8221; img_link_target=&#8221;_blank&#8221; link=&#8221;https:\/\/premiomujer.cafam.com.co\/librodeoro\/mujer-cafam-guainia\/&#8221;][mk_button corner_style=&#8221;rounded&#8221; size=&#8221;medium&#8221; url=&#8221;#2&#8243; align=&#8221;center&#8221;]Ver m\u00e1s[\/mk_button][\/vc_column][\/vc_row][vc_row animation=&#8221;bottom-to-top&#8221;][vc_column width=&#8221;1\/2&#8243;][vc_single_image image=&#8221;16130&#8243; img_size=&#8221;full&#8221; alignment=&#8221;center&#8221; onclick=&#8221;custom_link&#8221; img_link_target=&#8221;_blank&#8221; link=&#8221;https:\/\/premiomujer.cafam.com.co\/librodeoro\/mujer-cafam-norte-de-santander\/&#8221;][mk_button corner_style=&#8221;rounded&#8221; size=&#8221;medium&#8221; url=&#8221;#1&#8243; align=&#8221;center&#8221;]Ver m\u00e1s[\/mk_button][\/vc_column][vc_column width=&#8221;1\/2&#8243;][vc_single_image image=&#8221;14759&#8243; img_size=&#8221;full&#8221; alignment=&#8221;center&#8221; onclick=&#8221;custom_link&#8221; img_link_target=&#8221;_blank&#8221; link=&#8221;https:\/\/premiomujer.cafam.com.co\/librodeoro\/mujer-cafam-vaupes\/&#8221;][mk_button corner_style=&#8221;rounded&#8221; size=&#8221;medium&#8221; url=&#8221;#3&#8243; align=&#8221;center&#8221;]Ver m\u00e1s[\/mk_button][\/vc_column][\/vc_row][vc_row animation=&#8221;bottom-to-top&#8221;][vc_column][vc_row_inner][vc_column_inner][vc_empty_space][vc_empty_space][\/vc_column_inner][\/vc_row_inner][\/vc_column][\/vc_row][vc_row fullwidth=&#8221;true&#8221; animation=&#8221;bottom-to-top&#8221; css=&#8221;.vc_custom_1574463372267{background-color: #000000 !important;}&#8221;][vc_column width=&#8221;1\/2&#8243;][vc_empty_space height=&#8221;100px&#8221;][vc_empty_space height=&#8221;100px&#8221;][vc_video link=&#8221;https:\/\/youtu.be\/X4byLhHGOAY&#8221;][\/vc_column][vc_column width=&#8221;1\/2&#8243;][vc_empty_space height=&#8221;100px&#8221;][mk_gallery images=&#8221;15252,15253,15254,15255,15256,15257,15258,15259&#8243; style=&#8221;style3&#8243;][\/vc_column][\/vc_row][vc_row][vc_column]<div id=\"mpc-modal-14738-0\" class=\"mpc-modal-overlay mpc-close-on-click\" data-id=\"mpc_modal-3769e11079ed223\" data-position=\"middle-center\" data-frequency=\"onclick\" data-target-id=\"1\"><div class=\"mpc-modal mpc-animation mpc-init \" data-animation-in=\"transition.fadeIn||1000||1000||100\"><div class=\"mpc-modal__close\"><div data-id=\"mpc_icon-1769e11079ed9f7\" class=\"mpc-icon mpc-init mpc-transition mpc-effect-fade mpc-icon-hover \"><div class=\"mpc-icon-wrap\"><i class=\"mpc-icon-part mpc-regular mpc-transition  eti eti_close\"><\/i><i class=\"mpc-icon-part mpc-hover mpc-transition  eti eti_close\"><\/i><\/div><\/div><\/div><div class=\"mpc-modal__content\">[vc_row_inner][vc_column_inner][vc_single_image image=&#8221;16287&#8243; img_size=&#8221;full&#8221;][\/vc_column_inner][\/vc_row_inner]<\/div><\/div><\/div><div class=\"mpc-modal-waypoint mpc-waypoint\" data-id=\"mpc-modal-14738-0\"><\/div>[\/vc_column][\/vc_row][vc_row][vc_column]<div id=\"mpc-modal-14738-1\" class=\"mpc-modal-overlay mpc-close-on-click\" data-id=\"mpc_modal-7469e11079eda95\" data-position=\"middle-center\" data-frequency=\"onclick\" data-target-id=\"2\"><div class=\"mpc-modal mpc-animation mpc-init \" data-animation-in=\"transition.fadeIn||1000||1000||100\"><div class=\"mpc-modal__close\"><div data-id=\"mpc_icon-1269e11079edb41\" class=\"mpc-icon mpc-init mpc-transition mpc-effect-fade mpc-icon-hover \"><div class=\"mpc-icon-wrap\"><i class=\"mpc-icon-part mpc-regular mpc-transition  eti eti_close\"><\/i><i class=\"mpc-icon-part mpc-hover mpc-transition  eti eti_close\"><\/i><\/div><\/div><\/div><div class=\"mpc-modal__content\">[vc_row_inner][vc_column_inner][vc_single_image image=&#8221;16121&#8243; img_size=&#8221;full&#8221; alignment=&#8221;center&#8221;][\/vc_column_inner][\/vc_row_inner]<\/div><\/div><\/div><div class=\"mpc-modal-waypoint mpc-waypoint\" data-id=\"mpc-modal-14738-1\"><\/div>[\/vc_column][\/vc_row][vc_row][vc_column]<div id=\"mpc-modal-14738-2\" class=\"mpc-modal-overlay mpc-close-on-click\" data-id=\"mpc_modal-2069e11079edbbc\" data-position=\"middle-center\" data-frequency=\"onclick\" data-target-id=\"3\"><div class=\"mpc-modal mpc-animation mpc-init \" data-animation-in=\"transition.fadeIn||1000||1000||100\"><div class=\"mpc-modal__close\"><div data-id=\"mpc_icon-5569e11079edc52\" class=\"mpc-icon mpc-init mpc-transition mpc-effect-fade mpc-icon-hover \"><div class=\"mpc-icon-wrap\"><i class=\"mpc-icon-part mpc-regular mpc-transition  eti eti_close\"><\/i><i class=\"mpc-icon-part mpc-hover mpc-transition  eti eti_close\"><\/i><\/div><\/div><\/div><div class=\"mpc-modal__content\">[vc_row_inner][vc_column_inner][vc_single_image image=&#8221;16286&#8243; img_size=&#8221;full&#8221;][\/vc_column_inner][\/vc_row_inner]<\/div><\/div><\/div><div class=\"mpc-modal-waypoint mpc-waypoint\" data-id=\"mpc-modal-14738-2\"><\/div>[\/vc_column][\/vc_row][vc_row][vc_column]<div id=\"mpc-modal-14738-3\" class=\"mpc-modal-overlay mpc-close-on-click\" data-id=\"mpc_modal-7669e11079edcc7\" data-position=\"middle-center\" data-frequency=\"onclick\" data-target-id=\"4\"><div class=\"mpc-modal mpc-animation mpc-init \" data-animation-in=\"transition.fadeIn||1000||1000||100\"><div class=\"mpc-modal__close\"><div data-id=\"mpc_icon-8069e11079edd4e\" class=\"mpc-icon mpc-init mpc-transition mpc-effect-fade mpc-icon-hover \"><div class=\"mpc-icon-wrap\"><i class=\"mpc-icon-part mpc-regular mpc-transition  eti eti_close\"><\/i><i class=\"mpc-icon-part mpc-hover mpc-transition  eti eti_close\"><\/i><\/div><\/div><\/div><div class=\"mpc-modal__content\">[vc_row_inner][vc_column_inner][vc_single_image image=&#8221;16120&#8243; img_size=&#8221;full&#8221;][\/vc_column_inner][\/vc_row_inner]<\/div><\/div><\/div><div class=\"mpc-modal-waypoint mpc-waypoint\" data-id=\"mpc-modal-14738-3\"><\/div>[\/vc_column][\/vc_row]<\/p>\n","protected":false},"excerpt":{"rendered":"<p>[vc_row fullwidth=&#8221;true&#8221; padding=&#8221;0&#8243; css=&#8221;.vc_custom_1574100482494{margin-top: -110px !important;margin-right: 0px !important;margin-left: 0px !important;padding-top: 0px !important;padding-right: 0px !important;padding-bottom: 0px !important;padding-left: 0px !important;}&#8221;][vc_column][vc_single_image image=&#8221;15421&#8243; img_size=&#8221;full&#8221; alignment=&#8221;center&#8221; css=&#8221;.vc_custom_1574787563874{margin-right: -50px !important;}&#8221;][\/vc_column][\/vc_row][vc_row animation=&#8221;bottom-to-top&#8221;][vc_column][vc_empty_space][\/vc_column][\/vc_row][vc_row animation=&#8221;bottom-to-top&#8221; css=&#8221;.vc_custom_1574277268146{padding-top: 30px !important;padding-right: 30px !important;padding-bottom: 30px !important;padding-left: 30px !important;background-color: #ece7ff !important;}&#8221; el_class=&#8221;radius&#8221;][vc_column css=&#8221;.vc_custom_1574276998344{padding-right: 30px !important;padding-left: 30px !important;}&#8221;][vc_column_text css=&#8221;.vc_custom_1575497957340{margin-bottom: 0px !important;}&#8221;] Los pueblos ind\u00edgenas del mundo entero son los herederos [&hellip;]<\/p>\n","protected":false},"author":7,"featured_media":15421,"parent":0,"menu_order":9,"comment_status":"open","ping_status":"closed","template":"","meta":{"footnotes":""},"class_list":["post-14738","page","type-page","status-publish","has-post-thumbnail","hentry"],"yoast_head":"<!-- This site is optimized with the Yoast SEO plugin v23.1 - https:\/\/yoast.com\/wordpress\/plugins\/seo\/ -->\n<title>Menci\u00f3n especial - Libros de Oro 2019<\/title>\n<meta name=\"robots\" content=\"index, follow, max-snippet:-1, max-image-preview:large, max-video-preview:-1\" \/>\n<link rel=\"canonical\" href=\"https:\/\/librosdeoro.cafam.com.co\/libro2019\/mencion-especial\/\" \/>\n<meta property=\"og:locale\" content=\"es_ES\" \/>\n<meta property=\"og:type\" content=\"article\" \/>\n<meta property=\"og:title\" content=\"Menci\u00f3n especial - Libros de Oro 2019\" \/>\n<meta property=\"og:description\" content=\"[vc_row fullwidth=&#8221;true&#8221; padding=&#8221;0&#8243; css=&#8221;.vc_custom_1574100482494{margin-top: -110px !important;margin-right: 0px !important;margin-left: 0px !important;padding-top: 0px !important;padding-right: 0px !important;padding-bottom: 0px !important;padding-left: 0px !important;}&#8221;][vc_column][vc_single_image image=&#8221;15421&#8243; img_size=&#8221;full&#8221; alignment=&#8221;center&#8221; css=&#8221;.vc_custom_1574787563874{margin-right: -50px !important;}&#8221;][\/vc_column][\/vc_row][vc_row animation=&#8221;bottom-to-top&#8221;][vc_column][vc_empty_space][\/vc_column][\/vc_row][vc_row animation=&#8221;bottom-to-top&#8221; css=&#8221;.vc_custom_1574277268146{padding-top: 30px !important;padding-right: 30px !important;padding-bottom: 30px !important;padding-left: 30px !important;background-color: #ece7ff !important;}&#8221; el_class=&#8221;radius&#8221;][vc_column css=&#8221;.vc_custom_1574276998344{padding-right: 30px !important;padding-left: 30px !important;}&#8221;][vc_column_text css=&#8221;.vc_custom_1575497957340{margin-bottom: 0px !important;}&#8221;] Los pueblos ind\u00edgenas del mundo entero son los herederos [&hellip;]\" \/>\n<meta property=\"og:url\" content=\"https:\/\/librosdeoro.cafam.com.co\/libro2019\/mencion-especial\/\" \/>\n<meta property=\"og:site_name\" content=\"Libros de Oro 2019\" \/>\n<meta property=\"article:modified_time\" content=\"2019-12-05T00:23:47+00:00\" \/>\n<meta property=\"og:image\" content=\"https:\/\/librosdeoro.cafam.com.co\/libro2019\/wp-content\/uploads\/sites\/8\/2019\/11\/titulo.jpg\" \/>\n\t<meta property=\"og:image:width\" content=\"1800\" \/>\n\t<meta property=\"og:image:height\" content=\"616\" \/>\n\t<meta property=\"og:image:type\" content=\"image\/jpeg\" \/>\n<meta name=\"twitter:card\" content=\"summary_large_image\" \/>\n<meta name=\"twitter:label1\" content=\"Tiempo de lectura\" \/>\n\t<meta name=\"twitter:data1\" content=\"6 minutos\" \/>\n<script type=\"application\/ld+json\" class=\"yoast-schema-graph\">{\"@context\":\"https:\/\/schema.org\",\"@graph\":[{\"@type\":\"WebPage\",\"@id\":\"https:\/\/librosdeoro.cafam.com.co\/libro2019\/mencion-especial\/\",\"url\":\"https:\/\/librosdeoro.cafam.com.co\/libro2019\/mencion-especial\/\",\"name\":\"Menci\u00f3n especial - Libros de Oro 2019\",\"isPartOf\":{\"@id\":\"https:\/\/librosdeoro.cafam.com.co\/libro2019\/#website\"},\"primaryImageOfPage\":{\"@id\":\"https:\/\/librosdeoro.cafam.com.co\/libro2019\/mencion-especial\/#primaryimage\"},\"image\":{\"@id\":\"https:\/\/librosdeoro.cafam.com.co\/libro2019\/mencion-especial\/#primaryimage\"},\"thumbnailUrl\":\"https:\/\/librosdeoro.cafam.com.co\/libro2019\/wp-content\/uploads\/sites\/8\/2019\/11\/titulo.jpg\",\"datePublished\":\"2019-01-15T23:00:29+00:00\",\"dateModified\":\"2019-12-05T00:23:47+00:00\",\"breadcrumb\":{\"@id\":\"https:\/\/librosdeoro.cafam.com.co\/libro2019\/mencion-especial\/#breadcrumb\"},\"inLanguage\":\"es-CO\",\"potentialAction\":[{\"@type\":\"ReadAction\",\"target\":[\"https:\/\/librosdeoro.cafam.com.co\/libro2019\/mencion-especial\/\"]}]},{\"@type\":\"ImageObject\",\"inLanguage\":\"es-CO\",\"@id\":\"https:\/\/librosdeoro.cafam.com.co\/libro2019\/mencion-especial\/#primaryimage\",\"url\":\"https:\/\/librosdeoro.cafam.com.co\/libro2019\/wp-content\/uploads\/sites\/8\/2019\/11\/titulo.jpg\",\"contentUrl\":\"https:\/\/librosdeoro.cafam.com.co\/libro2019\/wp-content\/uploads\/sites\/8\/2019\/11\/titulo.jpg\",\"width\":1800,\"height\":616},{\"@type\":\"BreadcrumbList\",\"@id\":\"https:\/\/librosdeoro.cafam.com.co\/libro2019\/mencion-especial\/#breadcrumb\",\"itemListElement\":[{\"@type\":\"ListItem\",\"position\":1,\"name\":\"Home\",\"item\":\"https:\/\/librosdeoro.cafam.com.co\/libro2019\/\"},{\"@type\":\"ListItem\",\"position\":2,\"name\":\"Menci\u00f3n especial\"}]},{\"@type\":\"WebSite\",\"@id\":\"https:\/\/librosdeoro.cafam.com.co\/libro2019\/#website\",\"url\":\"https:\/\/librosdeoro.cafam.com.co\/libro2019\/\",\"name\":\"Libros de Oro 2019\",\"description\":\"\",\"potentialAction\":[{\"@type\":\"SearchAction\",\"target\":{\"@type\":\"EntryPoint\",\"urlTemplate\":\"https:\/\/librosdeoro.cafam.com.co\/libro2019\/?s={search_term_string}\"},\"query-input\":\"required name=search_term_string\"}],\"inLanguage\":\"es-CO\"}]}<\/script>\n<!-- \/ Yoast SEO plugin. -->","yoast_head_json":{"title":"Menci\u00f3n especial - Libros de Oro 2019","robots":{"index":"index","follow":"follow","max-snippet":"max-snippet:-1","max-image-preview":"max-image-preview:large","max-video-preview":"max-video-preview:-1"},"canonical":"https:\/\/librosdeoro.cafam.com.co\/libro2019\/mencion-especial\/","og_locale":"es_ES","og_type":"article","og_title":"Menci\u00f3n especial - Libros de Oro 2019","og_description":"[vc_row fullwidth=&#8221;true&#8221; padding=&#8221;0&#8243; css=&#8221;.vc_custom_1574100482494{margin-top: -110px !important;margin-right: 0px !important;margin-left: 0px !important;padding-top: 0px !important;padding-right: 0px !important;padding-bottom: 0px !important;padding-left: 0px !important;}&#8221;][vc_column][vc_single_image image=&#8221;15421&#8243; img_size=&#8221;full&#8221; alignment=&#8221;center&#8221; css=&#8221;.vc_custom_1574787563874{margin-right: -50px !important;}&#8221;][\/vc_column][\/vc_row][vc_row animation=&#8221;bottom-to-top&#8221;][vc_column][vc_empty_space][\/vc_column][\/vc_row][vc_row animation=&#8221;bottom-to-top&#8221; css=&#8221;.vc_custom_1574277268146{padding-top: 30px !important;padding-right: 30px !important;padding-bottom: 30px !important;padding-left: 30px !important;background-color: #ece7ff !important;}&#8221; el_class=&#8221;radius&#8221;][vc_column css=&#8221;.vc_custom_1574276998344{padding-right: 30px !important;padding-left: 30px !important;}&#8221;][vc_column_text css=&#8221;.vc_custom_1575497957340{margin-bottom: 0px !important;}&#8221;] Los pueblos ind\u00edgenas del mundo entero son los herederos [&hellip;]","og_url":"https:\/\/librosdeoro.cafam.com.co\/libro2019\/mencion-especial\/","og_site_name":"Libros de Oro 2019","article_modified_time":"2019-12-05T00:23:47+00:00","og_image":[{"width":1800,"height":616,"url":"https:\/\/librosdeoro.cafam.com.co\/libro2019\/wp-content\/uploads\/sites\/8\/2019\/11\/titulo.jpg","type":"image\/jpeg"}],"twitter_card":"summary_large_image","twitter_misc":{"Tiempo de lectura":"6 minutos"},"schema":{"@context":"https:\/\/schema.org","@graph":[{"@type":"WebPage","@id":"https:\/\/librosdeoro.cafam.com.co\/libro2019\/mencion-especial\/","url":"https:\/\/librosdeoro.cafam.com.co\/libro2019\/mencion-especial\/","name":"Menci\u00f3n especial - Libros de Oro 2019","isPartOf":{"@id":"https:\/\/librosdeoro.cafam.com.co\/libro2019\/#website"},"primaryImageOfPage":{"@id":"https:\/\/librosdeoro.cafam.com.co\/libro2019\/mencion-especial\/#primaryimage"},"image":{"@id":"https:\/\/librosdeoro.cafam.com.co\/libro2019\/mencion-especial\/#primaryimage"},"thumbnailUrl":"https:\/\/librosdeoro.cafam.com.co\/libro2019\/wp-content\/uploads\/sites\/8\/2019\/11\/titulo.jpg","datePublished":"2019-01-15T23:00:29+00:00","dateModified":"2019-12-05T00:23:47+00:00","breadcrumb":{"@id":"https:\/\/librosdeoro.cafam.com.co\/libro2019\/mencion-especial\/#breadcrumb"},"inLanguage":"es-CO","potentialAction":[{"@type":"ReadAction","target":["https:\/\/librosdeoro.cafam.com.co\/libro2019\/mencion-especial\/"]}]},{"@type":"ImageObject","inLanguage":"es-CO","@id":"https:\/\/librosdeoro.cafam.com.co\/libro2019\/mencion-especial\/#primaryimage","url":"https:\/\/librosdeoro.cafam.com.co\/libro2019\/wp-content\/uploads\/sites\/8\/2019\/11\/titulo.jpg","contentUrl":"https:\/\/librosdeoro.cafam.com.co\/libro2019\/wp-content\/uploads\/sites\/8\/2019\/11\/titulo.jpg","width":1800,"height":616},{"@type":"BreadcrumbList","@id":"https:\/\/librosdeoro.cafam.com.co\/libro2019\/mencion-especial\/#breadcrumb","itemListElement":[{"@type":"ListItem","position":1,"name":"Home","item":"https:\/\/librosdeoro.cafam.com.co\/libro2019\/"},{"@type":"ListItem","position":2,"name":"Menci\u00f3n especial"}]},{"@type":"WebSite","@id":"https:\/\/librosdeoro.cafam.com.co\/libro2019\/#website","url":"https:\/\/librosdeoro.cafam.com.co\/libro2019\/","name":"Libros de Oro 2019","description":"","potentialAction":[{"@type":"SearchAction","target":{"@type":"EntryPoint","urlTemplate":"https:\/\/librosdeoro.cafam.com.co\/libro2019\/?s={search_term_string}"},"query-input":"required name=search_term_string"}],"inLanguage":"es-CO"}]}},"_links":{"self":[{"href":"https:\/\/librosdeoro.cafam.com.co\/libro2019\/wp-json\/wp\/v2\/pages\/14738","targetHints":{"allow":["GET"]}}],"collection":[{"href":"https:\/\/librosdeoro.cafam.com.co\/libro2019\/wp-json\/wp\/v2\/pages"}],"about":[{"href":"https:\/\/librosdeoro.cafam.com.co\/libro2019\/wp-json\/wp\/v2\/types\/page"}],"author":[{"embeddable":true,"href":"https:\/\/librosdeoro.cafam.com.co\/libro2019\/wp-json\/wp\/v2\/users\/7"}],"replies":[{"embeddable":true,"href":"https:\/\/librosdeoro.cafam.com.co\/libro2019\/wp-json\/wp\/v2\/comments?post=14738"}],"version-history":[{"count":27,"href":"https:\/\/librosdeoro.cafam.com.co\/libro2019\/wp-json\/wp\/v2\/pages\/14738\/revisions"}],"predecessor-version":[{"id":16275,"href":"https:\/\/librosdeoro.cafam.com.co\/libro2019\/wp-json\/wp\/v2\/pages\/14738\/revisions\/16275"}],"wp:featuredmedia":[{"embeddable":true,"href":"https:\/\/librosdeoro.cafam.com.co\/libro2019\/wp-json\/wp\/v2\/media\/15421"}],"wp:attachment":[{"href":"https:\/\/librosdeoro.cafam.com.co\/libro2019\/wp-json\/wp\/v2\/media?parent=14738"}],"curies":[{"name":"wp","href":"https:\/\/api.w.org\/{rel}","templated":true}]}}