{"id":14610,"date":"2019-01-08T00:00:55","date_gmt":"2019-01-07T23:00:55","guid":{"rendered":"https:\/\/adlive.com.co\/proyectos\/cafam\/?page_id=14610"},"modified":"2019-12-03T20:56:20","modified_gmt":"2019-12-03T19:56:20","slug":"acta-01-2019","status":"publish","type":"page","link":"https:\/\/librosdeoro.cafam.com.co\/libro2019\/acta-01-2019\/","title":{"rendered":"Acta 01 2019"},"content":{"rendered":"<p>[vc_row fullwidth=&#8221;true&#8221; padding=&#8221;0&#8243; css=&#8221;.vc_custom_1574100482494{margin-top: -110px !important;margin-right: 0px !important;margin-left: 0px !important;padding-top: 0px !important;padding-right: 0px !important;padding-bottom: 0px !important;padding-left: 0px !important;}&#8221;][vc_column][vc_empty_space height=&#8221;160px&#8221;][vc_column_text css=&#8221;.vc_custom_1574267164530{margin-bottom: 0px !important;}&#8221;]<\/p>\n<h1 style=\"text-align: center; color: #1e2074;\"><strong>Acta n\u00b0 01 del 2019<\/strong><\/h1>\n<p>[\/vc_column_text][\/vc_column][\/vc_row][vc_row padding=&#8221;0&#8243; css=&#8221;.vc_custom_1574308729367{margin-top: -110px !important;margin-right: 0px !important;margin-left: 0px !important;padding-top: 0px !important;padding-right: 0px !important;padding-bottom: 0px !important;padding-left: 0px !important;}&#8221;][vc_column width=&#8221;1\/2&#8243; css=&#8221;.vc_custom_1574286932744{padding-right: 60px !important;padding-left: 60px !important;}&#8221;][vc_empty_space height=&#8221;130px&#8221;][vc_column_text css=&#8221;.vc_custom_1574720848351{margin-bottom: 0px !important;}&#8221;]<\/p>\n<p style=\"text-align: justify;\"><span style=\"font-weight: 400;\">En Bogot\u00e1 D. C., a los 7 d\u00edas del mes de febrero del a\u00f1o 2019, en el sal\u00f3n esmeralda de la direcci\u00f3n administrativa de la caja de compensaci\u00f3n familiar Cafam, se reuni\u00f3 el Jurado Nacional del <\/span><b>31\u00b0 premio Cafam a la mujer<\/b><span style=\"font-weight: 400;\">, integrado por:<\/span><\/p>\n<p style=\"text-align: justify;\"><span style=\"font-weight: 400;\">Las doctoras Mar\u00eda Luisa Mesa Zuleta y el padre Joaqu\u00edn S\u00e1nchez Garc\u00eda, quienes no pudieron asistir por razones de fuerza mayor, pero se encuentran presentes v\u00eda Skype; la doctora Mar\u00eda Teresa Peresson de Ria\u00f1o, el doctor Juan Lozano Ram\u00edrez y el doctor Germ\u00e1n Santamar\u00eda.\u00a0<\/span><\/p>\n<p style=\"text-align: justify;\"><span style=\"font-weight: 400;\">Por Cafam asistieron el director administrativo, doctor Luis Gonzalo Giraldo Mar\u00edn; la se\u00f1ora Martha Luc\u00eda Merch\u00e1n Sierra, coordinadora delpremio Cafam a la mujer y Juliana Beatriz Quintero Mart\u00ednez, en calidad de Secretaria ad hoc de esta reuni\u00f3n.<\/span><\/p>\n<p style=\"text-align: justify;\"><span style=\"font-weight: 400;\">Siendo las 11:30 a. m. se inici\u00f3 la reuni\u00f3n con el prop\u00f3sito de elegir a las ganadoras de la trig\u00e9sima primera versi\u00f3n del Premio.<\/span><\/p>\n<p style=\"text-align: justify;\"><span style=\"font-weight: 400;\">De acuerdo con la potestad del Jurado Nacional, consagrada en el Reglamento del Premio, en primera instancia se eligi\u00f3 a la finalista por Bogot\u00e1 D. C.; despu\u00e9s de observar los v\u00eddeos, considerar las entrevistas y analizar detenidamente la obra de cada una de las mujeres postuladas, el Jurado Nacional por mayor\u00eda eligi\u00f3 a Gloria Londo\u00f1o de Cajiao<\/span><\/p>\n<p style=\"text-align: justify;\"><span style=\"font-weight: 400;\">Cada uno de los miembros del Jurado Nacional seleccion\u00f3 entre las 30 candidatas postuladas por los jurados regionales y Bogot\u00e1, a las finalistas que, a su juicio, merecen ser ganadoras del Premio y de las dos menciones.\u00a0<\/span><\/p>\n<p>[\/vc_column_text][\/vc_column][vc_column width=&#8221;1\/2&#8243; css=&#8221;.vc_custom_1574286953857{padding-right: 60px !important;padding-left: 60px !important;}&#8221;][vc_empty_space height=&#8221;130px&#8221;][vc_column_text css=&#8221;.vc_custom_1574720868262{margin-bottom: 0px !important;}&#8221;]<\/p>\n<p style=\"text-align: justify;\"><span style=\"font-weight: 400;\">De acuerdo con la votaci\u00f3n de todos los miembros del Jurado, las\u00a0 finalistas con mayor votaci\u00f3n fueron: Caldas, Bogot\u00e1 D. C. y Boyac\u00e1. El resultado final, es el siguiente:\u00a0<\/span><\/p>\n<p style=\"text-align: justify;\"><b style=\"color: #1e2074;\">GANADORA del 31\u00ba Premio Cafam a la Mujer, <\/b>LUDIRLENA P\u00c9REZ CARVAJAL, finalista por el departamento de CALDAS<span style=\"font-weight: 400;\">,<\/span> postulada por Yeimis Jadeirys D\u00edaz Verona a trav\u00e9s de la Caja de Compensaci\u00f3n Familiar de Caldas CONFA.<\/p>\n<p style=\"text-align: justify;\"><b style=\"color: #1e2074;\">PRIMERA Menci\u00f3n de Honor<\/b>, GLORIA LONDO\u00d1O DE CAJIAO, finalista por BOGOT\u00c1 D. C., postulada por Alberto G\u00f3mez G\u00f3mez.<\/p>\n<p style=\"text-align: justify;\"><b style=\"color: #1e2074;\">SEGUNDA Menci\u00f3n de Honor, <\/b>GINNA ALEJANDRA JIM\u00c9NEZ VERGARA\u00a0 finalista por el departamento de BOYAC\u00c1, postulada por Brayan Fernando Jim\u00e9nez.<\/p>\n<p style=\"text-align: justify;\"><span style=\"font-weight: 400;\">Debido a la importante participaci\u00f3n de Mujeres ind\u00edgenas en esta versi\u00f3n del Premio, se define hacer una <\/span>Menci\u00f3n Especial del Jurado<span style=\"font-weight: 400;\"> con placa de reconocimiento a las cuatro mujeres representantes por los departamentos de Amazonas, Norte de Santander, Vaup\u00e9s y Guain\u00eda.<\/span><\/p>\n<p style=\"text-align: justify;\"><span style=\"font-weight: 400;\">De acuerdo con el Reglamento, la entrega del 31\u00ba Premio Cafam a la Mujer y de las Menciones de Honor, se cumplir\u00e1 en acto especial en el Teatro Cafam de Bellas Artes, el d\u00eda jueves\u00a0 7 de marzo de 2018, a partir de las 9:00 a. m.<\/span><\/p>\n<p style=\"text-align: justify;\"><span style=\"font-weight: 400;\">Siendo las 12:50 p. m. y cumpliendo con su objetivo, se dio por terminada la reuni\u00f3n<\/span><\/p>\n<p>[\/vc_column_text][\/vc_column][\/vc_row][vc_row padding=&#8221;0&#8243; css=&#8221;.vc_custom_1575305313388{margin-right: 0px !important;margin-left: 0px !important;padding-top: 0px !important;padding-right: 0px !important;padding-bottom: 0px !important;padding-left: 0px !important;}&#8221;][vc_column width=&#8221;1\/6&#8243;][\/vc_column][vc_column width=&#8221;2\/3&#8243;][vc_empty_space height=&#8221;100px&#8221;][vc_column_text disable_pattern=&#8221;false&#8221; align=&#8221;center&#8221;]<\/p>\n<p style=\"text-align: center;\"><span style=\"font-size: 14pt; color: #000000;\"><strong>Mar\u00eda Luisa Mesa Zuleta<\/strong><\/span><br \/>\n<span style=\"font-size: 14pt; color: #000000;\"><strong>Juan Lozano Ram\u00edrez<\/strong><\/span><br \/>\n<span style=\"font-size: 14pt; color: #000000;\"><strong>Joaqu\u00edn S\u00e1nchez Garc\u00eda<\/strong><\/span><\/p>\n<p>[\/vc_column_text][vc_column_text disable_pattern=&#8221;false&#8221; align=&#8221;center&#8221; css=&#8221;.vc_custom_1575393362854{margin-bottom: 0px !important;}&#8221;]<\/p>\n<p style=\"text-align: center;\"><span style=\"font-size: 14pt; color: #000000;\"><strong>Mar\u00eda Teresa Peresson de Ria\u00f1o<\/strong><\/span><br \/>\n<span style=\"font-size: 14pt; color: #000000;\"><strong>Germ\u00e1n Santamar\u00eda Barrag\u00e1n<\/strong><\/span><br \/>\n<span style=\"font-size: 14pt; color: #000000;\"><strong>Juliana Beatriz Quintero Mart\u00ednez Secretario ad hoc<\/strong><\/span><\/p>\n<p>[\/vc_column_text][\/vc_column][vc_column width=&#8221;1\/6&#8243;][\/vc_column][\/vc_row][vc_row fullwidth=&#8221;true&#8221; padding=&#8221;0&#8243; css=&#8221;.vc_custom_1574100482494{margin-top: -110px !important;margin-right: 0px !important;margin-left: 0px !important;padding-top: 0px !important;padding-right: 0px !important;padding-bottom: 0px !important;padding-left: 0px !important;}&#8221;][vc_column][vc_column_text css=&#8221;.vc_custom_1575402976923{margin-bottom: 0px !important;}&#8221;]<\/p>\n<p style=\"text-align: center; color: #1e2074;\"><span style=\"font-size: 14pt; font-family: 'Arial Black', 'Avant Garde';\">Bogot\u00e1, 7 de febrero del 2019<\/span><\/p>\n<p>[\/vc_column_text][\/vc_column][\/vc_row][vc_row fullwidth=&#8221;true&#8221; padding=&#8221;0&#8243; css=&#8221;.vc_custom_1574100482494{margin-top: -110px !important;margin-right: 0px !important;margin-left: 0px !important;padding-top: 0px !important;padding-right: 0px !important;padding-bottom: 0px !important;padding-left: 0px !important;}&#8221;][vc_column][vc_empty_space height=&#8221;250px&#8221;][\/vc_column][\/vc_row]<\/p>\n","protected":false},"excerpt":{"rendered":"<p>[vc_row fullwidth=&#8221;true&#8221; padding=&#8221;0&#8243; css=&#8221;.vc_custom_1574100482494{margin-top: -110px !important;margin-right: 0px !important;margin-left: 0px !important;padding-top: 0px !important;padding-right: 0px !important;padding-bottom: 0px !important;padding-left: 0px !important;}&#8221;][vc_column][vc_empty_space height=&#8221;160px&#8221;][vc_column_text css=&#8221;.vc_custom_1574267164530{margin-bottom: 0px !important;}&#8221;] Acta n\u00b0 01 del 2019 [\/vc_column_text][\/vc_column][\/vc_row][vc_row padding=&#8221;0&#8243; css=&#8221;.vc_custom_1574308729367{margin-top: -110px !important;margin-right: 0px !important;margin-left: 0px !important;padding-top: 0px !important;padding-right: 0px !important;padding-bottom: 0px !important;padding-left: 0px !important;}&#8221;][vc_column width=&#8221;1\/2&#8243; css=&#8221;.vc_custom_1574286932744{padding-right: 60px !important;padding-left: 60px !important;}&#8221;][vc_empty_space height=&#8221;130px&#8221;][vc_column_text css=&#8221;.vc_custom_1574720848351{margin-bottom: 0px !important;}&#8221;] En [&hellip;]<\/p>\n","protected":false},"author":7,"featured_media":14073,"parent":0,"menu_order":2,"comment_status":"open","ping_status":"closed","template":"","meta":{"footnotes":""},"class_list":["post-14610","page","type-page","status-publish","has-post-thumbnail","hentry"],"yoast_head":"<!-- This site is optimized with the Yoast SEO plugin v23.1 - https:\/\/yoast.com\/wordpress\/plugins\/seo\/ -->\n<title>Acta 01 2019 - Libros de Oro 2019<\/title>\n<meta name=\"robots\" content=\"index, follow, max-snippet:-1, max-image-preview:large, max-video-preview:-1\" \/>\n<link rel=\"canonical\" href=\"https:\/\/librosdeoro.cafam.com.co\/libro2019\/acta-01-2019\/\" \/>\n<meta property=\"og:locale\" content=\"es_ES\" \/>\n<meta property=\"og:type\" content=\"article\" \/>\n<meta property=\"og:title\" content=\"Acta 01 2019 - Libros de Oro 2019\" \/>\n<meta property=\"og:description\" content=\"[vc_row fullwidth=&#8221;true&#8221; padding=&#8221;0&#8243; css=&#8221;.vc_custom_1574100482494{margin-top: -110px !important;margin-right: 0px !important;margin-left: 0px !important;padding-top: 0px !important;padding-right: 0px !important;padding-bottom: 0px !important;padding-left: 0px !important;}&#8221;][vc_column][vc_empty_space height=&#8221;160px&#8221;][vc_column_text css=&#8221;.vc_custom_1574267164530{margin-bottom: 0px !important;}&#8221;] Acta n\u00b0 01 del 2019 [\/vc_column_text][\/vc_column][\/vc_row][vc_row padding=&#8221;0&#8243; css=&#8221;.vc_custom_1574308729367{margin-top: -110px !important;margin-right: 0px !important;margin-left: 0px !important;padding-top: 0px !important;padding-right: 0px !important;padding-bottom: 0px !important;padding-left: 0px !important;}&#8221;][vc_column width=&#8221;1\/2&#8243; css=&#8221;.vc_custom_1574286932744{padding-right: 60px !important;padding-left: 60px !important;}&#8221;][vc_empty_space height=&#8221;130px&#8221;][vc_column_text css=&#8221;.vc_custom_1574720848351{margin-bottom: 0px !important;}&#8221;] En [&hellip;]\" \/>\n<meta property=\"og:url\" content=\"https:\/\/librosdeoro.cafam.com.co\/libro2019\/acta-01-2019\/\" \/>\n<meta property=\"og:site_name\" content=\"Libros de Oro 2019\" \/>\n<meta property=\"article:modified_time\" content=\"2019-12-03T19:56:20+00:00\" \/>\n<meta property=\"og:image\" content=\"https:\/\/librosdeoro.cafam.com.co\/libro2019\/wp-content\/uploads\/sites\/8\/2019\/10\/discurso.jpg\" \/>\n\t<meta property=\"og:image:width\" content=\"1920\" \/>\n\t<meta property=\"og:image:height\" content=\"1613\" \/>\n\t<meta property=\"og:image:type\" content=\"image\/jpeg\" \/>\n<meta name=\"twitter:card\" content=\"summary_large_image\" \/>\n<meta name=\"twitter:label1\" content=\"Tiempo de lectura\" \/>\n\t<meta name=\"twitter:data1\" content=\"4 minutos\" \/>\n<script type=\"application\/ld+json\" class=\"yoast-schema-graph\">{\"@context\":\"https:\/\/schema.org\",\"@graph\":[{\"@type\":\"WebPage\",\"@id\":\"https:\/\/librosdeoro.cafam.com.co\/libro2019\/acta-01-2019\/\",\"url\":\"https:\/\/librosdeoro.cafam.com.co\/libro2019\/acta-01-2019\/\",\"name\":\"Acta 01 2019 - Libros de Oro 2019\",\"isPartOf\":{\"@id\":\"https:\/\/librosdeoro.cafam.com.co\/libro2019\/#website\"},\"primaryImageOfPage\":{\"@id\":\"https:\/\/librosdeoro.cafam.com.co\/libro2019\/acta-01-2019\/#primaryimage\"},\"image\":{\"@id\":\"https:\/\/librosdeoro.cafam.com.co\/libro2019\/acta-01-2019\/#primaryimage\"},\"thumbnailUrl\":\"https:\/\/librosdeoro.cafam.com.co\/libro2019\/wp-content\/uploads\/sites\/8\/2019\/10\/discurso.jpg\",\"datePublished\":\"2019-01-07T23:00:55+00:00\",\"dateModified\":\"2019-12-03T19:56:20+00:00\",\"breadcrumb\":{\"@id\":\"https:\/\/librosdeoro.cafam.com.co\/libro2019\/acta-01-2019\/#breadcrumb\"},\"inLanguage\":\"es-CO\",\"potentialAction\":[{\"@type\":\"ReadAction\",\"target\":[\"https:\/\/librosdeoro.cafam.com.co\/libro2019\/acta-01-2019\/\"]}]},{\"@type\":\"ImageObject\",\"inLanguage\":\"es-CO\",\"@id\":\"https:\/\/librosdeoro.cafam.com.co\/libro2019\/acta-01-2019\/#primaryimage\",\"url\":\"https:\/\/librosdeoro.cafam.com.co\/libro2019\/wp-content\/uploads\/sites\/8\/2019\/10\/discurso.jpg\",\"contentUrl\":\"https:\/\/librosdeoro.cafam.com.co\/libro2019\/wp-content\/uploads\/sites\/8\/2019\/10\/discurso.jpg\",\"width\":1920,\"height\":1613},{\"@type\":\"BreadcrumbList\",\"@id\":\"https:\/\/librosdeoro.cafam.com.co\/libro2019\/acta-01-2019\/#breadcrumb\",\"itemListElement\":[{\"@type\":\"ListItem\",\"position\":1,\"name\":\"Home\",\"item\":\"https:\/\/librosdeoro.cafam.com.co\/libro2019\/\"},{\"@type\":\"ListItem\",\"position\":2,\"name\":\"Acta 01 2019\"}]},{\"@type\":\"WebSite\",\"@id\":\"https:\/\/librosdeoro.cafam.com.co\/libro2019\/#website\",\"url\":\"https:\/\/librosdeoro.cafam.com.co\/libro2019\/\",\"name\":\"Libros de Oro 2019\",\"description\":\"\",\"potentialAction\":[{\"@type\":\"SearchAction\",\"target\":{\"@type\":\"EntryPoint\",\"urlTemplate\":\"https:\/\/librosdeoro.cafam.com.co\/libro2019\/?s={search_term_string}\"},\"query-input\":\"required name=search_term_string\"}],\"inLanguage\":\"es-CO\"}]}<\/script>\n<!-- \/ Yoast SEO plugin. -->","yoast_head_json":{"title":"Acta 01 2019 - Libros de Oro 2019","robots":{"index":"index","follow":"follow","max-snippet":"max-snippet:-1","max-image-preview":"max-image-preview:large","max-video-preview":"max-video-preview:-1"},"canonical":"https:\/\/librosdeoro.cafam.com.co\/libro2019\/acta-01-2019\/","og_locale":"es_ES","og_type":"article","og_title":"Acta 01 2019 - Libros de Oro 2019","og_description":"[vc_row fullwidth=&#8221;true&#8221; padding=&#8221;0&#8243; css=&#8221;.vc_custom_1574100482494{margin-top: -110px !important;margin-right: 0px !important;margin-left: 0px !important;padding-top: 0px !important;padding-right: 0px !important;padding-bottom: 0px !important;padding-left: 0px !important;}&#8221;][vc_column][vc_empty_space height=&#8221;160px&#8221;][vc_column_text css=&#8221;.vc_custom_1574267164530{margin-bottom: 0px !important;}&#8221;] Acta n\u00b0 01 del 2019 [\/vc_column_text][\/vc_column][\/vc_row][vc_row padding=&#8221;0&#8243; css=&#8221;.vc_custom_1574308729367{margin-top: -110px !important;margin-right: 0px !important;margin-left: 0px !important;padding-top: 0px !important;padding-right: 0px !important;padding-bottom: 0px !important;padding-left: 0px !important;}&#8221;][vc_column width=&#8221;1\/2&#8243; css=&#8221;.vc_custom_1574286932744{padding-right: 60px !important;padding-left: 60px !important;}&#8221;][vc_empty_space height=&#8221;130px&#8221;][vc_column_text css=&#8221;.vc_custom_1574720848351{margin-bottom: 0px !important;}&#8221;] En [&hellip;]","og_url":"https:\/\/librosdeoro.cafam.com.co\/libro2019\/acta-01-2019\/","og_site_name":"Libros de Oro 2019","article_modified_time":"2019-12-03T19:56:20+00:00","og_image":[{"width":1920,"height":1613,"url":"https:\/\/librosdeoro.cafam.com.co\/libro2019\/wp-content\/uploads\/sites\/8\/2019\/10\/discurso.jpg","type":"image\/jpeg"}],"twitter_card":"summary_large_image","twitter_misc":{"Tiempo de lectura":"4 minutos"},"schema":{"@context":"https:\/\/schema.org","@graph":[{"@type":"WebPage","@id":"https:\/\/librosdeoro.cafam.com.co\/libro2019\/acta-01-2019\/","url":"https:\/\/librosdeoro.cafam.com.co\/libro2019\/acta-01-2019\/","name":"Acta 01 2019 - Libros de Oro 2019","isPartOf":{"@id":"https:\/\/librosdeoro.cafam.com.co\/libro2019\/#website"},"primaryImageOfPage":{"@id":"https:\/\/librosdeoro.cafam.com.co\/libro2019\/acta-01-2019\/#primaryimage"},"image":{"@id":"https:\/\/librosdeoro.cafam.com.co\/libro2019\/acta-01-2019\/#primaryimage"},"thumbnailUrl":"https:\/\/librosdeoro.cafam.com.co\/libro2019\/wp-content\/uploads\/sites\/8\/2019\/10\/discurso.jpg","datePublished":"2019-01-07T23:00:55+00:00","dateModified":"2019-12-03T19:56:20+00:00","breadcrumb":{"@id":"https:\/\/librosdeoro.cafam.com.co\/libro2019\/acta-01-2019\/#breadcrumb"},"inLanguage":"es-CO","potentialAction":[{"@type":"ReadAction","target":["https:\/\/librosdeoro.cafam.com.co\/libro2019\/acta-01-2019\/"]}]},{"@type":"ImageObject","inLanguage":"es-CO","@id":"https:\/\/librosdeoro.cafam.com.co\/libro2019\/acta-01-2019\/#primaryimage","url":"https:\/\/librosdeoro.cafam.com.co\/libro2019\/wp-content\/uploads\/sites\/8\/2019\/10\/discurso.jpg","contentUrl":"https:\/\/librosdeoro.cafam.com.co\/libro2019\/wp-content\/uploads\/sites\/8\/2019\/10\/discurso.jpg","width":1920,"height":1613},{"@type":"BreadcrumbList","@id":"https:\/\/librosdeoro.cafam.com.co\/libro2019\/acta-01-2019\/#breadcrumb","itemListElement":[{"@type":"ListItem","position":1,"name":"Home","item":"https:\/\/librosdeoro.cafam.com.co\/libro2019\/"},{"@type":"ListItem","position":2,"name":"Acta 01 2019"}]},{"@type":"WebSite","@id":"https:\/\/librosdeoro.cafam.com.co\/libro2019\/#website","url":"https:\/\/librosdeoro.cafam.com.co\/libro2019\/","name":"Libros de Oro 2019","description":"","potentialAction":[{"@type":"SearchAction","target":{"@type":"EntryPoint","urlTemplate":"https:\/\/librosdeoro.cafam.com.co\/libro2019\/?s={search_term_string}"},"query-input":"required name=search_term_string"}],"inLanguage":"es-CO"}]}},"_links":{"self":[{"href":"https:\/\/librosdeoro.cafam.com.co\/libro2019\/wp-json\/wp\/v2\/pages\/14610","targetHints":{"allow":["GET"]}}],"collection":[{"href":"https:\/\/librosdeoro.cafam.com.co\/libro2019\/wp-json\/wp\/v2\/pages"}],"about":[{"href":"https:\/\/librosdeoro.cafam.com.co\/libro2019\/wp-json\/wp\/v2\/types\/page"}],"author":[{"embeddable":true,"href":"https:\/\/librosdeoro.cafam.com.co\/libro2019\/wp-json\/wp\/v2\/users\/7"}],"replies":[{"embeddable":true,"href":"https:\/\/librosdeoro.cafam.com.co\/libro2019\/wp-json\/wp\/v2\/comments?post=14610"}],"version-history":[{"count":27,"href":"https:\/\/librosdeoro.cafam.com.co\/libro2019\/wp-json\/wp\/v2\/pages\/14610\/revisions"}],"predecessor-version":[{"id":16220,"href":"https:\/\/librosdeoro.cafam.com.co\/libro2019\/wp-json\/wp\/v2\/pages\/14610\/revisions\/16220"}],"wp:featuredmedia":[{"embeddable":true,"href":"https:\/\/librosdeoro.cafam.com.co\/libro2019\/wp-json\/wp\/v2\/media\/14073"}],"wp:attachment":[{"href":"https:\/\/librosdeoro.cafam.com.co\/libro2019\/wp-json\/wp\/v2\/media?parent=14610"}],"curies":[{"name":"wp","href":"https:\/\/api.w.org\/{rel}","templated":true}]}}