{"id":14522,"date":"2019-01-02T00:00:17","date_gmt":"2019-01-01T23:00:17","guid":{"rendered":"https:\/\/adlive.com.co\/proyectos\/cafam\/?page_id=14522"},"modified":"2019-12-04T17:06:09","modified_gmt":"2019-12-04T16:06:09","slug":"presentacion-premio-cafam-a-la-mujer","status":"publish","type":"page","link":"https:\/\/librosdeoro.cafam.com.co\/libro2019\/presentacion-premio-cafam-a-la-mujer\/","title":{"rendered":"Presentaci\u00f3n Premio Cafam a la Mujer"},"content":{"rendered":"<p>[vc_row el_class=&#8221;book&#8221;][vc_column][vc_empty_space height=&#8221;100px&#8221;][\/vc_column][\/vc_row][vc_row el_class=&#8221;book&#8221;][vc_column width=&#8221;1\/6&#8243;][\/vc_column][vc_column width=&#8221;2\/3&#8243;][vc_single_image image=&#8221;15130&#8243; img_size=&#8221;full&#8221;][\/vc_column][vc_column width=&#8221;1\/6&#8243;][\/vc_column][\/vc_row][vc_row el_class=&#8221;book&#8221;][vc_column][vc_empty_space height=&#8221;100px&#8221;][\/vc_column][\/vc_row][vc_row][vc_column width=&#8221;1\/2&#8243;][vc_empty_space height=&#8221;200px&#8221;][vc_single_image image=&#8221;15352&#8243; img_size=&#8221;full&#8221; alignment=&#8221;center&#8221;][\/vc_column][vc_column width=&#8221;1\/2&#8243; css=&#8221;.vc_custom_1574799586323{background-color: #f1d1ff !important;border-radius: 30px !important;}&#8221;][vc_column_text css=&#8221;.vc_custom_1575303537185{margin-bottom: 0px !important;padding-top: 50px !important;padding-right: 20px !important;padding-left: 20px !important;border-radius: 10px !important;}&#8221;]<\/p>\n<p style=\"text-align: justify;\"><span style=\"font-size: 18pt;\"><strong>Nuevas audiencias para obras maravillosas<\/strong><\/span><\/p>\n<p style=\"text-align: justify;\"><span style=\"font-size: 14pt;\">El Premio Cafam a la Mujer lleva 31 a\u00f1os dando a conocer y resaltando las iniciativas de mujeres que, desde el anonimato y en cada rinc\u00f3n del territorio colombiano sin importar la condici\u00f3n o sin dimensionar la relevancia e importancia de su labor, obran con altruismo a favor de las comunidades m\u00e1s vulnerables de Colombia.<\/span><\/p>\n<p style=\"text-align: justify;\"><span style=\"font-size: 14pt;\">El Premio ha crecido de tal forma que se ha convertido en el mayor reconocimiento que el pa\u00eds hace a la mujer colombiana, lo que le ha permitido adquirir gran relevancia internacional. Adem\u00e1s, al evento de premiaci\u00f3n asisten las principales personalidades sociales, estatales y empresariales de Colombia, y tiene el cubrimiento de los m\u00e1s importantes medios de comunicaci\u00f3n.<\/span><\/p>\n<p style=\"text-align: justify;\"><strong><span style=\"font-size: 14pt;\">Cada mujer que ha sido postulada a este Premio tiene una historia de vida con la que se entrega por completo a una iniciativa propia, por la que trabaja d\u00eda a d\u00eda, y que no solo ha cambiado la vida de ella, sino la de todas las personas que se han beneficiado.<\/span><\/strong><\/p>\n<p style=\"text-align: justify;\"><span style=\"font-size: 14pt;\">Durante su trayectoria, el Premio ha sido conocedor de las obras de m\u00e1s de 4.800 mujeres quienes tienen un solo prop\u00f3sito: trabajar en favor de los dem\u00e1s, por ello en el 2019 reconocimos la labor de <a href=\"https:\/\/premiomujer.cafam.com.co\/librodeoro\/mujer-cafam-amazonas\/\">28 mujeres<\/a> representantes de diferentes departamentos de Colombia, siendo la edici\u00f3n del Premio con m\u00e1s postuladas hasta el momento.<\/span><\/p>\n<p style=\"text-align: justify;\"><span style=\"font-size: 14pt;\">En esta oportunidad, el <a href=\"https:\/\/premiomujer.cafam.com.co\/librodeoro\/jurado-nacional\/\">Jurado Nacional<\/a> reconoci\u00f3 el trabajo de las mujeres postuladas por los departamentos del <a href=\"https:\/\/premiomujer.cafam.com.co\/librodeoro\/mujer-cafam-amazonas\/\">Amazonas<\/a>, <a href=\"https:\/\/premiomujer.cafam.com.co\/librodeoro\/mujer-cafam-guainia\/\">Guain\u00eda<\/a>, <a href=\"https:\/\/premiomujer.cafam.com.co\/librodeoro\/mujer-cafam-nortedesantander\/\">Norte de Santander<\/a> y <a href=\"https:\/\/premiomujer.cafam.com.co\/librodeoro\/mujer-cafam-vaupes\/\">Vaup\u00e9s<\/a>, otorg\u00e1ndoles una <a href=\"https:\/\/premiomujer.cafam.com.co\/librodeoro\/mencion-especial\/\">Menci\u00f3n Especial<\/a> por enaltecer sus ra\u00edces ind\u00edgenas, ayudando a preservar y conservar su cultura en sus comunidades.<\/span><\/p>\n<p style=\"text-align: justify;\"><span style=\"font-size: 14pt;\">De igual manera, el <a href=\"https:\/\/premiomujer.cafam.com.co\/librodeoro\/jurado-nacional\/\">Jurado Nacional<\/a> hizo un <a href=\"https:\/\/premiomujer.cafam.com.co\/librodeoro\/homenaje-especial\/\">Homenaje Especial<\/a> a las madres de aquellos de deportistas que nos representan ante el mundo y dan a conocer el talento y potencial de nuestro pa\u00eds. Detr\u00e1s de cada logro hay una madre que luch\u00f3 y se esforz\u00f3 porque los sue\u00f1os de sus hijos se hicieran realidad, ellas son: Pilar Rubio G\u00f3mez, Marcela Bello Guerrero, Claudia Londo\u00f1o \u00c1ngel, Carolina Rubio Blanco, Neila Rivas Palacios y Elo\u00edsa Rojas.<\/span><\/p>\n<p style=\"text-align: justify;\"><span style=\"font-size: 14pt;\">Y como una forma de seguir reconociendo a las mujeres, presentamos esta primera edici\u00f3n digital del Libro de Oro a la Mujer en Colombia, que se publica desde hace 30 a\u00f1os. Con esta nueva plataforma queremos llegar a nuevas audiencias y lograr que la mayor\u00eda de los colombianos tengan acceso a la vida y obra de mujeres que le aportan a la construcci\u00f3n de nuestro pa\u00eds.<\/span><\/p>\n<p style=\"text-align: justify;\"><span style=\"font-size: 14pt;\">Cafam agradece el apoyo brindado por las Cajas de Compensaci\u00f3n y los Clubes Rotarios de todo el pa\u00eds por su destacada labor e inter\u00e9s en reconocer y visibilizar el trabajo de las mujeres de toda Colombia.<\/span><\/p>\n<p>[\/vc_column_text][\/vc_column][\/vc_row][vc_row][vc_column][vc_row_inner][vc_column_inner width=&#8221;1\/4&#8243;][\/vc_column_inner][vc_column_inner width=&#8221;1\/2&#8243;][vc_single_image image=&#8221;14123&#8243; img_size=&#8221;medium&#8221; alignment=&#8221;center&#8221;][vc_column_text css=&#8221;.vc_custom_1575303658559{margin-bottom: 0px !important;}&#8221;]<\/p>\n<p style=\"text-align: center;\"><span style=\"color: #ffffff; font-size: 16pt;\">Este es un libro abierto que llevar\u00e1 a sus lectores a reconocer y hacer visibles a las mujeres que trabajan incansablemente por nuestro pa\u00eds.<\/span><\/p>\n<p>[\/vc_column_text][\/vc_column_inner][vc_column_inner width=&#8221;1\/4&#8243;][\/vc_column_inner][\/vc_row_inner][\/vc_column][\/vc_row]<\/p>\n","protected":false},"excerpt":{"rendered":"<p>[vc_row el_class=&#8221;book&#8221;][vc_column][vc_empty_space height=&#8221;100px&#8221;][\/vc_column][\/vc_row][vc_row el_class=&#8221;book&#8221;][vc_column width=&#8221;1\/6&#8243;][\/vc_column][vc_column width=&#8221;2\/3&#8243;][vc_single_image image=&#8221;15130&#8243; img_size=&#8221;full&#8221;][\/vc_column][vc_column width=&#8221;1\/6&#8243;][\/vc_column][\/vc_row][vc_row el_class=&#8221;book&#8221;][vc_column][vc_empty_space height=&#8221;100px&#8221;][\/vc_column][\/vc_row][vc_row][vc_column width=&#8221;1\/2&#8243;][vc_empty_space height=&#8221;200px&#8221;][vc_single_image image=&#8221;15352&#8243; img_size=&#8221;full&#8221; alignment=&#8221;center&#8221;][\/vc_column][vc_column width=&#8221;1\/2&#8243; css=&#8221;.vc_custom_1574799586323{background-color: #f1d1ff !important;border-radius: 30px !important;}&#8221;][vc_column_text css=&#8221;.vc_custom_1575303537185{margin-bottom: 0px !important;padding-top: 50px !important;padding-right: 20px !important;padding-left: 20px !important;border-radius: 10px !important;}&#8221;] Nuevas audiencias para obras maravillosas El Premio Cafam a la Mujer lleva 31 a\u00f1os dando a conocer y resaltando las iniciativas de [&hellip;]<\/p>\n","protected":false},"author":7,"featured_media":14520,"parent":0,"menu_order":46,"comment_status":"open","ping_status":"closed","template":"","meta":{"footnotes":""},"class_list":["post-14522","page","type-page","status-publish","has-post-thumbnail","hentry"],"yoast_head":"<!-- This site is optimized with the Yoast SEO plugin v23.1 - https:\/\/yoast.com\/wordpress\/plugins\/seo\/ -->\n<title>Presentaci\u00f3n Premio Cafam a la Mujer - Libros de Oro 2019<\/title>\n<meta name=\"robots\" content=\"index, follow, max-snippet:-1, max-image-preview:large, max-video-preview:-1\" \/>\n<link rel=\"canonical\" href=\"https:\/\/librosdeoro.cafam.com.co\/libro2019\/presentacion-premio-cafam-a-la-mujer\/\" \/>\n<meta property=\"og:locale\" content=\"es_ES\" \/>\n<meta property=\"og:type\" content=\"article\" \/>\n<meta property=\"og:title\" content=\"Presentaci\u00f3n Premio Cafam a la Mujer - Libros de Oro 2019\" \/>\n<meta property=\"og:description\" content=\"[vc_row el_class=&#8221;book&#8221;][vc_column][vc_empty_space height=&#8221;100px&#8221;][\/vc_column][\/vc_row][vc_row el_class=&#8221;book&#8221;][vc_column width=&#8221;1\/6&#8243;][\/vc_column][vc_column width=&#8221;2\/3&#8243;][vc_single_image image=&#8221;15130&#8243; img_size=&#8221;full&#8221;][\/vc_column][vc_column width=&#8221;1\/6&#8243;][\/vc_column][\/vc_row][vc_row el_class=&#8221;book&#8221;][vc_column][vc_empty_space height=&#8221;100px&#8221;][\/vc_column][\/vc_row][vc_row][vc_column width=&#8221;1\/2&#8243;][vc_empty_space height=&#8221;200px&#8221;][vc_single_image image=&#8221;15352&#8243; img_size=&#8221;full&#8221; alignment=&#8221;center&#8221;][\/vc_column][vc_column width=&#8221;1\/2&#8243; css=&#8221;.vc_custom_1574799586323{background-color: #f1d1ff !important;border-radius: 30px !important;}&#8221;][vc_column_text css=&#8221;.vc_custom_1575303537185{margin-bottom: 0px !important;padding-top: 50px !important;padding-right: 20px !important;padding-left: 20px !important;border-radius: 10px !important;}&#8221;] Nuevas audiencias para obras maravillosas El Premio Cafam a la Mujer lleva 31 a\u00f1os dando a conocer y resaltando las iniciativas de [&hellip;]\" \/>\n<meta property=\"og:url\" content=\"https:\/\/librosdeoro.cafam.com.co\/libro2019\/presentacion-premio-cafam-a-la-mujer\/\" \/>\n<meta property=\"og:site_name\" content=\"Libros de Oro 2019\" \/>\n<meta property=\"article:modified_time\" content=\"2019-12-04T16:06:09+00:00\" \/>\n<meta property=\"og:image\" content=\"https:\/\/librosdeoro.cafam.com.co\/libro2019\/wp-content\/uploads\/sites\/8\/2019\/11\/imagebacking.jpg\" \/>\n\t<meta property=\"og:image:width\" content=\"1920\" \/>\n\t<meta property=\"og:image:height\" content=\"2516\" \/>\n\t<meta property=\"og:image:type\" content=\"image\/jpeg\" \/>\n<meta name=\"twitter:card\" content=\"summary_large_image\" \/>\n<meta name=\"twitter:label1\" content=\"Tiempo de lectura\" \/>\n\t<meta name=\"twitter:data1\" content=\"3 minutos\" \/>\n<script type=\"application\/ld+json\" class=\"yoast-schema-graph\">{\"@context\":\"https:\/\/schema.org\",\"@graph\":[{\"@type\":\"WebPage\",\"@id\":\"https:\/\/librosdeoro.cafam.com.co\/libro2019\/presentacion-premio-cafam-a-la-mujer\/\",\"url\":\"https:\/\/librosdeoro.cafam.com.co\/libro2019\/presentacion-premio-cafam-a-la-mujer\/\",\"name\":\"Presentaci\u00f3n Premio Cafam a la Mujer - Libros de Oro 2019\",\"isPartOf\":{\"@id\":\"https:\/\/librosdeoro.cafam.com.co\/libro2019\/#website\"},\"primaryImageOfPage\":{\"@id\":\"https:\/\/librosdeoro.cafam.com.co\/libro2019\/presentacion-premio-cafam-a-la-mujer\/#primaryimage\"},\"image\":{\"@id\":\"https:\/\/librosdeoro.cafam.com.co\/libro2019\/presentacion-premio-cafam-a-la-mujer\/#primaryimage\"},\"thumbnailUrl\":\"https:\/\/librosdeoro.cafam.com.co\/libro2019\/wp-content\/uploads\/sites\/8\/2019\/11\/imagebacking.jpg\",\"datePublished\":\"2019-01-01T23:00:17+00:00\",\"dateModified\":\"2019-12-04T16:06:09+00:00\",\"breadcrumb\":{\"@id\":\"https:\/\/librosdeoro.cafam.com.co\/libro2019\/presentacion-premio-cafam-a-la-mujer\/#breadcrumb\"},\"inLanguage\":\"es-CO\",\"potentialAction\":[{\"@type\":\"ReadAction\",\"target\":[\"https:\/\/librosdeoro.cafam.com.co\/libro2019\/presentacion-premio-cafam-a-la-mujer\/\"]}]},{\"@type\":\"ImageObject\",\"inLanguage\":\"es-CO\",\"@id\":\"https:\/\/librosdeoro.cafam.com.co\/libro2019\/presentacion-premio-cafam-a-la-mujer\/#primaryimage\",\"url\":\"https:\/\/librosdeoro.cafam.com.co\/libro2019\/wp-content\/uploads\/sites\/8\/2019\/11\/imagebacking.jpg\",\"contentUrl\":\"https:\/\/librosdeoro.cafam.com.co\/libro2019\/wp-content\/uploads\/sites\/8\/2019\/11\/imagebacking.jpg\",\"width\":1920,\"height\":2516},{\"@type\":\"BreadcrumbList\",\"@id\":\"https:\/\/librosdeoro.cafam.com.co\/libro2019\/presentacion-premio-cafam-a-la-mujer\/#breadcrumb\",\"itemListElement\":[{\"@type\":\"ListItem\",\"position\":1,\"name\":\"Home\",\"item\":\"https:\/\/librosdeoro.cafam.com.co\/libro2019\/\"},{\"@type\":\"ListItem\",\"position\":2,\"name\":\"Presentaci\u00f3n Premio Cafam a la Mujer\"}]},{\"@type\":\"WebSite\",\"@id\":\"https:\/\/librosdeoro.cafam.com.co\/libro2019\/#website\",\"url\":\"https:\/\/librosdeoro.cafam.com.co\/libro2019\/\",\"name\":\"Libros de Oro 2019\",\"description\":\"\",\"potentialAction\":[{\"@type\":\"SearchAction\",\"target\":{\"@type\":\"EntryPoint\",\"urlTemplate\":\"https:\/\/librosdeoro.cafam.com.co\/libro2019\/?s={search_term_string}\"},\"query-input\":\"required name=search_term_string\"}],\"inLanguage\":\"es-CO\"}]}<\/script>\n<!-- \/ Yoast SEO plugin. -->","yoast_head_json":{"title":"Presentaci\u00f3n Premio Cafam a la Mujer - Libros de Oro 2019","robots":{"index":"index","follow":"follow","max-snippet":"max-snippet:-1","max-image-preview":"max-image-preview:large","max-video-preview":"max-video-preview:-1"},"canonical":"https:\/\/librosdeoro.cafam.com.co\/libro2019\/presentacion-premio-cafam-a-la-mujer\/","og_locale":"es_ES","og_type":"article","og_title":"Presentaci\u00f3n Premio Cafam a la Mujer - Libros de Oro 2019","og_description":"[vc_row el_class=&#8221;book&#8221;][vc_column][vc_empty_space height=&#8221;100px&#8221;][\/vc_column][\/vc_row][vc_row el_class=&#8221;book&#8221;][vc_column width=&#8221;1\/6&#8243;][\/vc_column][vc_column width=&#8221;2\/3&#8243;][vc_single_image image=&#8221;15130&#8243; img_size=&#8221;full&#8221;][\/vc_column][vc_column width=&#8221;1\/6&#8243;][\/vc_column][\/vc_row][vc_row el_class=&#8221;book&#8221;][vc_column][vc_empty_space height=&#8221;100px&#8221;][\/vc_column][\/vc_row][vc_row][vc_column width=&#8221;1\/2&#8243;][vc_empty_space height=&#8221;200px&#8221;][vc_single_image image=&#8221;15352&#8243; img_size=&#8221;full&#8221; alignment=&#8221;center&#8221;][\/vc_column][vc_column width=&#8221;1\/2&#8243; css=&#8221;.vc_custom_1574799586323{background-color: #f1d1ff !important;border-radius: 30px !important;}&#8221;][vc_column_text css=&#8221;.vc_custom_1575303537185{margin-bottom: 0px !important;padding-top: 50px !important;padding-right: 20px !important;padding-left: 20px !important;border-radius: 10px !important;}&#8221;] Nuevas audiencias para obras maravillosas El Premio Cafam a la Mujer lleva 31 a\u00f1os dando a conocer y resaltando las iniciativas de [&hellip;]","og_url":"https:\/\/librosdeoro.cafam.com.co\/libro2019\/presentacion-premio-cafam-a-la-mujer\/","og_site_name":"Libros de Oro 2019","article_modified_time":"2019-12-04T16:06:09+00:00","og_image":[{"width":1920,"height":2516,"url":"https:\/\/librosdeoro.cafam.com.co\/libro2019\/wp-content\/uploads\/sites\/8\/2019\/11\/imagebacking.jpg","type":"image\/jpeg"}],"twitter_card":"summary_large_image","twitter_misc":{"Tiempo de lectura":"3 minutos"},"schema":{"@context":"https:\/\/schema.org","@graph":[{"@type":"WebPage","@id":"https:\/\/librosdeoro.cafam.com.co\/libro2019\/presentacion-premio-cafam-a-la-mujer\/","url":"https:\/\/librosdeoro.cafam.com.co\/libro2019\/presentacion-premio-cafam-a-la-mujer\/","name":"Presentaci\u00f3n Premio Cafam a la Mujer - Libros de Oro 2019","isPartOf":{"@id":"https:\/\/librosdeoro.cafam.com.co\/libro2019\/#website"},"primaryImageOfPage":{"@id":"https:\/\/librosdeoro.cafam.com.co\/libro2019\/presentacion-premio-cafam-a-la-mujer\/#primaryimage"},"image":{"@id":"https:\/\/librosdeoro.cafam.com.co\/libro2019\/presentacion-premio-cafam-a-la-mujer\/#primaryimage"},"thumbnailUrl":"https:\/\/librosdeoro.cafam.com.co\/libro2019\/wp-content\/uploads\/sites\/8\/2019\/11\/imagebacking.jpg","datePublished":"2019-01-01T23:00:17+00:00","dateModified":"2019-12-04T16:06:09+00:00","breadcrumb":{"@id":"https:\/\/librosdeoro.cafam.com.co\/libro2019\/presentacion-premio-cafam-a-la-mujer\/#breadcrumb"},"inLanguage":"es-CO","potentialAction":[{"@type":"ReadAction","target":["https:\/\/librosdeoro.cafam.com.co\/libro2019\/presentacion-premio-cafam-a-la-mujer\/"]}]},{"@type":"ImageObject","inLanguage":"es-CO","@id":"https:\/\/librosdeoro.cafam.com.co\/libro2019\/presentacion-premio-cafam-a-la-mujer\/#primaryimage","url":"https:\/\/librosdeoro.cafam.com.co\/libro2019\/wp-content\/uploads\/sites\/8\/2019\/11\/imagebacking.jpg","contentUrl":"https:\/\/librosdeoro.cafam.com.co\/libro2019\/wp-content\/uploads\/sites\/8\/2019\/11\/imagebacking.jpg","width":1920,"height":2516},{"@type":"BreadcrumbList","@id":"https:\/\/librosdeoro.cafam.com.co\/libro2019\/presentacion-premio-cafam-a-la-mujer\/#breadcrumb","itemListElement":[{"@type":"ListItem","position":1,"name":"Home","item":"https:\/\/librosdeoro.cafam.com.co\/libro2019\/"},{"@type":"ListItem","position":2,"name":"Presentaci\u00f3n Premio Cafam a la Mujer"}]},{"@type":"WebSite","@id":"https:\/\/librosdeoro.cafam.com.co\/libro2019\/#website","url":"https:\/\/librosdeoro.cafam.com.co\/libro2019\/","name":"Libros de Oro 2019","description":"","potentialAction":[{"@type":"SearchAction","target":{"@type":"EntryPoint","urlTemplate":"https:\/\/librosdeoro.cafam.com.co\/libro2019\/?s={search_term_string}"},"query-input":"required name=search_term_string"}],"inLanguage":"es-CO"}]}},"_links":{"self":[{"href":"https:\/\/librosdeoro.cafam.com.co\/libro2019\/wp-json\/wp\/v2\/pages\/14522","targetHints":{"allow":["GET"]}}],"collection":[{"href":"https:\/\/librosdeoro.cafam.com.co\/libro2019\/wp-json\/wp\/v2\/pages"}],"about":[{"href":"https:\/\/librosdeoro.cafam.com.co\/libro2019\/wp-json\/wp\/v2\/types\/page"}],"author":[{"embeddable":true,"href":"https:\/\/librosdeoro.cafam.com.co\/libro2019\/wp-json\/wp\/v2\/users\/7"}],"replies":[{"embeddable":true,"href":"https:\/\/librosdeoro.cafam.com.co\/libro2019\/wp-json\/wp\/v2\/comments?post=14522"}],"version-history":[{"count":27,"href":"https:\/\/librosdeoro.cafam.com.co\/libro2019\/wp-json\/wp\/v2\/pages\/14522\/revisions"}],"predecessor-version":[{"id":16236,"href":"https:\/\/librosdeoro.cafam.com.co\/libro2019\/wp-json\/wp\/v2\/pages\/14522\/revisions\/16236"}],"wp:featuredmedia":[{"embeddable":true,"href":"https:\/\/librosdeoro.cafam.com.co\/libro2019\/wp-json\/wp\/v2\/media\/14520"}],"wp:attachment":[{"href":"https:\/\/librosdeoro.cafam.com.co\/libro2019\/wp-json\/wp\/v2\/media?parent=14522"}],"curies":[{"name":"wp","href":"https:\/\/api.w.org\/{rel}","templated":true}]}}