{"id":14512,"date":"2019-01-13T00:00:00","date_gmt":"2019-01-12T23:00:00","guid":{"rendered":"https:\/\/adlive.com.co\/proyectos\/cafam\/?page_id=14512"},"modified":"2019-12-05T00:26:06","modified_gmt":"2019-12-04T23:26:06","slug":"mujer-cafam-2019","status":"publish","type":"page","link":"https:\/\/librosdeoro.cafam.com.co\/libro2019\/mujer-cafam-2019\/","title":{"rendered":"Mujer Cafam 2019"},"content":{"rendered":"<p>[vc_row fullwidth=&#8221;true&#8221; padding=&#8221;0&#8243; css=&#8221;.vc_custom_1574100482494{margin-top: -110px !important;margin-right: 0px !important;margin-left: 0px !important;padding-top: 0px !important;padding-right: 0px !important;padding-bottom: 0px !important;padding-left: 0px !important;}&#8221;][vc_column][vc_single_image image=&#8221;14514&#8243; img_size=&#8221;full&#8221; alignment=&#8221;center&#8221; css=&#8221;.vc_custom_1574205657753{margin-right: -50px !important;}&#8221;][\/vc_column][\/vc_row][vc_row column_padding=&#8221;2&#8243; animation=&#8221;bottom-to-top&#8221;][vc_column width=&#8221;1\/3&#8243;][vc_column_text css=&#8221;.vc_custom_1575500729271{margin-bottom: 0px !important;}&#8221;]<\/p>\n<p style=\"text-align: justify;\">Ludirlena fue v\u00edctima de violencia sexual, tortura, secuestro y desplazamiento forzado en el marco del conflicto armado colombiano. Por muchos a\u00f1os, guard\u00f3 silencio negando esos terribles recuerdos en su mente, sintiendo miedo, verg\u00fcenza, intentando borrar esas heridas grabadas en su interior. Pero un d\u00eda tom\u00f3 la decisi\u00f3n de romper el silencio y denunciar todo lo que hab\u00eda vivido, liber\u00e1ndose de las cadenas que la hab\u00edan mantenido atada durante mucho tiempo.<\/p>\n<p style=\"text-align: justify;\">As\u00ed es como llega a la Asociaci\u00f3n de Familias Desplazadas de La Dorada &#8211; Asofades, donde empez\u00f3 a escuchar a otras mujeres, renaciendo y haciendo catarsis de lo que le hab\u00eda sucedido a ella. Su paso en la asociaci\u00f3n le empez\u00f3 a dar liderazgo y herramientas para desarrollar el sue\u00f1o que hab\u00eda gestado con su historia.<\/p>\n<p>[\/vc_column_text][\/vc_column][vc_column width=&#8221;1\/3&#8243;][vc_row_inner css=&#8221;.vc_custom_1575501053410{padding-top: 20px !important;padding-right: 20px !important;padding-bottom: 20px !important;padding-left: 20px !important;background-color: rgba(0,221,221,0.18) !important;*background-color: rgb(0,221,221) !important;}&#8221;][vc_column_inner][vc_column_text css=&#8221;.vc_custom_1575500882871{margin-bottom: 0px !important;}&#8221;]<\/p>\n<p style=\"text-align: justify;\">En 2009 nace la Organizaci\u00f3n Mujeres V\u00edctimas \u201cGestionando Paz\u201d como una iniciativa de cuatro mujeres de diferentes edades que fueron v\u00edctimas por diferentes hechos del conflicto armado.<\/p>\n<p>[\/vc_column_text][vc_column_text css=&#8221;.vc_custom_1575305863267{margin-bottom: 0px !important;}&#8221;]<\/p>\n<p style=\"text-align: justify;\">All\u00ed las victimas pueden encontrar: materiales de trabajo como rompecabezas en donde en cada encuentro elaboran una ficha nueva, uso del relato, acompa\u00f1amiento, apoyo, actividades de prevenci\u00f3n y l\u00fadicas.<\/p>\n<p>[\/vc_column_text][\/vc_column_inner][\/vc_row_inner][\/vc_column][vc_column width=&#8221;1\/3&#8243;][vc_column_text css=&#8221;.vc_custom_1575500817885{margin-bottom: 0px !important;}&#8221;]<\/p>\n<p style=\"text-align: justify;\">Las acciones que realiza la Organizaci\u00f3n son: campa\u00f1a mi cuerpo es mi territorio; donde reconocen la importancia que tiene el cuidarlo y tomar decisiones adecuadas, actividades en el marco del d\u00eda internacional de la no violencia contra la mujer, construcci\u00f3n de la memoria hist\u00f3rica a trav\u00e9s del di\u00e1logo, impulso de proyectos productivos como avicultura, seguridad alimentaria, bovinos, con el fin de que puedan conseguir un sustento econ\u00f3mico y ser apoyo para sus familias, conversatorios con los ni\u00f1os y j\u00f3venes con la campa\u00f1a \u00a1NO! Tambi\u00e9n es una respuesta; en la que se les ense\u00f1an los riesgos a los que est\u00e1n expuestos y la importancia de tomar una decisi\u00f3n frente a propuestas tentadoras y peligrosas. Desde su constituci\u00f3n, con estos programas ha logrado beneficiar a m\u00e1s de 3.400 personas.<\/p>\n<p>[\/vc_column_text][\/vc_column][\/vc_row][vc_row column_padding=&#8221;2&#8243; animation=&#8221;bottom-to-top&#8221;][vc_column][vc_empty_space][\/vc_column][\/vc_row][vc_row animation=&#8221;bottom-to-top&#8221;][vc_column width=&#8221;2\/3&#8243;][vc_video link=&#8221;https:\/\/www.youtube.com\/watch?v=ZBRchhmRNxg&#8221;][mk_gallery images=&#8221;14862,14863,14864,14865,14866,14867,14868,14869&#8243; overlay_color=&#8221;rgba(130,36,227,0.69)&#8221;][\/vc_column][vc_column width=&#8221;1\/3&#8243;][vc_separator][vc_video link=&#8221;https:\/\/youtu.be\/lb65cqAz3Zc&#8221;][vc_separator][mk_button_gradient dimension=&#8221;flat&#8221; size=&#8221;x-large&#8221; grandient_color_from=&#8221;#5ac8dd&#8221; grandient_color_to=&#8221;#5ac8dd&#8221; grandient_color_fallback=&#8221;#5ac8dd&#8221; align=&#8221;center&#8221; fullwidth=&#8221;true&#8221;]Conoce m\u00e1s de Ludirlena[\/mk_button_gradient][vc_column_text css=&#8221;.vc_custom_1575501370692{margin-bottom: 0px !important;}&#8221;]<\/p>\n<p style=\"text-align: justify;\">Ludirlena naci\u00f3 el 13 de diciembre de 1985 en Granada \u2013 Meta, realiz\u00f3 sus estudios de bachillerato en el Pedag\u00f3gico Universal, al graduarse del colegio hizo un T\u00e9cnico en Secretariado ejecutivo. Despu\u00e9s en el Sena, realiz\u00f3 dos estudios: Tecn\u00f3logo en HSEQ y B\u00e1sico Salud Ocupacional. Actualmente, est\u00e1 en quinto semestre de Seguridad y Salud Laboral en la Universidad Polit\u00e9cnico Gran Colombiano.<\/p>\n<p style=\"text-align: justify;\">Ludirlena busca que su proyecto sea un instrumento de paz, con el que muchas mujeres puedan empoderarse, logrando enfrentar su situaci\u00f3n, perdonar, denunciar y continuar, manteniendo siempre la frente en alto, sabiendo que su historia puede salvar a muchas personas m\u00e1s. Adem\u00e1s, quiere seguir ayudando, construyendo y brind\u00e1ndole a miles de mujeres nuevas herramientas que les ayuden a reescribir su historia.<\/p>\n<p>[\/vc_column_text][\/vc_column][\/vc_row][vc_row][vc_column][vc_empty_space height=&#8221;52px&#8221;][\/vc_column][\/vc_row][vc_row][vc_column width=&#8221;1\/2&#8243;][vc_single_image image=&#8221;15469&#8243; img_size=&#8221;full&#8221; alignment=&#8221;center&#8221;][\/vc_column][vc_column width=&#8221;1\/2&#8243;][vc_video link=&#8221;https:\/\/youtu.be\/bcDQjm85sn8&#8243;][\/vc_column][\/vc_row][vc_row][vc_column][vc_empty_space height=&#8221;200px&#8221;][\/vc_column][\/vc_row]<\/p>\n","protected":false},"excerpt":{"rendered":"<p>[vc_row fullwidth=&#8221;true&#8221; padding=&#8221;0&#8243; css=&#8221;.vc_custom_1574100482494{margin-top: -110px !important;margin-right: 0px !important;margin-left: 0px !important;padding-top: 0px !important;padding-right: 0px !important;padding-bottom: 0px !important;padding-left: 0px !important;}&#8221;][vc_column][vc_single_image image=&#8221;14514&#8243; img_size=&#8221;full&#8221; alignment=&#8221;center&#8221; css=&#8221;.vc_custom_1574205657753{margin-right: -50px !important;}&#8221;][\/vc_column][\/vc_row][vc_row column_padding=&#8221;2&#8243; animation=&#8221;bottom-to-top&#8221;][vc_column width=&#8221;1\/3&#8243;][vc_column_text css=&#8221;.vc_custom_1575500729271{margin-bottom: 0px !important;}&#8221;] Ludirlena fue v\u00edctima de violencia sexual, tortura, secuestro y desplazamiento forzado en el marco del conflicto armado colombiano. Por muchos a\u00f1os, guard\u00f3 silencio negando esos [&hellip;]<\/p>\n","protected":false},"author":7,"featured_media":14514,"parent":0,"menu_order":10,"comment_status":"open","ping_status":"closed","template":"","meta":{"footnotes":""},"class_list":["post-14512","page","type-page","status-publish","has-post-thumbnail","hentry"],"yoast_head":"<!-- This site is optimized with the Yoast SEO plugin v23.1 - https:\/\/yoast.com\/wordpress\/plugins\/seo\/ -->\n<title>Mujer Cafam 2019 - Libros de Oro 2019<\/title>\n<meta name=\"robots\" content=\"index, follow, max-snippet:-1, max-image-preview:large, max-video-preview:-1\" \/>\n<link rel=\"canonical\" href=\"https:\/\/librosdeoro.cafam.com.co\/libro2019\/mujer-cafam-2019\/\" \/>\n<meta property=\"og:locale\" content=\"es_ES\" \/>\n<meta property=\"og:type\" content=\"article\" \/>\n<meta property=\"og:title\" content=\"Mujer Cafam 2019 - Libros de Oro 2019\" \/>\n<meta property=\"og:description\" content=\"[vc_row fullwidth=&#8221;true&#8221; padding=&#8221;0&#8243; css=&#8221;.vc_custom_1574100482494{margin-top: -110px !important;margin-right: 0px !important;margin-left: 0px !important;padding-top: 0px !important;padding-right: 0px !important;padding-bottom: 0px !important;padding-left: 0px !important;}&#8221;][vc_column][vc_single_image image=&#8221;14514&#8243; img_size=&#8221;full&#8221; alignment=&#8221;center&#8221; css=&#8221;.vc_custom_1574205657753{margin-right: -50px !important;}&#8221;][\/vc_column][\/vc_row][vc_row column_padding=&#8221;2&#8243; animation=&#8221;bottom-to-top&#8221;][vc_column width=&#8221;1\/3&#8243;][vc_column_text css=&#8221;.vc_custom_1575500729271{margin-bottom: 0px !important;}&#8221;] Ludirlena fue v\u00edctima de violencia sexual, tortura, secuestro y desplazamiento forzado en el marco del conflicto armado colombiano. Por muchos a\u00f1os, guard\u00f3 silencio negando esos [&hellip;]\" \/>\n<meta property=\"og:url\" content=\"https:\/\/librosdeoro.cafam.com.co\/libro2019\/mujer-cafam-2019\/\" \/>\n<meta property=\"og:site_name\" content=\"Libros de Oro 2019\" \/>\n<meta property=\"article:modified_time\" content=\"2019-12-04T23:26:06+00:00\" \/>\n<meta property=\"og:image\" content=\"https:\/\/librosdeoro.cafam.com.co\/libro2019\/wp-content\/uploads\/sites\/8\/2019\/11\/portada-2.png\" \/>\n\t<meta property=\"og:image:width\" content=\"1800\" \/>\n\t<meta property=\"og:image:height\" content=\"1136\" \/>\n\t<meta property=\"og:image:type\" content=\"image\/png\" \/>\n<meta name=\"twitter:card\" content=\"summary_large_image\" \/>\n<meta name=\"twitter:label1\" content=\"Tiempo de lectura\" \/>\n\t<meta name=\"twitter:data1\" content=\"4 minutos\" \/>\n<script type=\"application\/ld+json\" class=\"yoast-schema-graph\">{\"@context\":\"https:\/\/schema.org\",\"@graph\":[{\"@type\":\"WebPage\",\"@id\":\"https:\/\/librosdeoro.cafam.com.co\/libro2019\/mujer-cafam-2019\/\",\"url\":\"https:\/\/librosdeoro.cafam.com.co\/libro2019\/mujer-cafam-2019\/\",\"name\":\"Mujer Cafam 2019 - Libros de Oro 2019\",\"isPartOf\":{\"@id\":\"https:\/\/librosdeoro.cafam.com.co\/libro2019\/#website\"},\"primaryImageOfPage\":{\"@id\":\"https:\/\/librosdeoro.cafam.com.co\/libro2019\/mujer-cafam-2019\/#primaryimage\"},\"image\":{\"@id\":\"https:\/\/librosdeoro.cafam.com.co\/libro2019\/mujer-cafam-2019\/#primaryimage\"},\"thumbnailUrl\":\"https:\/\/librosdeoro.cafam.com.co\/libro2019\/wp-content\/uploads\/sites\/8\/2019\/11\/portada-2.png\",\"datePublished\":\"2019-01-12T23:00:00+00:00\",\"dateModified\":\"2019-12-04T23:26:06+00:00\",\"breadcrumb\":{\"@id\":\"https:\/\/librosdeoro.cafam.com.co\/libro2019\/mujer-cafam-2019\/#breadcrumb\"},\"inLanguage\":\"es-CO\",\"potentialAction\":[{\"@type\":\"ReadAction\",\"target\":[\"https:\/\/librosdeoro.cafam.com.co\/libro2019\/mujer-cafam-2019\/\"]}]},{\"@type\":\"ImageObject\",\"inLanguage\":\"es-CO\",\"@id\":\"https:\/\/librosdeoro.cafam.com.co\/libro2019\/mujer-cafam-2019\/#primaryimage\",\"url\":\"https:\/\/librosdeoro.cafam.com.co\/libro2019\/wp-content\/uploads\/sites\/8\/2019\/11\/portada-2.png\",\"contentUrl\":\"https:\/\/librosdeoro.cafam.com.co\/libro2019\/wp-content\/uploads\/sites\/8\/2019\/11\/portada-2.png\",\"width\":1800,\"height\":1136},{\"@type\":\"BreadcrumbList\",\"@id\":\"https:\/\/librosdeoro.cafam.com.co\/libro2019\/mujer-cafam-2019\/#breadcrumb\",\"itemListElement\":[{\"@type\":\"ListItem\",\"position\":1,\"name\":\"Home\",\"item\":\"https:\/\/librosdeoro.cafam.com.co\/libro2019\/\"},{\"@type\":\"ListItem\",\"position\":2,\"name\":\"Mujer Cafam 2019\"}]},{\"@type\":\"WebSite\",\"@id\":\"https:\/\/librosdeoro.cafam.com.co\/libro2019\/#website\",\"url\":\"https:\/\/librosdeoro.cafam.com.co\/libro2019\/\",\"name\":\"Libros de Oro 2019\",\"description\":\"\",\"potentialAction\":[{\"@type\":\"SearchAction\",\"target\":{\"@type\":\"EntryPoint\",\"urlTemplate\":\"https:\/\/librosdeoro.cafam.com.co\/libro2019\/?s={search_term_string}\"},\"query-input\":\"required name=search_term_string\"}],\"inLanguage\":\"es-CO\"}]}<\/script>\n<!-- \/ Yoast SEO plugin. -->","yoast_head_json":{"title":"Mujer Cafam 2019 - Libros de Oro 2019","robots":{"index":"index","follow":"follow","max-snippet":"max-snippet:-1","max-image-preview":"max-image-preview:large","max-video-preview":"max-video-preview:-1"},"canonical":"https:\/\/librosdeoro.cafam.com.co\/libro2019\/mujer-cafam-2019\/","og_locale":"es_ES","og_type":"article","og_title":"Mujer Cafam 2019 - Libros de Oro 2019","og_description":"[vc_row fullwidth=&#8221;true&#8221; padding=&#8221;0&#8243; css=&#8221;.vc_custom_1574100482494{margin-top: -110px !important;margin-right: 0px !important;margin-left: 0px !important;padding-top: 0px !important;padding-right: 0px !important;padding-bottom: 0px !important;padding-left: 0px !important;}&#8221;][vc_column][vc_single_image image=&#8221;14514&#8243; img_size=&#8221;full&#8221; alignment=&#8221;center&#8221; css=&#8221;.vc_custom_1574205657753{margin-right: -50px !important;}&#8221;][\/vc_column][\/vc_row][vc_row column_padding=&#8221;2&#8243; animation=&#8221;bottom-to-top&#8221;][vc_column width=&#8221;1\/3&#8243;][vc_column_text css=&#8221;.vc_custom_1575500729271{margin-bottom: 0px !important;}&#8221;] Ludirlena fue v\u00edctima de violencia sexual, tortura, secuestro y desplazamiento forzado en el marco del conflicto armado colombiano. Por muchos a\u00f1os, guard\u00f3 silencio negando esos [&hellip;]","og_url":"https:\/\/librosdeoro.cafam.com.co\/libro2019\/mujer-cafam-2019\/","og_site_name":"Libros de Oro 2019","article_modified_time":"2019-12-04T23:26:06+00:00","og_image":[{"width":1800,"height":1136,"url":"https:\/\/librosdeoro.cafam.com.co\/libro2019\/wp-content\/uploads\/sites\/8\/2019\/11\/portada-2.png","type":"image\/png"}],"twitter_card":"summary_large_image","twitter_misc":{"Tiempo de lectura":"4 minutos"},"schema":{"@context":"https:\/\/schema.org","@graph":[{"@type":"WebPage","@id":"https:\/\/librosdeoro.cafam.com.co\/libro2019\/mujer-cafam-2019\/","url":"https:\/\/librosdeoro.cafam.com.co\/libro2019\/mujer-cafam-2019\/","name":"Mujer Cafam 2019 - Libros de Oro 2019","isPartOf":{"@id":"https:\/\/librosdeoro.cafam.com.co\/libro2019\/#website"},"primaryImageOfPage":{"@id":"https:\/\/librosdeoro.cafam.com.co\/libro2019\/mujer-cafam-2019\/#primaryimage"},"image":{"@id":"https:\/\/librosdeoro.cafam.com.co\/libro2019\/mujer-cafam-2019\/#primaryimage"},"thumbnailUrl":"https:\/\/librosdeoro.cafam.com.co\/libro2019\/wp-content\/uploads\/sites\/8\/2019\/11\/portada-2.png","datePublished":"2019-01-12T23:00:00+00:00","dateModified":"2019-12-04T23:26:06+00:00","breadcrumb":{"@id":"https:\/\/librosdeoro.cafam.com.co\/libro2019\/mujer-cafam-2019\/#breadcrumb"},"inLanguage":"es-CO","potentialAction":[{"@type":"ReadAction","target":["https:\/\/librosdeoro.cafam.com.co\/libro2019\/mujer-cafam-2019\/"]}]},{"@type":"ImageObject","inLanguage":"es-CO","@id":"https:\/\/librosdeoro.cafam.com.co\/libro2019\/mujer-cafam-2019\/#primaryimage","url":"https:\/\/librosdeoro.cafam.com.co\/libro2019\/wp-content\/uploads\/sites\/8\/2019\/11\/portada-2.png","contentUrl":"https:\/\/librosdeoro.cafam.com.co\/libro2019\/wp-content\/uploads\/sites\/8\/2019\/11\/portada-2.png","width":1800,"height":1136},{"@type":"BreadcrumbList","@id":"https:\/\/librosdeoro.cafam.com.co\/libro2019\/mujer-cafam-2019\/#breadcrumb","itemListElement":[{"@type":"ListItem","position":1,"name":"Home","item":"https:\/\/librosdeoro.cafam.com.co\/libro2019\/"},{"@type":"ListItem","position":2,"name":"Mujer Cafam 2019"}]},{"@type":"WebSite","@id":"https:\/\/librosdeoro.cafam.com.co\/libro2019\/#website","url":"https:\/\/librosdeoro.cafam.com.co\/libro2019\/","name":"Libros de Oro 2019","description":"","potentialAction":[{"@type":"SearchAction","target":{"@type":"EntryPoint","urlTemplate":"https:\/\/librosdeoro.cafam.com.co\/libro2019\/?s={search_term_string}"},"query-input":"required name=search_term_string"}],"inLanguage":"es-CO"}]}},"_links":{"self":[{"href":"https:\/\/librosdeoro.cafam.com.co\/libro2019\/wp-json\/wp\/v2\/pages\/14512","targetHints":{"allow":["GET"]}}],"collection":[{"href":"https:\/\/librosdeoro.cafam.com.co\/libro2019\/wp-json\/wp\/v2\/pages"}],"about":[{"href":"https:\/\/librosdeoro.cafam.com.co\/libro2019\/wp-json\/wp\/v2\/types\/page"}],"author":[{"embeddable":true,"href":"https:\/\/librosdeoro.cafam.com.co\/libro2019\/wp-json\/wp\/v2\/users\/7"}],"replies":[{"embeddable":true,"href":"https:\/\/librosdeoro.cafam.com.co\/libro2019\/wp-json\/wp\/v2\/comments?post=14512"}],"version-history":[{"count":19,"href":"https:\/\/librosdeoro.cafam.com.co\/libro2019\/wp-json\/wp\/v2\/pages\/14512\/revisions"}],"predecessor-version":[{"id":16285,"href":"https:\/\/librosdeoro.cafam.com.co\/libro2019\/wp-json\/wp\/v2\/pages\/14512\/revisions\/16285"}],"wp:featuredmedia":[{"embeddable":true,"href":"https:\/\/librosdeoro.cafam.com.co\/libro2019\/wp-json\/wp\/v2\/media\/14514"}],"wp:attachment":[{"href":"https:\/\/librosdeoro.cafam.com.co\/libro2019\/wp-json\/wp\/v2\/media?parent=14512"}],"curies":[{"name":"wp","href":"https:\/\/api.w.org\/{rel}","templated":true}]}}