{"id":14497,"date":"2019-01-19T00:00:54","date_gmt":"2019-01-18T23:00:54","guid":{"rendered":"https:\/\/adlive.com.co\/proyectos\/cafam\/?page_id=14497"},"modified":"2019-12-03T20:07:04","modified_gmt":"2019-12-03T19:07:04","slug":"antioquia","status":"publish","type":"page","link":"https:\/\/librosdeoro.cafam.com.co\/libro2019\/antioquia\/","title":{"rendered":"Mujer Cafam Antioquia"},"content":{"rendered":"<p>[vc_row fullwidth=&#8221;true&#8221; padding=&#8221;0&#8243; css=&#8221;.vc_custom_1574100482494{margin-top: -110px !important;margin-right: 0px !important;margin-left: 0px !important;padding-top: 0px !important;padding-right: 0px !important;padding-bottom: 0px !important;padding-left: 0px !important;}&#8221;][vc_column][vc_single_image image=&#8221;14260&#8243; img_size=&#8221;full&#8221; alignment=&#8221;center&#8221; css=&#8221;.vc_custom_1574177361551{margin-right: -50px !important;}&#8221;][\/vc_column][\/vc_row][vc_row column_padding=&#8221;2&#8243; animation=&#8221;bottom-to-top&#8221;][vc_column width=&#8221;1\/2&#8243;][vc_column_text css=&#8221;.vc_custom_1574202851834{margin-bottom: 0px !important;}&#8221;]<\/p>\n<p style=\"text-align: justify;\">Margarita inicia su <strong>Corporaci\u00f3n Antioquia Presente<\/strong> en mayo de 1994, a ra\u00edz de la tragedia de la cuenca del r\u00edo P\u00e1ez, atendiendo a la poblaci\u00f3n ind\u00edgena de la zona para promover la solidaridad, atender donantes y trabajar de la mano con los afectados. En 1998 emprendi\u00f3 su apoyo con la reubicaci\u00f3n de familias v\u00edctimas del conflicto sociopol\u00edtico por mandato de los donantes, recorriendo 7 municipios en los cuales aprender\u00edan la geograf\u00eda de la violencia. Fueron cientos de v\u00edctimas que atendieron, las cuales buscaban una mano amiga que les ayudara a recuperar la esperanza que hab\u00edan perdido por su situaci\u00f3n.<\/p>\n<p style=\"text-align: justify;\">En 1999 la poblaci\u00f3n cafetera qued\u00f3 devastada tras sufrir el terremoto en el Eje Cafetero, debido a esta situaci\u00f3n, el gobernador de Antioquia, el alcalde de Medell\u00edn y la Corporaci\u00f3n se unieron para coordinar y articular sus esfuerzos, trabajando de manera solidaria y organizada para ayudar a toda la regi\u00f3n. Este es uno de los proyectos m\u00e1s grandes de la historia de la corporaci\u00f3n, ya que tuvo un apoyo de 32.000 millones de pesos para la reconstrucci\u00f3n del municipio de Tebaida, con 28.000 habitantes y 92% de destrucci\u00f3n. Hasta el momento se han realizado cerca de 200 proyectos, beneficiando a m\u00e1s de 31.000 personas.<\/p>\n<p>[\/vc_column_text][vc_single_image image=&#8221;14261&#8243; img_size=&#8221;full&#8221;][vc_video link=&#8221;https:\/\/www.youtube.com\/watch?v=qYTSCshMsfc&#8221;][vc_empty_space][\/vc_column][vc_column width=&#8221;1\/2&#8243;][vc_row_inner css=&#8221;.vc_custom_1574177712143{background-color: rgba(140,197,64,0.1) !important;*background-color: rgb(140,197,64) !important;}&#8221;][vc_column_inner][vc_empty_space][mk_button dimension=&#8221;flat&#8221; size=&#8221;x-large&#8221; align=&#8221;center&#8221; fullwidth=&#8221;true&#8221; margin_bottom=&#8221;5&#8243; bg_color=&#8221;#8bc442&#8243; btn_hover_bg=&#8221;#000000&#8243;]Conoce m\u00e1s de Margarita[\/mk_button][\/vc_column_inner][\/vc_row_inner][vc_row_inner css=&#8221;.vc_custom_1574177695865{background-color: rgba(140,197,64,0.1) !important;*background-color: rgb(140,197,64) !important;}&#8221;][vc_column_inner][vc_column_text css=&#8221;.vc_custom_1574177524732{margin-bottom: 0px !important;padding-top: 10px !important;padding-right: 40px !important;padding-left: 40px !important;}&#8221;]<\/p>\n<p style=\"text-align: justify;\">Margarita es Trabajadora Social, especialista en Relaciones Industriales y egresada del Programa de Alta Gerencia de la Universidad de los Andes, cuenta con amplia experiencia en Administraci\u00f3n de Organizaciones de Desarrollo Social. Ha participado en procesos de planeaci\u00f3n y dise\u00f1o de pol\u00edticas p\u00fablicas, tiene experiencia en la consecuci\u00f3n de recursos a trav\u00e9s de campa\u00f1as con la ciudadan\u00eda, sector empresarial y fundacional.<\/p>\n<p style=\"text-align: justify;\">Desde la Corporaci\u00f3n Antioquia Presente, ha participado en proyectos pos emergencias en desastres naturales, para realizar acompa\u00f1amiento social, convirti\u00e9ndose en el renacer de la esperanza, gener\u00e1ndoles una vivienda digna y bien construida, apoyando en la restituci\u00f3n econ\u00f3mica y el restablecimiento de las redes culturales y sociales con otras comunidades.<\/p>\n<p style=\"text-align: justify;\">En sus 24 a\u00f1os de gesti\u00f3n, Margarita ha fortalecido a la organizaci\u00f3n trabajando en m\u00e1s de 100 proyectos, en 182 municipios de 19 departamentos de Colombia, cruzando fronteras con su presencia en 5 pa\u00edses de Am\u00e9rica Latina: Colombia, Hait\u00ed, Ecuador, Per\u00fa y Rep\u00fablica Dominicana.<\/p>\n<p>[\/vc_column_text][vc_empty_space][\/vc_column_inner][\/vc_row_inner][vc_empty_space][vc_single_image image=&#8221;15314&#8243; img_size=&#8221;full&#8221;][vc_empty_space][\/vc_column][\/vc_row][vc_row animation=&#8221;bottom-to-top&#8221;][vc_column][mk_gallery images=&#8221;14801,14802,14803,14804&#8243; style=&#8221;style3&#8243; overlay_color=&#8221;rgba(130,36,227,0.69)&#8221;][\/vc_column][\/vc_row]<\/p>\n","protected":false},"excerpt":{"rendered":"<p>[vc_row fullwidth=&#8221;true&#8221; padding=&#8221;0&#8243; css=&#8221;.vc_custom_1574100482494{margin-top: -110px !important;margin-right: 0px !important;margin-left: 0px !important;padding-top: 0px !important;padding-right: 0px !important;padding-bottom: 0px !important;padding-left: 0px !important;}&#8221;][vc_column][vc_single_image image=&#8221;14260&#8243; img_size=&#8221;full&#8221; alignment=&#8221;center&#8221; css=&#8221;.vc_custom_1574177361551{margin-right: -50px !important;}&#8221;][\/vc_column][\/vc_row][vc_row column_padding=&#8221;2&#8243; animation=&#8221;bottom-to-top&#8221;][vc_column width=&#8221;1\/2&#8243;][vc_column_text css=&#8221;.vc_custom_1574202851834{margin-bottom: 0px !important;}&#8221;] Margarita inicia su Corporaci\u00f3n Antioquia Presente en mayo de 1994, a ra\u00edz de la tragedia de la cuenca del r\u00edo P\u00e1ez, atendiendo a la poblaci\u00f3n [&hellip;]<\/p>\n","protected":false},"author":7,"featured_media":14260,"parent":0,"menu_order":12,"comment_status":"open","ping_status":"closed","template":"","meta":{"footnotes":""},"class_list":["post-14497","page","type-page","status-publish","has-post-thumbnail","hentry"],"yoast_head":"<!-- This site is optimized with the Yoast SEO plugin v23.1 - https:\/\/yoast.com\/wordpress\/plugins\/seo\/ -->\n<title>Mujer Cafam Antioquia - Libros de Oro 2019<\/title>\n<meta name=\"robots\" content=\"index, follow, max-snippet:-1, max-image-preview:large, max-video-preview:-1\" \/>\n<link rel=\"canonical\" href=\"https:\/\/librosdeoro.cafam.com.co\/libro2019\/antioquia\/\" \/>\n<meta property=\"og:locale\" content=\"es_ES\" \/>\n<meta property=\"og:type\" content=\"article\" \/>\n<meta property=\"og:title\" content=\"Mujer Cafam Antioquia - Libros de Oro 2019\" \/>\n<meta property=\"og:description\" content=\"[vc_row fullwidth=&#8221;true&#8221; padding=&#8221;0&#8243; css=&#8221;.vc_custom_1574100482494{margin-top: -110px !important;margin-right: 0px !important;margin-left: 0px !important;padding-top: 0px !important;padding-right: 0px !important;padding-bottom: 0px !important;padding-left: 0px !important;}&#8221;][vc_column][vc_single_image image=&#8221;14260&#8243; img_size=&#8221;full&#8221; alignment=&#8221;center&#8221; css=&#8221;.vc_custom_1574177361551{margin-right: -50px !important;}&#8221;][\/vc_column][\/vc_row][vc_row column_padding=&#8221;2&#8243; animation=&#8221;bottom-to-top&#8221;][vc_column width=&#8221;1\/2&#8243;][vc_column_text css=&#8221;.vc_custom_1574202851834{margin-bottom: 0px !important;}&#8221;] Margarita inicia su Corporaci\u00f3n Antioquia Presente en mayo de 1994, a ra\u00edz de la tragedia de la cuenca del r\u00edo P\u00e1ez, atendiendo a la poblaci\u00f3n [&hellip;]\" \/>\n<meta property=\"og:url\" content=\"https:\/\/librosdeoro.cafam.com.co\/libro2019\/antioquia\/\" \/>\n<meta property=\"og:site_name\" content=\"Libros de Oro 2019\" \/>\n<meta property=\"article:modified_time\" content=\"2019-12-03T19:07:04+00:00\" \/>\n<meta property=\"og:image\" content=\"https:\/\/librosdeoro.cafam.com.co\/libro2019\/wp-content\/uploads\/sites\/8\/2019\/11\/1-1.png\" \/>\n\t<meta property=\"og:image:width\" content=\"1800\" \/>\n\t<meta property=\"og:image:height\" content=\"1119\" \/>\n\t<meta property=\"og:image:type\" content=\"image\/png\" \/>\n<meta name=\"twitter:card\" content=\"summary_large_image\" \/>\n<meta name=\"twitter:label1\" content=\"Tiempo de lectura\" \/>\n\t<meta name=\"twitter:data1\" content=\"3 minutos\" \/>\n<script type=\"application\/ld+json\" class=\"yoast-schema-graph\">{\"@context\":\"https:\/\/schema.org\",\"@graph\":[{\"@type\":\"WebPage\",\"@id\":\"https:\/\/librosdeoro.cafam.com.co\/libro2019\/antioquia\/\",\"url\":\"https:\/\/librosdeoro.cafam.com.co\/libro2019\/antioquia\/\",\"name\":\"Mujer Cafam Antioquia - Libros de Oro 2019\",\"isPartOf\":{\"@id\":\"https:\/\/librosdeoro.cafam.com.co\/libro2019\/#website\"},\"primaryImageOfPage\":{\"@id\":\"https:\/\/librosdeoro.cafam.com.co\/libro2019\/antioquia\/#primaryimage\"},\"image\":{\"@id\":\"https:\/\/librosdeoro.cafam.com.co\/libro2019\/antioquia\/#primaryimage\"},\"thumbnailUrl\":\"https:\/\/librosdeoro.cafam.com.co\/libro2019\/wp-content\/uploads\/sites\/8\/2019\/11\/1-1.png\",\"datePublished\":\"2019-01-18T23:00:54+00:00\",\"dateModified\":\"2019-12-03T19:07:04+00:00\",\"breadcrumb\":{\"@id\":\"https:\/\/librosdeoro.cafam.com.co\/libro2019\/antioquia\/#breadcrumb\"},\"inLanguage\":\"es-CO\",\"potentialAction\":[{\"@type\":\"ReadAction\",\"target\":[\"https:\/\/librosdeoro.cafam.com.co\/libro2019\/antioquia\/\"]}]},{\"@type\":\"ImageObject\",\"inLanguage\":\"es-CO\",\"@id\":\"https:\/\/librosdeoro.cafam.com.co\/libro2019\/antioquia\/#primaryimage\",\"url\":\"https:\/\/librosdeoro.cafam.com.co\/libro2019\/wp-content\/uploads\/sites\/8\/2019\/11\/1-1.png\",\"contentUrl\":\"https:\/\/librosdeoro.cafam.com.co\/libro2019\/wp-content\/uploads\/sites\/8\/2019\/11\/1-1.png\",\"width\":1800,\"height\":1119},{\"@type\":\"BreadcrumbList\",\"@id\":\"https:\/\/librosdeoro.cafam.com.co\/libro2019\/antioquia\/#breadcrumb\",\"itemListElement\":[{\"@type\":\"ListItem\",\"position\":1,\"name\":\"Home\",\"item\":\"https:\/\/librosdeoro.cafam.com.co\/libro2019\/\"},{\"@type\":\"ListItem\",\"position\":2,\"name\":\"Mujer Cafam Antioquia\"}]},{\"@type\":\"WebSite\",\"@id\":\"https:\/\/librosdeoro.cafam.com.co\/libro2019\/#website\",\"url\":\"https:\/\/librosdeoro.cafam.com.co\/libro2019\/\",\"name\":\"Libros de Oro 2019\",\"description\":\"\",\"potentialAction\":[{\"@type\":\"SearchAction\",\"target\":{\"@type\":\"EntryPoint\",\"urlTemplate\":\"https:\/\/librosdeoro.cafam.com.co\/libro2019\/?s={search_term_string}\"},\"query-input\":\"required name=search_term_string\"}],\"inLanguage\":\"es-CO\"}]}<\/script>\n<!-- \/ Yoast SEO plugin. -->","yoast_head_json":{"title":"Mujer Cafam Antioquia - Libros de Oro 2019","robots":{"index":"index","follow":"follow","max-snippet":"max-snippet:-1","max-image-preview":"max-image-preview:large","max-video-preview":"max-video-preview:-1"},"canonical":"https:\/\/librosdeoro.cafam.com.co\/libro2019\/antioquia\/","og_locale":"es_ES","og_type":"article","og_title":"Mujer Cafam Antioquia - Libros de Oro 2019","og_description":"[vc_row fullwidth=&#8221;true&#8221; padding=&#8221;0&#8243; css=&#8221;.vc_custom_1574100482494{margin-top: -110px !important;margin-right: 0px !important;margin-left: 0px !important;padding-top: 0px !important;padding-right: 0px !important;padding-bottom: 0px !important;padding-left: 0px !important;}&#8221;][vc_column][vc_single_image image=&#8221;14260&#8243; img_size=&#8221;full&#8221; alignment=&#8221;center&#8221; css=&#8221;.vc_custom_1574177361551{margin-right: -50px !important;}&#8221;][\/vc_column][\/vc_row][vc_row column_padding=&#8221;2&#8243; animation=&#8221;bottom-to-top&#8221;][vc_column width=&#8221;1\/2&#8243;][vc_column_text css=&#8221;.vc_custom_1574202851834{margin-bottom: 0px !important;}&#8221;] Margarita inicia su Corporaci\u00f3n Antioquia Presente en mayo de 1994, a ra\u00edz de la tragedia de la cuenca del r\u00edo P\u00e1ez, atendiendo a la poblaci\u00f3n [&hellip;]","og_url":"https:\/\/librosdeoro.cafam.com.co\/libro2019\/antioquia\/","og_site_name":"Libros de Oro 2019","article_modified_time":"2019-12-03T19:07:04+00:00","og_image":[{"width":1800,"height":1119,"url":"https:\/\/librosdeoro.cafam.com.co\/libro2019\/wp-content\/uploads\/sites\/8\/2019\/11\/1-1.png","type":"image\/png"}],"twitter_card":"summary_large_image","twitter_misc":{"Tiempo de lectura":"3 minutos"},"schema":{"@context":"https:\/\/schema.org","@graph":[{"@type":"WebPage","@id":"https:\/\/librosdeoro.cafam.com.co\/libro2019\/antioquia\/","url":"https:\/\/librosdeoro.cafam.com.co\/libro2019\/antioquia\/","name":"Mujer Cafam Antioquia - Libros de Oro 2019","isPartOf":{"@id":"https:\/\/librosdeoro.cafam.com.co\/libro2019\/#website"},"primaryImageOfPage":{"@id":"https:\/\/librosdeoro.cafam.com.co\/libro2019\/antioquia\/#primaryimage"},"image":{"@id":"https:\/\/librosdeoro.cafam.com.co\/libro2019\/antioquia\/#primaryimage"},"thumbnailUrl":"https:\/\/librosdeoro.cafam.com.co\/libro2019\/wp-content\/uploads\/sites\/8\/2019\/11\/1-1.png","datePublished":"2019-01-18T23:00:54+00:00","dateModified":"2019-12-03T19:07:04+00:00","breadcrumb":{"@id":"https:\/\/librosdeoro.cafam.com.co\/libro2019\/antioquia\/#breadcrumb"},"inLanguage":"es-CO","potentialAction":[{"@type":"ReadAction","target":["https:\/\/librosdeoro.cafam.com.co\/libro2019\/antioquia\/"]}]},{"@type":"ImageObject","inLanguage":"es-CO","@id":"https:\/\/librosdeoro.cafam.com.co\/libro2019\/antioquia\/#primaryimage","url":"https:\/\/librosdeoro.cafam.com.co\/libro2019\/wp-content\/uploads\/sites\/8\/2019\/11\/1-1.png","contentUrl":"https:\/\/librosdeoro.cafam.com.co\/libro2019\/wp-content\/uploads\/sites\/8\/2019\/11\/1-1.png","width":1800,"height":1119},{"@type":"BreadcrumbList","@id":"https:\/\/librosdeoro.cafam.com.co\/libro2019\/antioquia\/#breadcrumb","itemListElement":[{"@type":"ListItem","position":1,"name":"Home","item":"https:\/\/librosdeoro.cafam.com.co\/libro2019\/"},{"@type":"ListItem","position":2,"name":"Mujer Cafam Antioquia"}]},{"@type":"WebSite","@id":"https:\/\/librosdeoro.cafam.com.co\/libro2019\/#website","url":"https:\/\/librosdeoro.cafam.com.co\/libro2019\/","name":"Libros de Oro 2019","description":"","potentialAction":[{"@type":"SearchAction","target":{"@type":"EntryPoint","urlTemplate":"https:\/\/librosdeoro.cafam.com.co\/libro2019\/?s={search_term_string}"},"query-input":"required name=search_term_string"}],"inLanguage":"es-CO"}]}},"_links":{"self":[{"href":"https:\/\/librosdeoro.cafam.com.co\/libro2019\/wp-json\/wp\/v2\/pages\/14497","targetHints":{"allow":["GET"]}}],"collection":[{"href":"https:\/\/librosdeoro.cafam.com.co\/libro2019\/wp-json\/wp\/v2\/pages"}],"about":[{"href":"https:\/\/librosdeoro.cafam.com.co\/libro2019\/wp-json\/wp\/v2\/types\/page"}],"author":[{"embeddable":true,"href":"https:\/\/librosdeoro.cafam.com.co\/libro2019\/wp-json\/wp\/v2\/users\/7"}],"replies":[{"embeddable":true,"href":"https:\/\/librosdeoro.cafam.com.co\/libro2019\/wp-json\/wp\/v2\/comments?post=14497"}],"version-history":[{"count":7,"href":"https:\/\/librosdeoro.cafam.com.co\/libro2019\/wp-json\/wp\/v2\/pages\/14497\/revisions"}],"predecessor-version":[{"id":15313,"href":"https:\/\/librosdeoro.cafam.com.co\/libro2019\/wp-json\/wp\/v2\/pages\/14497\/revisions\/15313"}],"wp:featuredmedia":[{"embeddable":true,"href":"https:\/\/librosdeoro.cafam.com.co\/libro2019\/wp-json\/wp\/v2\/media\/14260"}],"wp:attachment":[{"href":"https:\/\/librosdeoro.cafam.com.co\/libro2019\/wp-json\/wp\/v2\/media?parent=14497"}],"curies":[{"name":"wp","href":"https:\/\/api.w.org\/{rel}","templated":true}]}}