{"id":14451,"date":"2019-01-31T00:00:43","date_gmt":"2019-01-30T23:00:43","guid":{"rendered":"https:\/\/adlive.com.co\/proyectos\/cafam\/?page_id=14451"},"modified":"2019-12-04T23:50:53","modified_gmt":"2019-12-04T22:50:53","slug":"mujer-cafam-huila","status":"publish","type":"page","link":"https:\/\/librosdeoro.cafam.com.co\/libro2019\/mujer-cafam-huila\/","title":{"rendered":"Mujer Cafam Huila"},"content":{"rendered":"<p>[vc_row fullwidth=&#8221;true&#8221; padding=&#8221;0&#8243; css=&#8221;.vc_custom_1574100482494{margin-top: -110px !important;margin-right: 0px !important;margin-left: 0px !important;padding-top: 0px !important;padding-right: 0px !important;padding-bottom: 0px !important;padding-left: 0px !important;}&#8221;][vc_column][vc_single_image image=&#8221;15394&#8243; img_size=&#8221;full&#8221; alignment=&#8221;center&#8221; css=&#8221;.vc_custom_1574783605839{margin-right: -50px !important;}&#8221;][\/vc_column][\/vc_row][vc_row column_padding=&#8221;2&#8243; animation=&#8221;bottom-to-top&#8221;][vc_column width=&#8221;1\/2&#8243;][vc_column_text css=&#8221;.vc_custom_1575499850168{margin-bottom: 0px !important;}&#8221;]<\/p>\n<p style=\"text-align: justify;\">En sus tiempos como catequista conoci\u00f3 a unos ni\u00f1os que se distingu\u00edan por su compromiso, sencillez y timidez, pero un buen d\u00eda dejaron de asistir a sus clases y al ver que al segundo d\u00eda tampoco fueron al colegio, tom\u00f3 la decisi\u00f3n de irlos a buscar.<\/p>\n<p style=\"text-align: justify;\">Al llegar al barrio donde viv\u00edan sus alumnos, vio que el lugar era de dif\u00edcil acceso y que estaba lleno de basuras; adem\u00e1s, los j\u00f3venes del barrio consum\u00edan alucin\u00f3genos. Al darse cuenta de que ese era el camino que deb\u00edan recorrer aquellos ni\u00f1os cada domingo para cumplir su cita con Dios,<br \/>\nElizabeth comprendi\u00f3 la misi\u00f3n que deb\u00eda emprender cuanto antes e iniciar un proceso m\u00e1s profundo con ellos, ya que las condiciones en las que viv\u00edan eran precarias y no contaban con alimentaci\u00f3n, educaci\u00f3n, ni una vivienda digna y fortalecer otros aspectos de sus vidas.<\/p>\n<p style=\"text-align: justify;\">Para ello realiz\u00f3 una convocatoria en la zona para que estos peque\u00f1os iniciaran su camino en la fe y as\u00ed naci\u00f3<strong> La Escuelita de la Fe y la Misericordia<\/strong> que apoya la formaci\u00f3n de los ni\u00f1os en situaciones de riesgo, a trav\u00e9s del acompa\u00f1amiento emocional y espiritual a m\u00e1s de 100 ni\u00f1os y j\u00f3venes, entre los 3 y los 15 a\u00f1os.<\/p>\n<p>[\/vc_column_text][vc_empty_space][vc_empty_space][vc_empty_space][vc_video link=&#8221;https:\/\/www.youtube.com\/watch?v=ZmcNy5qiQIU&#8221;][\/vc_column][vc_column width=&#8221;1\/2&#8243;][vc_single_image image=&#8221;14454&#8243; img_size=&#8221;full&#8221;][vc_row_inner css=&#8221;.vc_custom_1574177712143{background-color: rgba(140,197,64,0.1) !important;*background-color: rgb(140,197,64) !important;}&#8221;][vc_column_inner][vc_empty_space][mk_button dimension=&#8221;flat&#8221; size=&#8221;x-large&#8221; align=&#8221;center&#8221; fullwidth=&#8221;true&#8221; margin_bottom=&#8221;5&#8243; bg_color=&#8221;#8bc442&#8243; btn_hover_bg=&#8221;#000000&#8243;]Conoce m\u00e1s de Elizabeth[\/mk_button][\/vc_column_inner][\/vc_row_inner][vc_row_inner css=&#8221;.vc_custom_1574177695865{background-color: rgba(140,197,64,0.1) !important;*background-color: rgb(140,197,64) !important;}&#8221;][vc_column_inner][vc_column_text css=&#8221;.vc_custom_1574198882216{margin-bottom: 0px !important;padding-top: 10px !important;padding-right: 40px !important;padding-left: 40px !important;}&#8221;]<\/p>\n<p style=\"text-align: justify;\">Elizabeth naci\u00f3 en Palmira en 1964, lleg\u00f3 a Neiva muy peque\u00f1a junto a su mam\u00e1 y su hermano. Cuando estaba en el colegio, conoci\u00f3 a quien ser\u00eda su esposo, despu\u00e9s de 6 a\u00f1os de novios toman la decisi\u00f3n de casarse. A sus 23 a\u00f1os termin\u00f3 su carrera como Licenciada en Preescolar. Trabaj\u00f3 en dos colegios como profesora de preescolar, aprendiendo de los ni\u00f1os y viviendo emocionantes experiencias acad\u00e9micas. Cuando nace su tercera hija fortalece su relaci\u00f3n con Dios, debido a que la ni\u00f1a presentaba problemas de salud. En el 2014, su esposo fallece tras luchar contra el c\u00e1ncer, dej\u00e1ndola con un fuerte dolor y vac\u00edo en su coraz\u00f3n, pero tiene en su familia, sus alumnos y su obra el aliciente que la motiva a diario a dar lo mejor de ella para su comunidad.<\/p>\n<p style=\"text-align: justify;\">Es en el a\u00f1o 2015 cuando conoce la comunidad del Bajo Pedregal, donde junto con su grupo parroquial comienzan un acompa\u00f1amiento espiritual y emocional con ni\u00f1os y ni\u00f1as en condiciones vulnerables como pobreza extrema, drogadicci\u00f3n, maltrato y prostituci\u00f3n.<\/p>\n<p>[\/vc_column_text][vc_empty_space][\/vc_column_inner][\/vc_row_inner][vc_empty_space][vc_single_image image=&#8221;15396&#8243; img_size=&#8221;full&#8221;][\/vc_column][\/vc_row][vc_row animation=&#8221;bottom-to-top&#8221;][vc_column][mk_gallery images=&#8221;14934,14935,14936,14937,14938&#8243; overlay_color=&#8221;rgba(130,36,227,0.69)&#8221;][\/vc_column][\/vc_row]<\/p>\n","protected":false},"excerpt":{"rendered":"<p>[vc_row fullwidth=&#8221;true&#8221; padding=&#8221;0&#8243; css=&#8221;.vc_custom_1574100482494{margin-top: -110px !important;margin-right: 0px !important;margin-left: 0px !important;padding-top: 0px !important;padding-right: 0px !important;padding-bottom: 0px !important;padding-left: 0px !important;}&#8221;][vc_column][vc_single_image image=&#8221;15394&#8243; img_size=&#8221;full&#8221; alignment=&#8221;center&#8221; css=&#8221;.vc_custom_1574783605839{margin-right: -50px !important;}&#8221;][\/vc_column][\/vc_row][vc_row column_padding=&#8221;2&#8243; animation=&#8221;bottom-to-top&#8221;][vc_column width=&#8221;1\/2&#8243;][vc_column_text css=&#8221;.vc_custom_1575499850168{margin-bottom: 0px !important;}&#8221;] En sus tiempos como catequista conoci\u00f3 a unos ni\u00f1os que se distingu\u00edan por su compromiso, sencillez y timidez, pero un buen d\u00eda dejaron de asistir [&hellip;]<\/p>\n","protected":false},"author":7,"featured_media":14452,"parent":0,"menu_order":26,"comment_status":"open","ping_status":"closed","template":"","meta":{"footnotes":""},"class_list":["post-14451","page","type-page","status-publish","has-post-thumbnail","hentry"],"yoast_head":"<!-- This site is optimized with the Yoast SEO plugin v23.1 - https:\/\/yoast.com\/wordpress\/plugins\/seo\/ -->\n<title>Mujer Cafam Huila - Libros de Oro 2019<\/title>\n<meta name=\"robots\" content=\"index, follow, max-snippet:-1, max-image-preview:large, max-video-preview:-1\" \/>\n<link rel=\"canonical\" href=\"https:\/\/librosdeoro.cafam.com.co\/libro2019\/mujer-cafam-huila\/\" \/>\n<meta property=\"og:locale\" content=\"es_ES\" \/>\n<meta property=\"og:type\" content=\"article\" \/>\n<meta property=\"og:title\" content=\"Mujer Cafam Huila - Libros de Oro 2019\" \/>\n<meta property=\"og:description\" content=\"[vc_row fullwidth=&#8221;true&#8221; padding=&#8221;0&#8243; css=&#8221;.vc_custom_1574100482494{margin-top: -110px !important;margin-right: 0px !important;margin-left: 0px !important;padding-top: 0px !important;padding-right: 0px !important;padding-bottom: 0px !important;padding-left: 0px !important;}&#8221;][vc_column][vc_single_image image=&#8221;15394&#8243; img_size=&#8221;full&#8221; alignment=&#8221;center&#8221; css=&#8221;.vc_custom_1574783605839{margin-right: -50px !important;}&#8221;][\/vc_column][\/vc_row][vc_row column_padding=&#8221;2&#8243; animation=&#8221;bottom-to-top&#8221;][vc_column width=&#8221;1\/2&#8243;][vc_column_text css=&#8221;.vc_custom_1575499850168{margin-bottom: 0px !important;}&#8221;] En sus tiempos como catequista conoci\u00f3 a unos ni\u00f1os que se distingu\u00edan por su compromiso, sencillez y timidez, pero un buen d\u00eda dejaron de asistir [&hellip;]\" \/>\n<meta property=\"og:url\" content=\"https:\/\/librosdeoro.cafam.com.co\/libro2019\/mujer-cafam-huila\/\" \/>\n<meta property=\"og:site_name\" content=\"Libros de Oro 2019\" \/>\n<meta property=\"article:modified_time\" content=\"2019-12-04T22:50:53+00:00\" \/>\n<meta property=\"og:image\" content=\"https:\/\/librosdeoro.cafam.com.co\/libro2019\/wp-content\/uploads\/sites\/8\/2019\/11\/1-19.png\" \/>\n\t<meta property=\"og:image:width\" content=\"1800\" \/>\n\t<meta property=\"og:image:height\" content=\"1141\" \/>\n\t<meta property=\"og:image:type\" content=\"image\/png\" \/>\n<meta name=\"twitter:card\" content=\"summary_large_image\" \/>\n<meta name=\"twitter:label1\" content=\"Tiempo de lectura\" \/>\n\t<meta name=\"twitter:data1\" content=\"3 minutos\" \/>\n<script type=\"application\/ld+json\" class=\"yoast-schema-graph\">{\"@context\":\"https:\/\/schema.org\",\"@graph\":[{\"@type\":\"WebPage\",\"@id\":\"https:\/\/librosdeoro.cafam.com.co\/libro2019\/mujer-cafam-huila\/\",\"url\":\"https:\/\/librosdeoro.cafam.com.co\/libro2019\/mujer-cafam-huila\/\",\"name\":\"Mujer Cafam Huila - Libros de Oro 2019\",\"isPartOf\":{\"@id\":\"https:\/\/librosdeoro.cafam.com.co\/libro2019\/#website\"},\"primaryImageOfPage\":{\"@id\":\"https:\/\/librosdeoro.cafam.com.co\/libro2019\/mujer-cafam-huila\/#primaryimage\"},\"image\":{\"@id\":\"https:\/\/librosdeoro.cafam.com.co\/libro2019\/mujer-cafam-huila\/#primaryimage\"},\"thumbnailUrl\":\"https:\/\/librosdeoro.cafam.com.co\/libro2019\/wp-content\/uploads\/sites\/8\/2019\/11\/1-19.png\",\"datePublished\":\"2019-01-30T23:00:43+00:00\",\"dateModified\":\"2019-12-04T22:50:53+00:00\",\"breadcrumb\":{\"@id\":\"https:\/\/librosdeoro.cafam.com.co\/libro2019\/mujer-cafam-huila\/#breadcrumb\"},\"inLanguage\":\"es-CO\",\"potentialAction\":[{\"@type\":\"ReadAction\",\"target\":[\"https:\/\/librosdeoro.cafam.com.co\/libro2019\/mujer-cafam-huila\/\"]}]},{\"@type\":\"ImageObject\",\"inLanguage\":\"es-CO\",\"@id\":\"https:\/\/librosdeoro.cafam.com.co\/libro2019\/mujer-cafam-huila\/#primaryimage\",\"url\":\"https:\/\/librosdeoro.cafam.com.co\/libro2019\/wp-content\/uploads\/sites\/8\/2019\/11\/1-19.png\",\"contentUrl\":\"https:\/\/librosdeoro.cafam.com.co\/libro2019\/wp-content\/uploads\/sites\/8\/2019\/11\/1-19.png\",\"width\":1800,\"height\":1141},{\"@type\":\"BreadcrumbList\",\"@id\":\"https:\/\/librosdeoro.cafam.com.co\/libro2019\/mujer-cafam-huila\/#breadcrumb\",\"itemListElement\":[{\"@type\":\"ListItem\",\"position\":1,\"name\":\"Home\",\"item\":\"https:\/\/librosdeoro.cafam.com.co\/libro2019\/\"},{\"@type\":\"ListItem\",\"position\":2,\"name\":\"Mujer Cafam Huila\"}]},{\"@type\":\"WebSite\",\"@id\":\"https:\/\/librosdeoro.cafam.com.co\/libro2019\/#website\",\"url\":\"https:\/\/librosdeoro.cafam.com.co\/libro2019\/\",\"name\":\"Libros de Oro 2019\",\"description\":\"\",\"potentialAction\":[{\"@type\":\"SearchAction\",\"target\":{\"@type\":\"EntryPoint\",\"urlTemplate\":\"https:\/\/librosdeoro.cafam.com.co\/libro2019\/?s={search_term_string}\"},\"query-input\":\"required name=search_term_string\"}],\"inLanguage\":\"es-CO\"}]}<\/script>\n<!-- \/ Yoast SEO plugin. -->","yoast_head_json":{"title":"Mujer Cafam Huila - Libros de Oro 2019","robots":{"index":"index","follow":"follow","max-snippet":"max-snippet:-1","max-image-preview":"max-image-preview:large","max-video-preview":"max-video-preview:-1"},"canonical":"https:\/\/librosdeoro.cafam.com.co\/libro2019\/mujer-cafam-huila\/","og_locale":"es_ES","og_type":"article","og_title":"Mujer Cafam Huila - Libros de Oro 2019","og_description":"[vc_row fullwidth=&#8221;true&#8221; padding=&#8221;0&#8243; css=&#8221;.vc_custom_1574100482494{margin-top: -110px !important;margin-right: 0px !important;margin-left: 0px !important;padding-top: 0px !important;padding-right: 0px !important;padding-bottom: 0px !important;padding-left: 0px !important;}&#8221;][vc_column][vc_single_image image=&#8221;15394&#8243; img_size=&#8221;full&#8221; alignment=&#8221;center&#8221; css=&#8221;.vc_custom_1574783605839{margin-right: -50px !important;}&#8221;][\/vc_column][\/vc_row][vc_row column_padding=&#8221;2&#8243; animation=&#8221;bottom-to-top&#8221;][vc_column width=&#8221;1\/2&#8243;][vc_column_text css=&#8221;.vc_custom_1575499850168{margin-bottom: 0px !important;}&#8221;] En sus tiempos como catequista conoci\u00f3 a unos ni\u00f1os que se distingu\u00edan por su compromiso, sencillez y timidez, pero un buen d\u00eda dejaron de asistir [&hellip;]","og_url":"https:\/\/librosdeoro.cafam.com.co\/libro2019\/mujer-cafam-huila\/","og_site_name":"Libros de Oro 2019","article_modified_time":"2019-12-04T22:50:53+00:00","og_image":[{"width":1800,"height":1141,"url":"https:\/\/librosdeoro.cafam.com.co\/libro2019\/wp-content\/uploads\/sites\/8\/2019\/11\/1-19.png","type":"image\/png"}],"twitter_card":"summary_large_image","twitter_misc":{"Tiempo de lectura":"3 minutos"},"schema":{"@context":"https:\/\/schema.org","@graph":[{"@type":"WebPage","@id":"https:\/\/librosdeoro.cafam.com.co\/libro2019\/mujer-cafam-huila\/","url":"https:\/\/librosdeoro.cafam.com.co\/libro2019\/mujer-cafam-huila\/","name":"Mujer Cafam Huila - Libros de Oro 2019","isPartOf":{"@id":"https:\/\/librosdeoro.cafam.com.co\/libro2019\/#website"},"primaryImageOfPage":{"@id":"https:\/\/librosdeoro.cafam.com.co\/libro2019\/mujer-cafam-huila\/#primaryimage"},"image":{"@id":"https:\/\/librosdeoro.cafam.com.co\/libro2019\/mujer-cafam-huila\/#primaryimage"},"thumbnailUrl":"https:\/\/librosdeoro.cafam.com.co\/libro2019\/wp-content\/uploads\/sites\/8\/2019\/11\/1-19.png","datePublished":"2019-01-30T23:00:43+00:00","dateModified":"2019-12-04T22:50:53+00:00","breadcrumb":{"@id":"https:\/\/librosdeoro.cafam.com.co\/libro2019\/mujer-cafam-huila\/#breadcrumb"},"inLanguage":"es-CO","potentialAction":[{"@type":"ReadAction","target":["https:\/\/librosdeoro.cafam.com.co\/libro2019\/mujer-cafam-huila\/"]}]},{"@type":"ImageObject","inLanguage":"es-CO","@id":"https:\/\/librosdeoro.cafam.com.co\/libro2019\/mujer-cafam-huila\/#primaryimage","url":"https:\/\/librosdeoro.cafam.com.co\/libro2019\/wp-content\/uploads\/sites\/8\/2019\/11\/1-19.png","contentUrl":"https:\/\/librosdeoro.cafam.com.co\/libro2019\/wp-content\/uploads\/sites\/8\/2019\/11\/1-19.png","width":1800,"height":1141},{"@type":"BreadcrumbList","@id":"https:\/\/librosdeoro.cafam.com.co\/libro2019\/mujer-cafam-huila\/#breadcrumb","itemListElement":[{"@type":"ListItem","position":1,"name":"Home","item":"https:\/\/librosdeoro.cafam.com.co\/libro2019\/"},{"@type":"ListItem","position":2,"name":"Mujer Cafam Huila"}]},{"@type":"WebSite","@id":"https:\/\/librosdeoro.cafam.com.co\/libro2019\/#website","url":"https:\/\/librosdeoro.cafam.com.co\/libro2019\/","name":"Libros de Oro 2019","description":"","potentialAction":[{"@type":"SearchAction","target":{"@type":"EntryPoint","urlTemplate":"https:\/\/librosdeoro.cafam.com.co\/libro2019\/?s={search_term_string}"},"query-input":"required name=search_term_string"}],"inLanguage":"es-CO"}]}},"_links":{"self":[{"href":"https:\/\/librosdeoro.cafam.com.co\/libro2019\/wp-json\/wp\/v2\/pages\/14451","targetHints":{"allow":["GET"]}}],"collection":[{"href":"https:\/\/librosdeoro.cafam.com.co\/libro2019\/wp-json\/wp\/v2\/pages"}],"about":[{"href":"https:\/\/librosdeoro.cafam.com.co\/libro2019\/wp-json\/wp\/v2\/types\/page"}],"author":[{"embeddable":true,"href":"https:\/\/librosdeoro.cafam.com.co\/libro2019\/wp-json\/wp\/v2\/users\/7"}],"replies":[{"embeddable":true,"href":"https:\/\/librosdeoro.cafam.com.co\/libro2019\/wp-json\/wp\/v2\/comments?post=14451"}],"version-history":[{"count":7,"href":"https:\/\/librosdeoro.cafam.com.co\/libro2019\/wp-json\/wp\/v2\/pages\/14451\/revisions"}],"predecessor-version":[{"id":16282,"href":"https:\/\/librosdeoro.cafam.com.co\/libro2019\/wp-json\/wp\/v2\/pages\/14451\/revisions\/16282"}],"wp:featuredmedia":[{"embeddable":true,"href":"https:\/\/librosdeoro.cafam.com.co\/libro2019\/wp-json\/wp\/v2\/media\/14452"}],"wp:attachment":[{"href":"https:\/\/librosdeoro.cafam.com.co\/libro2019\/wp-json\/wp\/v2\/media?parent=14451"}],"curies":[{"name":"wp","href":"https:\/\/api.w.org\/{rel}","templated":true}]}}