{"id":14450,"date":"2019-01-18T00:00:35","date_gmt":"2019-01-17T23:00:35","guid":{"rendered":"https:\/\/adlive.com.co\/proyectos\/cafam\/?page_id=14450"},"modified":"2019-12-04T20:43:21","modified_gmt":"2019-12-04T19:43:21","slug":"mujer-cafam-amazonas","status":"publish","type":"page","link":"https:\/\/librosdeoro.cafam.com.co\/libro2019\/mujer-cafam-amazonas\/","title":{"rendered":"Mujer Cafam Amazonas"},"content":{"rendered":"<p>[vc_row fullwidth=&#8221;true&#8221; padding=&#8221;0&#8243; css=&#8221;.vc_custom_1574100482494{margin-top: -110px !important;margin-right: 0px !important;margin-left: 0px !important;padding-top: 0px !important;padding-right: 0px !important;padding-bottom: 0px !important;padding-left: 0px !important;}&#8221;][vc_column][vc_single_image image=&#8221;14242&#8243; img_size=&#8221;full&#8221; alignment=&#8221;center&#8221; css=&#8221;.vc_custom_1574198288310{margin-right: -50px !important;}&#8221;][\/vc_column][\/vc_row][vc_row column_padding=&#8221;2&#8243; animation=&#8221;bottom-to-top&#8221;][vc_column width=&#8221;1\/2&#8243;][vc_column_text css=&#8221;.vc_custom_1575385845629{margin-bottom: 0px !important;}&#8221;]<\/p>\n<p style=\"text-align: justify;\">A partir sus 15 a\u00f1os, Mar\u00eda Flor se dedic\u00f3 a trabajar con su comunidad ind\u00edgena de los Monos, donde, junto con sus t\u00edos, fue aprendiendo bailes, comida t\u00edpica, elaboraci\u00f3n de trajes, collares, canastos y todos los instrumentos usados para danzas tradicionales. Sin embargo, a los 19 a\u00f1os de edad tuvo que enfrentar el conflicto armado, el cual la tom\u00f3 por sorpresa tres veces, ocasionando que abandonara su casa junto con su esposo e hijos. As\u00ed fue como llegaron a Leticia y se unieron a la comunidad Monilla Amena.<\/p>\n<p style=\"text-align: justify;\">Desde muy peque\u00f1a tuvo el sue\u00f1o de ense\u00f1ar a ni\u00f1os, j\u00f3venes y adultos el valor de su cultura, por eso, a sus 28 a\u00f1os termin\u00f3 el colegio y, a los 30 a\u00f1os realiz\u00f3 diferentes estudios en el SENA Regional Amazonas en modister\u00eda de dise\u00f1o, patronaje en ropa, guianza tur\u00edstica y gastronom\u00eda t\u00edpica amazonense, esto le brind\u00f3 m\u00e1s herramientas para ense\u00f1ar sobre sus ra\u00edces y costumbres.<\/p>\n<p style=\"text-align: justify;\">En el a\u00f1o 2000 Mar\u00eda Flor desarroll\u00f3 la iniciativa quiero estar aqu\u00ed, pero viviendo lo nuestro, para materializar su gran sue\u00f1o: reunir j\u00f3venes en torno a los or\u00edgenes, principios y vivencias culturales de su etnia, con el fin de darles nuevas herramientas para el desarrollo de su vida. Es por esto que decide formar un grupo de danza ind\u00edgena de la etnia Uitoto, llamado <strong>Ka+Komuiya Uai<\/strong>, que significa principio de vida, con j\u00f3venes y abuelos del corregimiento que viv\u00edan en la parte urbana de Leticia.<\/p>\n<p>[\/vc_column_text][vc_empty_space][vc_video link=&#8221;https:\/\/www.youtube.com\/watch?v=j-3z56bFJoE&#8221;][vc_empty_space height=&#8221;80px&#8221;][\/vc_column][vc_column width=&#8221;1\/2&#8243;][vc_single_image image=&#8221;14255&#8243; img_size=&#8221;full&#8221;][vc_row_inner css=&#8221;.vc_custom_1574177885278{background-color: rgba(224,152,105,0.1) !important;*background-color: rgb(224,152,105) !important;}&#8221;][vc_column_inner][vc_empty_space][mk_button dimension=&#8221;flat&#8221; size=&#8221;x-large&#8221; align=&#8221;center&#8221; fullwidth=&#8221;true&#8221; margin_bottom=&#8221;5&#8243; bg_color=&#8221;#ee7b3b&#8221; btn_hover_bg=&#8221;#000000&#8243;]Conoce m\u00e1s de Maria flor[\/mk_button][\/vc_column_inner][\/vc_row_inner][vc_row_inner css=&#8221;.vc_custom_1574177870734{background-color: rgba(224,152,105,0.1) !important;*background-color: rgb(224,152,105) !important;}&#8221;][vc_column_inner][vc_column_text css=&#8221;.vc_custom_1574198721752{margin-bottom: 0px !important;padding-top: 10px !important;padding-right: 40px !important;padding-left: 40px !important;}&#8221;]<\/p>\n<p style=\"text-align: justify;\">\u00a0Mar\u00eda Flor naci\u00f3 el 27 de diciembre de 1972, en la comunidad ind\u00edgena de los Monos que se encuentra ubicada cerca al r\u00edo Caquet\u00e1, su nombre tradicional es Kuegakuri\u00f1o que significa \u201chuellas que marca el borugo\u201d.<\/p>\n<p style=\"text-align: justify;\">Actualmente, como directora del grupo de danza, Mar\u00eda Flor ha logrado impactar positivamente la vida de aproximadamente 1.260 personas de diversas etnias como los bora, los okainas y los murui. Gracias al compromiso y apoyo que ha recibido por parte de los integrantes del grupo de danza, ha logrado una revitalizaci\u00f3n y fortalecimiento de los cantos y la lengua, reuni\u00e9ndose en torno a sus ra\u00edces y cultura.<\/p>\n<p style=\"text-align: justify;\">El sue\u00f1o de Mar\u00eda Flor es que, a futuro, estos procesos sean apoyados por alguna organizaci\u00f3n o entidad del estado, y as\u00ed poder brindarles a los miembros del grupo la posibilidad de tener un ingreso por su trabajo, d\u00e1ndoles un sustento que beneficie no solo su vida sino la de toda su familia.<\/p>\n<p>[\/vc_column_text][vc_empty_space][\/vc_column_inner][\/vc_row_inner][vc_empty_space][vc_single_image image=&#8221;15311&#8243; img_size=&#8221;full&#8221;][\/vc_column][\/vc_row][vc_row animation=&#8221;bottom-to-top&#8221;][vc_column][mk_gallery images=&#8221;14796,14797,14799&#8243; overlay_color=&#8221;rgba(130,36,227,0.69)&#8221;][\/vc_column][\/vc_row]<\/p>\n","protected":false},"excerpt":{"rendered":"<p>[vc_row fullwidth=&#8221;true&#8221; padding=&#8221;0&#8243; css=&#8221;.vc_custom_1574100482494{margin-top: -110px !important;margin-right: 0px !important;margin-left: 0px !important;padding-top: 0px !important;padding-right: 0px !important;padding-bottom: 0px !important;padding-left: 0px !important;}&#8221;][vc_column][vc_single_image image=&#8221;14242&#8243; img_size=&#8221;full&#8221; alignment=&#8221;center&#8221; css=&#8221;.vc_custom_1574198288310{margin-right: -50px !important;}&#8221;][\/vc_column][\/vc_row][vc_row column_padding=&#8221;2&#8243; animation=&#8221;bottom-to-top&#8221;][vc_column width=&#8221;1\/2&#8243;][vc_column_text css=&#8221;.vc_custom_1575385845629{margin-bottom: 0px !important;}&#8221;] A partir sus 15 a\u00f1os, Mar\u00eda Flor se dedic\u00f3 a trabajar con su comunidad ind\u00edgena de los Monos, donde, junto con sus t\u00edos, fue aprendiendo [&hellip;]<\/p>\n","protected":false},"author":7,"featured_media":14242,"parent":0,"menu_order":11,"comment_status":"open","ping_status":"closed","template":"","meta":{"footnotes":""},"class_list":["post-14450","page","type-page","status-publish","has-post-thumbnail","hentry"],"yoast_head":"<!-- This site is optimized with the Yoast SEO plugin v23.1 - https:\/\/yoast.com\/wordpress\/plugins\/seo\/ -->\n<title>Mujer Cafam Amazonas - Libros de Oro 2019<\/title>\n<meta name=\"robots\" content=\"index, follow, max-snippet:-1, max-image-preview:large, max-video-preview:-1\" \/>\n<link rel=\"canonical\" href=\"https:\/\/librosdeoro.cafam.com.co\/libro2019\/mujer-cafam-amazonas\/\" \/>\n<meta property=\"og:locale\" content=\"es_ES\" \/>\n<meta property=\"og:type\" content=\"article\" \/>\n<meta property=\"og:title\" content=\"Mujer Cafam Amazonas - Libros de Oro 2019\" \/>\n<meta property=\"og:description\" content=\"[vc_row fullwidth=&#8221;true&#8221; padding=&#8221;0&#8243; css=&#8221;.vc_custom_1574100482494{margin-top: -110px !important;margin-right: 0px !important;margin-left: 0px !important;padding-top: 0px !important;padding-right: 0px !important;padding-bottom: 0px !important;padding-left: 0px !important;}&#8221;][vc_column][vc_single_image image=&#8221;14242&#8243; img_size=&#8221;full&#8221; alignment=&#8221;center&#8221; css=&#8221;.vc_custom_1574198288310{margin-right: -50px !important;}&#8221;][\/vc_column][\/vc_row][vc_row column_padding=&#8221;2&#8243; animation=&#8221;bottom-to-top&#8221;][vc_column width=&#8221;1\/2&#8243;][vc_column_text css=&#8221;.vc_custom_1575385845629{margin-bottom: 0px !important;}&#8221;] A partir sus 15 a\u00f1os, Mar\u00eda Flor se dedic\u00f3 a trabajar con su comunidad ind\u00edgena de los Monos, donde, junto con sus t\u00edos, fue aprendiendo [&hellip;]\" \/>\n<meta property=\"og:url\" content=\"https:\/\/librosdeoro.cafam.com.co\/libro2019\/mujer-cafam-amazonas\/\" \/>\n<meta property=\"og:site_name\" content=\"Libros de Oro 2019\" \/>\n<meta property=\"article:modified_time\" content=\"2019-12-04T19:43:21+00:00\" \/>\n<meta property=\"og:image\" content=\"https:\/\/librosdeoro.cafam.com.co\/libro2019\/wp-content\/uploads\/sites\/8\/2019\/11\/1.png\" \/>\n\t<meta property=\"og:image:width\" content=\"1800\" \/>\n\t<meta property=\"og:image:height\" content=\"1099\" \/>\n\t<meta property=\"og:image:type\" content=\"image\/png\" \/>\n<meta name=\"twitter:card\" content=\"summary_large_image\" \/>\n<meta name=\"twitter:label1\" content=\"Tiempo de lectura\" \/>\n\t<meta name=\"twitter:data1\" content=\"3 minutos\" \/>\n<script type=\"application\/ld+json\" class=\"yoast-schema-graph\">{\"@context\":\"https:\/\/schema.org\",\"@graph\":[{\"@type\":\"WebPage\",\"@id\":\"https:\/\/librosdeoro.cafam.com.co\/libro2019\/mujer-cafam-amazonas\/\",\"url\":\"https:\/\/librosdeoro.cafam.com.co\/libro2019\/mujer-cafam-amazonas\/\",\"name\":\"Mujer Cafam Amazonas - Libros de Oro 2019\",\"isPartOf\":{\"@id\":\"https:\/\/librosdeoro.cafam.com.co\/libro2019\/#website\"},\"primaryImageOfPage\":{\"@id\":\"https:\/\/librosdeoro.cafam.com.co\/libro2019\/mujer-cafam-amazonas\/#primaryimage\"},\"image\":{\"@id\":\"https:\/\/librosdeoro.cafam.com.co\/libro2019\/mujer-cafam-amazonas\/#primaryimage\"},\"thumbnailUrl\":\"https:\/\/librosdeoro.cafam.com.co\/libro2019\/wp-content\/uploads\/sites\/8\/2019\/11\/1.png\",\"datePublished\":\"2019-01-17T23:00:35+00:00\",\"dateModified\":\"2019-12-04T19:43:21+00:00\",\"breadcrumb\":{\"@id\":\"https:\/\/librosdeoro.cafam.com.co\/libro2019\/mujer-cafam-amazonas\/#breadcrumb\"},\"inLanguage\":\"es-CO\",\"potentialAction\":[{\"@type\":\"ReadAction\",\"target\":[\"https:\/\/librosdeoro.cafam.com.co\/libro2019\/mujer-cafam-amazonas\/\"]}]},{\"@type\":\"ImageObject\",\"inLanguage\":\"es-CO\",\"@id\":\"https:\/\/librosdeoro.cafam.com.co\/libro2019\/mujer-cafam-amazonas\/#primaryimage\",\"url\":\"https:\/\/librosdeoro.cafam.com.co\/libro2019\/wp-content\/uploads\/sites\/8\/2019\/11\/1.png\",\"contentUrl\":\"https:\/\/librosdeoro.cafam.com.co\/libro2019\/wp-content\/uploads\/sites\/8\/2019\/11\/1.png\",\"width\":1800,\"height\":1099},{\"@type\":\"BreadcrumbList\",\"@id\":\"https:\/\/librosdeoro.cafam.com.co\/libro2019\/mujer-cafam-amazonas\/#breadcrumb\",\"itemListElement\":[{\"@type\":\"ListItem\",\"position\":1,\"name\":\"Home\",\"item\":\"https:\/\/librosdeoro.cafam.com.co\/libro2019\/\"},{\"@type\":\"ListItem\",\"position\":2,\"name\":\"Mujer Cafam Amazonas\"}]},{\"@type\":\"WebSite\",\"@id\":\"https:\/\/librosdeoro.cafam.com.co\/libro2019\/#website\",\"url\":\"https:\/\/librosdeoro.cafam.com.co\/libro2019\/\",\"name\":\"Libros de Oro 2019\",\"description\":\"\",\"potentialAction\":[{\"@type\":\"SearchAction\",\"target\":{\"@type\":\"EntryPoint\",\"urlTemplate\":\"https:\/\/librosdeoro.cafam.com.co\/libro2019\/?s={search_term_string}\"},\"query-input\":\"required name=search_term_string\"}],\"inLanguage\":\"es-CO\"}]}<\/script>\n<!-- \/ Yoast SEO plugin. -->","yoast_head_json":{"title":"Mujer Cafam Amazonas - Libros de Oro 2019","robots":{"index":"index","follow":"follow","max-snippet":"max-snippet:-1","max-image-preview":"max-image-preview:large","max-video-preview":"max-video-preview:-1"},"canonical":"https:\/\/librosdeoro.cafam.com.co\/libro2019\/mujer-cafam-amazonas\/","og_locale":"es_ES","og_type":"article","og_title":"Mujer Cafam Amazonas - Libros de Oro 2019","og_description":"[vc_row fullwidth=&#8221;true&#8221; padding=&#8221;0&#8243; css=&#8221;.vc_custom_1574100482494{margin-top: -110px !important;margin-right: 0px !important;margin-left: 0px !important;padding-top: 0px !important;padding-right: 0px !important;padding-bottom: 0px !important;padding-left: 0px !important;}&#8221;][vc_column][vc_single_image image=&#8221;14242&#8243; img_size=&#8221;full&#8221; alignment=&#8221;center&#8221; css=&#8221;.vc_custom_1574198288310{margin-right: -50px !important;}&#8221;][\/vc_column][\/vc_row][vc_row column_padding=&#8221;2&#8243; animation=&#8221;bottom-to-top&#8221;][vc_column width=&#8221;1\/2&#8243;][vc_column_text css=&#8221;.vc_custom_1575385845629{margin-bottom: 0px !important;}&#8221;] A partir sus 15 a\u00f1os, Mar\u00eda Flor se dedic\u00f3 a trabajar con su comunidad ind\u00edgena de los Monos, donde, junto con sus t\u00edos, fue aprendiendo [&hellip;]","og_url":"https:\/\/librosdeoro.cafam.com.co\/libro2019\/mujer-cafam-amazonas\/","og_site_name":"Libros de Oro 2019","article_modified_time":"2019-12-04T19:43:21+00:00","og_image":[{"width":1800,"height":1099,"url":"https:\/\/librosdeoro.cafam.com.co\/libro2019\/wp-content\/uploads\/sites\/8\/2019\/11\/1.png","type":"image\/png"}],"twitter_card":"summary_large_image","twitter_misc":{"Tiempo de lectura":"3 minutos"},"schema":{"@context":"https:\/\/schema.org","@graph":[{"@type":"WebPage","@id":"https:\/\/librosdeoro.cafam.com.co\/libro2019\/mujer-cafam-amazonas\/","url":"https:\/\/librosdeoro.cafam.com.co\/libro2019\/mujer-cafam-amazonas\/","name":"Mujer Cafam Amazonas - Libros de Oro 2019","isPartOf":{"@id":"https:\/\/librosdeoro.cafam.com.co\/libro2019\/#website"},"primaryImageOfPage":{"@id":"https:\/\/librosdeoro.cafam.com.co\/libro2019\/mujer-cafam-amazonas\/#primaryimage"},"image":{"@id":"https:\/\/librosdeoro.cafam.com.co\/libro2019\/mujer-cafam-amazonas\/#primaryimage"},"thumbnailUrl":"https:\/\/librosdeoro.cafam.com.co\/libro2019\/wp-content\/uploads\/sites\/8\/2019\/11\/1.png","datePublished":"2019-01-17T23:00:35+00:00","dateModified":"2019-12-04T19:43:21+00:00","breadcrumb":{"@id":"https:\/\/librosdeoro.cafam.com.co\/libro2019\/mujer-cafam-amazonas\/#breadcrumb"},"inLanguage":"es-CO","potentialAction":[{"@type":"ReadAction","target":["https:\/\/librosdeoro.cafam.com.co\/libro2019\/mujer-cafam-amazonas\/"]}]},{"@type":"ImageObject","inLanguage":"es-CO","@id":"https:\/\/librosdeoro.cafam.com.co\/libro2019\/mujer-cafam-amazonas\/#primaryimage","url":"https:\/\/librosdeoro.cafam.com.co\/libro2019\/wp-content\/uploads\/sites\/8\/2019\/11\/1.png","contentUrl":"https:\/\/librosdeoro.cafam.com.co\/libro2019\/wp-content\/uploads\/sites\/8\/2019\/11\/1.png","width":1800,"height":1099},{"@type":"BreadcrumbList","@id":"https:\/\/librosdeoro.cafam.com.co\/libro2019\/mujer-cafam-amazonas\/#breadcrumb","itemListElement":[{"@type":"ListItem","position":1,"name":"Home","item":"https:\/\/librosdeoro.cafam.com.co\/libro2019\/"},{"@type":"ListItem","position":2,"name":"Mujer Cafam Amazonas"}]},{"@type":"WebSite","@id":"https:\/\/librosdeoro.cafam.com.co\/libro2019\/#website","url":"https:\/\/librosdeoro.cafam.com.co\/libro2019\/","name":"Libros de Oro 2019","description":"","potentialAction":[{"@type":"SearchAction","target":{"@type":"EntryPoint","urlTemplate":"https:\/\/librosdeoro.cafam.com.co\/libro2019\/?s={search_term_string}"},"query-input":"required name=search_term_string"}],"inLanguage":"es-CO"}]}},"_links":{"self":[{"href":"https:\/\/librosdeoro.cafam.com.co\/libro2019\/wp-json\/wp\/v2\/pages\/14450","targetHints":{"allow":["GET"]}}],"collection":[{"href":"https:\/\/librosdeoro.cafam.com.co\/libro2019\/wp-json\/wp\/v2\/pages"}],"about":[{"href":"https:\/\/librosdeoro.cafam.com.co\/libro2019\/wp-json\/wp\/v2\/types\/page"}],"author":[{"embeddable":true,"href":"https:\/\/librosdeoro.cafam.com.co\/libro2019\/wp-json\/wp\/v2\/users\/7"}],"replies":[{"embeddable":true,"href":"https:\/\/librosdeoro.cafam.com.co\/libro2019\/wp-json\/wp\/v2\/comments?post=14450"}],"version-history":[{"count":8,"href":"https:\/\/librosdeoro.cafam.com.co\/libro2019\/wp-json\/wp\/v2\/pages\/14450\/revisions"}],"predecessor-version":[{"id":16267,"href":"https:\/\/librosdeoro.cafam.com.co\/libro2019\/wp-json\/wp\/v2\/pages\/14450\/revisions\/16267"}],"wp:featuredmedia":[{"embeddable":true,"href":"https:\/\/librosdeoro.cafam.com.co\/libro2019\/wp-json\/wp\/v2\/media\/14242"}],"wp:attachment":[{"href":"https:\/\/librosdeoro.cafam.com.co\/libro2019\/wp-json\/wp\/v2\/media?parent=14450"}],"curies":[{"name":"wp","href":"https:\/\/api.w.org\/{rel}","templated":true}]}}