{"id":14434,"date":"2019-02-05T00:00:41","date_gmt":"2019-02-04T23:00:41","guid":{"rendered":"https:\/\/adlive.com.co\/proyectos\/cafam\/?page_id=14434"},"modified":"2019-12-05T01:38:20","modified_gmt":"2019-12-05T00:38:20","slug":"mujer-cafam-quindio","status":"publish","type":"page","link":"https:\/\/librosdeoro.cafam.com.co\/libro2019\/mujer-cafam-quindio\/","title":{"rendered":"Mujer Cafam Quindio"},"content":{"rendered":"<p>[vc_row fullwidth=&#8221;true&#8221; padding=&#8221;0&#8243; css=&#8221;.vc_custom_1574100482494{margin-top: -110px !important;margin-right: 0px !important;margin-left: 0px !important;padding-top: 0px !important;padding-right: 0px !important;padding-bottom: 0px !important;padding-left: 0px !important;}&#8221;][vc_column][vc_single_image image=&#8221;16289&#8243; img_size=&#8221;full&#8221; alignment=&#8221;center&#8221; css=&#8221;.vc_custom_1575506297278{margin-right: -50px !important;}&#8221;][\/vc_column][\/vc_row][vc_row column_padding=&#8221;2&#8243; animation=&#8221;bottom-to-top&#8221;][vc_column width=&#8221;1\/2&#8243;][vc_column_text css=&#8221;.vc_custom_1574196511794{margin-bottom: 0px !important;}&#8221;]<\/p>\n<p style=\"text-align: justify;\">El sue\u00f1o de toda quincea\u00f1era era diferente en Laura, pues ella decidi\u00f3 cultivar caf\u00e9 en la peque\u00f1a finca que su familia ten\u00eda pr\u00e1cticamente abandonada, para ello reacondicion\u00f3 la vivienda que se encontraba all\u00ed convirti\u00e9ndola en su hogar y epicentro de su proyecto.<\/p>\n<p style=\"text-align: justify;\">Para su sue\u00f1o consigui\u00f3 que un conocido se encargara de las primeras adecuaciones de la tierra, pero este trabajador desert\u00f3 al ver que no hab\u00eda un pago oportuno.<\/p>\n<p style=\"text-align: justify;\">Luego se fue a Calarc\u00e1, su pueblo, a contar su historia y buscar apoyo del Comit\u00e9 de Cafeteros, del cual logr\u00f3 recibir sus primeras 5.000 semillas del grano. Sus padres le ayudaron a gestionar dos pr\u00e9stamos, uno para pagar la deuda del trabajador y otro para iniciar con su proyecto.<\/p>\n<p style=\"text-align: justify;\">Con una de las becas que se les otorgan a los campesinos estudi\u00f3 Producci\u00f3n de Caf\u00e9s Especiales. Adem\u00e1s, la Fundaci\u00f3n Bol\u00edvar Davivienda la escogi\u00f3, junto con otros j\u00f3venes caficultores de la regi\u00f3n, como \u201csemilla humana\u201d para promover la sostenibilidad y empoderar a la comunidad en el trabajo colectivo a partir del caf\u00e9.<\/p>\n<p>[\/vc_column_text][vc_single_image image=&#8221;14441&#8243; img_size=&#8221;full&#8221;][vc_video link=&#8221;https:\/\/www.youtube.com\/watch?v=ySt8TPLfDuQ&#8221;][vc_empty_space][\/vc_column][vc_column width=&#8221;1\/2&#8243;][vc_column_text css=&#8221;.vc_custom_1575392847813{margin-bottom: 0px !important;}&#8221;]<\/p>\n<p style=\"text-align: justify;\">Por ello, crea la <strong>Asociaci\u00f3n Herencia Campesina del Quind\u00edo (Herencia 24),<\/strong> con la cual imprime juventud, sabor y tradici\u00f3n a la marca de caf\u00e9, no solo buscan venderlo, sino que presentan un enfoque moderno empresarial de empalme generacional con especial claridad sobre la salvaguarda de la caficultura y los derechos de la mujer, beneficiando cerca de 200 personas.<\/p>\n<p>[\/vc_column_text][vc_empty_space][vc_row_inner css=&#8221;.vc_custom_1574177712143{background-color: rgba(140,197,64,0.1) !important;*background-color: rgb(140,197,64) !important;}&#8221;][vc_column_inner][vc_empty_space][mk_button dimension=&#8221;flat&#8221; size=&#8221;x-large&#8221; align=&#8221;center&#8221; fullwidth=&#8221;true&#8221; margin_bottom=&#8221;5&#8243; bg_color=&#8221;#8bc442&#8243; btn_hover_bg=&#8221;#000000&#8243;]Conoce m\u00e1s de Laura [\/mk_button][\/vc_column_inner][\/vc_row_inner][vc_row_inner css=&#8221;.vc_custom_1574177695865{background-color: rgba(140,197,64,0.1) !important;*background-color: rgb(140,197,64) !important;}&#8221;][vc_column_inner][vc_column_text css=&#8221;.vc_custom_1574197226224{margin-bottom: 0px !important;padding-top: 10px !important;padding-right: 40px !important;padding-left: 40px !important;}&#8221;]<\/p>\n<p style=\"text-align: justify;\">\u00a0Desde que era una ni\u00f1a Laura sent\u00eda un fuerte v\u00ednculo con la tierra, miraba desde lejos una finca en lo alto de una monta\u00f1a que pertenece a su familia, pero parec\u00eda m\u00e1s un predio abandonado que la seduc\u00eda a distancia, pues por razones de orden p\u00fablico le imped\u00eda visitar el sector.<\/p>\n<p style=\"text-align: justify;\">Cuando era una adolecente su abuela le aconsej\u00f3 salir del campo para ir estudiar una carrera que le representara m\u00e1s dinero y reconocimiento, porque pensaba que si se quedaba y decid\u00eda trabajar en el sector agr\u00edcola y agropecuario no lograr\u00eda sus metas, ni salir adelante. Pero a los 15 a\u00f1os al terminar su bachillerato, tom\u00f3 una decisi\u00f3n que cambiar\u00eda el destino de su familia y el de ella: vivir del caf\u00e9.<\/p>\n<p>[\/vc_column_text][vc_empty_space][\/vc_column_inner][\/vc_row_inner][vc_empty_space][vc_single_image image=&#8221;14443&#8243; img_size=&#8221;full&#8221;][vc_empty_space][\/vc_column][\/vc_row][vc_row animation=&#8221;bottom-to-top&#8221;][vc_column][mk_gallery images=&#8221;14978,14979,14980,14982,14983,14984,14985&#8243; style=&#8221;style3&#8243; overlay_color=&#8221;rgba(130,36,227,0.69)&#8221;][\/vc_column][\/vc_row]<\/p>\n","protected":false},"excerpt":{"rendered":"<p>[vc_row fullwidth=&#8221;true&#8221; padding=&#8221;0&#8243; css=&#8221;.vc_custom_1574100482494{margin-top: -110px !important;margin-right: 0px !important;margin-left: 0px !important;padding-top: 0px !important;padding-right: 0px !important;padding-bottom: 0px !important;padding-left: 0px !important;}&#8221;][vc_column][vc_single_image image=&#8221;16289&#8243; img_size=&#8221;full&#8221; alignment=&#8221;center&#8221; css=&#8221;.vc_custom_1575506297278{margin-right: -50px !important;}&#8221;][\/vc_column][\/vc_row][vc_row column_padding=&#8221;2&#8243; animation=&#8221;bottom-to-top&#8221;][vc_column width=&#8221;1\/2&#8243;][vc_column_text css=&#8221;.vc_custom_1574196511794{margin-bottom: 0px !important;}&#8221;] El sue\u00f1o de toda quincea\u00f1era era diferente en Laura, pues ella decidi\u00f3 cultivar caf\u00e9 en la peque\u00f1a finca que su familia ten\u00eda pr\u00e1cticamente abandonada, para [&hellip;]<\/p>\n","protected":false},"author":7,"featured_media":0,"parent":0,"menu_order":31,"comment_status":"open","ping_status":"closed","template":"","meta":{"footnotes":""},"class_list":["post-14434","page","type-page","status-publish","hentry"],"yoast_head":"<!-- This site is optimized with the Yoast SEO plugin v23.1 - https:\/\/yoast.com\/wordpress\/plugins\/seo\/ -->\n<title>Mujer Cafam Quindio - Libros de Oro 2019<\/title>\n<meta name=\"robots\" content=\"index, follow, max-snippet:-1, max-image-preview:large, max-video-preview:-1\" \/>\n<link rel=\"canonical\" href=\"https:\/\/librosdeoro.cafam.com.co\/libro2019\/mujer-cafam-quindio\/\" \/>\n<meta property=\"og:locale\" content=\"es_ES\" \/>\n<meta property=\"og:type\" content=\"article\" \/>\n<meta property=\"og:title\" content=\"Mujer Cafam Quindio - Libros de Oro 2019\" \/>\n<meta property=\"og:description\" content=\"[vc_row fullwidth=&#8221;true&#8221; padding=&#8221;0&#8243; css=&#8221;.vc_custom_1574100482494{margin-top: -110px !important;margin-right: 0px !important;margin-left: 0px !important;padding-top: 0px !important;padding-right: 0px !important;padding-bottom: 0px !important;padding-left: 0px !important;}&#8221;][vc_column][vc_single_image image=&#8221;16289&#8243; img_size=&#8221;full&#8221; alignment=&#8221;center&#8221; css=&#8221;.vc_custom_1575506297278{margin-right: -50px !important;}&#8221;][\/vc_column][\/vc_row][vc_row column_padding=&#8221;2&#8243; animation=&#8221;bottom-to-top&#8221;][vc_column width=&#8221;1\/2&#8243;][vc_column_text css=&#8221;.vc_custom_1574196511794{margin-bottom: 0px !important;}&#8221;] El sue\u00f1o de toda quincea\u00f1era era diferente en Laura, pues ella decidi\u00f3 cultivar caf\u00e9 en la peque\u00f1a finca que su familia ten\u00eda pr\u00e1cticamente abandonada, para [&hellip;]\" \/>\n<meta property=\"og:url\" content=\"https:\/\/librosdeoro.cafam.com.co\/libro2019\/mujer-cafam-quindio\/\" \/>\n<meta property=\"og:site_name\" content=\"Libros de Oro 2019\" \/>\n<meta property=\"article:modified_time\" content=\"2019-12-05T00:38:20+00:00\" \/>\n<meta name=\"twitter:card\" content=\"summary_large_image\" \/>\n<meta name=\"twitter:label1\" content=\"Tiempo de lectura\" \/>\n\t<meta name=\"twitter:data1\" content=\"3 minutos\" \/>\n<script type=\"application\/ld+json\" class=\"yoast-schema-graph\">{\"@context\":\"https:\/\/schema.org\",\"@graph\":[{\"@type\":\"WebPage\",\"@id\":\"https:\/\/librosdeoro.cafam.com.co\/libro2019\/mujer-cafam-quindio\/\",\"url\":\"https:\/\/librosdeoro.cafam.com.co\/libro2019\/mujer-cafam-quindio\/\",\"name\":\"Mujer Cafam Quindio - Libros de Oro 2019\",\"isPartOf\":{\"@id\":\"https:\/\/librosdeoro.cafam.com.co\/libro2019\/#website\"},\"datePublished\":\"2019-02-04T23:00:41+00:00\",\"dateModified\":\"2019-12-05T00:38:20+00:00\",\"breadcrumb\":{\"@id\":\"https:\/\/librosdeoro.cafam.com.co\/libro2019\/mujer-cafam-quindio\/#breadcrumb\"},\"inLanguage\":\"es-CO\",\"potentialAction\":[{\"@type\":\"ReadAction\",\"target\":[\"https:\/\/librosdeoro.cafam.com.co\/libro2019\/mujer-cafam-quindio\/\"]}]},{\"@type\":\"BreadcrumbList\",\"@id\":\"https:\/\/librosdeoro.cafam.com.co\/libro2019\/mujer-cafam-quindio\/#breadcrumb\",\"itemListElement\":[{\"@type\":\"ListItem\",\"position\":1,\"name\":\"Home\",\"item\":\"https:\/\/librosdeoro.cafam.com.co\/libro2019\/\"},{\"@type\":\"ListItem\",\"position\":2,\"name\":\"Mujer Cafam Quindio\"}]},{\"@type\":\"WebSite\",\"@id\":\"https:\/\/librosdeoro.cafam.com.co\/libro2019\/#website\",\"url\":\"https:\/\/librosdeoro.cafam.com.co\/libro2019\/\",\"name\":\"Libros de Oro 2019\",\"description\":\"\",\"potentialAction\":[{\"@type\":\"SearchAction\",\"target\":{\"@type\":\"EntryPoint\",\"urlTemplate\":\"https:\/\/librosdeoro.cafam.com.co\/libro2019\/?s={search_term_string}\"},\"query-input\":\"required name=search_term_string\"}],\"inLanguage\":\"es-CO\"}]}<\/script>\n<!-- \/ Yoast SEO plugin. -->","yoast_head_json":{"title":"Mujer Cafam Quindio - Libros de Oro 2019","robots":{"index":"index","follow":"follow","max-snippet":"max-snippet:-1","max-image-preview":"max-image-preview:large","max-video-preview":"max-video-preview:-1"},"canonical":"https:\/\/librosdeoro.cafam.com.co\/libro2019\/mujer-cafam-quindio\/","og_locale":"es_ES","og_type":"article","og_title":"Mujer Cafam Quindio - Libros de Oro 2019","og_description":"[vc_row fullwidth=&#8221;true&#8221; padding=&#8221;0&#8243; css=&#8221;.vc_custom_1574100482494{margin-top: -110px !important;margin-right: 0px !important;margin-left: 0px !important;padding-top: 0px !important;padding-right: 0px !important;padding-bottom: 0px !important;padding-left: 0px !important;}&#8221;][vc_column][vc_single_image image=&#8221;16289&#8243; img_size=&#8221;full&#8221; alignment=&#8221;center&#8221; css=&#8221;.vc_custom_1575506297278{margin-right: -50px !important;}&#8221;][\/vc_column][\/vc_row][vc_row column_padding=&#8221;2&#8243; animation=&#8221;bottom-to-top&#8221;][vc_column width=&#8221;1\/2&#8243;][vc_column_text css=&#8221;.vc_custom_1574196511794{margin-bottom: 0px !important;}&#8221;] El sue\u00f1o de toda quincea\u00f1era era diferente en Laura, pues ella decidi\u00f3 cultivar caf\u00e9 en la peque\u00f1a finca que su familia ten\u00eda pr\u00e1cticamente abandonada, para [&hellip;]","og_url":"https:\/\/librosdeoro.cafam.com.co\/libro2019\/mujer-cafam-quindio\/","og_site_name":"Libros de Oro 2019","article_modified_time":"2019-12-05T00:38:20+00:00","twitter_card":"summary_large_image","twitter_misc":{"Tiempo de lectura":"3 minutos"},"schema":{"@context":"https:\/\/schema.org","@graph":[{"@type":"WebPage","@id":"https:\/\/librosdeoro.cafam.com.co\/libro2019\/mujer-cafam-quindio\/","url":"https:\/\/librosdeoro.cafam.com.co\/libro2019\/mujer-cafam-quindio\/","name":"Mujer Cafam Quindio - Libros de Oro 2019","isPartOf":{"@id":"https:\/\/librosdeoro.cafam.com.co\/libro2019\/#website"},"datePublished":"2019-02-04T23:00:41+00:00","dateModified":"2019-12-05T00:38:20+00:00","breadcrumb":{"@id":"https:\/\/librosdeoro.cafam.com.co\/libro2019\/mujer-cafam-quindio\/#breadcrumb"},"inLanguage":"es-CO","potentialAction":[{"@type":"ReadAction","target":["https:\/\/librosdeoro.cafam.com.co\/libro2019\/mujer-cafam-quindio\/"]}]},{"@type":"BreadcrumbList","@id":"https:\/\/librosdeoro.cafam.com.co\/libro2019\/mujer-cafam-quindio\/#breadcrumb","itemListElement":[{"@type":"ListItem","position":1,"name":"Home","item":"https:\/\/librosdeoro.cafam.com.co\/libro2019\/"},{"@type":"ListItem","position":2,"name":"Mujer Cafam Quindio"}]},{"@type":"WebSite","@id":"https:\/\/librosdeoro.cafam.com.co\/libro2019\/#website","url":"https:\/\/librosdeoro.cafam.com.co\/libro2019\/","name":"Libros de Oro 2019","description":"","potentialAction":[{"@type":"SearchAction","target":{"@type":"EntryPoint","urlTemplate":"https:\/\/librosdeoro.cafam.com.co\/libro2019\/?s={search_term_string}"},"query-input":"required name=search_term_string"}],"inLanguage":"es-CO"}]}},"_links":{"self":[{"href":"https:\/\/librosdeoro.cafam.com.co\/libro2019\/wp-json\/wp\/v2\/pages\/14434","targetHints":{"allow":["GET"]}}],"collection":[{"href":"https:\/\/librosdeoro.cafam.com.co\/libro2019\/wp-json\/wp\/v2\/pages"}],"about":[{"href":"https:\/\/librosdeoro.cafam.com.co\/libro2019\/wp-json\/wp\/v2\/types\/page"}],"author":[{"embeddable":true,"href":"https:\/\/librosdeoro.cafam.com.co\/libro2019\/wp-json\/wp\/v2\/users\/7"}],"replies":[{"embeddable":true,"href":"https:\/\/librosdeoro.cafam.com.co\/libro2019\/wp-json\/wp\/v2\/comments?post=14434"}],"version-history":[{"count":10,"href":"https:\/\/librosdeoro.cafam.com.co\/libro2019\/wp-json\/wp\/v2\/pages\/14434\/revisions"}],"predecessor-version":[{"id":16291,"href":"https:\/\/librosdeoro.cafam.com.co\/libro2019\/wp-json\/wp\/v2\/pages\/14434\/revisions\/16291"}],"wp:attachment":[{"href":"https:\/\/librosdeoro.cafam.com.co\/libro2019\/wp-json\/wp\/v2\/media?parent=14434"}],"curies":[{"name":"wp","href":"https:\/\/api.w.org\/{rel}","templated":true}]}}