{"id":14410,"date":"2019-02-02T00:00:10","date_gmt":"2019-02-01T23:00:10","guid":{"rendered":"https:\/\/adlive.com.co\/proyectos\/cafam\/?page_id=14410"},"modified":"2019-12-05T01:39:52","modified_gmt":"2019-12-05T00:39:52","slug":"mujer-cafam-meta","status":"publish","type":"page","link":"https:\/\/librosdeoro.cafam.com.co\/libro2019\/mujer-cafam-meta\/","title":{"rendered":"Mujer Cafam Meta"},"content":{"rendered":"<p>[vc_row fullwidth=&#8221;true&#8221; padding=&#8221;0&#8243; css=&#8221;.vc_custom_1574100482494{margin-top: -110px !important;margin-right: 0px !important;margin-left: 0px !important;padding-top: 0px !important;padding-right: 0px !important;padding-bottom: 0px !important;padding-left: 0px !important;}&#8221;][vc_column][vc_single_image image=&#8221;16290&#8243; img_size=&#8221;full&#8221; alignment=&#8221;center&#8221; css=&#8221;.vc_custom_1575506389993{margin-right: -50px !important;}&#8221;][\/vc_column][\/vc_row][vc_row column_padding=&#8221;2&#8243; animation=&#8221;bottom-to-top&#8221;][vc_column width=&#8221;1\/2&#8243;][vc_column_text css=&#8221;.vc_custom_1575392543509{margin-bottom: 0px !important;}&#8221;]<\/p>\n<p style=\"text-align: justify;\">La obra de Cielo se desarrolla en Jard\u00edn de las Pe\u00f1as en Mesetas (Meta) y sus veredas, all\u00ed se encuentra el Parque Natural Serran\u00eda de la Macarena, una reserva ecol\u00f3gica en la que est\u00e1 el conocido destino tur\u00edstico Ca\u00f1o Cristales, complementado con cascadas, r\u00edos, rocas y monta\u00f1as que no se conoc\u00edan debido al conflicto armado. Una vez la guerrilla desinstal\u00f3 los campamentos.<\/p>\n<p style=\"text-align: justify;\">Por ello, en el terreno iniciaron un cultivo de caf\u00e9 en 60 hect\u00e1reas, que en la actualidad son 120. Tambi\u00e9n con esta obra surgen dos proyectos: el primero se enfoca en promover el ecoturismo en entornos naturales, desarrollando la marca <strong>Tapir&#8217;s Adventure<\/strong> ofreciendo actividades de espeleolog\u00eda, paisajismo, senderismo, hidrosenderismo, torrentismo, avistamiento de fauna y flora y la ruta del caf\u00e9, lo que permite a los turistas interactuar con la realidad de las familias campesinas en un \u00e1rea de reserva natural.<\/p>\n<p>[\/vc_column_text][vc_single_image image=&#8221;16228&#8243; img_size=&#8221;full&#8221;][vc_empty_space][vc_video link=&#8221;https:\/\/www.youtube.com\/watch?v=LIC0p-I-aXA&#8221;][vc_empty_space height=&#8221;50px&#8221;][\/vc_column][vc_column width=&#8221;1\/2&#8243;][vc_column_text css=&#8221;.vc_custom_1574195246855{margin-bottom: 0px !important;}&#8221;]<\/p>\n<p style=\"text-align: justify;\">El segundo, busca el aprovechamiento sostenible de los recursos naturales, motivando a la comunidad para que no contin\u00fae talando los bosques para incrementar la ganader\u00eda extensiva. Con esto lograron desarrollar la marca Caf\u00e9 Serrano siendo su comercializaci\u00f3n el reto que tienen por delante y para el cual se est\u00e1n preparando.<\/p>\n<p>[\/vc_column_text][vc_row_inner css=&#8221;.vc_custom_1574177885278{background-color: rgba(224,152,105,0.1) !important;*background-color: rgb(224,152,105) !important;}&#8221;][vc_column_inner][vc_empty_space][mk_button dimension=&#8221;flat&#8221; size=&#8221;x-large&#8221; align=&#8221;center&#8221; fullwidth=&#8221;true&#8221; margin_bottom=&#8221;5&#8243; bg_color=&#8221;#ee7b3b&#8221; btn_hover_bg=&#8221;#000000&#8243;]Conoce m\u00e1s de Cielo[\/mk_button][\/vc_column_inner][\/vc_row_inner][vc_row_inner css=&#8221;.vc_custom_1574177870734{background-color: rgba(224,152,105,0.1) !important;*background-color: rgb(224,152,105) !important;}&#8221;][vc_column_inner][vc_column_text css=&#8221;.vc_custom_1574781565555{margin-bottom: 0px !important;padding-top: 10px !important;padding-right: 40px !important;padding-left: 40px !important;}&#8221;]<\/p>\n<p style=\"text-align: justify;\">Cielo naci\u00f3 en Bogot\u00e1 el 25 de mayo de 1992, a pesar de que sus padres resid\u00edan en Jard\u00edn de las Pe\u00f1as en Mesetas, Meta, ellos decidieron que no deb\u00eda pasar sus primeros a\u00f1os en ese lugar ya que los grupos al margen de la ley reclutaban ni\u00f1os, por lo que decidieron dejarla en la ciudad de Bogot\u00e1. En el 2008, Cielo cumpli\u00f3 16 a\u00f1os se gradu\u00f3 del colegio y opt\u00f3 por desarrollar su proyecto de vida en la ruralidad.<\/p>\n<p style=\"text-align: justify;\">Ella siempre vio la finca de su padre como una oportunidad de hacer empresa, por eso no tuvo miedo y comenz\u00f3 a promover diferentes proyectos de tipo productivo y social con la comunidad. Organiz\u00f3 un grupo de trabajo que en cinco a\u00f1os logr\u00f3 conformarse legalmente en la Asociaci\u00f3n de Familias Productoras de Caf\u00e9 Especial y Turismo Sostenible de Mesetas, Meta (Faprocafem) compuesto actualmente por 50 familias campesinas. En el a\u00f1o 2009 la vereda Jard\u00edn de las Pe\u00f1as fue reconocida con el premio Alejandro Flores, ganando el primer puesto en taza de excelencia; y en el 2018 recibieron el Premio de Calidad que otorga la gobernaci\u00f3n en el marco de la Feria ExpoCaf\u00e9 en Lejan\u00edas, Meta. Cielo ha logrado revivir el sue\u00f1o de una comunidad campesina inmersa en una riqueza natural inigualable que por m\u00e1s de 30 a\u00f1os estuvo escondida e invisible en medio de un conflicto armado cruel, pero que hoy se encuentra renaciendo.<\/p>\n<p>[\/vc_column_text][vc_empty_space][\/vc_column_inner][\/vc_row_inner][vc_empty_space][vc_single_image image=&#8221;15380&#8243; img_size=&#8221;full&#8221;][\/vc_column][\/vc_row][vc_row animation=&#8221;bottom-to-top&#8221;][vc_column][mk_gallery images=&#8221;14951,14952,14953,14954,14955,14956,14957,14958,14959,14960,14961&#8243; overlay_color=&#8221;rgba(130,36,227,0.69)&#8221;][\/vc_column][\/vc_row]<\/p>\n","protected":false},"excerpt":{"rendered":"<p>[vc_row fullwidth=&#8221;true&#8221; padding=&#8221;0&#8243; css=&#8221;.vc_custom_1574100482494{margin-top: -110px !important;margin-right: 0px !important;margin-left: 0px !important;padding-top: 0px !important;padding-right: 0px !important;padding-bottom: 0px !important;padding-left: 0px !important;}&#8221;][vc_column][vc_single_image image=&#8221;16290&#8243; img_size=&#8221;full&#8221; alignment=&#8221;center&#8221; css=&#8221;.vc_custom_1575506389993{margin-right: -50px !important;}&#8221;][\/vc_column][\/vc_row][vc_row column_padding=&#8221;2&#8243; animation=&#8221;bottom-to-top&#8221;][vc_column width=&#8221;1\/2&#8243;][vc_column_text css=&#8221;.vc_custom_1575392543509{margin-bottom: 0px !important;}&#8221;] La obra de Cielo se desarrolla en Jard\u00edn de las Pe\u00f1as en Mesetas (Meta) y sus veredas, all\u00ed se encuentra el Parque Natural Serran\u00eda de [&hellip;]<\/p>\n","protected":false},"author":7,"featured_media":14411,"parent":0,"menu_order":28,"comment_status":"open","ping_status":"closed","template":"","meta":{"footnotes":""},"class_list":["post-14410","page","type-page","status-publish","has-post-thumbnail","hentry"],"yoast_head":"<!-- This site is optimized with the Yoast SEO plugin v23.1 - https:\/\/yoast.com\/wordpress\/plugins\/seo\/ -->\n<title>Mujer Cafam Meta - Libros de Oro 2019<\/title>\n<meta name=\"robots\" content=\"index, follow, max-snippet:-1, max-image-preview:large, max-video-preview:-1\" \/>\n<link rel=\"canonical\" href=\"https:\/\/librosdeoro.cafam.com.co\/libro2019\/mujer-cafam-meta\/\" \/>\n<meta property=\"og:locale\" content=\"es_ES\" \/>\n<meta property=\"og:type\" content=\"article\" \/>\n<meta property=\"og:title\" content=\"Mujer Cafam Meta - Libros de Oro 2019\" \/>\n<meta property=\"og:description\" content=\"[vc_row fullwidth=&#8221;true&#8221; padding=&#8221;0&#8243; css=&#8221;.vc_custom_1574100482494{margin-top: -110px !important;margin-right: 0px !important;margin-left: 0px !important;padding-top: 0px !important;padding-right: 0px !important;padding-bottom: 0px !important;padding-left: 0px !important;}&#8221;][vc_column][vc_single_image image=&#8221;16290&#8243; img_size=&#8221;full&#8221; alignment=&#8221;center&#8221; css=&#8221;.vc_custom_1575506389993{margin-right: -50px !important;}&#8221;][\/vc_column][\/vc_row][vc_row column_padding=&#8221;2&#8243; animation=&#8221;bottom-to-top&#8221;][vc_column width=&#8221;1\/2&#8243;][vc_column_text css=&#8221;.vc_custom_1575392543509{margin-bottom: 0px !important;}&#8221;] La obra de Cielo se desarrolla en Jard\u00edn de las Pe\u00f1as en Mesetas (Meta) y sus veredas, all\u00ed se encuentra el Parque Natural Serran\u00eda de [&hellip;]\" \/>\n<meta property=\"og:url\" content=\"https:\/\/librosdeoro.cafam.com.co\/libro2019\/mujer-cafam-meta\/\" \/>\n<meta property=\"og:site_name\" content=\"Libros de Oro 2019\" \/>\n<meta property=\"article:modified_time\" content=\"2019-12-05T00:39:52+00:00\" \/>\n<meta property=\"og:image\" content=\"https:\/\/librosdeoro.cafam.com.co\/libro2019\/wp-content\/uploads\/sites\/8\/2019\/11\/1-14.png\" \/>\n\t<meta property=\"og:image:width\" content=\"1800\" \/>\n\t<meta property=\"og:image:height\" content=\"1141\" \/>\n\t<meta property=\"og:image:type\" content=\"image\/png\" \/>\n<meta name=\"twitter:card\" content=\"summary_large_image\" \/>\n<meta name=\"twitter:label1\" content=\"Tiempo de lectura\" \/>\n\t<meta name=\"twitter:data1\" content=\"3 minutos\" \/>\n<script type=\"application\/ld+json\" class=\"yoast-schema-graph\">{\"@context\":\"https:\/\/schema.org\",\"@graph\":[{\"@type\":\"WebPage\",\"@id\":\"https:\/\/librosdeoro.cafam.com.co\/libro2019\/mujer-cafam-meta\/\",\"url\":\"https:\/\/librosdeoro.cafam.com.co\/libro2019\/mujer-cafam-meta\/\",\"name\":\"Mujer Cafam Meta - Libros de Oro 2019\",\"isPartOf\":{\"@id\":\"https:\/\/librosdeoro.cafam.com.co\/libro2019\/#website\"},\"primaryImageOfPage\":{\"@id\":\"https:\/\/librosdeoro.cafam.com.co\/libro2019\/mujer-cafam-meta\/#primaryimage\"},\"image\":{\"@id\":\"https:\/\/librosdeoro.cafam.com.co\/libro2019\/mujer-cafam-meta\/#primaryimage\"},\"thumbnailUrl\":\"https:\/\/librosdeoro.cafam.com.co\/libro2019\/wp-content\/uploads\/sites\/8\/2019\/11\/1-14.png\",\"datePublished\":\"2019-02-01T23:00:10+00:00\",\"dateModified\":\"2019-12-05T00:39:52+00:00\",\"breadcrumb\":{\"@id\":\"https:\/\/librosdeoro.cafam.com.co\/libro2019\/mujer-cafam-meta\/#breadcrumb\"},\"inLanguage\":\"es-CO\",\"potentialAction\":[{\"@type\":\"ReadAction\",\"target\":[\"https:\/\/librosdeoro.cafam.com.co\/libro2019\/mujer-cafam-meta\/\"]}]},{\"@type\":\"ImageObject\",\"inLanguage\":\"es-CO\",\"@id\":\"https:\/\/librosdeoro.cafam.com.co\/libro2019\/mujer-cafam-meta\/#primaryimage\",\"url\":\"https:\/\/librosdeoro.cafam.com.co\/libro2019\/wp-content\/uploads\/sites\/8\/2019\/11\/1-14.png\",\"contentUrl\":\"https:\/\/librosdeoro.cafam.com.co\/libro2019\/wp-content\/uploads\/sites\/8\/2019\/11\/1-14.png\",\"width\":1800,\"height\":1141},{\"@type\":\"BreadcrumbList\",\"@id\":\"https:\/\/librosdeoro.cafam.com.co\/libro2019\/mujer-cafam-meta\/#breadcrumb\",\"itemListElement\":[{\"@type\":\"ListItem\",\"position\":1,\"name\":\"Home\",\"item\":\"https:\/\/librosdeoro.cafam.com.co\/libro2019\/\"},{\"@type\":\"ListItem\",\"position\":2,\"name\":\"Mujer Cafam Meta\"}]},{\"@type\":\"WebSite\",\"@id\":\"https:\/\/librosdeoro.cafam.com.co\/libro2019\/#website\",\"url\":\"https:\/\/librosdeoro.cafam.com.co\/libro2019\/\",\"name\":\"Libros de Oro 2019\",\"description\":\"\",\"potentialAction\":[{\"@type\":\"SearchAction\",\"target\":{\"@type\":\"EntryPoint\",\"urlTemplate\":\"https:\/\/librosdeoro.cafam.com.co\/libro2019\/?s={search_term_string}\"},\"query-input\":\"required name=search_term_string\"}],\"inLanguage\":\"es-CO\"}]}<\/script>\n<!-- \/ Yoast SEO plugin. -->","yoast_head_json":{"title":"Mujer Cafam Meta - Libros de Oro 2019","robots":{"index":"index","follow":"follow","max-snippet":"max-snippet:-1","max-image-preview":"max-image-preview:large","max-video-preview":"max-video-preview:-1"},"canonical":"https:\/\/librosdeoro.cafam.com.co\/libro2019\/mujer-cafam-meta\/","og_locale":"es_ES","og_type":"article","og_title":"Mujer Cafam Meta - Libros de Oro 2019","og_description":"[vc_row fullwidth=&#8221;true&#8221; padding=&#8221;0&#8243; css=&#8221;.vc_custom_1574100482494{margin-top: -110px !important;margin-right: 0px !important;margin-left: 0px !important;padding-top: 0px !important;padding-right: 0px !important;padding-bottom: 0px !important;padding-left: 0px !important;}&#8221;][vc_column][vc_single_image image=&#8221;16290&#8243; img_size=&#8221;full&#8221; alignment=&#8221;center&#8221; css=&#8221;.vc_custom_1575506389993{margin-right: -50px !important;}&#8221;][\/vc_column][\/vc_row][vc_row column_padding=&#8221;2&#8243; animation=&#8221;bottom-to-top&#8221;][vc_column width=&#8221;1\/2&#8243;][vc_column_text css=&#8221;.vc_custom_1575392543509{margin-bottom: 0px !important;}&#8221;] La obra de Cielo se desarrolla en Jard\u00edn de las Pe\u00f1as en Mesetas (Meta) y sus veredas, all\u00ed se encuentra el Parque Natural Serran\u00eda de [&hellip;]","og_url":"https:\/\/librosdeoro.cafam.com.co\/libro2019\/mujer-cafam-meta\/","og_site_name":"Libros de Oro 2019","article_modified_time":"2019-12-05T00:39:52+00:00","og_image":[{"width":1800,"height":1141,"url":"https:\/\/librosdeoro.cafam.com.co\/libro2019\/wp-content\/uploads\/sites\/8\/2019\/11\/1-14.png","type":"image\/png"}],"twitter_card":"summary_large_image","twitter_misc":{"Tiempo de lectura":"3 minutos"},"schema":{"@context":"https:\/\/schema.org","@graph":[{"@type":"WebPage","@id":"https:\/\/librosdeoro.cafam.com.co\/libro2019\/mujer-cafam-meta\/","url":"https:\/\/librosdeoro.cafam.com.co\/libro2019\/mujer-cafam-meta\/","name":"Mujer Cafam Meta - Libros de Oro 2019","isPartOf":{"@id":"https:\/\/librosdeoro.cafam.com.co\/libro2019\/#website"},"primaryImageOfPage":{"@id":"https:\/\/librosdeoro.cafam.com.co\/libro2019\/mujer-cafam-meta\/#primaryimage"},"image":{"@id":"https:\/\/librosdeoro.cafam.com.co\/libro2019\/mujer-cafam-meta\/#primaryimage"},"thumbnailUrl":"https:\/\/librosdeoro.cafam.com.co\/libro2019\/wp-content\/uploads\/sites\/8\/2019\/11\/1-14.png","datePublished":"2019-02-01T23:00:10+00:00","dateModified":"2019-12-05T00:39:52+00:00","breadcrumb":{"@id":"https:\/\/librosdeoro.cafam.com.co\/libro2019\/mujer-cafam-meta\/#breadcrumb"},"inLanguage":"es-CO","potentialAction":[{"@type":"ReadAction","target":["https:\/\/librosdeoro.cafam.com.co\/libro2019\/mujer-cafam-meta\/"]}]},{"@type":"ImageObject","inLanguage":"es-CO","@id":"https:\/\/librosdeoro.cafam.com.co\/libro2019\/mujer-cafam-meta\/#primaryimage","url":"https:\/\/librosdeoro.cafam.com.co\/libro2019\/wp-content\/uploads\/sites\/8\/2019\/11\/1-14.png","contentUrl":"https:\/\/librosdeoro.cafam.com.co\/libro2019\/wp-content\/uploads\/sites\/8\/2019\/11\/1-14.png","width":1800,"height":1141},{"@type":"BreadcrumbList","@id":"https:\/\/librosdeoro.cafam.com.co\/libro2019\/mujer-cafam-meta\/#breadcrumb","itemListElement":[{"@type":"ListItem","position":1,"name":"Home","item":"https:\/\/librosdeoro.cafam.com.co\/libro2019\/"},{"@type":"ListItem","position":2,"name":"Mujer Cafam Meta"}]},{"@type":"WebSite","@id":"https:\/\/librosdeoro.cafam.com.co\/libro2019\/#website","url":"https:\/\/librosdeoro.cafam.com.co\/libro2019\/","name":"Libros de Oro 2019","description":"","potentialAction":[{"@type":"SearchAction","target":{"@type":"EntryPoint","urlTemplate":"https:\/\/librosdeoro.cafam.com.co\/libro2019\/?s={search_term_string}"},"query-input":"required name=search_term_string"}],"inLanguage":"es-CO"}]}},"_links":{"self":[{"href":"https:\/\/librosdeoro.cafam.com.co\/libro2019\/wp-json\/wp\/v2\/pages\/14410","targetHints":{"allow":["GET"]}}],"collection":[{"href":"https:\/\/librosdeoro.cafam.com.co\/libro2019\/wp-json\/wp\/v2\/pages"}],"about":[{"href":"https:\/\/librosdeoro.cafam.com.co\/libro2019\/wp-json\/wp\/v2\/types\/page"}],"author":[{"embeddable":true,"href":"https:\/\/librosdeoro.cafam.com.co\/libro2019\/wp-json\/wp\/v2\/users\/7"}],"replies":[{"embeddable":true,"href":"https:\/\/librosdeoro.cafam.com.co\/libro2019\/wp-json\/wp\/v2\/comments?post=14410"}],"version-history":[{"count":15,"href":"https:\/\/librosdeoro.cafam.com.co\/libro2019\/wp-json\/wp\/v2\/pages\/14410\/revisions"}],"predecessor-version":[{"id":16292,"href":"https:\/\/librosdeoro.cafam.com.co\/libro2019\/wp-json\/wp\/v2\/pages\/14410\/revisions\/16292"}],"wp:featuredmedia":[{"embeddable":true,"href":"https:\/\/librosdeoro.cafam.com.co\/libro2019\/wp-json\/wp\/v2\/media\/14411"}],"wp:attachment":[{"href":"https:\/\/librosdeoro.cafam.com.co\/libro2019\/wp-json\/wp\/v2\/media?parent=14410"}],"curies":[{"name":"wp","href":"https:\/\/api.w.org\/{rel}","templated":true}]}}