{"id":14401,"date":"2019-01-30T00:00:28","date_gmt":"2019-01-29T23:00:28","guid":{"rendered":"https:\/\/adlive.com.co\/proyectos\/cafam\/?page_id=14401"},"modified":"2019-12-03T17:48:22","modified_gmt":"2019-12-03T16:48:22","slug":"mujer-cafam-guajira-2","status":"publish","type":"page","link":"https:\/\/librosdeoro.cafam.com.co\/libro2019\/mujer-cafam-guajira-2\/","title":{"rendered":"Mujer Cafam Guajira"},"content":{"rendered":"<p>[vc_row fullwidth=&#8221;true&#8221; padding=&#8221;0&#8243; css=&#8221;.vc_custom_1574100482494{margin-top: -110px !important;margin-right: 0px !important;margin-left: 0px !important;padding-top: 0px !important;padding-right: 0px !important;padding-bottom: 0px !important;padding-left: 0px !important;}&#8221;][vc_column][vc_single_image image=&#8221;15379&#8243; img_size=&#8221;full&#8221; alignment=&#8221;center&#8221; css=&#8221;.vc_custom_1574780911394{margin-right: -50px !important;}&#8221;][\/vc_column][\/vc_row][vc_row column_padding=&#8221;2&#8243; animation=&#8221;bottom-to-top&#8221;][vc_column width=&#8221;1\/2&#8243;][vc_column_text css=&#8221;.vc_custom_1575391694019{margin-bottom: 0px !important;}&#8221;]<\/p>\n<p style=\"text-align: justify;\">\u00a0Esta obra inicia con el segundo embarazo de Adela, pues en el octavo mes de gestaci\u00f3n el ginec\u00f3logo mostr\u00f3 preocupaci\u00f3n porque el f\u00e9mur del beb\u00e9, med\u00eda menos cent\u00edmetros de lo normal, cuando Lluvia naci\u00f3 el 21 de noviembre de 1998, se confirmaron los pron\u00f3sticos m\u00e9dicos: ten\u00eda S\u00edndrome de Down.<\/p>\n<p style=\"text-align: justify;\">Con esto, Adela empez\u00f3 a buscar ayuda para resolver las dudas que ten\u00eda sobre la condici\u00f3n de su hija, lo que desencaden\u00f3 un grupo de apoyo en Barranquilla. Antes de que Lluvia cumpliera los 20 d\u00edas de nacida, Adela ya hab\u00eda apoyado a tres familias. Y sin saberlo y pensarlo, ese peque\u00f1o grupo que ten\u00eda, al finalizar el a\u00f1o se convirti\u00f3 en la <strong>Fundaci\u00f3n Fuerza Down,<\/strong> que actualmente cuenta con 2.800 miembros, donde impulsan a inclusi\u00f3n, los avances m\u00e9dicos y el mejoramiento de las circunstancias en las que viven las personas que padecen esta enfermedad.<\/p>\n<p>[\/vc_column_text][vc_single_image image=&#8221;14403&#8243; img_size=&#8221;full&#8221;][vc_video link=&#8221;https:\/\/www.youtube.com\/watch?v=f_LyJNm9bfI&#8221;][\/vc_column][vc_column width=&#8221;1\/2&#8243;][vc_column_text css=&#8221;.vc_custom_1574194398034{margin-bottom: 0px !important;}&#8221;]<\/p>\n<p style=\"text-align: justify;\">Tocando puertas en el sector privado, logr\u00f3 crear un Centro de Rehabilitaci\u00f3n inaugurado en febrero de 2013. All\u00ed logr\u00f3 beneficiar a m\u00e1s de 250 ni\u00f1os a trav\u00e9s de tutelas para que sus derechos fueran respetados.<\/p>\n<p>[\/vc_column_text][vc_row_inner css=&#8221;.vc_custom_1574177885278{background-color: rgba(224,152,105,0.1) !important;*background-color: rgb(224,152,105) !important;}&#8221;][vc_column_inner][vc_empty_space][mk_button dimension=&#8221;flat&#8221; size=&#8221;x-large&#8221; align=&#8221;center&#8221; fullwidth=&#8221;true&#8221; margin_bottom=&#8221;5&#8243; bg_color=&#8221;#ee7b3b&#8221; btn_hover_bg=&#8221;#000000&#8243;]Conoce m\u00e1s de Adela[\/mk_button][\/vc_column_inner][\/vc_row_inner][vc_row_inner css=&#8221;.vc_custom_1574177870734{background-color: rgba(224,152,105,0.1) !important;*background-color: rgb(224,152,105) !important;}&#8221;][vc_column_inner][vc_column_text css=&#8221;.vc_custom_1574780992825{margin-bottom: 0px !important;padding-top: 10px !important;padding-right: 40px !important;padding-left: 40px !important;}&#8221;]<\/p>\n<p style=\"text-align: justify;\">Adela naci\u00f3 en Urumita el 10 de enero de 1964, es la hija n\u00famero 6 de los 8 hijos de su madre, y la n\u00famero 17 de los 23 de su padre. Cuando fue creciendo fue consciente de que si se graduaba de bachiller tendr\u00eda que trabajar ya que al ser tantos hermanos, se le dificultar\u00eda entrar en la universidad.<\/p>\n<p style=\"text-align: justify;\">Pero a pesar de esto, Adela es una madre orgullosa de sus dos hijos: Juan Sebasti\u00e1n de 23 a\u00f1os y Lluvia Susana de 20 a\u00f1os. Adela descubri\u00f3 a temprana edad su vocaci\u00f3n, ayudando a muchas personas con sus diferentes condiciones, haci\u00e9ndolas sentir parte de un mundo donde no existe la exclusi\u00f3n ni la discriminaci\u00f3n. Y como siempre ha so\u00f1ado formarse profesionalmente, se ha inscrito en el pregrado de Trabajo Social en la Universidad de La Guajira, el cual iniciar\u00e1 en el primer semestre del 2019.<\/p>\n<p>[\/vc_column_text][vc_empty_space][\/vc_column_inner][\/vc_row_inner][vc_empty_space][vc_single_image image=&#8221;15380&#8243; img_size=&#8221;full&#8221;][\/vc_column][\/vc_row][vc_row animation=&#8221;bottom-to-top&#8221;][vc_column][mk_gallery images=&#8221;14927,14928,14929,14930,14931&#8243; overlay_color=&#8221;rgba(130,36,227,0.69)&#8221;][\/vc_column][\/vc_row]<\/p>\n","protected":false},"excerpt":{"rendered":"<p>[vc_row fullwidth=&#8221;true&#8221; padding=&#8221;0&#8243; css=&#8221;.vc_custom_1574100482494{margin-top: -110px !important;margin-right: 0px !important;margin-left: 0px !important;padding-top: 0px !important;padding-right: 0px !important;padding-bottom: 0px !important;padding-left: 0px !important;}&#8221;][vc_column][vc_single_image image=&#8221;15379&#8243; img_size=&#8221;full&#8221; alignment=&#8221;center&#8221; css=&#8221;.vc_custom_1574780911394{margin-right: -50px !important;}&#8221;][\/vc_column][\/vc_row][vc_row column_padding=&#8221;2&#8243; animation=&#8221;bottom-to-top&#8221;][vc_column width=&#8221;1\/2&#8243;][vc_column_text css=&#8221;.vc_custom_1575391694019{margin-bottom: 0px !important;}&#8221;] \u00a0Esta obra inicia con el segundo embarazo de Adela, pues en el octavo mes de gestaci\u00f3n el ginec\u00f3logo mostr\u00f3 preocupaci\u00f3n porque el f\u00e9mur del beb\u00e9, [&hellip;]<\/p>\n","protected":false},"author":7,"featured_media":14402,"parent":0,"menu_order":25,"comment_status":"open","ping_status":"closed","template":"","meta":{"footnotes":""},"class_list":["post-14401","page","type-page","status-publish","has-post-thumbnail","hentry"],"yoast_head":"<!-- This site is optimized with the Yoast SEO plugin v23.1 - https:\/\/yoast.com\/wordpress\/plugins\/seo\/ -->\n<title>Mujer Cafam Guajira - Libros de Oro 2019<\/title>\n<meta name=\"robots\" content=\"index, follow, max-snippet:-1, max-image-preview:large, max-video-preview:-1\" \/>\n<link rel=\"canonical\" href=\"https:\/\/librosdeoro.cafam.com.co\/libro2019\/mujer-cafam-guajira-2\/\" \/>\n<meta property=\"og:locale\" content=\"es_ES\" \/>\n<meta property=\"og:type\" content=\"article\" \/>\n<meta property=\"og:title\" content=\"Mujer Cafam Guajira - Libros de Oro 2019\" \/>\n<meta property=\"og:description\" content=\"[vc_row fullwidth=&#8221;true&#8221; padding=&#8221;0&#8243; css=&#8221;.vc_custom_1574100482494{margin-top: -110px !important;margin-right: 0px !important;margin-left: 0px !important;padding-top: 0px !important;padding-right: 0px !important;padding-bottom: 0px !important;padding-left: 0px !important;}&#8221;][vc_column][vc_single_image image=&#8221;15379&#8243; img_size=&#8221;full&#8221; alignment=&#8221;center&#8221; css=&#8221;.vc_custom_1574780911394{margin-right: -50px !important;}&#8221;][\/vc_column][\/vc_row][vc_row column_padding=&#8221;2&#8243; animation=&#8221;bottom-to-top&#8221;][vc_column width=&#8221;1\/2&#8243;][vc_column_text css=&#8221;.vc_custom_1575391694019{margin-bottom: 0px !important;}&#8221;] \u00a0Esta obra inicia con el segundo embarazo de Adela, pues en el octavo mes de gestaci\u00f3n el ginec\u00f3logo mostr\u00f3 preocupaci\u00f3n porque el f\u00e9mur del beb\u00e9, [&hellip;]\" \/>\n<meta property=\"og:url\" content=\"https:\/\/librosdeoro.cafam.com.co\/libro2019\/mujer-cafam-guajira-2\/\" \/>\n<meta property=\"og:site_name\" content=\"Libros de Oro 2019\" \/>\n<meta property=\"article:modified_time\" content=\"2019-12-03T16:48:22+00:00\" \/>\n<meta property=\"og:image\" content=\"https:\/\/librosdeoro.cafam.com.co\/libro2019\/wp-content\/uploads\/sites\/8\/2019\/11\/1-13.png\" \/>\n\t<meta property=\"og:image:width\" content=\"1800\" \/>\n\t<meta property=\"og:image:height\" content=\"1141\" \/>\n\t<meta property=\"og:image:type\" content=\"image\/png\" \/>\n<meta name=\"twitter:card\" content=\"summary_large_image\" \/>\n<meta name=\"twitter:label1\" content=\"Tiempo de lectura\" \/>\n\t<meta name=\"twitter:data1\" content=\"3 minutos\" \/>\n<script type=\"application\/ld+json\" class=\"yoast-schema-graph\">{\"@context\":\"https:\/\/schema.org\",\"@graph\":[{\"@type\":\"WebPage\",\"@id\":\"https:\/\/librosdeoro.cafam.com.co\/libro2019\/mujer-cafam-guajira-2\/\",\"url\":\"https:\/\/librosdeoro.cafam.com.co\/libro2019\/mujer-cafam-guajira-2\/\",\"name\":\"Mujer Cafam Guajira - Libros de Oro 2019\",\"isPartOf\":{\"@id\":\"https:\/\/librosdeoro.cafam.com.co\/libro2019\/#website\"},\"primaryImageOfPage\":{\"@id\":\"https:\/\/librosdeoro.cafam.com.co\/libro2019\/mujer-cafam-guajira-2\/#primaryimage\"},\"image\":{\"@id\":\"https:\/\/librosdeoro.cafam.com.co\/libro2019\/mujer-cafam-guajira-2\/#primaryimage\"},\"thumbnailUrl\":\"https:\/\/librosdeoro.cafam.com.co\/libro2019\/wp-content\/uploads\/sites\/8\/2019\/11\/1-13.png\",\"datePublished\":\"2019-01-29T23:00:28+00:00\",\"dateModified\":\"2019-12-03T16:48:22+00:00\",\"breadcrumb\":{\"@id\":\"https:\/\/librosdeoro.cafam.com.co\/libro2019\/mujer-cafam-guajira-2\/#breadcrumb\"},\"inLanguage\":\"es-CO\",\"potentialAction\":[{\"@type\":\"ReadAction\",\"target\":[\"https:\/\/librosdeoro.cafam.com.co\/libro2019\/mujer-cafam-guajira-2\/\"]}]},{\"@type\":\"ImageObject\",\"inLanguage\":\"es-CO\",\"@id\":\"https:\/\/librosdeoro.cafam.com.co\/libro2019\/mujer-cafam-guajira-2\/#primaryimage\",\"url\":\"https:\/\/librosdeoro.cafam.com.co\/libro2019\/wp-content\/uploads\/sites\/8\/2019\/11\/1-13.png\",\"contentUrl\":\"https:\/\/librosdeoro.cafam.com.co\/libro2019\/wp-content\/uploads\/sites\/8\/2019\/11\/1-13.png\",\"width\":1800,\"height\":1141},{\"@type\":\"BreadcrumbList\",\"@id\":\"https:\/\/librosdeoro.cafam.com.co\/libro2019\/mujer-cafam-guajira-2\/#breadcrumb\",\"itemListElement\":[{\"@type\":\"ListItem\",\"position\":1,\"name\":\"Home\",\"item\":\"https:\/\/librosdeoro.cafam.com.co\/libro2019\/\"},{\"@type\":\"ListItem\",\"position\":2,\"name\":\"Mujer Cafam Guajira\"}]},{\"@type\":\"WebSite\",\"@id\":\"https:\/\/librosdeoro.cafam.com.co\/libro2019\/#website\",\"url\":\"https:\/\/librosdeoro.cafam.com.co\/libro2019\/\",\"name\":\"Libros de Oro 2019\",\"description\":\"\",\"potentialAction\":[{\"@type\":\"SearchAction\",\"target\":{\"@type\":\"EntryPoint\",\"urlTemplate\":\"https:\/\/librosdeoro.cafam.com.co\/libro2019\/?s={search_term_string}\"},\"query-input\":\"required name=search_term_string\"}],\"inLanguage\":\"es-CO\"}]}<\/script>\n<!-- \/ Yoast SEO plugin. -->","yoast_head_json":{"title":"Mujer Cafam Guajira - Libros de Oro 2019","robots":{"index":"index","follow":"follow","max-snippet":"max-snippet:-1","max-image-preview":"max-image-preview:large","max-video-preview":"max-video-preview:-1"},"canonical":"https:\/\/librosdeoro.cafam.com.co\/libro2019\/mujer-cafam-guajira-2\/","og_locale":"es_ES","og_type":"article","og_title":"Mujer Cafam Guajira - Libros de Oro 2019","og_description":"[vc_row fullwidth=&#8221;true&#8221; padding=&#8221;0&#8243; css=&#8221;.vc_custom_1574100482494{margin-top: -110px !important;margin-right: 0px !important;margin-left: 0px !important;padding-top: 0px !important;padding-right: 0px !important;padding-bottom: 0px !important;padding-left: 0px !important;}&#8221;][vc_column][vc_single_image image=&#8221;15379&#8243; img_size=&#8221;full&#8221; alignment=&#8221;center&#8221; css=&#8221;.vc_custom_1574780911394{margin-right: -50px !important;}&#8221;][\/vc_column][\/vc_row][vc_row column_padding=&#8221;2&#8243; animation=&#8221;bottom-to-top&#8221;][vc_column width=&#8221;1\/2&#8243;][vc_column_text css=&#8221;.vc_custom_1575391694019{margin-bottom: 0px !important;}&#8221;] \u00a0Esta obra inicia con el segundo embarazo de Adela, pues en el octavo mes de gestaci\u00f3n el ginec\u00f3logo mostr\u00f3 preocupaci\u00f3n porque el f\u00e9mur del beb\u00e9, [&hellip;]","og_url":"https:\/\/librosdeoro.cafam.com.co\/libro2019\/mujer-cafam-guajira-2\/","og_site_name":"Libros de Oro 2019","article_modified_time":"2019-12-03T16:48:22+00:00","og_image":[{"width":1800,"height":1141,"url":"https:\/\/librosdeoro.cafam.com.co\/libro2019\/wp-content\/uploads\/sites\/8\/2019\/11\/1-13.png","type":"image\/png"}],"twitter_card":"summary_large_image","twitter_misc":{"Tiempo de lectura":"3 minutos"},"schema":{"@context":"https:\/\/schema.org","@graph":[{"@type":"WebPage","@id":"https:\/\/librosdeoro.cafam.com.co\/libro2019\/mujer-cafam-guajira-2\/","url":"https:\/\/librosdeoro.cafam.com.co\/libro2019\/mujer-cafam-guajira-2\/","name":"Mujer Cafam Guajira - Libros de Oro 2019","isPartOf":{"@id":"https:\/\/librosdeoro.cafam.com.co\/libro2019\/#website"},"primaryImageOfPage":{"@id":"https:\/\/librosdeoro.cafam.com.co\/libro2019\/mujer-cafam-guajira-2\/#primaryimage"},"image":{"@id":"https:\/\/librosdeoro.cafam.com.co\/libro2019\/mujer-cafam-guajira-2\/#primaryimage"},"thumbnailUrl":"https:\/\/librosdeoro.cafam.com.co\/libro2019\/wp-content\/uploads\/sites\/8\/2019\/11\/1-13.png","datePublished":"2019-01-29T23:00:28+00:00","dateModified":"2019-12-03T16:48:22+00:00","breadcrumb":{"@id":"https:\/\/librosdeoro.cafam.com.co\/libro2019\/mujer-cafam-guajira-2\/#breadcrumb"},"inLanguage":"es-CO","potentialAction":[{"@type":"ReadAction","target":["https:\/\/librosdeoro.cafam.com.co\/libro2019\/mujer-cafam-guajira-2\/"]}]},{"@type":"ImageObject","inLanguage":"es-CO","@id":"https:\/\/librosdeoro.cafam.com.co\/libro2019\/mujer-cafam-guajira-2\/#primaryimage","url":"https:\/\/librosdeoro.cafam.com.co\/libro2019\/wp-content\/uploads\/sites\/8\/2019\/11\/1-13.png","contentUrl":"https:\/\/librosdeoro.cafam.com.co\/libro2019\/wp-content\/uploads\/sites\/8\/2019\/11\/1-13.png","width":1800,"height":1141},{"@type":"BreadcrumbList","@id":"https:\/\/librosdeoro.cafam.com.co\/libro2019\/mujer-cafam-guajira-2\/#breadcrumb","itemListElement":[{"@type":"ListItem","position":1,"name":"Home","item":"https:\/\/librosdeoro.cafam.com.co\/libro2019\/"},{"@type":"ListItem","position":2,"name":"Mujer Cafam Guajira"}]},{"@type":"WebSite","@id":"https:\/\/librosdeoro.cafam.com.co\/libro2019\/#website","url":"https:\/\/librosdeoro.cafam.com.co\/libro2019\/","name":"Libros de Oro 2019","description":"","potentialAction":[{"@type":"SearchAction","target":{"@type":"EntryPoint","urlTemplate":"https:\/\/librosdeoro.cafam.com.co\/libro2019\/?s={search_term_string}"},"query-input":"required name=search_term_string"}],"inLanguage":"es-CO"}]}},"_links":{"self":[{"href":"https:\/\/librosdeoro.cafam.com.co\/libro2019\/wp-json\/wp\/v2\/pages\/14401","targetHints":{"allow":["GET"]}}],"collection":[{"href":"https:\/\/librosdeoro.cafam.com.co\/libro2019\/wp-json\/wp\/v2\/pages"}],"about":[{"href":"https:\/\/librosdeoro.cafam.com.co\/libro2019\/wp-json\/wp\/v2\/types\/page"}],"author":[{"embeddable":true,"href":"https:\/\/librosdeoro.cafam.com.co\/libro2019\/wp-json\/wp\/v2\/users\/7"}],"replies":[{"embeddable":true,"href":"https:\/\/librosdeoro.cafam.com.co\/libro2019\/wp-json\/wp\/v2\/comments?post=14401"}],"version-history":[{"count":9,"href":"https:\/\/librosdeoro.cafam.com.co\/libro2019\/wp-json\/wp\/v2\/pages\/14401\/revisions"}],"predecessor-version":[{"id":14926,"href":"https:\/\/librosdeoro.cafam.com.co\/libro2019\/wp-json\/wp\/v2\/pages\/14401\/revisions\/14926"}],"wp:featuredmedia":[{"embeddable":true,"href":"https:\/\/librosdeoro.cafam.com.co\/libro2019\/wp-json\/wp\/v2\/media\/14402"}],"wp:attachment":[{"href":"https:\/\/librosdeoro.cafam.com.co\/libro2019\/wp-json\/wp\/v2\/media?parent=14401"}],"curies":[{"name":"wp","href":"https:\/\/api.w.org\/{rel}","templated":true}]}}