{"id":14392,"date":"2019-01-29T00:00:27","date_gmt":"2019-01-28T23:00:27","guid":{"rendered":"https:\/\/adlive.com.co\/proyectos\/cafam\/?page_id=14392"},"modified":"2019-12-13T15:58:03","modified_gmt":"2019-12-13T14:58:03","slug":"mujer-cafam-guainia","status":"publish","type":"page","link":"https:\/\/librosdeoro.cafam.com.co\/libro2019\/mujer-cafam-guainia\/","title":{"rendered":"Mujer Cafam Guain\u00eda"},"content":{"rendered":"<p>[vc_row fullwidth=&#8221;true&#8221; padding=&#8221;0&#8243; css=&#8221;.vc_custom_1574100482494{margin-top: -110px !important;margin-right: 0px !important;margin-left: 0px !important;padding-top: 0px !important;padding-right: 0px !important;padding-bottom: 0px !important;padding-left: 0px !important;}&#8221;][vc_column][vc_single_image image=&#8221;16310&#8243; img_size=&#8221;full&#8221; alignment=&#8221;center&#8221; css=&#8221;.vc_custom_1576248978246{margin-right: -50px !important;}&#8221;][\/vc_column][\/vc_row][vc_row column_padding=&#8221;2&#8243; animation=&#8221;bottom-to-top&#8221;][vc_column width=&#8221;1\/2&#8243;][vc_column_text css=&#8221;.vc_custom_1575391499338{margin-bottom: 0px !important;}&#8221;]<\/p>\n<p style=\"text-align: justify;\">Yuleima constituy\u00f3, junto a su madre Mar\u00eda Elvira Lobo y otras mujeres, la <strong>Fundaci\u00f3n Ay\u00fadame a Creer,<\/strong> que busca ayudar a los ni\u00f1os ind\u00edgenas vulnerables de la regi\u00f3n. Se han atendido m\u00e1s de 190 menores entreg\u00e1ndoles vestuario, alimentos, recreaci\u00f3n, atenci\u00f3n m\u00e9dica y psicosocial. Adem\u00e1s, los domingos y d\u00edas festivos cuenta con un comedor comunitario.<\/p>\n<p style=\"text-align: justify;\">Yuleima se ha preparado en el SENA estudiando artesan\u00edas, gastronom\u00eda y ecoturismo, con el fin de adquirir m\u00e1s habilidades y poder conseguir recursos adicionales. Es por esto que ha trasmitido sus conocimientos a las mujeres ind\u00edgenas, formando un grupo de mujeres artesanas que env\u00edan sus productos a Bogot\u00e1. Gracias a las ventas realizadas en estos eventos, han logrado recolectar recursos para costearse medicinas, alimentos y vestuario. Adem\u00e1s, han llegado a diferentes pa\u00edses como Alemania, Londres, B\u00e9lgica, Chile y Australia.<\/p>\n<p style=\"text-align: justify;\">Dentro de sus actividades, Yuleima ha ense\u00f1ado la rica gastronom\u00eda del Caribe, dando a conocer m\u00e1s de cuarenta recetas de dulce y participando en distintas ferias. Asimismo, trabaja por el ecoturismo con los ni\u00f1os de su comunidad, creando huertas caseras en la que tambi\u00e9n se planta la orqu\u00eddea.<\/p>\n<p style=\"text-align: justify;\">En el a\u00f1o 2018 se vivi\u00f3 un fuerte invierno que ocasion\u00f3 que el caudal del r\u00edo In\u00edrida, que rodea la ciudad, inundara el departamento en 50%. Yuleima y la fundaci\u00f3n resultaron afectados y se vieron obligados a salir de all\u00ed con las pocas pertenencias que les quedaban, convirti\u00e9ndose en desplazados.<\/p>\n<p>[\/vc_column_text][vc_empty_space][vc_empty_space][vc_video link=&#8221;https:\/\/www.youtube.com\/watch?v=KiBBYZH3fkE&#8221;][vc_empty_space][\/vc_column][vc_column width=&#8221;1\/2&#8243;][vc_single_image image=&#8221;16222&#8243; img_size=&#8221;full&#8221; alignment=&#8221;center&#8221;][vc_row_inner css=&#8221;.vc_custom_1574177712143{background-color: rgba(140,197,64,0.1) !important;*background-color: rgb(140,197,64) !important;}&#8221;][vc_column_inner][vc_empty_space][mk_button dimension=&#8221;flat&#8221; size=&#8221;x-large&#8221; align=&#8221;center&#8221; fullwidth=&#8221;true&#8221; margin_bottom=&#8221;5&#8243; bg_color=&#8221;#8bc442&#8243; btn_hover_bg=&#8221;#000000&#8243;]Conoce m\u00e1s de Yuleima[\/mk_button][\/vc_column_inner][\/vc_row_inner][vc_row_inner css=&#8221;.vc_custom_1574177695865{background-color: rgba(140,197,64,0.1) !important;*background-color: rgb(140,197,64) !important;}&#8221;][vc_column_inner][vc_column_text css=&#8221;.vc_custom_1574189552248{margin-bottom: 0px !important;padding-top: 10px !important;padding-right: 40px !important;padding-left: 40px !important;}&#8221;]<\/p>\n<p style=\"text-align: justify;\">Yuleima, una mujer coste\u00f1a ind\u00edgena Zen\u00fa, naci\u00f3 en La Gloria, C\u00e9sar. Debido a la violencia sufri\u00f3 desplazamiento forzado junto a sus cuatro hijos y su familia, ocasionando que se trasladaran a Guain\u00eda. Hace m\u00e1s de 15 a\u00f1os fue reconstruyendo poco a poco su vida familiar y social, actualmente vive en el resguardo Coco Cuayare. Pero nuevamente sufrir\u00eda el flagelo del conflicto, cuando uno de sus hermanos fue reclutado por la guerrillade las FARC, d\u00edas despu\u00e9s de su secuestro fue encontrado muerto en el departamento del Vichada.<\/p>\n<p>[\/vc_column_text][vc_empty_space][\/vc_column_inner][\/vc_row_inner][vc_empty_space][vc_single_image image=&#8221;15377&#8243; img_size=&#8221;full&#8221;][vc_empty_space][\/vc_column][\/vc_row][vc_row animation=&#8221;bottom-to-top&#8221;][vc_column][mk_gallery images=&#8221;14913,14914,14915,14916,14917,14918,14919,14920,14921,14922,14923,14924&#8243; overlay_color=&#8221;rgba(130,36,227,0.69)&#8221;][\/vc_column][\/vc_row]<\/p>\n","protected":false},"excerpt":{"rendered":"<p>[vc_row fullwidth=&#8221;true&#8221; padding=&#8221;0&#8243; css=&#8221;.vc_custom_1574100482494{margin-top: -110px !important;margin-right: 0px !important;margin-left: 0px !important;padding-top: 0px !important;padding-right: 0px !important;padding-bottom: 0px !important;padding-left: 0px !important;}&#8221;][vc_column][vc_single_image image=&#8221;16310&#8243; img_size=&#8221;full&#8221; alignment=&#8221;center&#8221; css=&#8221;.vc_custom_1576248978246{margin-right: -50px !important;}&#8221;][\/vc_column][\/vc_row][vc_row column_padding=&#8221;2&#8243; animation=&#8221;bottom-to-top&#8221;][vc_column width=&#8221;1\/2&#8243;][vc_column_text css=&#8221;.vc_custom_1575391499338{margin-bottom: 0px !important;}&#8221;] Yuleima constituy\u00f3, junto a su madre Mar\u00eda Elvira Lobo y otras mujeres, la Fundaci\u00f3n Ay\u00fadame a Creer, que busca ayudar a los ni\u00f1os ind\u00edgenas vulnerables [&hellip;]<\/p>\n","protected":false},"author":7,"featured_media":14393,"parent":0,"menu_order":24,"comment_status":"open","ping_status":"closed","template":"","meta":{"footnotes":""},"class_list":["post-14392","page","type-page","status-publish","has-post-thumbnail","hentry"],"yoast_head":"<!-- This site is optimized with the Yoast SEO plugin v23.1 - https:\/\/yoast.com\/wordpress\/plugins\/seo\/ -->\n<title>Mujer Cafam Guain\u00eda - Libros de Oro 2019<\/title>\n<meta name=\"robots\" content=\"index, follow, max-snippet:-1, max-image-preview:large, max-video-preview:-1\" \/>\n<link rel=\"canonical\" href=\"https:\/\/librosdeoro.cafam.com.co\/libro2019\/mujer-cafam-guainia\/\" \/>\n<meta property=\"og:locale\" content=\"es_ES\" \/>\n<meta property=\"og:type\" content=\"article\" \/>\n<meta property=\"og:title\" content=\"Mujer Cafam Guain\u00eda - Libros de Oro 2019\" \/>\n<meta property=\"og:description\" content=\"[vc_row fullwidth=&#8221;true&#8221; padding=&#8221;0&#8243; css=&#8221;.vc_custom_1574100482494{margin-top: -110px !important;margin-right: 0px !important;margin-left: 0px !important;padding-top: 0px !important;padding-right: 0px !important;padding-bottom: 0px !important;padding-left: 0px !important;}&#8221;][vc_column][vc_single_image image=&#8221;16310&#8243; img_size=&#8221;full&#8221; alignment=&#8221;center&#8221; css=&#8221;.vc_custom_1576248978246{margin-right: -50px !important;}&#8221;][\/vc_column][\/vc_row][vc_row column_padding=&#8221;2&#8243; animation=&#8221;bottom-to-top&#8221;][vc_column width=&#8221;1\/2&#8243;][vc_column_text css=&#8221;.vc_custom_1575391499338{margin-bottom: 0px !important;}&#8221;] Yuleima constituy\u00f3, junto a su madre Mar\u00eda Elvira Lobo y otras mujeres, la Fundaci\u00f3n Ay\u00fadame a Creer, que busca ayudar a los ni\u00f1os ind\u00edgenas vulnerables [&hellip;]\" \/>\n<meta property=\"og:url\" content=\"https:\/\/librosdeoro.cafam.com.co\/libro2019\/mujer-cafam-guainia\/\" \/>\n<meta property=\"og:site_name\" content=\"Libros de Oro 2019\" \/>\n<meta property=\"article:modified_time\" content=\"2019-12-13T14:58:03+00:00\" \/>\n<meta property=\"og:image\" content=\"https:\/\/librosdeoro.cafam.com.co\/libro2019\/wp-content\/uploads\/sites\/8\/2019\/11\/1-12.png\" \/>\n\t<meta property=\"og:image:width\" content=\"1800\" \/>\n\t<meta property=\"og:image:height\" content=\"1141\" \/>\n\t<meta property=\"og:image:type\" content=\"image\/png\" \/>\n<meta name=\"twitter:card\" content=\"summary_large_image\" \/>\n<meta name=\"twitter:label1\" content=\"Tiempo de lectura\" \/>\n\t<meta name=\"twitter:data1\" content=\"3 minutos\" \/>\n<script type=\"application\/ld+json\" class=\"yoast-schema-graph\">{\"@context\":\"https:\/\/schema.org\",\"@graph\":[{\"@type\":\"WebPage\",\"@id\":\"https:\/\/librosdeoro.cafam.com.co\/libro2019\/mujer-cafam-guainia\/\",\"url\":\"https:\/\/librosdeoro.cafam.com.co\/libro2019\/mujer-cafam-guainia\/\",\"name\":\"Mujer Cafam Guain\u00eda - Libros de Oro 2019\",\"isPartOf\":{\"@id\":\"https:\/\/librosdeoro.cafam.com.co\/libro2019\/#website\"},\"primaryImageOfPage\":{\"@id\":\"https:\/\/librosdeoro.cafam.com.co\/libro2019\/mujer-cafam-guainia\/#primaryimage\"},\"image\":{\"@id\":\"https:\/\/librosdeoro.cafam.com.co\/libro2019\/mujer-cafam-guainia\/#primaryimage\"},\"thumbnailUrl\":\"https:\/\/librosdeoro.cafam.com.co\/libro2019\/wp-content\/uploads\/sites\/8\/2019\/11\/1-12.png\",\"datePublished\":\"2019-01-28T23:00:27+00:00\",\"dateModified\":\"2019-12-13T14:58:03+00:00\",\"breadcrumb\":{\"@id\":\"https:\/\/librosdeoro.cafam.com.co\/libro2019\/mujer-cafam-guainia\/#breadcrumb\"},\"inLanguage\":\"es-CO\",\"potentialAction\":[{\"@type\":\"ReadAction\",\"target\":[\"https:\/\/librosdeoro.cafam.com.co\/libro2019\/mujer-cafam-guainia\/\"]}]},{\"@type\":\"ImageObject\",\"inLanguage\":\"es-CO\",\"@id\":\"https:\/\/librosdeoro.cafam.com.co\/libro2019\/mujer-cafam-guainia\/#primaryimage\",\"url\":\"https:\/\/librosdeoro.cafam.com.co\/libro2019\/wp-content\/uploads\/sites\/8\/2019\/11\/1-12.png\",\"contentUrl\":\"https:\/\/librosdeoro.cafam.com.co\/libro2019\/wp-content\/uploads\/sites\/8\/2019\/11\/1-12.png\",\"width\":1800,\"height\":1141},{\"@type\":\"BreadcrumbList\",\"@id\":\"https:\/\/librosdeoro.cafam.com.co\/libro2019\/mujer-cafam-guainia\/#breadcrumb\",\"itemListElement\":[{\"@type\":\"ListItem\",\"position\":1,\"name\":\"Home\",\"item\":\"https:\/\/librosdeoro.cafam.com.co\/libro2019\/\"},{\"@type\":\"ListItem\",\"position\":2,\"name\":\"Mujer Cafam Guain\u00eda\"}]},{\"@type\":\"WebSite\",\"@id\":\"https:\/\/librosdeoro.cafam.com.co\/libro2019\/#website\",\"url\":\"https:\/\/librosdeoro.cafam.com.co\/libro2019\/\",\"name\":\"Libros de Oro 2019\",\"description\":\"\",\"potentialAction\":[{\"@type\":\"SearchAction\",\"target\":{\"@type\":\"EntryPoint\",\"urlTemplate\":\"https:\/\/librosdeoro.cafam.com.co\/libro2019\/?s={search_term_string}\"},\"query-input\":\"required name=search_term_string\"}],\"inLanguage\":\"es-CO\"}]}<\/script>\n<!-- \/ Yoast SEO plugin. -->","yoast_head_json":{"title":"Mujer Cafam Guain\u00eda - Libros de Oro 2019","robots":{"index":"index","follow":"follow","max-snippet":"max-snippet:-1","max-image-preview":"max-image-preview:large","max-video-preview":"max-video-preview:-1"},"canonical":"https:\/\/librosdeoro.cafam.com.co\/libro2019\/mujer-cafam-guainia\/","og_locale":"es_ES","og_type":"article","og_title":"Mujer Cafam Guain\u00eda - Libros de Oro 2019","og_description":"[vc_row fullwidth=&#8221;true&#8221; padding=&#8221;0&#8243; css=&#8221;.vc_custom_1574100482494{margin-top: -110px !important;margin-right: 0px !important;margin-left: 0px !important;padding-top: 0px !important;padding-right: 0px !important;padding-bottom: 0px !important;padding-left: 0px !important;}&#8221;][vc_column][vc_single_image image=&#8221;16310&#8243; img_size=&#8221;full&#8221; alignment=&#8221;center&#8221; css=&#8221;.vc_custom_1576248978246{margin-right: -50px !important;}&#8221;][\/vc_column][\/vc_row][vc_row column_padding=&#8221;2&#8243; animation=&#8221;bottom-to-top&#8221;][vc_column width=&#8221;1\/2&#8243;][vc_column_text css=&#8221;.vc_custom_1575391499338{margin-bottom: 0px !important;}&#8221;] Yuleima constituy\u00f3, junto a su madre Mar\u00eda Elvira Lobo y otras mujeres, la Fundaci\u00f3n Ay\u00fadame a Creer, que busca ayudar a los ni\u00f1os ind\u00edgenas vulnerables [&hellip;]","og_url":"https:\/\/librosdeoro.cafam.com.co\/libro2019\/mujer-cafam-guainia\/","og_site_name":"Libros de Oro 2019","article_modified_time":"2019-12-13T14:58:03+00:00","og_image":[{"width":1800,"height":1141,"url":"https:\/\/librosdeoro.cafam.com.co\/libro2019\/wp-content\/uploads\/sites\/8\/2019\/11\/1-12.png","type":"image\/png"}],"twitter_card":"summary_large_image","twitter_misc":{"Tiempo de lectura":"3 minutos"},"schema":{"@context":"https:\/\/schema.org","@graph":[{"@type":"WebPage","@id":"https:\/\/librosdeoro.cafam.com.co\/libro2019\/mujer-cafam-guainia\/","url":"https:\/\/librosdeoro.cafam.com.co\/libro2019\/mujer-cafam-guainia\/","name":"Mujer Cafam Guain\u00eda - Libros de Oro 2019","isPartOf":{"@id":"https:\/\/librosdeoro.cafam.com.co\/libro2019\/#website"},"primaryImageOfPage":{"@id":"https:\/\/librosdeoro.cafam.com.co\/libro2019\/mujer-cafam-guainia\/#primaryimage"},"image":{"@id":"https:\/\/librosdeoro.cafam.com.co\/libro2019\/mujer-cafam-guainia\/#primaryimage"},"thumbnailUrl":"https:\/\/librosdeoro.cafam.com.co\/libro2019\/wp-content\/uploads\/sites\/8\/2019\/11\/1-12.png","datePublished":"2019-01-28T23:00:27+00:00","dateModified":"2019-12-13T14:58:03+00:00","breadcrumb":{"@id":"https:\/\/librosdeoro.cafam.com.co\/libro2019\/mujer-cafam-guainia\/#breadcrumb"},"inLanguage":"es-CO","potentialAction":[{"@type":"ReadAction","target":["https:\/\/librosdeoro.cafam.com.co\/libro2019\/mujer-cafam-guainia\/"]}]},{"@type":"ImageObject","inLanguage":"es-CO","@id":"https:\/\/librosdeoro.cafam.com.co\/libro2019\/mujer-cafam-guainia\/#primaryimage","url":"https:\/\/librosdeoro.cafam.com.co\/libro2019\/wp-content\/uploads\/sites\/8\/2019\/11\/1-12.png","contentUrl":"https:\/\/librosdeoro.cafam.com.co\/libro2019\/wp-content\/uploads\/sites\/8\/2019\/11\/1-12.png","width":1800,"height":1141},{"@type":"BreadcrumbList","@id":"https:\/\/librosdeoro.cafam.com.co\/libro2019\/mujer-cafam-guainia\/#breadcrumb","itemListElement":[{"@type":"ListItem","position":1,"name":"Home","item":"https:\/\/librosdeoro.cafam.com.co\/libro2019\/"},{"@type":"ListItem","position":2,"name":"Mujer Cafam Guain\u00eda"}]},{"@type":"WebSite","@id":"https:\/\/librosdeoro.cafam.com.co\/libro2019\/#website","url":"https:\/\/librosdeoro.cafam.com.co\/libro2019\/","name":"Libros de Oro 2019","description":"","potentialAction":[{"@type":"SearchAction","target":{"@type":"EntryPoint","urlTemplate":"https:\/\/librosdeoro.cafam.com.co\/libro2019\/?s={search_term_string}"},"query-input":"required name=search_term_string"}],"inLanguage":"es-CO"}]}},"_links":{"self":[{"href":"https:\/\/librosdeoro.cafam.com.co\/libro2019\/wp-json\/wp\/v2\/pages\/14392","targetHints":{"allow":["GET"]}}],"collection":[{"href":"https:\/\/librosdeoro.cafam.com.co\/libro2019\/wp-json\/wp\/v2\/pages"}],"about":[{"href":"https:\/\/librosdeoro.cafam.com.co\/libro2019\/wp-json\/wp\/v2\/types\/page"}],"author":[{"embeddable":true,"href":"https:\/\/librosdeoro.cafam.com.co\/libro2019\/wp-json\/wp\/v2\/users\/7"}],"replies":[{"embeddable":true,"href":"https:\/\/librosdeoro.cafam.com.co\/libro2019\/wp-json\/wp\/v2\/comments?post=14392"}],"version-history":[{"count":13,"href":"https:\/\/librosdeoro.cafam.com.co\/libro2019\/wp-json\/wp\/v2\/pages\/14392\/revisions"}],"predecessor-version":[{"id":16313,"href":"https:\/\/librosdeoro.cafam.com.co\/libro2019\/wp-json\/wp\/v2\/pages\/14392\/revisions\/16313"}],"wp:featuredmedia":[{"embeddable":true,"href":"https:\/\/librosdeoro.cafam.com.co\/libro2019\/wp-json\/wp\/v2\/media\/14393"}],"wp:attachment":[{"href":"https:\/\/librosdeoro.cafam.com.co\/libro2019\/wp-json\/wp\/v2\/media?parent=14392"}],"curies":[{"name":"wp","href":"https:\/\/api.w.org\/{rel}","templated":true}]}}