{"id":14356,"date":"2019-01-26T00:00:12","date_gmt":"2019-01-25T23:00:12","guid":{"rendered":"https:\/\/adlive.com.co\/proyectos\/cafam\/?page_id=14356"},"modified":"2019-12-03T20:20:54","modified_gmt":"2019-12-03T19:20:54","slug":"mujer-cafam-choco","status":"publish","type":"page","link":"https:\/\/librosdeoro.cafam.com.co\/libro2019\/mujer-cafam-choco\/","title":{"rendered":"Mujer Cafam Choc\u00f3"},"content":{"rendered":"<p>[vc_row fullwidth=&#8221;true&#8221; padding=&#8221;0&#8243; css=&#8221;.vc_custom_1574100482494{margin-top: -110px !important;margin-right: 0px !important;margin-left: 0px !important;padding-top: 0px !important;padding-right: 0px !important;padding-bottom: 0px !important;padding-left: 0px !important;}&#8221;][vc_column][vc_single_image image=&#8221;14358&#8243; img_size=&#8221;full&#8221; alignment=&#8221;center&#8221; css=&#8221;.vc_custom_1574185563222{margin-right: -50px !important;}&#8221;][\/vc_column][\/vc_row][vc_row column_padding=&#8221;2&#8243; animation=&#8221;bottom-to-top&#8221;][vc_column width=&#8221;1\/2&#8243;][vc_column_text css=&#8221;.vc_custom_1575391087955{margin-bottom: 0px !important;}&#8221;]<\/p>\n<p style=\"text-align: justify;\">En el municipio de Puerto Echeverry, en el Alto Baud\u00f3, se encuentra la Fundaci\u00f3n Ni\u00f1as de Luz Choc\u00f3, esta obra nace como una extensi\u00f3n de la <strong>Fundaci\u00f3n Ni\u00f1as de Luz <\/strong><strong>Bogot\u00e1,<\/strong> la cual funciona desde el 27 de julio de 2015.<\/p>\n<p style=\"text-align: justify;\">Este proyecto empez\u00f3 cuando la se\u00f1ora Sol C\u00f3rdoba (Bogot\u00e1) contact\u00f3 a Luz Dary, y le narr\u00f3 una historia. En sus caminatas por el monte, Sol y su esposo, iban en busca de lugares para pescar, un d\u00eda escucharon a lo lejos el llanto de unos ni\u00f1os, cuando los encontraron notaron que se trataba de unas peque\u00f1as que hab\u00edan sido entregadas a la Madre Tierra por parte de su tribu Los Ember\u00e1, esto por el hecho de ser mujeres.<\/p>\n<p style=\"text-align: justify;\">Al escuchar esta historia, Luz Dary tuvo raz\u00f3n suficiente para abrir la segunda sede de su fundaci\u00f3n, con el principal objetivo de sostener y ayudar el crecimiento, tanto f\u00edsico como sociocultural, a las 11 ni\u00f1as que hab\u00edan sido rescatadas de las entra\u00f1as de la selva, por la \u201cSe\u00f1o Sol\u201d, como es conocida, y su esposo Don Adelmo.<\/p>\n<p style=\"text-align: justify;\">Aun sin conocer a la \u201cSe\u00f1o Sol\u201d, Luz Dary confi\u00f3 en su instinto y emprendi\u00f3 este proyecto, con el que espera mejorar la calidad de vida de las ni\u00f1as rescatadas en Puerto Echeverry. El Proyecto Productivo Gallinas Ponedoras, busca que las personas aporten $25.000 para alimentar a una gallina, la cual lleva el nombre de la persona que ha dado el dinero, esto como agradecimiento por su aporte. Con estos aportes se busca garantizar la nutrici\u00f3n b\u00e1sica de las ni\u00f1as, y dividir la producci\u00f3n de huevos en autoconsumo y venta.<\/p>\n<p>[\/vc_column_text][vc_empty_space][vc_video link=&#8221;https:\/\/www.youtube.com\/watch?v=XU7Qr5jHsgo&#8221;][\/vc_column][vc_column width=&#8221;1\/2&#8243;][vc_single_image image=&#8221;14359&#8243; img_size=&#8221;full&#8221;][vc_row_inner css=&#8221;.vc_custom_1574177885278{background-color: rgba(224,152,105,0.1) !important;*background-color: rgb(224,152,105) !important;}&#8221;][vc_column_inner][vc_empty_space][mk_button dimension=&#8221;flat&#8221; size=&#8221;x-large&#8221; align=&#8221;center&#8221; fullwidth=&#8221;true&#8221; margin_bottom=&#8221;5&#8243; bg_color=&#8221;#ee7b3b&#8221; btn_hover_bg=&#8221;#000000&#8243;]Conoce m\u00e1s de Luz Dary[\/mk_button][\/vc_column_inner][\/vc_row_inner][vc_row_inner css=&#8221;.vc_custom_1574177870734{background-color: rgba(224,152,105,0.1) !important;*background-color: rgb(224,152,105) !important;}&#8221;][vc_column_inner][vc_column_text css=&#8221;.vc_custom_1574187008555{margin-bottom: 0px !important;padding-top: 10px !important;padding-right: 40px !important;padding-left: 40px !important;}&#8221;]<\/p>\n<p style=\"text-align: justify;\">Luz Dary naci\u00f3 el 30 de mayo de 1972 en la ciudad de Bogot\u00e1, es Contadora P\u00fablica de la Universidad Libre de Colombia. Ha sido voluntaria desde los 12 a\u00f1os y el servicio social ha sido uno de los pilares en su vida.<\/p>\n<p style=\"text-align: justify;\">21 A corto y mediano plazo Luz Dary busca ampliar el galp\u00f3n, debido a que las gallinas necesitan m\u00e1s espacio, pues si se estresan dejan de producir huevos. De igual forma, quiere construir un centro l\u00fadico que cuente con biblioteca, juguetes, \u00e1rea de manualidades y materiales educativos, y que sea un espacio abierto para todos los ni\u00f1os del municipio.<\/p>\n<p>[\/vc_column_text][vc_empty_space][\/vc_column_inner][\/vc_row_inner][vc_empty_space][vc_single_image image=&#8221;15333&#8243; img_size=&#8221;full&#8221;][\/vc_column][\/vc_row][vc_row animation=&#8221;bottom-to-top&#8221;][vc_column][vc_empty_space][mk_gallery images=&#8221;14888,14889,14890,14891,14892&#8243; overlay_color=&#8221;rgba(130,36,227,0.69)&#8221;][\/vc_column][\/vc_row]<\/p>\n","protected":false},"excerpt":{"rendered":"<p>[vc_row fullwidth=&#8221;true&#8221; padding=&#8221;0&#8243; css=&#8221;.vc_custom_1574100482494{margin-top: -110px !important;margin-right: 0px !important;margin-left: 0px !important;padding-top: 0px !important;padding-right: 0px !important;padding-bottom: 0px !important;padding-left: 0px !important;}&#8221;][vc_column][vc_single_image image=&#8221;14358&#8243; img_size=&#8221;full&#8221; alignment=&#8221;center&#8221; css=&#8221;.vc_custom_1574185563222{margin-right: -50px !important;}&#8221;][\/vc_column][\/vc_row][vc_row column_padding=&#8221;2&#8243; animation=&#8221;bottom-to-top&#8221;][vc_column width=&#8221;1\/2&#8243;][vc_column_text css=&#8221;.vc_custom_1575391087955{margin-bottom: 0px !important;}&#8221;] En el municipio de Puerto Echeverry, en el Alto Baud\u00f3, se encuentra la Fundaci\u00f3n Ni\u00f1as de Luz Choc\u00f3, esta obra nace como una extensi\u00f3n de [&hellip;]<\/p>\n","protected":false},"author":7,"featured_media":14367,"parent":0,"menu_order":21,"comment_status":"open","ping_status":"closed","template":"","meta":{"footnotes":""},"class_list":["post-14356","page","type-page","status-publish","has-post-thumbnail","hentry"],"yoast_head":"<!-- This site is optimized with the Yoast SEO plugin v23.1 - https:\/\/yoast.com\/wordpress\/plugins\/seo\/ -->\n<title>Mujer Cafam Choc\u00f3 - Libros de Oro 2019<\/title>\n<meta name=\"robots\" content=\"index, follow, max-snippet:-1, max-image-preview:large, max-video-preview:-1\" \/>\n<link rel=\"canonical\" href=\"https:\/\/librosdeoro.cafam.com.co\/libro2019\/mujer-cafam-choco\/\" \/>\n<meta property=\"og:locale\" content=\"es_ES\" \/>\n<meta property=\"og:type\" content=\"article\" \/>\n<meta property=\"og:title\" content=\"Mujer Cafam Choc\u00f3 - Libros de Oro 2019\" \/>\n<meta property=\"og:description\" content=\"[vc_row fullwidth=&#8221;true&#8221; padding=&#8221;0&#8243; css=&#8221;.vc_custom_1574100482494{margin-top: -110px !important;margin-right: 0px !important;margin-left: 0px !important;padding-top: 0px !important;padding-right: 0px !important;padding-bottom: 0px !important;padding-left: 0px !important;}&#8221;][vc_column][vc_single_image image=&#8221;14358&#8243; img_size=&#8221;full&#8221; alignment=&#8221;center&#8221; css=&#8221;.vc_custom_1574185563222{margin-right: -50px !important;}&#8221;][\/vc_column][\/vc_row][vc_row column_padding=&#8221;2&#8243; animation=&#8221;bottom-to-top&#8221;][vc_column width=&#8221;1\/2&#8243;][vc_column_text css=&#8221;.vc_custom_1575391087955{margin-bottom: 0px !important;}&#8221;] En el municipio de Puerto Echeverry, en el Alto Baud\u00f3, se encuentra la Fundaci\u00f3n Ni\u00f1as de Luz Choc\u00f3, esta obra nace como una extensi\u00f3n de [&hellip;]\" \/>\n<meta property=\"og:url\" content=\"https:\/\/librosdeoro.cafam.com.co\/libro2019\/mujer-cafam-choco\/\" \/>\n<meta property=\"og:site_name\" content=\"Libros de Oro 2019\" \/>\n<meta property=\"article:modified_time\" content=\"2019-12-03T19:20:54+00:00\" \/>\n<meta property=\"og:image\" content=\"https:\/\/librosdeoro.cafam.com.co\/libro2019\/wp-content\/uploads\/sites\/8\/2019\/11\/1-9.png\" \/>\n\t<meta property=\"og:image:width\" content=\"1800\" \/>\n\t<meta property=\"og:image:height\" content=\"1141\" \/>\n\t<meta property=\"og:image:type\" content=\"image\/png\" \/>\n<meta name=\"twitter:card\" content=\"summary_large_image\" \/>\n<meta name=\"twitter:label1\" content=\"Tiempo de lectura\" \/>\n\t<meta name=\"twitter:data1\" content=\"3 minutos\" \/>\n<script type=\"application\/ld+json\" class=\"yoast-schema-graph\">{\"@context\":\"https:\/\/schema.org\",\"@graph\":[{\"@type\":\"WebPage\",\"@id\":\"https:\/\/librosdeoro.cafam.com.co\/libro2019\/mujer-cafam-choco\/\",\"url\":\"https:\/\/librosdeoro.cafam.com.co\/libro2019\/mujer-cafam-choco\/\",\"name\":\"Mujer Cafam Choc\u00f3 - Libros de Oro 2019\",\"isPartOf\":{\"@id\":\"https:\/\/librosdeoro.cafam.com.co\/libro2019\/#website\"},\"primaryImageOfPage\":{\"@id\":\"https:\/\/librosdeoro.cafam.com.co\/libro2019\/mujer-cafam-choco\/#primaryimage\"},\"image\":{\"@id\":\"https:\/\/librosdeoro.cafam.com.co\/libro2019\/mujer-cafam-choco\/#primaryimage\"},\"thumbnailUrl\":\"https:\/\/librosdeoro.cafam.com.co\/libro2019\/wp-content\/uploads\/sites\/8\/2019\/11\/1-9.png\",\"datePublished\":\"2019-01-25T23:00:12+00:00\",\"dateModified\":\"2019-12-03T19:20:54+00:00\",\"breadcrumb\":{\"@id\":\"https:\/\/librosdeoro.cafam.com.co\/libro2019\/mujer-cafam-choco\/#breadcrumb\"},\"inLanguage\":\"es-CO\",\"potentialAction\":[{\"@type\":\"ReadAction\",\"target\":[\"https:\/\/librosdeoro.cafam.com.co\/libro2019\/mujer-cafam-choco\/\"]}]},{\"@type\":\"ImageObject\",\"inLanguage\":\"es-CO\",\"@id\":\"https:\/\/librosdeoro.cafam.com.co\/libro2019\/mujer-cafam-choco\/#primaryimage\",\"url\":\"https:\/\/librosdeoro.cafam.com.co\/libro2019\/wp-content\/uploads\/sites\/8\/2019\/11\/1-9.png\",\"contentUrl\":\"https:\/\/librosdeoro.cafam.com.co\/libro2019\/wp-content\/uploads\/sites\/8\/2019\/11\/1-9.png\",\"width\":1800,\"height\":1141},{\"@type\":\"BreadcrumbList\",\"@id\":\"https:\/\/librosdeoro.cafam.com.co\/libro2019\/mujer-cafam-choco\/#breadcrumb\",\"itemListElement\":[{\"@type\":\"ListItem\",\"position\":1,\"name\":\"Home\",\"item\":\"https:\/\/librosdeoro.cafam.com.co\/libro2019\/\"},{\"@type\":\"ListItem\",\"position\":2,\"name\":\"Mujer Cafam Choc\u00f3\"}]},{\"@type\":\"WebSite\",\"@id\":\"https:\/\/librosdeoro.cafam.com.co\/libro2019\/#website\",\"url\":\"https:\/\/librosdeoro.cafam.com.co\/libro2019\/\",\"name\":\"Libros de Oro 2019\",\"description\":\"\",\"potentialAction\":[{\"@type\":\"SearchAction\",\"target\":{\"@type\":\"EntryPoint\",\"urlTemplate\":\"https:\/\/librosdeoro.cafam.com.co\/libro2019\/?s={search_term_string}\"},\"query-input\":\"required name=search_term_string\"}],\"inLanguage\":\"es-CO\"}]}<\/script>\n<!-- \/ Yoast SEO plugin. -->","yoast_head_json":{"title":"Mujer Cafam Choc\u00f3 - Libros de Oro 2019","robots":{"index":"index","follow":"follow","max-snippet":"max-snippet:-1","max-image-preview":"max-image-preview:large","max-video-preview":"max-video-preview:-1"},"canonical":"https:\/\/librosdeoro.cafam.com.co\/libro2019\/mujer-cafam-choco\/","og_locale":"es_ES","og_type":"article","og_title":"Mujer Cafam Choc\u00f3 - Libros de Oro 2019","og_description":"[vc_row fullwidth=&#8221;true&#8221; padding=&#8221;0&#8243; css=&#8221;.vc_custom_1574100482494{margin-top: -110px !important;margin-right: 0px !important;margin-left: 0px !important;padding-top: 0px !important;padding-right: 0px !important;padding-bottom: 0px !important;padding-left: 0px !important;}&#8221;][vc_column][vc_single_image image=&#8221;14358&#8243; img_size=&#8221;full&#8221; alignment=&#8221;center&#8221; css=&#8221;.vc_custom_1574185563222{margin-right: -50px !important;}&#8221;][\/vc_column][\/vc_row][vc_row column_padding=&#8221;2&#8243; animation=&#8221;bottom-to-top&#8221;][vc_column width=&#8221;1\/2&#8243;][vc_column_text css=&#8221;.vc_custom_1575391087955{margin-bottom: 0px !important;}&#8221;] En el municipio de Puerto Echeverry, en el Alto Baud\u00f3, se encuentra la Fundaci\u00f3n Ni\u00f1as de Luz Choc\u00f3, esta obra nace como una extensi\u00f3n de [&hellip;]","og_url":"https:\/\/librosdeoro.cafam.com.co\/libro2019\/mujer-cafam-choco\/","og_site_name":"Libros de Oro 2019","article_modified_time":"2019-12-03T19:20:54+00:00","og_image":[{"width":1800,"height":1141,"url":"https:\/\/librosdeoro.cafam.com.co\/libro2019\/wp-content\/uploads\/sites\/8\/2019\/11\/1-9.png","type":"image\/png"}],"twitter_card":"summary_large_image","twitter_misc":{"Tiempo de lectura":"3 minutos"},"schema":{"@context":"https:\/\/schema.org","@graph":[{"@type":"WebPage","@id":"https:\/\/librosdeoro.cafam.com.co\/libro2019\/mujer-cafam-choco\/","url":"https:\/\/librosdeoro.cafam.com.co\/libro2019\/mujer-cafam-choco\/","name":"Mujer Cafam Choc\u00f3 - Libros de Oro 2019","isPartOf":{"@id":"https:\/\/librosdeoro.cafam.com.co\/libro2019\/#website"},"primaryImageOfPage":{"@id":"https:\/\/librosdeoro.cafam.com.co\/libro2019\/mujer-cafam-choco\/#primaryimage"},"image":{"@id":"https:\/\/librosdeoro.cafam.com.co\/libro2019\/mujer-cafam-choco\/#primaryimage"},"thumbnailUrl":"https:\/\/librosdeoro.cafam.com.co\/libro2019\/wp-content\/uploads\/sites\/8\/2019\/11\/1-9.png","datePublished":"2019-01-25T23:00:12+00:00","dateModified":"2019-12-03T19:20:54+00:00","breadcrumb":{"@id":"https:\/\/librosdeoro.cafam.com.co\/libro2019\/mujer-cafam-choco\/#breadcrumb"},"inLanguage":"es-CO","potentialAction":[{"@type":"ReadAction","target":["https:\/\/librosdeoro.cafam.com.co\/libro2019\/mujer-cafam-choco\/"]}]},{"@type":"ImageObject","inLanguage":"es-CO","@id":"https:\/\/librosdeoro.cafam.com.co\/libro2019\/mujer-cafam-choco\/#primaryimage","url":"https:\/\/librosdeoro.cafam.com.co\/libro2019\/wp-content\/uploads\/sites\/8\/2019\/11\/1-9.png","contentUrl":"https:\/\/librosdeoro.cafam.com.co\/libro2019\/wp-content\/uploads\/sites\/8\/2019\/11\/1-9.png","width":1800,"height":1141},{"@type":"BreadcrumbList","@id":"https:\/\/librosdeoro.cafam.com.co\/libro2019\/mujer-cafam-choco\/#breadcrumb","itemListElement":[{"@type":"ListItem","position":1,"name":"Home","item":"https:\/\/librosdeoro.cafam.com.co\/libro2019\/"},{"@type":"ListItem","position":2,"name":"Mujer Cafam Choc\u00f3"}]},{"@type":"WebSite","@id":"https:\/\/librosdeoro.cafam.com.co\/libro2019\/#website","url":"https:\/\/librosdeoro.cafam.com.co\/libro2019\/","name":"Libros de Oro 2019","description":"","potentialAction":[{"@type":"SearchAction","target":{"@type":"EntryPoint","urlTemplate":"https:\/\/librosdeoro.cafam.com.co\/libro2019\/?s={search_term_string}"},"query-input":"required name=search_term_string"}],"inLanguage":"es-CO"}]}},"_links":{"self":[{"href":"https:\/\/librosdeoro.cafam.com.co\/libro2019\/wp-json\/wp\/v2\/pages\/14356","targetHints":{"allow":["GET"]}}],"collection":[{"href":"https:\/\/librosdeoro.cafam.com.co\/libro2019\/wp-json\/wp\/v2\/pages"}],"about":[{"href":"https:\/\/librosdeoro.cafam.com.co\/libro2019\/wp-json\/wp\/v2\/types\/page"}],"author":[{"embeddable":true,"href":"https:\/\/librosdeoro.cafam.com.co\/libro2019\/wp-json\/wp\/v2\/users\/7"}],"replies":[{"embeddable":true,"href":"https:\/\/librosdeoro.cafam.com.co\/libro2019\/wp-json\/wp\/v2\/comments?post=14356"}],"version-history":[{"count":11,"href":"https:\/\/librosdeoro.cafam.com.co\/libro2019\/wp-json\/wp\/v2\/pages\/14356\/revisions"}],"predecessor-version":[{"id":16212,"href":"https:\/\/librosdeoro.cafam.com.co\/libro2019\/wp-json\/wp\/v2\/pages\/14356\/revisions\/16212"}],"wp:featuredmedia":[{"embeddable":true,"href":"https:\/\/librosdeoro.cafam.com.co\/libro2019\/wp-json\/wp\/v2\/media\/14367"}],"wp:attachment":[{"href":"https:\/\/librosdeoro.cafam.com.co\/libro2019\/wp-json\/wp\/v2\/media?parent=14356"}],"curies":[{"name":"wp","href":"https:\/\/api.w.org\/{rel}","templated":true}]}}