{"id":14306,"date":"2019-01-22T00:00:21","date_gmt":"2019-01-21T23:00:21","guid":{"rendered":"https:\/\/adlive.com.co\/proyectos\/cafam\/?page_id=14306"},"modified":"2019-12-03T17:29:27","modified_gmt":"2019-12-03T16:29:27","slug":"mujer-cafam-bolivar","status":"publish","type":"page","link":"https:\/\/librosdeoro.cafam.com.co\/libro2019\/mujer-cafam-bolivar\/","title":{"rendered":"Mujer Cafam Bol\u00edvar"},"content":{"rendered":"<p>[vc_row fullwidth=&#8221;true&#8221; padding=&#8221;0&#8243; css=&#8221;.vc_custom_1574100482494{margin-top: -110px !important;margin-right: 0px !important;margin-left: 0px !important;padding-top: 0px !important;padding-right: 0px !important;padding-bottom: 0px !important;padding-left: 0px !important;}&#8221;][vc_column][vc_single_image image=&#8221;15329&#8243; img_size=&#8221;full&#8221; alignment=&#8221;center&#8221; css=&#8221;.vc_custom_1574716072767{margin-right: -50px !important;}&#8221;][\/vc_column][\/vc_row][vc_row column_padding=&#8221;2&#8243; animation=&#8221;bottom-to-top&#8221;][vc_column width=&#8221;1\/2&#8243;][vc_column_text css=&#8221;.vc_custom_1575390558530{margin-bottom: 0px !important;}&#8221;]<\/p>\n<p style=\"text-align: justify;\">Seg\u00fan un estudio realizado por la Universidad Nacional de Colombia, al a\u00f1o se pierden 9,76 millones de toneladas de comida, cifra con la que se podr\u00eda alimentar a m\u00e1s de 8 millones de personas anualmente. En Cartagena se desperdician 237.000 toneladas de alimentos, que terminan contaminando al medioambiente y podr\u00edan aprovecharse para salvar vidas. Estas cifras motivaron a Catalina, ya que sab\u00eda que la soluci\u00f3n pod\u00eda estar m\u00e1s cerca de lo que se imaginaba.<\/p>\n<p style=\"text-align: justify;\">Adem\u00e1s, sabiendo que Cartagena es uno de los lugares favoritos para muchas parejas, donde actualmente se celebran por semana 9 o 10 matrimonios, Catalina aprovech\u00f3 este hecho como una oportunidad, es por esto que todos los d\u00edas recorr\u00eda hoteles, clubes, restaurantes y centros de convenciones buscando alimentos cocidos excedentes de diferentes eventos.<\/p>\n<p style=\"text-align: justify;\">As\u00ed naci\u00f3 la <strong>Fundaci\u00f3n Alimentar Colombia,<\/strong> constituida en julio de 2015, con el objetivo de minimizar la desnutrici\u00f3n infantil que existe hoy en d\u00eda en Cartagena, proporcionando un alimento rico en prote\u00ednas y vitaminas, adem\u00e1s, de crear conciencia y unir esfuerzos con varios establecimientos.<\/p>\n<p style=\"text-align: justify;\">Hoy en d\u00eda Catalina y su Fundaci\u00f3n Alimentar Colombia, han logrado de restaurantes y eventos, recuperar alrededor de 1.800 kilos de alimentos y casi 2 toneladas de comida lista para consumo, beneficiando aproximadamente a 2.550 familias. De igual forma, se han recuperado.<\/p>\n<p>[\/vc_column_text][vc_empty_space][vc_video link=&#8221;https:\/\/www.youtube.com\/watch?v=TRmU2zDxWZ0&#8243;][\/vc_column][vc_column width=&#8221;1\/2&#8243;][vc_single_image image=&#8221;14308&#8243; img_size=&#8221;full&#8221;][vc_row_inner css=&#8221;.vc_custom_1574177885278{background-color: rgba(224,152,105,0.1) !important;*background-color: rgb(224,152,105) !important;}&#8221;][vc_column_inner][vc_empty_space][mk_button dimension=&#8221;flat&#8221; size=&#8221;x-large&#8221; align=&#8221;center&#8221; fullwidth=&#8221;true&#8221; margin_bottom=&#8221;5&#8243; bg_color=&#8221;#ee7b3b&#8221; btn_hover_bg=&#8221;#000000&#8243;]Conoce m\u00e1s de Catalina[\/mk_button][\/vc_column_inner][\/vc_row_inner][vc_row_inner css=&#8221;.vc_custom_1574177870734{background-color: rgba(224,152,105,0.1) !important;*background-color: rgb(224,152,105) !important;}&#8221;][vc_column_inner][vc_column_text css=&#8221;.vc_custom_1574181635889{margin-bottom: 0px !important;padding-top: 10px !important;padding-right: 40px !important;padding-left: 40px !important;}&#8221;]<\/p>\n<p style=\"text-align: justify;\">Catalina P\u00e9rez Parra naci\u00f3 el 13 de septiembre de 1984 en Cartagena. Vivi\u00f3 en una familia de clase media donde nunca le falt\u00f3 nada para ser feliz, sin embargo, desde peque\u00f1a se interes\u00f3 por la problem\u00e1tica que sufr\u00edan muchos ni\u00f1os, los cuales mor\u00edan por hambre o desnutrici\u00f3n, lo que le parec\u00eda absurdo.<\/p>\n<p style=\"text-align: justify;\">Catalina estudi\u00f3 Ingenier\u00eda Industrial, pero esto no le hizo olvidarse de la dura realidad que se vive en Cartagena: 16.484 menores de cinco a\u00f1os padecen desnutrici\u00f3n cr\u00f3nica y m\u00e1s de 34.000 menores sobreviven en la miseria. Esto le hizo tomar la decisi\u00f3n de ayudar a miles de familias, que lo \u00fanico que necesitan es un plato de comida.<\/p>\n<p style=\"text-align: justify;\">A corto plazo, Catalina sue\u00f1a con que la fundaci\u00f3n tenga un centro de recuperaci\u00f3n de alimentos, donde pueda preservar mucha m\u00e1s comida, ya que en Cartagena hay m\u00e1s de 10 700 restaurantes, 150 hoteles, entre otros establecimientos que pudieran servirle para proveerles alimentos y as\u00ed saciar el hambre de miles de ni\u00f1os.<\/p>\n<p>[\/vc_column_text][vc_empty_space][\/vc_column_inner][\/vc_row_inner][vc_empty_space][vc_single_image image=&#8221;15321&#8243; img_size=&#8221;full&#8221;][\/vc_column][\/vc_row][vc_row animation=&#8221;bottom-to-top&#8221;][vc_column][mk_gallery images=&#8221;14836,14837,14838,14839&#8243; style=&#8221;style2&#8243; overlay_color=&#8221;rgba(130,36,227,0.69)&#8221;][\/vc_column][\/vc_row]<\/p>\n","protected":false},"excerpt":{"rendered":"<p>[vc_row fullwidth=&#8221;true&#8221; padding=&#8221;0&#8243; css=&#8221;.vc_custom_1574100482494{margin-top: -110px !important;margin-right: 0px !important;margin-left: 0px !important;padding-top: 0px !important;padding-right: 0px !important;padding-bottom: 0px !important;padding-left: 0px !important;}&#8221;][vc_column][vc_single_image image=&#8221;15329&#8243; img_size=&#8221;full&#8221; alignment=&#8221;center&#8221; css=&#8221;.vc_custom_1574716072767{margin-right: -50px !important;}&#8221;][\/vc_column][\/vc_row][vc_row column_padding=&#8221;2&#8243; animation=&#8221;bottom-to-top&#8221;][vc_column width=&#8221;1\/2&#8243;][vc_column_text css=&#8221;.vc_custom_1575390558530{margin-bottom: 0px !important;}&#8221;] Seg\u00fan un estudio realizado por la Universidad Nacional de Colombia, al a\u00f1o se pierden 9,76 millones de toneladas de comida, cifra con la que se [&hellip;]<\/p>\n","protected":false},"author":7,"featured_media":14307,"parent":0,"menu_order":16,"comment_status":"open","ping_status":"closed","template":"","meta":{"footnotes":""},"class_list":["post-14306","page","type-page","status-publish","has-post-thumbnail","hentry"],"yoast_head":"<!-- This site is optimized with the Yoast SEO plugin v23.1 - https:\/\/yoast.com\/wordpress\/plugins\/seo\/ -->\n<title>Mujer Cafam Bol\u00edvar - Libros de Oro 2019<\/title>\n<meta name=\"robots\" content=\"index, follow, max-snippet:-1, max-image-preview:large, max-video-preview:-1\" \/>\n<link rel=\"canonical\" href=\"https:\/\/librosdeoro.cafam.com.co\/libro2019\/mujer-cafam-bolivar\/\" \/>\n<meta property=\"og:locale\" content=\"es_ES\" \/>\n<meta property=\"og:type\" content=\"article\" \/>\n<meta property=\"og:title\" content=\"Mujer Cafam Bol\u00edvar - Libros de Oro 2019\" \/>\n<meta property=\"og:description\" content=\"[vc_row fullwidth=&#8221;true&#8221; padding=&#8221;0&#8243; css=&#8221;.vc_custom_1574100482494{margin-top: -110px !important;margin-right: 0px !important;margin-left: 0px !important;padding-top: 0px !important;padding-right: 0px !important;padding-bottom: 0px !important;padding-left: 0px !important;}&#8221;][vc_column][vc_single_image image=&#8221;15329&#8243; img_size=&#8221;full&#8221; alignment=&#8221;center&#8221; css=&#8221;.vc_custom_1574716072767{margin-right: -50px !important;}&#8221;][\/vc_column][\/vc_row][vc_row column_padding=&#8221;2&#8243; animation=&#8221;bottom-to-top&#8221;][vc_column width=&#8221;1\/2&#8243;][vc_column_text css=&#8221;.vc_custom_1575390558530{margin-bottom: 0px !important;}&#8221;] Seg\u00fan un estudio realizado por la Universidad Nacional de Colombia, al a\u00f1o se pierden 9,76 millones de toneladas de comida, cifra con la que se [&hellip;]\" \/>\n<meta property=\"og:url\" content=\"https:\/\/librosdeoro.cafam.com.co\/libro2019\/mujer-cafam-bolivar\/\" \/>\n<meta property=\"og:site_name\" content=\"Libros de Oro 2019\" \/>\n<meta property=\"article:modified_time\" content=\"2019-12-03T16:29:27+00:00\" \/>\n<meta property=\"og:image\" content=\"https:\/\/librosdeoro.cafam.com.co\/libro2019\/wp-content\/uploads\/sites\/8\/2019\/11\/1-4.png\" \/>\n\t<meta property=\"og:image:width\" content=\"1800\" \/>\n\t<meta property=\"og:image:height\" content=\"1141\" \/>\n\t<meta property=\"og:image:type\" content=\"image\/png\" \/>\n<meta name=\"twitter:card\" content=\"summary_large_image\" \/>\n<meta name=\"twitter:label1\" content=\"Tiempo de lectura\" \/>\n\t<meta name=\"twitter:data1\" content=\"3 minutos\" \/>\n<script type=\"application\/ld+json\" class=\"yoast-schema-graph\">{\"@context\":\"https:\/\/schema.org\",\"@graph\":[{\"@type\":\"WebPage\",\"@id\":\"https:\/\/librosdeoro.cafam.com.co\/libro2019\/mujer-cafam-bolivar\/\",\"url\":\"https:\/\/librosdeoro.cafam.com.co\/libro2019\/mujer-cafam-bolivar\/\",\"name\":\"Mujer Cafam Bol\u00edvar - Libros de Oro 2019\",\"isPartOf\":{\"@id\":\"https:\/\/librosdeoro.cafam.com.co\/libro2019\/#website\"},\"primaryImageOfPage\":{\"@id\":\"https:\/\/librosdeoro.cafam.com.co\/libro2019\/mujer-cafam-bolivar\/#primaryimage\"},\"image\":{\"@id\":\"https:\/\/librosdeoro.cafam.com.co\/libro2019\/mujer-cafam-bolivar\/#primaryimage\"},\"thumbnailUrl\":\"https:\/\/librosdeoro.cafam.com.co\/libro2019\/wp-content\/uploads\/sites\/8\/2019\/11\/1-4.png\",\"datePublished\":\"2019-01-21T23:00:21+00:00\",\"dateModified\":\"2019-12-03T16:29:27+00:00\",\"breadcrumb\":{\"@id\":\"https:\/\/librosdeoro.cafam.com.co\/libro2019\/mujer-cafam-bolivar\/#breadcrumb\"},\"inLanguage\":\"es-CO\",\"potentialAction\":[{\"@type\":\"ReadAction\",\"target\":[\"https:\/\/librosdeoro.cafam.com.co\/libro2019\/mujer-cafam-bolivar\/\"]}]},{\"@type\":\"ImageObject\",\"inLanguage\":\"es-CO\",\"@id\":\"https:\/\/librosdeoro.cafam.com.co\/libro2019\/mujer-cafam-bolivar\/#primaryimage\",\"url\":\"https:\/\/librosdeoro.cafam.com.co\/libro2019\/wp-content\/uploads\/sites\/8\/2019\/11\/1-4.png\",\"contentUrl\":\"https:\/\/librosdeoro.cafam.com.co\/libro2019\/wp-content\/uploads\/sites\/8\/2019\/11\/1-4.png\",\"width\":1800,\"height\":1141},{\"@type\":\"BreadcrumbList\",\"@id\":\"https:\/\/librosdeoro.cafam.com.co\/libro2019\/mujer-cafam-bolivar\/#breadcrumb\",\"itemListElement\":[{\"@type\":\"ListItem\",\"position\":1,\"name\":\"Home\",\"item\":\"https:\/\/librosdeoro.cafam.com.co\/libro2019\/\"},{\"@type\":\"ListItem\",\"position\":2,\"name\":\"Mujer Cafam Bol\u00edvar\"}]},{\"@type\":\"WebSite\",\"@id\":\"https:\/\/librosdeoro.cafam.com.co\/libro2019\/#website\",\"url\":\"https:\/\/librosdeoro.cafam.com.co\/libro2019\/\",\"name\":\"Libros de Oro 2019\",\"description\":\"\",\"potentialAction\":[{\"@type\":\"SearchAction\",\"target\":{\"@type\":\"EntryPoint\",\"urlTemplate\":\"https:\/\/librosdeoro.cafam.com.co\/libro2019\/?s={search_term_string}\"},\"query-input\":\"required name=search_term_string\"}],\"inLanguage\":\"es-CO\"}]}<\/script>\n<!-- \/ Yoast SEO plugin. -->","yoast_head_json":{"title":"Mujer Cafam Bol\u00edvar - Libros de Oro 2019","robots":{"index":"index","follow":"follow","max-snippet":"max-snippet:-1","max-image-preview":"max-image-preview:large","max-video-preview":"max-video-preview:-1"},"canonical":"https:\/\/librosdeoro.cafam.com.co\/libro2019\/mujer-cafam-bolivar\/","og_locale":"es_ES","og_type":"article","og_title":"Mujer Cafam Bol\u00edvar - Libros de Oro 2019","og_description":"[vc_row fullwidth=&#8221;true&#8221; padding=&#8221;0&#8243; css=&#8221;.vc_custom_1574100482494{margin-top: -110px !important;margin-right: 0px !important;margin-left: 0px !important;padding-top: 0px !important;padding-right: 0px !important;padding-bottom: 0px !important;padding-left: 0px !important;}&#8221;][vc_column][vc_single_image image=&#8221;15329&#8243; img_size=&#8221;full&#8221; alignment=&#8221;center&#8221; css=&#8221;.vc_custom_1574716072767{margin-right: -50px !important;}&#8221;][\/vc_column][\/vc_row][vc_row column_padding=&#8221;2&#8243; animation=&#8221;bottom-to-top&#8221;][vc_column width=&#8221;1\/2&#8243;][vc_column_text css=&#8221;.vc_custom_1575390558530{margin-bottom: 0px !important;}&#8221;] Seg\u00fan un estudio realizado por la Universidad Nacional de Colombia, al a\u00f1o se pierden 9,76 millones de toneladas de comida, cifra con la que se [&hellip;]","og_url":"https:\/\/librosdeoro.cafam.com.co\/libro2019\/mujer-cafam-bolivar\/","og_site_name":"Libros de Oro 2019","article_modified_time":"2019-12-03T16:29:27+00:00","og_image":[{"width":1800,"height":1141,"url":"https:\/\/librosdeoro.cafam.com.co\/libro2019\/wp-content\/uploads\/sites\/8\/2019\/11\/1-4.png","type":"image\/png"}],"twitter_card":"summary_large_image","twitter_misc":{"Tiempo de lectura":"3 minutos"},"schema":{"@context":"https:\/\/schema.org","@graph":[{"@type":"WebPage","@id":"https:\/\/librosdeoro.cafam.com.co\/libro2019\/mujer-cafam-bolivar\/","url":"https:\/\/librosdeoro.cafam.com.co\/libro2019\/mujer-cafam-bolivar\/","name":"Mujer Cafam Bol\u00edvar - Libros de Oro 2019","isPartOf":{"@id":"https:\/\/librosdeoro.cafam.com.co\/libro2019\/#website"},"primaryImageOfPage":{"@id":"https:\/\/librosdeoro.cafam.com.co\/libro2019\/mujer-cafam-bolivar\/#primaryimage"},"image":{"@id":"https:\/\/librosdeoro.cafam.com.co\/libro2019\/mujer-cafam-bolivar\/#primaryimage"},"thumbnailUrl":"https:\/\/librosdeoro.cafam.com.co\/libro2019\/wp-content\/uploads\/sites\/8\/2019\/11\/1-4.png","datePublished":"2019-01-21T23:00:21+00:00","dateModified":"2019-12-03T16:29:27+00:00","breadcrumb":{"@id":"https:\/\/librosdeoro.cafam.com.co\/libro2019\/mujer-cafam-bolivar\/#breadcrumb"},"inLanguage":"es-CO","potentialAction":[{"@type":"ReadAction","target":["https:\/\/librosdeoro.cafam.com.co\/libro2019\/mujer-cafam-bolivar\/"]}]},{"@type":"ImageObject","inLanguage":"es-CO","@id":"https:\/\/librosdeoro.cafam.com.co\/libro2019\/mujer-cafam-bolivar\/#primaryimage","url":"https:\/\/librosdeoro.cafam.com.co\/libro2019\/wp-content\/uploads\/sites\/8\/2019\/11\/1-4.png","contentUrl":"https:\/\/librosdeoro.cafam.com.co\/libro2019\/wp-content\/uploads\/sites\/8\/2019\/11\/1-4.png","width":1800,"height":1141},{"@type":"BreadcrumbList","@id":"https:\/\/librosdeoro.cafam.com.co\/libro2019\/mujer-cafam-bolivar\/#breadcrumb","itemListElement":[{"@type":"ListItem","position":1,"name":"Home","item":"https:\/\/librosdeoro.cafam.com.co\/libro2019\/"},{"@type":"ListItem","position":2,"name":"Mujer Cafam Bol\u00edvar"}]},{"@type":"WebSite","@id":"https:\/\/librosdeoro.cafam.com.co\/libro2019\/#website","url":"https:\/\/librosdeoro.cafam.com.co\/libro2019\/","name":"Libros de Oro 2019","description":"","potentialAction":[{"@type":"SearchAction","target":{"@type":"EntryPoint","urlTemplate":"https:\/\/librosdeoro.cafam.com.co\/libro2019\/?s={search_term_string}"},"query-input":"required name=search_term_string"}],"inLanguage":"es-CO"}]}},"_links":{"self":[{"href":"https:\/\/librosdeoro.cafam.com.co\/libro2019\/wp-json\/wp\/v2\/pages\/14306","targetHints":{"allow":["GET"]}}],"collection":[{"href":"https:\/\/librosdeoro.cafam.com.co\/libro2019\/wp-json\/wp\/v2\/pages"}],"about":[{"href":"https:\/\/librosdeoro.cafam.com.co\/libro2019\/wp-json\/wp\/v2\/types\/page"}],"author":[{"embeddable":true,"href":"https:\/\/librosdeoro.cafam.com.co\/libro2019\/wp-json\/wp\/v2\/users\/7"}],"replies":[{"embeddable":true,"href":"https:\/\/librosdeoro.cafam.com.co\/libro2019\/wp-json\/wp\/v2\/comments?post=14306"}],"version-history":[{"count":14,"href":"https:\/\/librosdeoro.cafam.com.co\/libro2019\/wp-json\/wp\/v2\/pages\/14306\/revisions"}],"predecessor-version":[{"id":16172,"href":"https:\/\/librosdeoro.cafam.com.co\/libro2019\/wp-json\/wp\/v2\/pages\/14306\/revisions\/16172"}],"wp:featuredmedia":[{"embeddable":true,"href":"https:\/\/librosdeoro.cafam.com.co\/libro2019\/wp-json\/wp\/v2\/media\/14307"}],"wp:attachment":[{"href":"https:\/\/librosdeoro.cafam.com.co\/libro2019\/wp-json\/wp\/v2\/media?parent=14306"}],"curies":[{"name":"wp","href":"https:\/\/api.w.org\/{rel}","templated":true}]}}