{"id":14234,"date":"2019-01-06T00:00:46","date_gmt":"2019-01-05T23:00:46","guid":{"rendered":"https:\/\/adlive.com.co\/proyectos\/cafam\/?page_id=14234"},"modified":"2019-11-27T03:21:28","modified_gmt":"2019-11-27T02:21:28","slug":"palabras-del-director","status":"publish","type":"page","link":"https:\/\/librosdeoro.cafam.com.co\/libro2019\/palabras-del-director\/","title":{"rendered":"Palabras del director"},"content":{"rendered":"<p>[vc_row fullwidth=&#8221;true&#8221; padding=&#8221;0&#8243; css=&#8221;.vc_custom_1574100482494{margin-top: -110px !important;margin-right: 0px !important;margin-left: 0px !important;padding-top: 0px !important;padding-right: 0px !important;padding-bottom: 0px !important;padding-left: 0px !important;}&#8221;][vc_column][vc_single_image image=&#8221;15481&#8243; img_size=&#8221;full&#8221; alignment=&#8221;center&#8221; css=&#8221;.vc_custom_1574821238271{margin-top: 20px !important;}&#8221;][\/vc_column][\/vc_row][vc_row][vc_column width=&#8221;1\/2&#8243;][vc_column_text css=&#8221;.vc_custom_1574798503095{margin-bottom: 0px !important;}&#8221;]<\/p>\n<p style=\"text-align: justify;\">Un atento saludo a todos. Para nosotros es un gran honor contar con su presencia en esta versi\u00f3n 31 del Premio Cafam a la Mujer, una distinci\u00f3n que por a\u00f1os se ha caracterizado por destacar a las mujeres que trabajan de una manera silenciosa, pero con empoderamiento y pasi\u00f3n por las comunidades m\u00e1s necesitadas del pa\u00eds. Hoy los invito a que nos acompa\u00f1en a realizar un acto emotivo de gratitud y admiraci\u00f3n, a unas mujeres extraordinarias.<\/p>\n<p style=\"text-align: justify;\"><span style=\"color: #000080;\"><strong>Se encuentran con nosotros 28 hero\u00ednas que representan lo mejor de las mujeres colombianas, con su coraje para transformar situaciones adversas, la empat\u00eda para ponerse en el lugar de los m\u00e1s vulnerables, su capacidad para reconstruir el tejido social a\u00fan en comunidades con dolores muy profundos, su creatividad para desarrollar proyectos productivos que reduzcan la pobreza y la desigualdad, y con su entereza para luchar por el valor de la educaci\u00f3n, del rescate de la riqueza ancestral y de la inclusi\u00f3n.<\/strong><\/span><\/p>\n<p style=\"text-align: justify;\">Este Premio Cafam a la Mujer, es una invitaci\u00f3n al pa\u00eds para expresar sentimientos de solidaridad y acompa\u00f1amiento, a las mujeres que trabajan por la defensa de los derechos humanos y la promoci\u00f3n de la cultura de la no violencia en los territorios m\u00e1s apartados; a las mujeres que se dedican a devolverle el honor y el valor al trabajo en el campo, con la tierra y sus frutos como herramienta de desarrollo; a las mujeres que se dedican a acompa\u00f1ar a familias v\u00edctimas del conflicto, devolvi\u00e9ndoles la dignidad y los sue\u00f1os; a las mujeres que le apuestan a la formaci\u00f3n de personas en situaci\u00f3n de discapacidad para que cada vez sean menos vulnerables y puedan insertarse en el mercado laboral; a las mujeres que le apuestan a la educaci\u00f3n como el m\u00e1s eficiente veh\u00edculo de equidad y transformaci\u00f3n social; a las mujeres que a trav\u00e9s de la cultura y el deporte alejan a los ni\u00f1os del consumo de estupefacientes; y, a las mujeres que destinan su vida a la protecci\u00f3n y el bienestar de los adultos mayores.<\/p>\n<p style=\"text-align: justify;\">La historia de vida y obra de estas hero\u00ednas, con seguridad modificar\u00e1 percepciones y mostrar\u00e1 horizontes sociales posibles. Estas historias sacuden y hacen entender que es mucho lo que se puede y se debe hacer en la construcci\u00f3n de equidad, virtud de justicia e igualdad social que el pa\u00eds necesita y reclama con urgencia.<\/p>\n<p style=\"text-align: justify;\">Durante estos 31 a\u00f1os, Cafam ha puesto en el escenario nacional ejemplares iniciativas sociales de m\u00e1s de 4.860 mujeres, postuladas desde los distintos rincones de nuestro pa\u00eds y en los m\u00e1s variados campos de acci\u00f3n, mujeres que hemos definido como valientes de coraz\u00f3n y de esp\u00edritu. Todas estas iniciativas han partido de la gran diversidad de pensamiento, costumbres e ideolog\u00edas de las regiones para, desde ah\u00ed, desarrollar proyectos de gran valor que brindan bienestar y hacen aportes sociales y estrat\u00e9gicos a cada una de sus regiones, y logran con ello que su entorno social sea m\u00e1s equitativo y solidario, m\u00e1s justo y m\u00e1s distributivo.<\/p>\n<p>[\/vc_column_text][\/vc_column][vc_column width=&#8221;1\/2&#8243;][vc_column_text css=&#8221;.vc_custom_1574798442940{margin-bottom: 0px !important;}&#8221;]<\/p>\n<p style=\"text-align: justify;\">Como se expone en el eslogan de esta nueva versi\u00f3n del Premio Cafam a la Mujer, al resaltar Mujeres Invisibles y sus Obras Visibles, el Premio busca recobrar la fe en la sociedad, y demostrar que con el trabajo arduo de todas aquellas mujeres que han sido postuladas a\u00f1o tras a\u00f1o con sus proyectos, se puede construir un mejor pa\u00eds. Para Cafam es un orgullo y es gratificante descubrir historias de mujeres hero\u00ednas, como estas que hoy exaltamos, y m\u00e1s a\u00fan tener la oportunidad de hacerlas visibles, ponerlas como ejemplo de lo que con humildad se hace, pero que tiene una imponderable contribuci\u00f3n a la riqueza social.<\/p>\n<p style=\"text-align: justify;\"><span style=\"color: #000080;\"><strong>En particular, Cafam quiere, en el marco de esta ceremonia de premiaci\u00f3n, hacer tambi\u00e9n una menci\u00f3n especial de reconocimiento a un grupo de mujeres que, gracias a su esfuerzo, confianza, perseverancia y sobre todo amor, han permitido llenar de orgullo el pa\u00eds por el desempe\u00f1o de compatriotas disciplinados, ejemplares y meritorios en diferentes escenarios internacionales. Esta menci\u00f3n especial va dirigida a destacadas madres de deportistas colombianos.<\/strong><\/span><\/p>\n<p style=\"text-align: justify;\">Mujeres que en ocasiones han superado adversidades, y que han sido el principal est\u00edmulo para que nuestros deportistas dejen en alto el nombre del pa\u00eds. El amor maternal hace maravillas.<\/p>\n<p style=\"text-align: justify;\">A ellas gracias por darnos la oportunidad de ver y de creer que con fe y constancia, se logran grandes resultados. Engalanan este evento: Marcela, mam\u00e1 de Juan Guillermo Cuadrado; Claudia, mam\u00e1 de Mariana Paj\u00f3n; Carolina, mam\u00e1 de Esteban Chaves; Neila, mam\u00e1 de Yuberjen Mart\u00ednez; Pilar, mam\u00e1 de James Rodr\u00edguez y Eloisa, mam\u00e1 de Nairo Quintana. Finalmente, agradezco a todos los que nos acompa\u00f1an en este d\u00eda tan especial, y a todos aquellos que nos apoyaron para hacer posible este Premio que es uno de los m\u00e1s importantes del pa\u00eds. Destaco la colaboraci\u00f3n de las cajas de compensaci\u00f3n, clubes rotarios, medios de comunicaci\u00f3n y patrocinadores.<\/p>\n<p style=\"text-align: justify;\">Especial menci\u00f3n para el inmejorable jurado del Premio: Mar\u00eda Luisa Mesa, Mar\u00eda Teresa Peresson, Juan Lozano, Germ\u00e1n Santamar\u00eda y el Padre Joaqu\u00edn S\u00e1nchez. Muchos de ellos, con m\u00e1s de 25 a\u00f1os de estarnos acompa\u00f1ando en este dif\u00edcil trabajo de seleccionar las mejores historias de vida, y las mejores obras de las Mujeres Cafam.<\/p>\n<p style=\"text-align: justify;\">Un grato saludo a la doctora Juliana Ruiz Sandoval, Primera Dama de la Naci\u00f3n, quien nos honra con su presencia, y a quien esperamos tener en las pr\u00f3ximas tres versiones de nuestro Premio.<\/p>\n<p style=\"text-align: justify;\">Usted, do\u00f1a Juliana, ha dicho que sue\u00f1a con un pa\u00eds que recupere el valor de la solidaridad, un pa\u00eds de personas alegres, creativas e innovadoras y poseedor de una gran conciencia de comunidad que rompa paradigmas y eliminen brechas sociales, y eso, se\u00f1ora Juliana, es parte importante de lo que hacen las Mujeres Cafam. \u00a1Gracias! Su presencia nos honra.<\/p>\n<p style=\"text-align: justify;\">Muchas gracias a todos por su presencia en esta ceremonia, y a las mujeres Cafam toda la gratitud por lo que hacen con tanta entrega y sacrificio personal, Dios y el pa\u00eds se lo reconocen.<\/p>\n<p>[\/vc_column_text][\/vc_column][\/vc_row][vc_row][vc_column][vc_row_inner][vc_column_inner][vc_empty_space][vc_video max_width=&#8221;1504&#8243; link=&#8221;https:\/\/youtu.be\/eQp0KytscoM&#8221;][vc_empty_space height=&#8221;200px&#8221;][\/vc_column_inner][\/vc_row_inner][\/vc_column][\/vc_row]<\/p>\n","protected":false},"excerpt":{"rendered":"<p>[vc_row fullwidth=&#8221;true&#8221; padding=&#8221;0&#8243; css=&#8221;.vc_custom_1574100482494{margin-top: -110px !important;margin-right: 0px !important;margin-left: 0px !important;padding-top: 0px !important;padding-right: 0px !important;padding-bottom: 0px !important;padding-left: 0px !important;}&#8221;][vc_column][vc_single_image image=&#8221;15481&#8243; img_size=&#8221;full&#8221; alignment=&#8221;center&#8221; css=&#8221;.vc_custom_1574821238271{margin-top: 20px !important;}&#8221;][\/vc_column][\/vc_row][vc_row][vc_column width=&#8221;1\/2&#8243;][vc_column_text css=&#8221;.vc_custom_1574798503095{margin-bottom: 0px !important;}&#8221;] Un atento saludo a todos. Para nosotros es un gran honor contar con su presencia en esta versi\u00f3n 31 del Premio Cafam a la Mujer, una distinci\u00f3n [&hellip;]<\/p>\n","protected":false},"author":7,"featured_media":14073,"parent":0,"menu_order":44,"comment_status":"open","ping_status":"closed","template":"","meta":{"footnotes":""},"class_list":["post-14234","page","type-page","status-publish","has-post-thumbnail","hentry"],"yoast_head":"<!-- This site is optimized with the Yoast SEO plugin v23.1 - https:\/\/yoast.com\/wordpress\/plugins\/seo\/ -->\n<title>Palabras del director - Libros de Oro 2019<\/title>\n<meta name=\"robots\" content=\"index, follow, max-snippet:-1, max-image-preview:large, max-video-preview:-1\" \/>\n<link rel=\"canonical\" href=\"https:\/\/librosdeoro.cafam.com.co\/libro2019\/palabras-del-director\/\" \/>\n<meta property=\"og:locale\" content=\"es_ES\" \/>\n<meta property=\"og:type\" content=\"article\" \/>\n<meta property=\"og:title\" content=\"Palabras del director - Libros de Oro 2019\" \/>\n<meta property=\"og:description\" content=\"[vc_row fullwidth=&#8221;true&#8221; padding=&#8221;0&#8243; css=&#8221;.vc_custom_1574100482494{margin-top: -110px !important;margin-right: 0px !important;margin-left: 0px !important;padding-top: 0px !important;padding-right: 0px !important;padding-bottom: 0px !important;padding-left: 0px !important;}&#8221;][vc_column][vc_single_image image=&#8221;15481&#8243; img_size=&#8221;full&#8221; alignment=&#8221;center&#8221; css=&#8221;.vc_custom_1574821238271{margin-top: 20px !important;}&#8221;][\/vc_column][\/vc_row][vc_row][vc_column width=&#8221;1\/2&#8243;][vc_column_text css=&#8221;.vc_custom_1574798503095{margin-bottom: 0px !important;}&#8221;] Un atento saludo a todos. Para nosotros es un gran honor contar con su presencia en esta versi\u00f3n 31 del Premio Cafam a la Mujer, una distinci\u00f3n [&hellip;]\" \/>\n<meta property=\"og:url\" content=\"https:\/\/librosdeoro.cafam.com.co\/libro2019\/palabras-del-director\/\" \/>\n<meta property=\"og:site_name\" content=\"Libros de Oro 2019\" \/>\n<meta property=\"article:modified_time\" content=\"2019-11-27T02:21:28+00:00\" \/>\n<meta property=\"og:image\" content=\"https:\/\/librosdeoro.cafam.com.co\/libro2019\/wp-content\/uploads\/sites\/8\/2019\/10\/discurso.jpg\" \/>\n\t<meta property=\"og:image:width\" content=\"1920\" \/>\n\t<meta property=\"og:image:height\" content=\"1613\" \/>\n\t<meta property=\"og:image:type\" content=\"image\/jpeg\" \/>\n<meta name=\"twitter:card\" content=\"summary_large_image\" \/>\n<meta name=\"twitter:label1\" content=\"Tiempo de lectura\" \/>\n\t<meta name=\"twitter:data1\" content=\"6 minutos\" \/>\n<script type=\"application\/ld+json\" class=\"yoast-schema-graph\">{\"@context\":\"https:\/\/schema.org\",\"@graph\":[{\"@type\":\"WebPage\",\"@id\":\"https:\/\/librosdeoro.cafam.com.co\/libro2019\/palabras-del-director\/\",\"url\":\"https:\/\/librosdeoro.cafam.com.co\/libro2019\/palabras-del-director\/\",\"name\":\"Palabras del director - Libros de Oro 2019\",\"isPartOf\":{\"@id\":\"https:\/\/librosdeoro.cafam.com.co\/libro2019\/#website\"},\"primaryImageOfPage\":{\"@id\":\"https:\/\/librosdeoro.cafam.com.co\/libro2019\/palabras-del-director\/#primaryimage\"},\"image\":{\"@id\":\"https:\/\/librosdeoro.cafam.com.co\/libro2019\/palabras-del-director\/#primaryimage\"},\"thumbnailUrl\":\"https:\/\/librosdeoro.cafam.com.co\/libro2019\/wp-content\/uploads\/sites\/8\/2019\/10\/discurso.jpg\",\"datePublished\":\"2019-01-05T23:00:46+00:00\",\"dateModified\":\"2019-11-27T02:21:28+00:00\",\"breadcrumb\":{\"@id\":\"https:\/\/librosdeoro.cafam.com.co\/libro2019\/palabras-del-director\/#breadcrumb\"},\"inLanguage\":\"es-CO\",\"potentialAction\":[{\"@type\":\"ReadAction\",\"target\":[\"https:\/\/librosdeoro.cafam.com.co\/libro2019\/palabras-del-director\/\"]}]},{\"@type\":\"ImageObject\",\"inLanguage\":\"es-CO\",\"@id\":\"https:\/\/librosdeoro.cafam.com.co\/libro2019\/palabras-del-director\/#primaryimage\",\"url\":\"https:\/\/librosdeoro.cafam.com.co\/libro2019\/wp-content\/uploads\/sites\/8\/2019\/10\/discurso.jpg\",\"contentUrl\":\"https:\/\/librosdeoro.cafam.com.co\/libro2019\/wp-content\/uploads\/sites\/8\/2019\/10\/discurso.jpg\",\"width\":1920,\"height\":1613},{\"@type\":\"BreadcrumbList\",\"@id\":\"https:\/\/librosdeoro.cafam.com.co\/libro2019\/palabras-del-director\/#breadcrumb\",\"itemListElement\":[{\"@type\":\"ListItem\",\"position\":1,\"name\":\"Home\",\"item\":\"https:\/\/librosdeoro.cafam.com.co\/libro2019\/\"},{\"@type\":\"ListItem\",\"position\":2,\"name\":\"Palabras del director\"}]},{\"@type\":\"WebSite\",\"@id\":\"https:\/\/librosdeoro.cafam.com.co\/libro2019\/#website\",\"url\":\"https:\/\/librosdeoro.cafam.com.co\/libro2019\/\",\"name\":\"Libros de Oro 2019\",\"description\":\"\",\"potentialAction\":[{\"@type\":\"SearchAction\",\"target\":{\"@type\":\"EntryPoint\",\"urlTemplate\":\"https:\/\/librosdeoro.cafam.com.co\/libro2019\/?s={search_term_string}\"},\"query-input\":\"required name=search_term_string\"}],\"inLanguage\":\"es-CO\"}]}<\/script>\n<!-- \/ Yoast SEO plugin. -->","yoast_head_json":{"title":"Palabras del director - Libros de Oro 2019","robots":{"index":"index","follow":"follow","max-snippet":"max-snippet:-1","max-image-preview":"max-image-preview:large","max-video-preview":"max-video-preview:-1"},"canonical":"https:\/\/librosdeoro.cafam.com.co\/libro2019\/palabras-del-director\/","og_locale":"es_ES","og_type":"article","og_title":"Palabras del director - Libros de Oro 2019","og_description":"[vc_row fullwidth=&#8221;true&#8221; padding=&#8221;0&#8243; css=&#8221;.vc_custom_1574100482494{margin-top: -110px !important;margin-right: 0px !important;margin-left: 0px !important;padding-top: 0px !important;padding-right: 0px !important;padding-bottom: 0px !important;padding-left: 0px !important;}&#8221;][vc_column][vc_single_image image=&#8221;15481&#8243; img_size=&#8221;full&#8221; alignment=&#8221;center&#8221; css=&#8221;.vc_custom_1574821238271{margin-top: 20px !important;}&#8221;][\/vc_column][\/vc_row][vc_row][vc_column width=&#8221;1\/2&#8243;][vc_column_text css=&#8221;.vc_custom_1574798503095{margin-bottom: 0px !important;}&#8221;] Un atento saludo a todos. Para nosotros es un gran honor contar con su presencia en esta versi\u00f3n 31 del Premio Cafam a la Mujer, una distinci\u00f3n [&hellip;]","og_url":"https:\/\/librosdeoro.cafam.com.co\/libro2019\/palabras-del-director\/","og_site_name":"Libros de Oro 2019","article_modified_time":"2019-11-27T02:21:28+00:00","og_image":[{"width":1920,"height":1613,"url":"https:\/\/librosdeoro.cafam.com.co\/libro2019\/wp-content\/uploads\/sites\/8\/2019\/10\/discurso.jpg","type":"image\/jpeg"}],"twitter_card":"summary_large_image","twitter_misc":{"Tiempo de lectura":"6 minutos"},"schema":{"@context":"https:\/\/schema.org","@graph":[{"@type":"WebPage","@id":"https:\/\/librosdeoro.cafam.com.co\/libro2019\/palabras-del-director\/","url":"https:\/\/librosdeoro.cafam.com.co\/libro2019\/palabras-del-director\/","name":"Palabras del director - Libros de Oro 2019","isPartOf":{"@id":"https:\/\/librosdeoro.cafam.com.co\/libro2019\/#website"},"primaryImageOfPage":{"@id":"https:\/\/librosdeoro.cafam.com.co\/libro2019\/palabras-del-director\/#primaryimage"},"image":{"@id":"https:\/\/librosdeoro.cafam.com.co\/libro2019\/palabras-del-director\/#primaryimage"},"thumbnailUrl":"https:\/\/librosdeoro.cafam.com.co\/libro2019\/wp-content\/uploads\/sites\/8\/2019\/10\/discurso.jpg","datePublished":"2019-01-05T23:00:46+00:00","dateModified":"2019-11-27T02:21:28+00:00","breadcrumb":{"@id":"https:\/\/librosdeoro.cafam.com.co\/libro2019\/palabras-del-director\/#breadcrumb"},"inLanguage":"es-CO","potentialAction":[{"@type":"ReadAction","target":["https:\/\/librosdeoro.cafam.com.co\/libro2019\/palabras-del-director\/"]}]},{"@type":"ImageObject","inLanguage":"es-CO","@id":"https:\/\/librosdeoro.cafam.com.co\/libro2019\/palabras-del-director\/#primaryimage","url":"https:\/\/librosdeoro.cafam.com.co\/libro2019\/wp-content\/uploads\/sites\/8\/2019\/10\/discurso.jpg","contentUrl":"https:\/\/librosdeoro.cafam.com.co\/libro2019\/wp-content\/uploads\/sites\/8\/2019\/10\/discurso.jpg","width":1920,"height":1613},{"@type":"BreadcrumbList","@id":"https:\/\/librosdeoro.cafam.com.co\/libro2019\/palabras-del-director\/#breadcrumb","itemListElement":[{"@type":"ListItem","position":1,"name":"Home","item":"https:\/\/librosdeoro.cafam.com.co\/libro2019\/"},{"@type":"ListItem","position":2,"name":"Palabras del director"}]},{"@type":"WebSite","@id":"https:\/\/librosdeoro.cafam.com.co\/libro2019\/#website","url":"https:\/\/librosdeoro.cafam.com.co\/libro2019\/","name":"Libros de Oro 2019","description":"","potentialAction":[{"@type":"SearchAction","target":{"@type":"EntryPoint","urlTemplate":"https:\/\/librosdeoro.cafam.com.co\/libro2019\/?s={search_term_string}"},"query-input":"required name=search_term_string"}],"inLanguage":"es-CO"}]}},"_links":{"self":[{"href":"https:\/\/librosdeoro.cafam.com.co\/libro2019\/wp-json\/wp\/v2\/pages\/14234","targetHints":{"allow":["GET"]}}],"collection":[{"href":"https:\/\/librosdeoro.cafam.com.co\/libro2019\/wp-json\/wp\/v2\/pages"}],"about":[{"href":"https:\/\/librosdeoro.cafam.com.co\/libro2019\/wp-json\/wp\/v2\/types\/page"}],"author":[{"embeddable":true,"href":"https:\/\/librosdeoro.cafam.com.co\/libro2019\/wp-json\/wp\/v2\/users\/7"}],"replies":[{"embeddable":true,"href":"https:\/\/librosdeoro.cafam.com.co\/libro2019\/wp-json\/wp\/v2\/comments?post=14234"}],"version-history":[{"count":18,"href":"https:\/\/librosdeoro.cafam.com.co\/libro2019\/wp-json\/wp\/v2\/pages\/14234\/revisions"}],"predecessor-version":[{"id":15482,"href":"https:\/\/librosdeoro.cafam.com.co\/libro2019\/wp-json\/wp\/v2\/pages\/14234\/revisions\/15482"}],"wp:featuredmedia":[{"embeddable":true,"href":"https:\/\/librosdeoro.cafam.com.co\/libro2019\/wp-json\/wp\/v2\/media\/14073"}],"wp:attachment":[{"href":"https:\/\/librosdeoro.cafam.com.co\/libro2019\/wp-json\/wp\/v2\/media?parent=14234"}],"curies":[{"name":"wp","href":"https:\/\/api.w.org\/{rel}","templated":true}]}}