{"id":14213,"date":"2019-01-05T00:00:22","date_gmt":"2019-01-04T23:00:22","guid":{"rendered":"https:\/\/adlive.com.co\/proyectos\/cafam\/?page_id=14213"},"modified":"2019-12-04T20:41:50","modified_gmt":"2019-12-04T19:41:50","slug":"palabras-de-la-primera-dama","status":"publish","type":"page","link":"https:\/\/librosdeoro.cafam.com.co\/libro2019\/palabras-de-la-primera-dama\/","title":{"rendered":"Palabras de la primera dama"},"content":{"rendered":"<p>[vc_row fullwidth=&#8221;true&#8221; padding=&#8221;0&#8243; css=&#8221;.vc_custom_1574100482494{margin-top: -110px !important;margin-right: 0px !important;margin-left: 0px !important;padding-top: 0px !important;padding-right: 0px !important;padding-bottom: 0px !important;padding-left: 0px !important;}&#8221;][vc_column][vc_single_image image=&#8221;16241&#8243; img_size=&#8221;full&#8221; alignment=&#8221;center&#8221; css=&#8221;.vc_custom_1575476719195{margin-top: 20px !important;}&#8221;][\/vc_column][\/vc_row][vc_row column_padding=&#8221;5&#8243;][vc_column width=&#8221;1\/2&#8243; css=&#8221;.vc_custom_1574259550510{padding-right: 40px !important;padding-left: 40px !important;}&#8221;][vc_column_text css=&#8221;.vc_custom_1574700915931{margin-bottom: 0px !important;}&#8221;]<\/p>\n<p style=\"text-align: justify; color: #1e2074;\"><span style=\"font-size: 24pt; color: #1e2074;\"><strong>Pensamientos<\/strong><\/span><br \/>\n<span style=\"font-size: 24pt; color: #1e2074;\"><strong>y acciones positivas<\/strong><\/span><br \/>\n<span style=\"font-size: 24pt; color: #1e2074;\"><strong>para transformar la<\/strong><\/span><br \/>\n<span style=\"font-size: 24pt; color: #1e2074;\"><strong>sociedad<\/strong><\/span><\/p>\n<p style=\"text-align: justify;\"><span style=\"font-weight: 400;\">Durante el acto de premiaci\u00f3n del 31.<\/span><span style=\"font-weight: 400;\">er<\/span><span style=\"font-weight: 400;\"> Premio Cafam a la Mujer, Mar\u00eda Juliana Ruiz Sandoval, Primera Dama de la Rep\u00fablica de Colombia, exalt\u00f3 el papel que desempe\u00f1an las lideresas en la sociedad, cuando indic\u00f3 que las Mujeres Cafam:\u00a0<\/span><\/p>\n<p>[\/vc_column_text][vc_single_image image=&#8221;15298&#8243; img_size=&#8221;full&#8221;][vc_column_text css=&#8221;.vc_custom_1574259271842{margin-bottom: 0px !important;}&#8221;]<\/p>\n<p style=\"text-align: justify;\">De igual manera, la Primera Dama de Colombia invit\u00f3 a las Mujeres Cafam, y por extensi\u00f3n a todas las colombianas, a que generen pensamientos positivos para transformar y cambiar el lenguaje de la sociedad, lo que, sin duda, vislumbrar\u00e1 un mejor futuro para las generaciones actuales y las venideras en nuestro pa\u00eds.<\/p>\n<p>[\/vc_column_text][\/vc_column][vc_column width=&#8221;1\/2&#8243; css=&#8221;.vc_custom_1574259541162{padding-right: 40px !important;padding-left: 40px !important;}&#8221;][vc_single_image image=&#8221;14565&#8243; img_size=&#8221;medium&#8221; alignment=&#8221;center&#8221;][vc_video link=&#8221;https:\/\/youtu.be\/6_E0zx0ewLM&#8221;][vc_column_text css=&#8221;.vc_custom_1574259497242{margin-bottom: 0px !important;}&#8221;]<\/p>\n<p style=\"text-align: center; line-height: 12px;\"><span style=\"font-size: 10pt;\">* Palabras de la Primera Dama de la naci\u00f3n, Mar\u00eda Juliana Ruiz<\/span><br \/>\n<span style=\"font-size: 10pt;\">Sandoval, en la entrega del 31.\u00b0 Premio Cafam a la Mujer.<\/span><\/p>\n<p>[\/vc_column_text][\/vc_column][\/vc_row][vc_row][vc_column][vc_empty_space height=&#8221;200px&#8221;][\/vc_column][\/vc_row][vc_row][vc_column][mk_gallery images=&#8221;15217,15218,15219,15220,15221,15222,15223,15224,16260,16261,16262,16263&#8243; column=&#8221;2&#8243;][\/vc_column][\/vc_row]<\/p>\n","protected":false},"excerpt":{"rendered":"<p>[vc_row fullwidth=&#8221;true&#8221; padding=&#8221;0&#8243; css=&#8221;.vc_custom_1574100482494{margin-top: -110px !important;margin-right: 0px !important;margin-left: 0px !important;padding-top: 0px !important;padding-right: 0px !important;padding-bottom: 0px !important;padding-left: 0px !important;}&#8221;][vc_column][vc_single_image image=&#8221;16241&#8243; img_size=&#8221;full&#8221; alignment=&#8221;center&#8221; css=&#8221;.vc_custom_1575476719195{margin-top: 20px !important;}&#8221;][\/vc_column][\/vc_row][vc_row column_padding=&#8221;5&#8243;][vc_column width=&#8221;1\/2&#8243; css=&#8221;.vc_custom_1574259550510{padding-right: 40px !important;padding-left: 40px !important;}&#8221;][vc_column_text css=&#8221;.vc_custom_1574700915931{margin-bottom: 0px !important;}&#8221;] Pensamientos y acciones positivas para transformar la sociedad Durante el acto de premiaci\u00f3n del 31.er Premio Cafam a la Mujer, Mar\u00eda [&hellip;]<\/p>\n","protected":false},"author":7,"featured_media":15073,"parent":0,"menu_order":43,"comment_status":"open","ping_status":"closed","template":"","meta":{"footnotes":""},"class_list":["post-14213","page","type-page","status-publish","has-post-thumbnail","hentry"],"yoast_head":"<!-- This site is optimized with the Yoast SEO plugin v23.1 - https:\/\/yoast.com\/wordpress\/plugins\/seo\/ -->\n<title>Palabras de la primera dama - Libros de Oro 2019<\/title>\n<meta name=\"robots\" content=\"index, follow, max-snippet:-1, max-image-preview:large, max-video-preview:-1\" \/>\n<link rel=\"canonical\" href=\"https:\/\/librosdeoro.cafam.com.co\/libro2019\/palabras-de-la-primera-dama\/\" \/>\n<meta property=\"og:locale\" content=\"es_ES\" \/>\n<meta property=\"og:type\" content=\"article\" \/>\n<meta property=\"og:title\" content=\"Palabras de la primera dama - Libros de Oro 2019\" \/>\n<meta property=\"og:description\" content=\"[vc_row fullwidth=&#8221;true&#8221; padding=&#8221;0&#8243; css=&#8221;.vc_custom_1574100482494{margin-top: -110px !important;margin-right: 0px !important;margin-left: 0px !important;padding-top: 0px !important;padding-right: 0px !important;padding-bottom: 0px !important;padding-left: 0px !important;}&#8221;][vc_column][vc_single_image image=&#8221;16241&#8243; img_size=&#8221;full&#8221; alignment=&#8221;center&#8221; css=&#8221;.vc_custom_1575476719195{margin-top: 20px !important;}&#8221;][\/vc_column][\/vc_row][vc_row column_padding=&#8221;5&#8243;][vc_column width=&#8221;1\/2&#8243; css=&#8221;.vc_custom_1574259550510{padding-right: 40px !important;padding-left: 40px !important;}&#8221;][vc_column_text css=&#8221;.vc_custom_1574700915931{margin-bottom: 0px !important;}&#8221;] Pensamientos y acciones positivas para transformar la sociedad Durante el acto de premiaci\u00f3n del 31.er Premio Cafam a la Mujer, Mar\u00eda [&hellip;]\" \/>\n<meta property=\"og:url\" content=\"https:\/\/librosdeoro.cafam.com.co\/libro2019\/palabras-de-la-primera-dama\/\" \/>\n<meta property=\"og:site_name\" content=\"Libros de Oro 2019\" \/>\n<meta property=\"article:modified_time\" content=\"2019-12-04T19:41:50+00:00\" \/>\n<meta property=\"og:image\" content=\"https:\/\/librosdeoro.cafam.com.co\/libro2019\/wp-content\/uploads\/sites\/8\/2019\/11\/1-31.png\" \/>\n\t<meta property=\"og:image:width\" content=\"1800\" \/>\n\t<meta property=\"og:image:height\" content=\"1210\" \/>\n\t<meta property=\"og:image:type\" content=\"image\/png\" \/>\n<meta name=\"twitter:card\" content=\"summary_large_image\" \/>\n<meta name=\"twitter:label1\" content=\"Tiempo de lectura\" \/>\n\t<meta name=\"twitter:data1\" content=\"1 minuto\" \/>\n<script type=\"application\/ld+json\" class=\"yoast-schema-graph\">{\"@context\":\"https:\/\/schema.org\",\"@graph\":[{\"@type\":\"WebPage\",\"@id\":\"https:\/\/librosdeoro.cafam.com.co\/libro2019\/palabras-de-la-primera-dama\/\",\"url\":\"https:\/\/librosdeoro.cafam.com.co\/libro2019\/palabras-de-la-primera-dama\/\",\"name\":\"Palabras de la primera dama - Libros de Oro 2019\",\"isPartOf\":{\"@id\":\"https:\/\/librosdeoro.cafam.com.co\/libro2019\/#website\"},\"primaryImageOfPage\":{\"@id\":\"https:\/\/librosdeoro.cafam.com.co\/libro2019\/palabras-de-la-primera-dama\/#primaryimage\"},\"image\":{\"@id\":\"https:\/\/librosdeoro.cafam.com.co\/libro2019\/palabras-de-la-primera-dama\/#primaryimage\"},\"thumbnailUrl\":\"https:\/\/librosdeoro.cafam.com.co\/libro2019\/wp-content\/uploads\/sites\/8\/2019\/11\/1-31.png\",\"datePublished\":\"2019-01-04T23:00:22+00:00\",\"dateModified\":\"2019-12-04T19:41:50+00:00\",\"breadcrumb\":{\"@id\":\"https:\/\/librosdeoro.cafam.com.co\/libro2019\/palabras-de-la-primera-dama\/#breadcrumb\"},\"inLanguage\":\"es-CO\",\"potentialAction\":[{\"@type\":\"ReadAction\",\"target\":[\"https:\/\/librosdeoro.cafam.com.co\/libro2019\/palabras-de-la-primera-dama\/\"]}]},{\"@type\":\"ImageObject\",\"inLanguage\":\"es-CO\",\"@id\":\"https:\/\/librosdeoro.cafam.com.co\/libro2019\/palabras-de-la-primera-dama\/#primaryimage\",\"url\":\"https:\/\/librosdeoro.cafam.com.co\/libro2019\/wp-content\/uploads\/sites\/8\/2019\/11\/1-31.png\",\"contentUrl\":\"https:\/\/librosdeoro.cafam.com.co\/libro2019\/wp-content\/uploads\/sites\/8\/2019\/11\/1-31.png\",\"width\":1800,\"height\":1210},{\"@type\":\"BreadcrumbList\",\"@id\":\"https:\/\/librosdeoro.cafam.com.co\/libro2019\/palabras-de-la-primera-dama\/#breadcrumb\",\"itemListElement\":[{\"@type\":\"ListItem\",\"position\":1,\"name\":\"Home\",\"item\":\"https:\/\/librosdeoro.cafam.com.co\/libro2019\/\"},{\"@type\":\"ListItem\",\"position\":2,\"name\":\"Palabras de la primera dama\"}]},{\"@type\":\"WebSite\",\"@id\":\"https:\/\/librosdeoro.cafam.com.co\/libro2019\/#website\",\"url\":\"https:\/\/librosdeoro.cafam.com.co\/libro2019\/\",\"name\":\"Libros de Oro 2019\",\"description\":\"\",\"potentialAction\":[{\"@type\":\"SearchAction\",\"target\":{\"@type\":\"EntryPoint\",\"urlTemplate\":\"https:\/\/librosdeoro.cafam.com.co\/libro2019\/?s={search_term_string}\"},\"query-input\":\"required name=search_term_string\"}],\"inLanguage\":\"es-CO\"}]}<\/script>\n<!-- \/ Yoast SEO plugin. -->","yoast_head_json":{"title":"Palabras de la primera dama - Libros de Oro 2019","robots":{"index":"index","follow":"follow","max-snippet":"max-snippet:-1","max-image-preview":"max-image-preview:large","max-video-preview":"max-video-preview:-1"},"canonical":"https:\/\/librosdeoro.cafam.com.co\/libro2019\/palabras-de-la-primera-dama\/","og_locale":"es_ES","og_type":"article","og_title":"Palabras de la primera dama - Libros de Oro 2019","og_description":"[vc_row fullwidth=&#8221;true&#8221; padding=&#8221;0&#8243; css=&#8221;.vc_custom_1574100482494{margin-top: -110px !important;margin-right: 0px !important;margin-left: 0px !important;padding-top: 0px !important;padding-right: 0px !important;padding-bottom: 0px !important;padding-left: 0px !important;}&#8221;][vc_column][vc_single_image image=&#8221;16241&#8243; img_size=&#8221;full&#8221; alignment=&#8221;center&#8221; css=&#8221;.vc_custom_1575476719195{margin-top: 20px !important;}&#8221;][\/vc_column][\/vc_row][vc_row column_padding=&#8221;5&#8243;][vc_column width=&#8221;1\/2&#8243; css=&#8221;.vc_custom_1574259550510{padding-right: 40px !important;padding-left: 40px !important;}&#8221;][vc_column_text css=&#8221;.vc_custom_1574700915931{margin-bottom: 0px !important;}&#8221;] Pensamientos y acciones positivas para transformar la sociedad Durante el acto de premiaci\u00f3n del 31.er Premio Cafam a la Mujer, Mar\u00eda [&hellip;]","og_url":"https:\/\/librosdeoro.cafam.com.co\/libro2019\/palabras-de-la-primera-dama\/","og_site_name":"Libros de Oro 2019","article_modified_time":"2019-12-04T19:41:50+00:00","og_image":[{"width":1800,"height":1210,"url":"https:\/\/librosdeoro.cafam.com.co\/libro2019\/wp-content\/uploads\/sites\/8\/2019\/11\/1-31.png","type":"image\/png"}],"twitter_card":"summary_large_image","twitter_misc":{"Tiempo de lectura":"1 minuto"},"schema":{"@context":"https:\/\/schema.org","@graph":[{"@type":"WebPage","@id":"https:\/\/librosdeoro.cafam.com.co\/libro2019\/palabras-de-la-primera-dama\/","url":"https:\/\/librosdeoro.cafam.com.co\/libro2019\/palabras-de-la-primera-dama\/","name":"Palabras de la primera dama - Libros de Oro 2019","isPartOf":{"@id":"https:\/\/librosdeoro.cafam.com.co\/libro2019\/#website"},"primaryImageOfPage":{"@id":"https:\/\/librosdeoro.cafam.com.co\/libro2019\/palabras-de-la-primera-dama\/#primaryimage"},"image":{"@id":"https:\/\/librosdeoro.cafam.com.co\/libro2019\/palabras-de-la-primera-dama\/#primaryimage"},"thumbnailUrl":"https:\/\/librosdeoro.cafam.com.co\/libro2019\/wp-content\/uploads\/sites\/8\/2019\/11\/1-31.png","datePublished":"2019-01-04T23:00:22+00:00","dateModified":"2019-12-04T19:41:50+00:00","breadcrumb":{"@id":"https:\/\/librosdeoro.cafam.com.co\/libro2019\/palabras-de-la-primera-dama\/#breadcrumb"},"inLanguage":"es-CO","potentialAction":[{"@type":"ReadAction","target":["https:\/\/librosdeoro.cafam.com.co\/libro2019\/palabras-de-la-primera-dama\/"]}]},{"@type":"ImageObject","inLanguage":"es-CO","@id":"https:\/\/librosdeoro.cafam.com.co\/libro2019\/palabras-de-la-primera-dama\/#primaryimage","url":"https:\/\/librosdeoro.cafam.com.co\/libro2019\/wp-content\/uploads\/sites\/8\/2019\/11\/1-31.png","contentUrl":"https:\/\/librosdeoro.cafam.com.co\/libro2019\/wp-content\/uploads\/sites\/8\/2019\/11\/1-31.png","width":1800,"height":1210},{"@type":"BreadcrumbList","@id":"https:\/\/librosdeoro.cafam.com.co\/libro2019\/palabras-de-la-primera-dama\/#breadcrumb","itemListElement":[{"@type":"ListItem","position":1,"name":"Home","item":"https:\/\/librosdeoro.cafam.com.co\/libro2019\/"},{"@type":"ListItem","position":2,"name":"Palabras de la primera dama"}]},{"@type":"WebSite","@id":"https:\/\/librosdeoro.cafam.com.co\/libro2019\/#website","url":"https:\/\/librosdeoro.cafam.com.co\/libro2019\/","name":"Libros de Oro 2019","description":"","potentialAction":[{"@type":"SearchAction","target":{"@type":"EntryPoint","urlTemplate":"https:\/\/librosdeoro.cafam.com.co\/libro2019\/?s={search_term_string}"},"query-input":"required name=search_term_string"}],"inLanguage":"es-CO"}]}},"_links":{"self":[{"href":"https:\/\/librosdeoro.cafam.com.co\/libro2019\/wp-json\/wp\/v2\/pages\/14213","targetHints":{"allow":["GET"]}}],"collection":[{"href":"https:\/\/librosdeoro.cafam.com.co\/libro2019\/wp-json\/wp\/v2\/pages"}],"about":[{"href":"https:\/\/librosdeoro.cafam.com.co\/libro2019\/wp-json\/wp\/v2\/types\/page"}],"author":[{"embeddable":true,"href":"https:\/\/librosdeoro.cafam.com.co\/libro2019\/wp-json\/wp\/v2\/users\/7"}],"replies":[{"embeddable":true,"href":"https:\/\/librosdeoro.cafam.com.co\/libro2019\/wp-json\/wp\/v2\/comments?post=14213"}],"version-history":[{"count":27,"href":"https:\/\/librosdeoro.cafam.com.co\/libro2019\/wp-json\/wp\/v2\/pages\/14213\/revisions"}],"predecessor-version":[{"id":16266,"href":"https:\/\/librosdeoro.cafam.com.co\/libro2019\/wp-json\/wp\/v2\/pages\/14213\/revisions\/16266"}],"wp:featuredmedia":[{"embeddable":true,"href":"https:\/\/librosdeoro.cafam.com.co\/libro2019\/wp-json\/wp\/v2\/media\/15073"}],"wp:attachment":[{"href":"https:\/\/librosdeoro.cafam.com.co\/libro2019\/wp-json\/wp\/v2\/media?parent=14213"}],"curies":[{"name":"wp","href":"https:\/\/api.w.org\/{rel}","templated":true}]}}