{"id":14127,"date":"2019-01-03T00:00:42","date_gmt":"2019-01-02T23:00:42","guid":{"rendered":"https:\/\/adlive.com.co\/proyectos\/cafam\/?page_id=14127"},"modified":"2019-12-04T18:02:28","modified_gmt":"2019-12-04T17:02:28","slug":"consejo-directivo","status":"publish","type":"page","link":"https:\/\/librosdeoro.cafam.com.co\/libro2019\/consejo-directivo\/","title":{"rendered":"Consejo directivo"},"content":{"rendered":"<p>[vc_row fullwidth=&#8221;true&#8221; padding=&#8221;0&#8243; css=&#8221;.vc_custom_1574100482494{margin-top: -110px !important;margin-right: 0px !important;margin-left: 0px !important;padding-top: 0px !important;padding-right: 0px !important;padding-bottom: 0px !important;padding-left: 0px !important;}&#8221;][vc_column][vc_empty_space height=&#8221;250px&#8221;][\/vc_column][\/vc_row][vc_row][vc_column][vc_column_text][\/vc_column_text][\/vc_column][\/vc_row][vc_row fullwidth=&#8221;true&#8221; padding=&#8221;0&#8243; css=&#8221;.vc_custom_1574100482494{margin-top: -110px !important;margin-right: 0px !important;margin-left: 0px !important;padding-top: 0px !important;padding-right: 0px !important;padding-bottom: 0px !important;padding-left: 0px !important;}&#8221;][vc_column width=&#8221;1\/6&#8243;][\/vc_column][vc_column width=&#8221;2\/3&#8243;][vc_single_image image=&#8221;15134&#8243; img_size=&#8221;full&#8221; alignment=&#8221;center&#8221;][\/vc_column][vc_column width=&#8221;1\/6&#8243;][\/vc_column][\/vc_row][vc_row][vc_column][vc_column_text css=&#8221;.vc_custom_1575478935101{margin-bottom: 0px !important;}&#8221;]<\/p>\n<h1 style=\"text-align: center; color: #000000 !important;\">Presidente<\/h1>\n<p>[\/vc_column_text][vc_column_text css=&#8221;.vc_custom_1575478814952{margin-bottom: 0px !important;}&#8221;]<\/p>\n<p style=\"text-align: center;\"><b>Julio Roberto G\u00f3mez Esguerra<\/b><br \/>\nConfederaci\u00f3n General del Trabajo -CGT<\/p>\n<p>[\/vc_column_text][\/vc_column][vc_column][vc_column_text css=&#8221;.vc_custom_1575478834774{margin-bottom: 0px !important;}&#8221;]<\/p>\n<h1 style=\"text-align: center; color: #282d6f;\">Representantes de los empleadores<\/h1>\n<p>[\/vc_column_text][vc_single_image image=&#8221;15360&#8243; img_size=&#8221;full&#8221; alignment=&#8221;center&#8221;][\/vc_column][\/vc_row][vc_row][vc_column width=&#8221;1\/2&#8243;][vc_column_text css=&#8221;.vc_custom_1575478432246{margin-bottom: 0px !important;}&#8221;]<\/p>\n<p style=\"text-align: center;\"><b>Bavaria S. A.<\/b><br \/>\nAlberto Preciado Arbel\u00e1ez<\/p>\n<p style=\"text-align: center;\"><b>Pontificia Universidad Javeriana<\/b><br \/>\nJairo Humberto Cifuentes Madrid<\/p>\n<p style=\"text-align: center;\"><b>Colombia Telecomunicaciones S. A.<\/b><br \/>\nAlfonso G\u00f3mez Palacio<\/p>\n<p style=\"text-align: center;\"><b>Azul &amp; Blanco Millonarios FC S. A.<\/b><br \/>\nJorge Enrique Camacho Matamoros<\/p>\n<p style=\"text-align: center;\"><b>Seguros Bol\u00edvar S. A.<\/b><br \/>\nCamilo Andr\u00e9s Hern\u00e1ndez Becerra<\/p>\n<p>[\/vc_column_text][\/vc_column][vc_column width=&#8221;1\/2&#8243;][vc_column_text css=&#8221;.vc_custom_1575478480477{margin-bottom: 0px !important;}&#8221;]<\/p>\n<p style=\"text-align: center;\"><b>Universidad Nacional de Colombia<\/b><br \/>\nPablo Enrique Abril Contreras<\/p>\n<p style=\"text-align: center;\"><b>IBM Colombia &amp; CIA S.C.A.<\/b><br \/>\nStefano Baroni<\/p>\n<p style=\"text-align: center;\"><b>Positiva Seguros S.A.<\/b><br \/>\n\u00c1lvaro Hern\u00e1n V\u00e9lez Mill\u00e1n<\/p>\n<p style=\"text-align: center;\"><b>ATENTO Colombia S.A.<\/b><br \/>\nMiguel Jos\u00e9 L\u00f3pez Estrada<\/p>\n<p style=\"text-align: center;\"><b>Universidad Sergio Arboleda<\/b><br \/>\nLeonardo Espinosa Quintero<\/p>\n<p>[\/vc_column_text][\/vc_column][\/vc_row][vc_row css=&#8221;.vc_custom_1574103874428{margin-top: 120px !important;}&#8221;][vc_column][vc_column_text css=&#8221;.vc_custom_1575478703063{margin-bottom: 0px !important;}&#8221;]<\/p>\n<h1 style=\"text-align: center; color: #282d6f;\">Representantes de los empleadores<\/h1>\n<p>[\/vc_column_text][vc_single_image image=&#8221;15359&#8243; img_size=&#8221;full&#8221; alignment=&#8221;center&#8221;][\/vc_column][\/vc_row][vc_row][vc_column width=&#8221;1\/2&#8243;][vc_column_text css=&#8221;.vc_custom_1575478528497{margin-bottom: 0px !important;}&#8221;]<\/p>\n<p style=\"text-align: center;\"><b>Confederaci\u00f3n General del Trabajo<\/b><br \/>\n&#8211; CGT &#8211;<br \/>\nGuillermo Charcas Rojas<\/p>\n<p style=\"text-align: center;\"><b>Confederaci\u00f3n de Trabajadores de Colombia<\/b><br \/>\n&#8211; CTC &#8211;<br \/>\nGustavo Serpa Mendoza<\/p>\n<p style=\"text-align: center;\"><b>Central Unitaria de Trabajadores<\/b><br \/>\n&#8211; CUT &#8211;<br \/>\nCarlos Abel Saavedra Zafra<\/p>\n<p style=\"text-align: center;\"><b>No Sindicalizados<\/b><br \/>\nWilliam Fredy Rinc\u00f3n Vargas<\/p>\n<p>[\/vc_column_text][\/vc_column][vc_column width=&#8221;1\/2&#8243;][vc_column_text css=&#8221;.vc_custom_1575478607831{margin-bottom: 0px !important;}&#8221;]<\/p>\n<p style=\"text-align: center;\"><b>CGT<\/b><br \/>\nGloria Stella Angarita Salamanca<\/p>\n<p style=\"text-align: center;\"><b>CGT<\/b><br \/>\nN\u00e9stor Ra\u00fal Bojac\u00e1 Casta\u00f1eda<\/p>\n<p style=\"text-align: center;\"><b>CTC<\/b><br \/>\nDiana Cecilia G\u00f3mez Cely<\/p>\n<p style=\"text-align: center;\"><b>CUT<\/b><br \/>\nRoc\u00edo Stella Castellanos Silva<\/p>\n<p style=\"text-align: center;\"><b>No Sindicalizado<\/b><br \/>\nJulio Mario Valderrama Gonz\u00e1lez<\/p>\n<p>[\/vc_column_text][\/vc_column][\/vc_row][vc_row css=&#8221;.vc_custom_1574103874428{margin-top: 120px !important;}&#8221;][vc_column][vc_column_text css=&#8221;.vc_custom_1575478617903{margin-bottom: 0px !important;}&#8221;]<\/p>\n<h1 style=\"text-align: center; color: #282d6f;\">Director Administrativo de Cafam<\/h1>\n<p style=\"text-align: center;\">Luis Gonzalo Giraldo Mar\u00edn<\/p>\n<p>[\/vc_column_text][\/vc_column][\/vc_row][vc_row fullwidth=&#8221;true&#8221; padding=&#8221;0&#8243; css=&#8221;.vc_custom_1574100482494{margin-top: -110px !important;margin-right: 0px !important;margin-left: 0px !important;padding-top: 0px !important;padding-right: 0px !important;padding-bottom: 0px !important;padding-left: 0px !important;}&#8221;][vc_column][vc_empty_space height=&#8221;250px&#8221;][\/vc_column][\/vc_row]<\/p>\n","protected":false},"excerpt":{"rendered":"<p>[vc_row fullwidth=&#8221;true&#8221; padding=&#8221;0&#8243; css=&#8221;.vc_custom_1574100482494{margin-top: -110px !important;margin-right: 0px !important;margin-left: 0px !important;padding-top: 0px !important;padding-right: 0px !important;padding-bottom: 0px !important;padding-left: 0px !important;}&#8221;][vc_column][vc_empty_space height=&#8221;250px&#8221;][\/vc_column][\/vc_row][vc_row][vc_column][vc_column_text][\/vc_column_text][\/vc_column][\/vc_row][vc_row fullwidth=&#8221;true&#8221; padding=&#8221;0&#8243; css=&#8221;.vc_custom_1574100482494{margin-top: -110px !important;margin-right: 0px !important;margin-left: 0px !important;padding-top: 0px !important;padding-right: 0px !important;padding-bottom: 0px !important;padding-left: 0px !important;}&#8221;][vc_column width=&#8221;1\/6&#8243;][\/vc_column][vc_column width=&#8221;2\/3&#8243;][vc_single_image image=&#8221;15134&#8243; img_size=&#8221;full&#8221; alignment=&#8221;center&#8221;][\/vc_column][vc_column width=&#8221;1\/6&#8243;][\/vc_column][\/vc_row][vc_row][vc_column][vc_column_text css=&#8221;.vc_custom_1575478935101{margin-bottom: 0px !important;}&#8221;] Presidente [\/vc_column_text][vc_column_text css=&#8221;.vc_custom_1575478814952{margin-bottom: 0px !important;}&#8221;] Julio Roberto G\u00f3mez Esguerra Confederaci\u00f3n [&hellip;]<\/p>\n","protected":false},"author":7,"featured_media":15129,"parent":0,"menu_order":48,"comment_status":"open","ping_status":"closed","template":"","meta":{"footnotes":""},"class_list":["post-14127","page","type-page","status-publish","has-post-thumbnail","hentry"],"yoast_head":"<!-- This site is optimized with the Yoast SEO plugin v23.1 - https:\/\/yoast.com\/wordpress\/plugins\/seo\/ -->\n<title>Consejo directivo - Libros de Oro 2019<\/title>\n<meta name=\"robots\" content=\"index, follow, max-snippet:-1, max-image-preview:large, max-video-preview:-1\" \/>\n<link rel=\"canonical\" href=\"https:\/\/librosdeoro.cafam.com.co\/libro2019\/consejo-directivo\/\" \/>\n<meta property=\"og:locale\" content=\"es_ES\" \/>\n<meta property=\"og:type\" content=\"article\" \/>\n<meta property=\"og:title\" content=\"Consejo directivo - Libros de Oro 2019\" \/>\n<meta property=\"og:description\" content=\"[vc_row fullwidth=&#8221;true&#8221; padding=&#8221;0&#8243; css=&#8221;.vc_custom_1574100482494{margin-top: -110px !important;margin-right: 0px !important;margin-left: 0px !important;padding-top: 0px !important;padding-right: 0px !important;padding-bottom: 0px !important;padding-left: 0px !important;}&#8221;][vc_column][vc_empty_space height=&#8221;250px&#8221;][\/vc_column][\/vc_row][vc_row][vc_column][vc_column_text][\/vc_column_text][\/vc_column][\/vc_row][vc_row fullwidth=&#8221;true&#8221; padding=&#8221;0&#8243; css=&#8221;.vc_custom_1574100482494{margin-top: -110px !important;margin-right: 0px !important;margin-left: 0px !important;padding-top: 0px !important;padding-right: 0px !important;padding-bottom: 0px !important;padding-left: 0px !important;}&#8221;][vc_column width=&#8221;1\/6&#8243;][\/vc_column][vc_column width=&#8221;2\/3&#8243;][vc_single_image image=&#8221;15134&#8243; img_size=&#8221;full&#8221; alignment=&#8221;center&#8221;][\/vc_column][vc_column width=&#8221;1\/6&#8243;][\/vc_column][\/vc_row][vc_row][vc_column][vc_column_text css=&#8221;.vc_custom_1575478935101{margin-bottom: 0px !important;}&#8221;] Presidente [\/vc_column_text][vc_column_text css=&#8221;.vc_custom_1575478814952{margin-bottom: 0px !important;}&#8221;] Julio Roberto G\u00f3mez Esguerra Confederaci\u00f3n [&hellip;]\" \/>\n<meta property=\"og:url\" content=\"https:\/\/librosdeoro.cafam.com.co\/libro2019\/consejo-directivo\/\" \/>\n<meta property=\"og:site_name\" content=\"Libros de Oro 2019\" \/>\n<meta property=\"article:modified_time\" content=\"2019-12-04T17:02:28+00:00\" \/>\n<meta property=\"og:image\" content=\"https:\/\/librosdeoro.cafam.com.co\/libro2019\/wp-content\/uploads\/sites\/8\/2019\/11\/presenta.jpg\" \/>\n\t<meta property=\"og:image:width\" content=\"1920\" \/>\n\t<meta property=\"og:image:height\" content=\"2504\" \/>\n\t<meta property=\"og:image:type\" content=\"image\/jpeg\" \/>\n<meta name=\"twitter:card\" content=\"summary_large_image\" \/>\n<meta name=\"twitter:label1\" content=\"Tiempo de lectura\" \/>\n\t<meta name=\"twitter:data1\" content=\"3 minutos\" \/>\n<script type=\"application\/ld+json\" class=\"yoast-schema-graph\">{\"@context\":\"https:\/\/schema.org\",\"@graph\":[{\"@type\":\"WebPage\",\"@id\":\"https:\/\/librosdeoro.cafam.com.co\/libro2019\/consejo-directivo\/\",\"url\":\"https:\/\/librosdeoro.cafam.com.co\/libro2019\/consejo-directivo\/\",\"name\":\"Consejo directivo - Libros de Oro 2019\",\"isPartOf\":{\"@id\":\"https:\/\/librosdeoro.cafam.com.co\/libro2019\/#website\"},\"primaryImageOfPage\":{\"@id\":\"https:\/\/librosdeoro.cafam.com.co\/libro2019\/consejo-directivo\/#primaryimage\"},\"image\":{\"@id\":\"https:\/\/librosdeoro.cafam.com.co\/libro2019\/consejo-directivo\/#primaryimage\"},\"thumbnailUrl\":\"https:\/\/librosdeoro.cafam.com.co\/libro2019\/wp-content\/uploads\/sites\/8\/2019\/11\/presenta.jpg\",\"datePublished\":\"2019-01-02T23:00:42+00:00\",\"dateModified\":\"2019-12-04T17:02:28+00:00\",\"breadcrumb\":{\"@id\":\"https:\/\/librosdeoro.cafam.com.co\/libro2019\/consejo-directivo\/#breadcrumb\"},\"inLanguage\":\"es-CO\",\"potentialAction\":[{\"@type\":\"ReadAction\",\"target\":[\"https:\/\/librosdeoro.cafam.com.co\/libro2019\/consejo-directivo\/\"]}]},{\"@type\":\"ImageObject\",\"inLanguage\":\"es-CO\",\"@id\":\"https:\/\/librosdeoro.cafam.com.co\/libro2019\/consejo-directivo\/#primaryimage\",\"url\":\"https:\/\/librosdeoro.cafam.com.co\/libro2019\/wp-content\/uploads\/sites\/8\/2019\/11\/presenta.jpg\",\"contentUrl\":\"https:\/\/librosdeoro.cafam.com.co\/libro2019\/wp-content\/uploads\/sites\/8\/2019\/11\/presenta.jpg\",\"width\":1920,\"height\":2504},{\"@type\":\"BreadcrumbList\",\"@id\":\"https:\/\/librosdeoro.cafam.com.co\/libro2019\/consejo-directivo\/#breadcrumb\",\"itemListElement\":[{\"@type\":\"ListItem\",\"position\":1,\"name\":\"Home\",\"item\":\"https:\/\/librosdeoro.cafam.com.co\/libro2019\/\"},{\"@type\":\"ListItem\",\"position\":2,\"name\":\"Consejo directivo\"}]},{\"@type\":\"WebSite\",\"@id\":\"https:\/\/librosdeoro.cafam.com.co\/libro2019\/#website\",\"url\":\"https:\/\/librosdeoro.cafam.com.co\/libro2019\/\",\"name\":\"Libros de Oro 2019\",\"description\":\"\",\"potentialAction\":[{\"@type\":\"SearchAction\",\"target\":{\"@type\":\"EntryPoint\",\"urlTemplate\":\"https:\/\/librosdeoro.cafam.com.co\/libro2019\/?s={search_term_string}\"},\"query-input\":\"required name=search_term_string\"}],\"inLanguage\":\"es-CO\"}]}<\/script>\n<!-- \/ Yoast SEO plugin. -->","yoast_head_json":{"title":"Consejo directivo - Libros de Oro 2019","robots":{"index":"index","follow":"follow","max-snippet":"max-snippet:-1","max-image-preview":"max-image-preview:large","max-video-preview":"max-video-preview:-1"},"canonical":"https:\/\/librosdeoro.cafam.com.co\/libro2019\/consejo-directivo\/","og_locale":"es_ES","og_type":"article","og_title":"Consejo directivo - Libros de Oro 2019","og_description":"[vc_row fullwidth=&#8221;true&#8221; padding=&#8221;0&#8243; css=&#8221;.vc_custom_1574100482494{margin-top: -110px !important;margin-right: 0px !important;margin-left: 0px !important;padding-top: 0px !important;padding-right: 0px !important;padding-bottom: 0px !important;padding-left: 0px !important;}&#8221;][vc_column][vc_empty_space height=&#8221;250px&#8221;][\/vc_column][\/vc_row][vc_row][vc_column][vc_column_text][\/vc_column_text][\/vc_column][\/vc_row][vc_row fullwidth=&#8221;true&#8221; padding=&#8221;0&#8243; css=&#8221;.vc_custom_1574100482494{margin-top: -110px !important;margin-right: 0px !important;margin-left: 0px !important;padding-top: 0px !important;padding-right: 0px !important;padding-bottom: 0px !important;padding-left: 0px !important;}&#8221;][vc_column width=&#8221;1\/6&#8243;][\/vc_column][vc_column width=&#8221;2\/3&#8243;][vc_single_image image=&#8221;15134&#8243; img_size=&#8221;full&#8221; alignment=&#8221;center&#8221;][\/vc_column][vc_column width=&#8221;1\/6&#8243;][\/vc_column][\/vc_row][vc_row][vc_column][vc_column_text css=&#8221;.vc_custom_1575478935101{margin-bottom: 0px !important;}&#8221;] Presidente [\/vc_column_text][vc_column_text css=&#8221;.vc_custom_1575478814952{margin-bottom: 0px !important;}&#8221;] Julio Roberto G\u00f3mez Esguerra Confederaci\u00f3n [&hellip;]","og_url":"https:\/\/librosdeoro.cafam.com.co\/libro2019\/consejo-directivo\/","og_site_name":"Libros de Oro 2019","article_modified_time":"2019-12-04T17:02:28+00:00","og_image":[{"width":1920,"height":2504,"url":"https:\/\/librosdeoro.cafam.com.co\/libro2019\/wp-content\/uploads\/sites\/8\/2019\/11\/presenta.jpg","type":"image\/jpeg"}],"twitter_card":"summary_large_image","twitter_misc":{"Tiempo de lectura":"3 minutos"},"schema":{"@context":"https:\/\/schema.org","@graph":[{"@type":"WebPage","@id":"https:\/\/librosdeoro.cafam.com.co\/libro2019\/consejo-directivo\/","url":"https:\/\/librosdeoro.cafam.com.co\/libro2019\/consejo-directivo\/","name":"Consejo directivo - Libros de Oro 2019","isPartOf":{"@id":"https:\/\/librosdeoro.cafam.com.co\/libro2019\/#website"},"primaryImageOfPage":{"@id":"https:\/\/librosdeoro.cafam.com.co\/libro2019\/consejo-directivo\/#primaryimage"},"image":{"@id":"https:\/\/librosdeoro.cafam.com.co\/libro2019\/consejo-directivo\/#primaryimage"},"thumbnailUrl":"https:\/\/librosdeoro.cafam.com.co\/libro2019\/wp-content\/uploads\/sites\/8\/2019\/11\/presenta.jpg","datePublished":"2019-01-02T23:00:42+00:00","dateModified":"2019-12-04T17:02:28+00:00","breadcrumb":{"@id":"https:\/\/librosdeoro.cafam.com.co\/libro2019\/consejo-directivo\/#breadcrumb"},"inLanguage":"es-CO","potentialAction":[{"@type":"ReadAction","target":["https:\/\/librosdeoro.cafam.com.co\/libro2019\/consejo-directivo\/"]}]},{"@type":"ImageObject","inLanguage":"es-CO","@id":"https:\/\/librosdeoro.cafam.com.co\/libro2019\/consejo-directivo\/#primaryimage","url":"https:\/\/librosdeoro.cafam.com.co\/libro2019\/wp-content\/uploads\/sites\/8\/2019\/11\/presenta.jpg","contentUrl":"https:\/\/librosdeoro.cafam.com.co\/libro2019\/wp-content\/uploads\/sites\/8\/2019\/11\/presenta.jpg","width":1920,"height":2504},{"@type":"BreadcrumbList","@id":"https:\/\/librosdeoro.cafam.com.co\/libro2019\/consejo-directivo\/#breadcrumb","itemListElement":[{"@type":"ListItem","position":1,"name":"Home","item":"https:\/\/librosdeoro.cafam.com.co\/libro2019\/"},{"@type":"ListItem","position":2,"name":"Consejo directivo"}]},{"@type":"WebSite","@id":"https:\/\/librosdeoro.cafam.com.co\/libro2019\/#website","url":"https:\/\/librosdeoro.cafam.com.co\/libro2019\/","name":"Libros de Oro 2019","description":"","potentialAction":[{"@type":"SearchAction","target":{"@type":"EntryPoint","urlTemplate":"https:\/\/librosdeoro.cafam.com.co\/libro2019\/?s={search_term_string}"},"query-input":"required name=search_term_string"}],"inLanguage":"es-CO"}]}},"_links":{"self":[{"href":"https:\/\/librosdeoro.cafam.com.co\/libro2019\/wp-json\/wp\/v2\/pages\/14127","targetHints":{"allow":["GET"]}}],"collection":[{"href":"https:\/\/librosdeoro.cafam.com.co\/libro2019\/wp-json\/wp\/v2\/pages"}],"about":[{"href":"https:\/\/librosdeoro.cafam.com.co\/libro2019\/wp-json\/wp\/v2\/types\/page"}],"author":[{"embeddable":true,"href":"https:\/\/librosdeoro.cafam.com.co\/libro2019\/wp-json\/wp\/v2\/users\/7"}],"replies":[{"embeddable":true,"href":"https:\/\/librosdeoro.cafam.com.co\/libro2019\/wp-json\/wp\/v2\/comments?post=14127"}],"version-history":[{"count":27,"href":"https:\/\/librosdeoro.cafam.com.co\/libro2019\/wp-json\/wp\/v2\/pages\/14127\/revisions"}],"predecessor-version":[{"id":16245,"href":"https:\/\/librosdeoro.cafam.com.co\/libro2019\/wp-json\/wp\/v2\/pages\/14127\/revisions\/16245"}],"wp:featuredmedia":[{"embeddable":true,"href":"https:\/\/librosdeoro.cafam.com.co\/libro2019\/wp-json\/wp\/v2\/media\/15129"}],"wp:attachment":[{"href":"https:\/\/librosdeoro.cafam.com.co\/libro2019\/wp-json\/wp\/v2\/media?parent=14127"}],"curies":[{"name":"wp","href":"https:\/\/api.w.org\/{rel}","templated":true}]}}